{"id":2829,"date":"2021-02-02T11:08:36","date_gmt":"2021-02-02T10:08:36","guid":{"rendered":"https:\/\/christina-peter.de\/shop\/?post_type=product&#038;p=2829"},"modified":"2022-08-30T13:27:36","modified_gmt":"2022-08-30T11:27:36","slug":"oway-hands-routine-bruma","status":"publish","type":"product","link":"https:\/\/christina-peter.de\/shop\/product\/oway-hands-routine-bruma\/","title":{"rendered":"OWAY Hands Routine Bruma"},"content":{"rendered":"","protected":false},"excerpt":{"rendered":"<div class=\"c-catalog-detail__info\">\n<p>AROMATISCHES REINIGUNGSSPRAY F\u00dcR DIE H\u00c4NDE* MIT BIODYNAMISCHEM THYMIAN, BIOLOGISCHER BERGAMOTTE UND FAIR GEHANDELTEM TEEBAUM\u00d6L<\/p>\n<p><strong>Enth\u00e4lt den von der WHO empfohlenen Alkoholgehalt (60-70%)<br \/>\n<\/strong>Dermatologisch und auf Nickel getestet.<\/p>\n<\/div>\n<p>[vc_column][vc_accordion collapsible=&#8220;yes&#8220;][vc_accordion_tab title=&#8220;Vorteile&#8220;][vc_column_text]<\/p>\n<article class=\"panel panel-default\">\n<div id=\"acco-Benefici\" class=\"panel-collapse collapse in\">\n<div class=\"panel-body htmlcontent\">\n<article class=\"panel panel-default\">\n<div id=\"acco-IstruzioniUso\" class=\"panel-collapse collapse in\">\n<div class=\"panel-body htmlcontent\">\n<p>Es erfrischt und reinigt die H\u00e4nde mit Pflanzenwirkstoffen mit stark desinfizierenden Eigenschaften, die mit anregenden Duftnoten und einem hohen Alkoholanteil kombiniert werden. BRUMA eignet sich auch ideal zum Erfrischen von Oberfl\u00e4chen, Gegenst\u00e4nden (auch Arbeitsinstrumenten im Salon, wie K\u00e4mmen, B\u00fcrsten, Lockenwicklern, Gl\u00e4tteisen) und Stoffen.<br \/>\nAnwendung: Bei Bedarf auf die H\u00e4nde, Oberfl\u00e4chen und Gegenst\u00e4nde spr\u00fchen. Nicht aussp\u00fclen.<br \/>\n99.98% DER INHALTSSTOFFE NAT\u00dcRLICHEN URSPRUNGS<br \/>\n*ENTH\u00c4LT DEN VON DER WHO EMPFOHLENEN PROZENTSATZ AN ALKOHOL<\/p>\n<\/div>\n<\/div>\n<\/article>\n<\/div>\n<\/div>\n<\/article>\n<p>[\/vc_column_text][\/vc_accordion_tab][vc_accordion_tab title=&#8220;Anwendung des Produkts&#8220;][vc_column_text]<\/p>\n<p>Ein paar Tropfen des Produkts auf die H\u00e4nde auftragen und bis zum vollst\u00e4ndigen Einziehen einmassieren.<\/p>\n<p>[\/vc_column_text][\/vc_accordion_tab][vc_accordion_tab title=&#8220;Wirkstoffe&#8220;][vc_column_text]<\/p>\n<p><strong>Biologisches Bergamotten\u00f6l<\/strong> &#8211; Perfekte antioxidierende Wirkung und Vitaminversorgung.<\/p>\n<p><strong>Biodynamischer Thymian<\/strong> &#8211; reich an adstringierenden, entz\u00fcndungshemmenden und talgausgleichenden Eigenschaften und besitzt auch eine nat\u00fcrliche Anti-Aging-Wirkung, da er die Hautstruktur vor sch\u00e4dlichen Reaktionen durch Oxidation sch\u00fctzt.<\/p>\n<p><strong>FAIR GEHANDELTES TEEBAUM\u00d6L<\/strong>&#8211; \u00c4therisches Teebaum\u00f6l wird aus den Bl\u00e4ttern von dem in Ostaustralien beheimateten Australischen Teebaum, einer Pflanze aus der Familie der Myrtaceae, extrahiert. Es ist sehr bekannt und wird wegen seiner antimikrobiellen und antibakteriellen Eigenschaften gesch\u00e4tzt.<\/p>\n<p><strong>WEICHMACHENDER KOMPLEX PFLANZLICHEN URSPRUNGS<\/strong>&#8211; Ein weichmachender Pool aus \u00d6len von S\u00fc\u00dfmandel, Borretsch, Leinsamen und Olive, die reichlich Fetts\u00e4uren (\u00d6l-, Linol-, Palmitin-, Alpha-Linolen-, Gamma-Linolen- und Squalen-S\u00e4ure) enthalten und enzymatisch aktiviert sind, der Haut Weichheit und Elastizit\u00e4t zur\u00fcckgeben, ihre Feuchtigkeit auf optimalem Niveau halten und eine intensive antioxidative Wirkung aus\u00fcben.<\/p>\n<p>[\/vc_column_text][\/vc_accordion_tab]<\/p>\n<p>[\/vc_accordion][\/vc_column]<\/p>\n","protected":false},"featured_media":2832,"template":"","meta":{"_uf_show_specific_survey":0,"_uf_disable_surveys":false},"product_brand":[],"product_cat":[148],"product_tag":[150,151,152],"class_list":{"0":"post-2829","1":"product","2":"type-product","3":"status-publish","4":"has-post-thumbnail","6":"product_cat-hands-routine","7":"product_tag-bruma","8":"product_tag-oway","9":"product_tag-oway-bruma","10":"pa_groesse-240ml","11":"pa_groesse-100ml","13":"first","14":"instock","15":"taxable","16":"shipping-taxable","17":"purchasable","18":"product-type-variable"},"yoast_head":"<!-- This site is optimized with the Yoast SEO plugin v27.5 - https:\/\/yoast.com\/product\/yoast-seo-wordpress\/ -->\n<title>OWAY Hands Routine Bruma - OWAY Shop<\/title>\n<meta name=\"description\" content=\"OWAY Hands Routine Bruma ist ein desinfizierendes, reinigendes, aromatisches SPRAY f\u00fcr die H\u00e4nde. Jetzt kaufen!\" \/>\n<meta name=\"robots\" content=\"index, follow, max-snippet:-1, max-image-preview:large, max-video-preview:-1\" \/>\n<link rel=\"canonical\" href=\"https:\/\/christina-peter.de\/shop\/product\/oway-hands-routine-bruma\/\" \/>\n<meta property=\"og:locale\" content=\"de_DE\" \/>\n<meta property=\"og:type\" content=\"article\" \/>\n<meta property=\"og:title\" content=\"OWAY Hands Routine Bruma - OWAY Shop\" \/>\n<meta property=\"og:description\" content=\"OWAY Hands Routine Bruma ist ein desinfizierendes, reinigendes, aromatisches SPRAY f\u00fcr die H\u00e4nde. Jetzt kaufen!\" \/>\n<meta property=\"og:url\" content=\"https:\/\/christina-peter.de\/shop\/product\/oway-hands-routine-bruma\/\" \/>\n<meta property=\"og:site_name\" content=\"Oway Produkte online kaufen - pflanzliche, biologische &amp; nachhaltige Haarpflegeprodukte\" \/>\n<meta property=\"article:modified_time\" content=\"2022-08-30T11:27:36+00:00\" \/>\n<meta property=\"og:image\" content=\"https:\/\/christina-peter.de\/shop\/wp-content\/uploads\/2021\/02\/150142.01_1.jpg\" \/>\n\t<meta property=\"og:image:width\" content=\"570\" \/>\n\t<meta property=\"og:image:height\" content=\"400\" \/>\n\t<meta property=\"og:image:type\" content=\"image\/jpeg\" \/>\n<meta name=\"twitter:card\" content=\"summary_large_image\" \/>\n<script type=\"application\/ld+json\" class=\"yoast-schema-graph\">{\"@context\":\"https:\\\/\\\/schema.org\",\"@graph\":[{\"@type\":\"WebPage\",\"@id\":\"https:\\\/\\\/christina-peter.de\\\/shop\\\/product\\\/oway-hands-routine-bruma\\\/\",\"url\":\"https:\\\/\\\/christina-peter.de\\\/shop\\\/product\\\/oway-hands-routine-bruma\\\/\",\"name\":\"OWAY Hands Routine Bruma - OWAY Shop\",\"isPartOf\":{\"@id\":\"https:\\\/\\\/christina-peter.de\\\/shop\\\/#website\"},\"primaryImageOfPage\":{\"@id\":\"https:\\\/\\\/christina-peter.de\\\/shop\\\/product\\\/oway-hands-routine-bruma\\\/#primaryimage\"},\"image\":{\"@id\":\"https:\\\/\\\/christina-peter.de\\\/shop\\\/product\\\/oway-hands-routine-bruma\\\/#primaryimage\"},\"thumbnailUrl\":\"https:\\\/\\\/christina-peter.de\\\/shop\\\/wp-content\\\/uploads\\\/2021\\\/02\\\/150142.01_1.jpg\",\"datePublished\":\"2021-02-02T10:08:36+00:00\",\"dateModified\":\"2022-08-30T11:27:36+00:00\",\"description\":\"OWAY Hands Routine Bruma ist ein desinfizierendes, reinigendes, aromatisches SPRAY f\u00fcr die H\u00e4nde. Jetzt kaufen!\",\"breadcrumb\":{\"@id\":\"https:\\\/\\\/christina-peter.de\\\/shop\\\/product\\\/oway-hands-routine-bruma\\\/#breadcrumb\"},\"inLanguage\":\"de\",\"potentialAction\":[{\"@type\":\"ReadAction\",\"target\":[\"https:\\\/\\\/christina-peter.de\\\/shop\\\/product\\\/oway-hands-routine-bruma\\\/\"]}]},{\"@type\":\"ImageObject\",\"inLanguage\":\"de\",\"@id\":\"https:\\\/\\\/christina-peter.de\\\/shop\\\/product\\\/oway-hands-routine-bruma\\\/#primaryimage\",\"url\":\"https:\\\/\\\/christina-peter.de\\\/shop\\\/wp-content\\\/uploads\\\/2021\\\/02\\\/150142.01_1.jpg\",\"contentUrl\":\"https:\\\/\\\/christina-peter.de\\\/shop\\\/wp-content\\\/uploads\\\/2021\\\/02\\\/150142.01_1.jpg\",\"width\":570,\"height\":400,\"caption\":\"OWAY Hands Routine Terso\"},{\"@type\":\"BreadcrumbList\",\"@id\":\"https:\\\/\\\/christina-peter.de\\\/shop\\\/product\\\/oway-hands-routine-bruma\\\/#breadcrumb\",\"itemListElement\":[{\"@type\":\"ListItem\",\"position\":1,\"name\":\"Startseite\",\"item\":\"https:\\\/\\\/christina-peter.de\\\/shop\\\/\"},{\"@type\":\"ListItem\",\"position\":2,\"name\":\"Home\",\"item\":\"https:\\\/\\\/christina-peter.de\\\/shop\\\/\"},{\"@type\":\"ListItem\",\"position\":3,\"name\":\"OWAY Hands Routine Bruma\"}]},{\"@type\":\"WebSite\",\"@id\":\"https:\\\/\\\/christina-peter.de\\\/shop\\\/#website\",\"url\":\"https:\\\/\\\/christina-peter.de\\\/shop\\\/\",\"name\":\"Oway Produkte online kaufen - pflanzliche, biologische &amp; nachhaltige Haarpflegeprodukte\",\"description\":\"Bei uns finden sie alles rund ums gesunde Haar. Wir vertreiben ausschlie\u00dflich pflanzliche, biologische &amp; nachhaltige Haarpflegeprodukte von Oway.\",\"potentialAction\":[{\"@type\":\"SearchAction\",\"target\":{\"@type\":\"EntryPoint\",\"urlTemplate\":\"https:\\\/\\\/christina-peter.de\\\/shop\\\/?s={search_term_string}\"},\"query-input\":{\"@type\":\"PropertyValueSpecification\",\"valueRequired\":true,\"valueName\":\"search_term_string\"}}],\"inLanguage\":\"de\"}]}<\/script>\n<!-- \/ Yoast SEO plugin. -->","yoast_head_json":{"title":"OWAY Hands Routine Bruma - OWAY Shop","description":"OWAY Hands Routine Bruma ist ein desinfizierendes, reinigendes, aromatisches SPRAY f\u00fcr die H\u00e4nde. Jetzt kaufen!","robots":{"index":"index","follow":"follow","max-snippet":"max-snippet:-1","max-image-preview":"max-image-preview:large","max-video-preview":"max-video-preview:-1"},"canonical":"https:\/\/christina-peter.de\/shop\/product\/oway-hands-routine-bruma\/","og_locale":"de_DE","og_type":"article","og_title":"OWAY Hands Routine Bruma - OWAY Shop","og_description":"OWAY Hands Routine Bruma ist ein desinfizierendes, reinigendes, aromatisches SPRAY f\u00fcr die H\u00e4nde. Jetzt kaufen!","og_url":"https:\/\/christina-peter.de\/shop\/product\/oway-hands-routine-bruma\/","og_site_name":"Oway Produkte online kaufen - pflanzliche, biologische &amp; nachhaltige Haarpflegeprodukte","article_modified_time":"2022-08-30T11:27:36+00:00","og_image":[{"width":570,"height":400,"url":"https:\/\/christina-peter.de\/shop\/wp-content\/uploads\/2021\/02\/150142.01_1.jpg","type":"image\/jpeg"}],"twitter_card":"summary_large_image","schema":{"@context":"https:\/\/schema.org","@graph":[{"@type":"WebPage","@id":"https:\/\/christina-peter.de\/shop\/product\/oway-hands-routine-bruma\/","url":"https:\/\/christina-peter.de\/shop\/product\/oway-hands-routine-bruma\/","name":"OWAY Hands Routine Bruma - OWAY Shop","isPartOf":{"@id":"https:\/\/christina-peter.de\/shop\/#website"},"primaryImageOfPage":{"@id":"https:\/\/christina-peter.de\/shop\/product\/oway-hands-routine-bruma\/#primaryimage"},"image":{"@id":"https:\/\/christina-peter.de\/shop\/product\/oway-hands-routine-bruma\/#primaryimage"},"thumbnailUrl":"https:\/\/christina-peter.de\/shop\/wp-content\/uploads\/2021\/02\/150142.01_1.jpg","datePublished":"2021-02-02T10:08:36+00:00","dateModified":"2022-08-30T11:27:36+00:00","description":"OWAY Hands Routine Bruma ist ein desinfizierendes, reinigendes, aromatisches SPRAY f\u00fcr die H\u00e4nde. Jetzt kaufen!","breadcrumb":{"@id":"https:\/\/christina-peter.de\/shop\/product\/oway-hands-routine-bruma\/#breadcrumb"},"inLanguage":"de","potentialAction":[{"@type":"ReadAction","target":["https:\/\/christina-peter.de\/shop\/product\/oway-hands-routine-bruma\/"]}]},{"@type":"ImageObject","inLanguage":"de","@id":"https:\/\/christina-peter.de\/shop\/product\/oway-hands-routine-bruma\/#primaryimage","url":"https:\/\/christina-peter.de\/shop\/wp-content\/uploads\/2021\/02\/150142.01_1.jpg","contentUrl":"https:\/\/christina-peter.de\/shop\/wp-content\/uploads\/2021\/02\/150142.01_1.jpg","width":570,"height":400,"caption":"OWAY Hands Routine Terso"},{"@type":"BreadcrumbList","@id":"https:\/\/christina-peter.de\/shop\/product\/oway-hands-routine-bruma\/#breadcrumb","itemListElement":[{"@type":"ListItem","position":1,"name":"Startseite","item":"https:\/\/christina-peter.de\/shop\/"},{"@type":"ListItem","position":2,"name":"Home","item":"https:\/\/christina-peter.de\/shop\/"},{"@type":"ListItem","position":3,"name":"OWAY Hands Routine Bruma"}]},{"@type":"WebSite","@id":"https:\/\/christina-peter.de\/shop\/#website","url":"https:\/\/christina-peter.de\/shop\/","name":"Oway Produkte online kaufen - pflanzliche, biologische &amp; nachhaltige Haarpflegeprodukte","description":"Bei uns finden sie alles rund ums gesunde Haar. Wir vertreiben ausschlie\u00dflich pflanzliche, biologische &amp; nachhaltige Haarpflegeprodukte von Oway.","potentialAction":[{"@type":"SearchAction","target":{"@type":"EntryPoint","urlTemplate":"https:\/\/christina-peter.de\/shop\/?s={search_term_string}"},"query-input":{"@type":"PropertyValueSpecification","valueRequired":true,"valueName":"search_term_string"}}],"inLanguage":"de"}]}},"_links":{"self":[{"href":"https:\/\/christina-peter.de\/shop\/wp-json\/wp\/v2\/product\/2829","targetHints":{"allow":["GET"]}}],"collection":[{"href":"https:\/\/christina-peter.de\/shop\/wp-json\/wp\/v2\/product"}],"about":[{"href":"https:\/\/christina-peter.de\/shop\/wp-json\/wp\/v2\/types\/product"}],"wp:featuredmedia":[{"embeddable":true,"href":"https:\/\/christina-peter.de\/shop\/wp-json\/wp\/v2\/media\/2832"}],"wp:attachment":[{"href":"https:\/\/christina-peter.de\/shop\/wp-json\/wp\/v2\/media?parent=2829"}],"wp:term":[{"taxonomy":"product_brand","embeddable":true,"href":"https:\/\/christina-peter.de\/shop\/wp-json\/wp\/v2\/product_brand?post=2829"},{"taxonomy":"product_cat","embeddable":true,"href":"https:\/\/christina-peter.de\/shop\/wp-json\/wp\/v2\/product_cat?post=2829"},{"taxonomy":"product_tag","embeddable":true,"href":"https:\/\/christina-peter.de\/shop\/wp-json\/wp\/v2\/product_tag?post=2829"}],"curies":[{"name":"wp","href":"https:\/\/api.w.org\/{rel}","templated":true}]}}