{"id":2825,"date":"2021-02-02T11:02:32","date_gmt":"2021-02-02T10:02:32","guid":{"rendered":"https:\/\/christina-peter.de\/shop\/?post_type=product&#038;p=2825"},"modified":"2022-08-30T13:28:21","modified_gmt":"2022-08-30T11:28:21","slug":"oway-hands-routine-terso","status":"publish","type":"product","link":"https:\/\/christina-peter.de\/shop\/product\/oway-hands-routine-terso\/","title":{"rendered":"OWAY Hands Routine Terso"},"content":{"rendered":"","protected":false},"excerpt":{"rendered":"<p>MIZELLARES REINIGUNGSFLUID F\u00dcR DIE H\u00c4NDE MIT BIODYNAMISCHEM THYMIAN, BIOLOGISCHER BERGAMOTTE UND FAIR GEHANDELTEM TEEBAUM\u00d6L<\/p>\n<p>Dermatologisch und auf Nickel getestet.<\/p>\n<p>[vc_column][vc_accordion collapsible=&#8220;yes&#8220;][vc_accordion_tab title=&#8220;Vorteile&#8220;][vc_column_text]<\/p>\n<article class=\"panel panel-default\">\n<div id=\"acco-Benefici\" class=\"panel-collapse collapse in\">\n<div class=\"panel-body htmlcontent\">\n<article class=\"panel panel-default\">\n<div id=\"acco-IstruzioniUso\" class=\"panel-collapse collapse in\">\n<div class=\"panel-body htmlcontent\">\n<p>Mit seiner mizellaren Textur und einem kostbaren Pool feuchtigkeitsspendender und n\u00e4hrender \u00d6le (S\u00fc\u00dfmandel, Borretsch, Leinsamen und Olive), die die hydrolipide Schutzschicht der H\u00e4nde erhalten und sie hydrieren und seidig halten, reinigt es \u00e4u\u00dferst sanft.<\/p>\n<\/div>\n<\/div>\n<\/article>\n<\/div>\n<\/div>\n<\/article>\n<p>[\/vc_column_text][\/vc_accordion_tab][vc_accordion_tab title=&#8220;Anwendung des Produkts&#8220;][vc_column_text]<\/p>\n<p>Eine kleine Menge des Produkts auf die H\u00e4nde auftragen, gut mit etwas Wasser verreiben und absp\u00fclen.<\/p>\n<p>[\/vc_column_text][\/vc_accordion_tab][vc_accordion_tab title=&#8220;Wirkstoffe&#8220;][vc_column_text]<\/p>\n<p><strong>Biologisches Bergamotten\u00f6l<\/strong> &#8211; Perfekte antioxidierende Wirkung und Vitaminversorgung.<\/p>\n<p><strong>Biodynamischer Thymian<\/strong> &#8211; reich an adstringierenden, entz\u00fcndungshemmenden und talgausgleichenden Eigenschaften und besitzt auch eine nat\u00fcrliche Anti-Aging-Wirkung, da er die Hautstruktur vor sch\u00e4dlichen Reaktionen durch Oxidation sch\u00fctzt.<\/p>\n<p><strong>FAIR GEHANDELTES TEEBAUM\u00d6L<\/strong>&#8211; \u00c4therisches Teebaum\u00f6l wird aus den Bl\u00e4ttern von dem in Ostaustralien beheimateten Australischen Teebaum, einer Pflanze aus der Familie der Myrtaceae, extrahiert. Es ist sehr bekannt und wird wegen seiner antimikrobiellen und antibakteriellen Eigenschaften gesch\u00e4tzt.<\/p>\n<p><strong>WEICHMACHENDER KOMPLEX PFLANZLICHEN URSPRUNGS<\/strong>&#8211; Ein weichmachender Pool aus \u00d6len von S\u00fc\u00dfmandel, Borretsch, Leinsamen und Olive, die reichlich Fetts\u00e4uren (\u00d6l-, Linol-, Palmitin-, Alpha-Linolen-, Gamma-Linolen- und Squalen-S\u00e4ure) enthalten und enzymatisch aktiviert sind, der Haut Weichheit und Elastizit\u00e4t zur\u00fcckgeben, ihre Feuchtigkeit auf optimalem Niveau halten und eine intensive antioxidative Wirkung aus\u00fcben.<\/p>\n<p>[\/vc_column_text][\/vc_accordion_tab]<\/p>\n<p>[\/vc_accordion][\/vc_column]<\/p>\n","protected":false},"featured_media":2826,"template":"","meta":{"_uf_show_specific_survey":0,"_uf_disable_surveys":false},"product_brand":[],"product_cat":[148],"product_tag":[],"class_list":{"0":"post-2825","1":"product","2":"type-product","3":"status-publish","4":"has-post-thumbnail","6":"product_cat-hands-routine","7":"pa_groesse-240ml","8":"pa_groesse-500ml","10":"first","11":"instock","12":"taxable","13":"shipping-taxable","14":"purchasable","15":"product-type-variable"},"yoast_head":"<!-- This site is optimized with the Yoast SEO plugin v27.5 - https:\/\/yoast.com\/product\/yoast-seo-wordpress\/ -->\n<title>OWAY Hands Routine Terso - OWAY Shop<\/title>\n<meta name=\"description\" content=\"OWAY Hands Routine Terso ist MIZELLARES REINIGUNGSFLUID F\u00dcR DIE H\u00c4NDE. Perfekt f\u00fcr die pflegende und desinfizierende Handw\u00e4sche.\" \/>\n<meta name=\"robots\" content=\"index, follow, max-snippet:-1, max-image-preview:large, max-video-preview:-1\" \/>\n<link rel=\"canonical\" href=\"https:\/\/christina-peter.de\/shop\/product\/oway-hands-routine-terso\/\" \/>\n<meta property=\"og:locale\" content=\"de_DE\" \/>\n<meta property=\"og:type\" content=\"article\" \/>\n<meta property=\"og:title\" content=\"OWAY Hands Routine Terso - OWAY Shop\" \/>\n<meta property=\"og:description\" content=\"OWAY Hands Routine Terso ist MIZELLARES REINIGUNGSFLUID F\u00dcR DIE H\u00c4NDE. Perfekt f\u00fcr die pflegende und desinfizierende Handw\u00e4sche.\" \/>\n<meta property=\"og:url\" content=\"https:\/\/christina-peter.de\/shop\/product\/oway-hands-routine-terso\/\" \/>\n<meta property=\"og:site_name\" content=\"Oway Produkte online kaufen - pflanzliche, biologische &amp; nachhaltige Haarpflegeprodukte\" \/>\n<meta property=\"article:modified_time\" content=\"2022-08-30T11:28:21+00:00\" \/>\n<meta property=\"og:image\" content=\"https:\/\/christina-peter.de\/shop\/wp-content\/uploads\/2021\/02\/terso-e1612260720327.jpg\" \/>\n\t<meta property=\"og:image:width\" content=\"400\" \/>\n\t<meta property=\"og:image:height\" content=\"400\" \/>\n\t<meta property=\"og:image:type\" content=\"image\/jpeg\" \/>\n<meta name=\"twitter:card\" content=\"summary_large_image\" \/>\n<script type=\"application\/ld+json\" class=\"yoast-schema-graph\">{\"@context\":\"https:\\\/\\\/schema.org\",\"@graph\":[{\"@type\":\"WebPage\",\"@id\":\"https:\\\/\\\/christina-peter.de\\\/shop\\\/product\\\/oway-hands-routine-terso\\\/\",\"url\":\"https:\\\/\\\/christina-peter.de\\\/shop\\\/product\\\/oway-hands-routine-terso\\\/\",\"name\":\"OWAY Hands Routine Terso - OWAY Shop\",\"isPartOf\":{\"@id\":\"https:\\\/\\\/christina-peter.de\\\/shop\\\/#website\"},\"primaryImageOfPage\":{\"@id\":\"https:\\\/\\\/christina-peter.de\\\/shop\\\/product\\\/oway-hands-routine-terso\\\/#primaryimage\"},\"image\":{\"@id\":\"https:\\\/\\\/christina-peter.de\\\/shop\\\/product\\\/oway-hands-routine-terso\\\/#primaryimage\"},\"thumbnailUrl\":\"https:\\\/\\\/christina-peter.de\\\/shop\\\/wp-content\\\/uploads\\\/2021\\\/02\\\/terso-e1612260720327.jpg\",\"datePublished\":\"2021-02-02T10:02:32+00:00\",\"dateModified\":\"2022-08-30T11:28:21+00:00\",\"description\":\"OWAY Hands Routine Terso ist MIZELLARES REINIGUNGSFLUID F\u00dcR DIE H\u00c4NDE. Perfekt f\u00fcr die pflegende und desinfizierende Handw\u00e4sche.\",\"breadcrumb\":{\"@id\":\"https:\\\/\\\/christina-peter.de\\\/shop\\\/product\\\/oway-hands-routine-terso\\\/#breadcrumb\"},\"inLanguage\":\"de\",\"potentialAction\":[{\"@type\":\"ReadAction\",\"target\":[\"https:\\\/\\\/christina-peter.de\\\/shop\\\/product\\\/oway-hands-routine-terso\\\/\"]}]},{\"@type\":\"ImageObject\",\"inLanguage\":\"de\",\"@id\":\"https:\\\/\\\/christina-peter.de\\\/shop\\\/product\\\/oway-hands-routine-terso\\\/#primaryimage\",\"url\":\"https:\\\/\\\/christina-peter.de\\\/shop\\\/wp-content\\\/uploads\\\/2021\\\/02\\\/terso-e1612260720327.jpg\",\"contentUrl\":\"https:\\\/\\\/christina-peter.de\\\/shop\\\/wp-content\\\/uploads\\\/2021\\\/02\\\/terso-e1612260720327.jpg\",\"width\":400,\"height\":400,\"caption\":\"OWAY Hands Routine Bruma\"},{\"@type\":\"BreadcrumbList\",\"@id\":\"https:\\\/\\\/christina-peter.de\\\/shop\\\/product\\\/oway-hands-routine-terso\\\/#breadcrumb\",\"itemListElement\":[{\"@type\":\"ListItem\",\"position\":1,\"name\":\"Startseite\",\"item\":\"https:\\\/\\\/christina-peter.de\\\/shop\\\/\"},{\"@type\":\"ListItem\",\"position\":2,\"name\":\"Home\",\"item\":\"https:\\\/\\\/christina-peter.de\\\/shop\\\/\"},{\"@type\":\"ListItem\",\"position\":3,\"name\":\"OWAY Hands Routine Terso\"}]},{\"@type\":\"WebSite\",\"@id\":\"https:\\\/\\\/christina-peter.de\\\/shop\\\/#website\",\"url\":\"https:\\\/\\\/christina-peter.de\\\/shop\\\/\",\"name\":\"Oway Produkte online kaufen - pflanzliche, biologische &amp; nachhaltige Haarpflegeprodukte\",\"description\":\"Bei uns finden sie alles rund ums gesunde Haar. Wir vertreiben ausschlie\u00dflich pflanzliche, biologische &amp; nachhaltige Haarpflegeprodukte von Oway.\",\"potentialAction\":[{\"@type\":\"SearchAction\",\"target\":{\"@type\":\"EntryPoint\",\"urlTemplate\":\"https:\\\/\\\/christina-peter.de\\\/shop\\\/?s={search_term_string}\"},\"query-input\":{\"@type\":\"PropertyValueSpecification\",\"valueRequired\":true,\"valueName\":\"search_term_string\"}}],\"inLanguage\":\"de\"}]}<\/script>\n<!-- \/ Yoast SEO plugin. -->","yoast_head_json":{"title":"OWAY Hands Routine Terso - OWAY Shop","description":"OWAY Hands Routine Terso ist MIZELLARES REINIGUNGSFLUID F\u00dcR DIE H\u00c4NDE. Perfekt f\u00fcr die pflegende und desinfizierende Handw\u00e4sche.","robots":{"index":"index","follow":"follow","max-snippet":"max-snippet:-1","max-image-preview":"max-image-preview:large","max-video-preview":"max-video-preview:-1"},"canonical":"https:\/\/christina-peter.de\/shop\/product\/oway-hands-routine-terso\/","og_locale":"de_DE","og_type":"article","og_title":"OWAY Hands Routine Terso - OWAY Shop","og_description":"OWAY Hands Routine Terso ist MIZELLARES REINIGUNGSFLUID F\u00dcR DIE H\u00c4NDE. Perfekt f\u00fcr die pflegende und desinfizierende Handw\u00e4sche.","og_url":"https:\/\/christina-peter.de\/shop\/product\/oway-hands-routine-terso\/","og_site_name":"Oway Produkte online kaufen - pflanzliche, biologische &amp; nachhaltige Haarpflegeprodukte","article_modified_time":"2022-08-30T11:28:21+00:00","og_image":[{"width":400,"height":400,"url":"https:\/\/christina-peter.de\/shop\/wp-content\/uploads\/2021\/02\/terso-e1612260720327.jpg","type":"image\/jpeg"}],"twitter_card":"summary_large_image","schema":{"@context":"https:\/\/schema.org","@graph":[{"@type":"WebPage","@id":"https:\/\/christina-peter.de\/shop\/product\/oway-hands-routine-terso\/","url":"https:\/\/christina-peter.de\/shop\/product\/oway-hands-routine-terso\/","name":"OWAY Hands Routine Terso - OWAY Shop","isPartOf":{"@id":"https:\/\/christina-peter.de\/shop\/#website"},"primaryImageOfPage":{"@id":"https:\/\/christina-peter.de\/shop\/product\/oway-hands-routine-terso\/#primaryimage"},"image":{"@id":"https:\/\/christina-peter.de\/shop\/product\/oway-hands-routine-terso\/#primaryimage"},"thumbnailUrl":"https:\/\/christina-peter.de\/shop\/wp-content\/uploads\/2021\/02\/terso-e1612260720327.jpg","datePublished":"2021-02-02T10:02:32+00:00","dateModified":"2022-08-30T11:28:21+00:00","description":"OWAY Hands Routine Terso ist MIZELLARES REINIGUNGSFLUID F\u00dcR DIE H\u00c4NDE. Perfekt f\u00fcr die pflegende und desinfizierende Handw\u00e4sche.","breadcrumb":{"@id":"https:\/\/christina-peter.de\/shop\/product\/oway-hands-routine-terso\/#breadcrumb"},"inLanguage":"de","potentialAction":[{"@type":"ReadAction","target":["https:\/\/christina-peter.de\/shop\/product\/oway-hands-routine-terso\/"]}]},{"@type":"ImageObject","inLanguage":"de","@id":"https:\/\/christina-peter.de\/shop\/product\/oway-hands-routine-terso\/#primaryimage","url":"https:\/\/christina-peter.de\/shop\/wp-content\/uploads\/2021\/02\/terso-e1612260720327.jpg","contentUrl":"https:\/\/christina-peter.de\/shop\/wp-content\/uploads\/2021\/02\/terso-e1612260720327.jpg","width":400,"height":400,"caption":"OWAY Hands Routine Bruma"},{"@type":"BreadcrumbList","@id":"https:\/\/christina-peter.de\/shop\/product\/oway-hands-routine-terso\/#breadcrumb","itemListElement":[{"@type":"ListItem","position":1,"name":"Startseite","item":"https:\/\/christina-peter.de\/shop\/"},{"@type":"ListItem","position":2,"name":"Home","item":"https:\/\/christina-peter.de\/shop\/"},{"@type":"ListItem","position":3,"name":"OWAY Hands Routine Terso"}]},{"@type":"WebSite","@id":"https:\/\/christina-peter.de\/shop\/#website","url":"https:\/\/christina-peter.de\/shop\/","name":"Oway Produkte online kaufen - pflanzliche, biologische &amp; nachhaltige Haarpflegeprodukte","description":"Bei uns finden sie alles rund ums gesunde Haar. Wir vertreiben ausschlie\u00dflich pflanzliche, biologische &amp; nachhaltige Haarpflegeprodukte von Oway.","potentialAction":[{"@type":"SearchAction","target":{"@type":"EntryPoint","urlTemplate":"https:\/\/christina-peter.de\/shop\/?s={search_term_string}"},"query-input":{"@type":"PropertyValueSpecification","valueRequired":true,"valueName":"search_term_string"}}],"inLanguage":"de"}]}},"_links":{"self":[{"href":"https:\/\/christina-peter.de\/shop\/wp-json\/wp\/v2\/product\/2825","targetHints":{"allow":["GET"]}}],"collection":[{"href":"https:\/\/christina-peter.de\/shop\/wp-json\/wp\/v2\/product"}],"about":[{"href":"https:\/\/christina-peter.de\/shop\/wp-json\/wp\/v2\/types\/product"}],"wp:featuredmedia":[{"embeddable":true,"href":"https:\/\/christina-peter.de\/shop\/wp-json\/wp\/v2\/media\/2826"}],"wp:attachment":[{"href":"https:\/\/christina-peter.de\/shop\/wp-json\/wp\/v2\/media?parent=2825"}],"wp:term":[{"taxonomy":"product_brand","embeddable":true,"href":"https:\/\/christina-peter.de\/shop\/wp-json\/wp\/v2\/product_brand?post=2825"},{"taxonomy":"product_cat","embeddable":true,"href":"https:\/\/christina-peter.de\/shop\/wp-json\/wp\/v2\/product_cat?post=2825"},{"taxonomy":"product_tag","embeddable":true,"href":"https:\/\/christina-peter.de\/shop\/wp-json\/wp\/v2\/product_tag?post=2825"}],"curies":[{"name":"wp","href":"https:\/\/api.w.org\/{rel}","templated":true}]}}