{"id":1962,"date":"2019-08-06T10:28:47","date_gmt":"2019-08-06T08:28:47","guid":{"rendered":"https:\/\/christina-peter.de\/shop\/?post_type=product&#038;p=1962"},"modified":"2022-08-30T13:46:42","modified_gmt":"2022-08-30T11:46:42","slug":"oway-hair-loss-vivifying-remedy-sensitive-scalp","status":"publish","type":"product","link":"https:\/\/christina-peter.de\/shop\/product\/oway-hair-loss-vivifying-remedy-sensitive-scalp\/","title":{"rendered":"OWAY hair loss Vivifying Remedy &#8211; Sensitive Scalp"},"content":{"rendered":"<div class=\"wpb-content-wrapper\"><p>[vc_row][vc_column][vc_empty_space height=&#8220;32&#8243;][vc_column_text]<\/p>\n<header>\n<header>\n<header>\n<header>\n<header>\n<header>\n<header>\n<p style=\"text-align: left;\">MIKROSTIMULIERENDES UND DEN HAARWUCHS F\u00d6RDERNDES SYSTEM F\u00dcR ALLE, DIE UNTER HAARAUSFALL LEIDEN<\/p>\n<header>\n<h3>VERDICHTENDE BEHANDLUNG, DIE DEM HAARAUSFALL ENTGEGENWIRKT<br \/>\n(MIT PFLANZLICHEN STAMMZELLEN UND DYNAGEN)<\/h3>\n<\/header>\n<div>\n<p style=\"text-align: left;\">Ein System zur Mikrostimulation des Kopfhautkreislaufs und zur St\u00e4rkung der Haarzwiebel. Unterst\u00fctzt dank der pflanzlichen Stammzellen und Dynagen, die den Stoffwechsel in der Kopfhaut unterst\u00fctzen und die Regeneration des Haarfollikels verst\u00e4rken, die Behandlung von Haarausfall und Ausd\u00fcnnung.<\/p>\n<p style=\"text-align: left;\">Sowohl f\u00fcr Personen, die unter saisonalem Haarausfall leiden, als auch zur unterst\u00fctzenden Behandlung von androgenetischem Haarausfall geeignet. Kann sowohl von M\u00e4nnern als auch von Frauen angewendet werden. Ideal, um periodisch f\u00fcr die Intensivbehandlung angewendet zu werden, auf die die Verwendung anderer Reinigungs- und Basis-Behandlungslinien folgt. Die Reaktivierung der Mikrozirkulation ist sehr intensiv und f\u00fcr leicht reizbare Kopfhauttypen wird eine kontrollierte Verwendung empfohlen. Auch f\u00fcr schlaffes und haltloses Haar, das nicht ausf\u00e4llt, anwendbar.<\/p>\n<p style=\"text-align: left;\">Haarausfall wird durch eine Reihe an verschiedenen Faktoren bedingt. Um auf effiziente Weise reagieren zu k\u00f6nnen, ist eine tiefgehende Diagnose (mit Tricho-Analyzer und Anwendungstabelle) grundlegend, um die Behandlung gezielt auf den Haarausfall richten zu k\u00f6nnen oder eine kombinierte r\u00fcckfettende und Talg entgegenwirkende oder normalisierende und Schuppen entgegenwirkende Behandlung w\u00e4hlen zu k\u00f6nnen.<\/p>\n<p style=\"text-align: left;\">Die Behandlung HAIR-LOSS wirkt an mehreren Stellen: Vermehrung des Haarmaterials und Verdichtung des Haars, Verbesserung der Verankerung zwischen Haarzwiebel und Follikel, Verl\u00e4ngerung der Lebensdauer des Haars (anagen).<\/p>\n<\/div>\n<\/header>\n<header><\/header>\n<\/header>\n<\/header>\n<\/header>\n<\/header>\n<section><\/section>\n<section><\/section>\n<section><\/section>\n<section><\/section>\n<section><\/section>\n<\/header>\n<\/header>\n<p>[\/vc_column_text][vc_empty_space height=&#8220;32&#8243;][\/vc_column][\/vc_row][vc_row css=&#8220;.vc_custom_1461961652033{border-top-width: 1px !important;border-top-color: #eeeeee !important;border-top-style: solid !important;}&#8220;][vc_column][\/vc_column][\/vc_row][vc_row type=&#8220;boxed&#8220; content_placement=&#8220;middle&#8220;][vc_column width=&#8220;1\/2&#8243; css=&#8220;.vc_custom_1462135333419{padding-top: 28px !important;padding-bottom: 28px !important;}&#8220;][vc_custom_heading text=&#8220;\u00c4therisches \u00d6l aus biodynamischer Minze und Mentholextrakt&#8220; font_container=&#8220;tag:h3|text_align:left&#8220; use_theme_fonts=&#8220;yes&#8220;][vc_empty_space height=&#8220;15px&#8220;][vc_column_text]Sie wirken beide erfrischend, abschwellend und reaktivieren die Mikrozirkulation. So wird der Kopfhaut sofort Erleichterung und Wohlbefinden gespendet. Beide Wirkstoffe sind auf der Haut adstringierend und kl\u00e4rend. Sie sorgen f\u00fcr ein sofortiges Gef\u00fchl der Erleichterung und wirken Juckreiz deutlich entgegen.[\/vc_column_text][\/vc_column][vc_column width=&#8220;1\/2&#8243;][vc_empty_space][vc_single_image image=&#8220;1960&#8243; img_size=&#8220;full&#8220; alignment=&#8220;right&#8220;][vc_empty_space][\/vc_column][\/vc_row][vc_row css=&#8220;.vc_custom_1461961652033{border-top-width: 1px !important;border-top-color: #eeeeee !important;border-top-style: solid !important;}&#8220;][vc_column][\/vc_column][\/vc_row][vc_row type=&#8220;boxed&#8220; content_placement=&#8220;middle&#8220; el_class=&#8220;nm-row-flex-col-reverse&#8220;][vc_column width=&#8220;1\/2&#8243; css=&#8220;.vc_custom_1462135341599{padding-top: 28px !important;padding-bottom: 28px !important;}&#8220;][vc_custom_heading text=&#8220;Fair gehandeltes Teak- und Mahagoniholz&#8220; font_container=&#8220;tag:h3|text_align:left&#8220; use_theme_fonts=&#8220;yes&#8220;][vc_empty_space height=&#8220;15px&#8220;][vc_column_text]Teakholzextrakt wird in der ayurvedischen Medizin h\u00e4ufig eingesetzt, um die Haarstruktur zu st\u00e4rken und Bakterien zu bek\u00e4mpfen. Mahagoniholz wird in der traditionellen afrikanischen Medizin aufgrund seiner prestigetr\u00e4chtigen Kr\u00e4fte oft verwendet. Es verleiht dem Haar Tonus und Energie.[\/vc_column_text][\/vc_column][vc_column width=&#8220;1\/2&#8243;][vc_empty_space][vc_single_image image=&#8220;1959&#8243; img_size=&#8220;full&#8220;][vc_empty_space][\/vc_column][\/vc_row][vc_row css=&#8220;.vc_custom_1461961652033{border-top-width: 1px !important;border-top-color: #eeeeee !important;border-top-style: solid !important;}&#8220;][vc_column][\/vc_column][\/vc_row][vc_row type=&#8220;boxed&#8220; content_placement=&#8220;middle&#8220;][vc_column width=&#8220;1\/2&#8243; css=&#8220;.vc_custom_1462135350237{padding-top: 28px !important;padding-bottom: 28px !important;}&#8220;][vc_custom_heading text=&#8220;Gr\u00fcner Kaffee&#8220; font_container=&#8220;tag:h3|text_align:left&#8220; use_theme_fonts=&#8220;yes&#8220;][vc_empty_space height=&#8220;15px&#8220;][vc_column_text]Reich an Substanzen mit starker biochemischer Wirkung wie etwa Polyphenole, Tannine und Koffein, wirkt er sich stimulierend auf den Zellmetabolismus aus. Er ist antioxidativ und sch\u00fctzend. Einer der st\u00e4rksten Inhibitoren der 5-a-Reduktase, also des Talgproduktionsprozesses, der h\u00e4ufig dem Verschluss der Haarzwiebel und dem Ausd\u00fcnnen des Haars zugrunde liegt.[\/vc_column_text][\/vc_column][vc_column width=&#8220;1\/2&#8243;][vc_empty_space][vc_single_image image=&#8220;1958&#8243; img_size=&#8220;full&#8220; alignment=&#8220;right&#8220;][vc_empty_space][\/vc_column][\/vc_row]<\/p>\n<\/div>","protected":false},"excerpt":{"rendered":"<div class=\"page\" title=\"Page 14\">\n<div class=\"layoutArea\">\n<div class=\"column\">\n<div class=\"page\" title=\"Page 29\">\n<div class=\"layoutArea\">\n<div class=\"column\">\n<p>Revitalisierende Behandlung f\u00fcr sensible Kopfhaut und leicht ausfallendes Haar. Ohne Alkohol.<\/p>\n<\/div>\n<\/div>\n<\/div>\n<\/div>\n<\/div>\n<\/div>\n<p>[vc_column][vc_accordion collapsible=&#8220;yes&#8220;][vc_accordion_tab title=&#8220;Vorteile&#8220;][vc_column_text]<\/p>\n<article class=\"panel panel-default\">\n<div id=\"acco-Benefici\" class=\"panel-collapse collapse in\">\n<div class=\"panel-body htmlcontent\">\n<article class=\"panel panel-default\">\n<div id=\"acco-IstruzioniUso\" class=\"panel-collapse collapse in\">\n<div class=\"panel-body htmlcontent\">\n<article class=\"panel panel-default\">\n<div id=\"acco-Benefici\" class=\"panel-collapse collapse in\">\n<div class=\"panel-body htmlcontent\">\n<article class=\"panel panel-default\">\n<div id=\"acco-Benefici\" class=\"panel-collapse collapse in\">\n<div class=\"panel-body htmlcontent\">\n<article class=\"panel panel-default\">\n<div id=\"acco-Benefici\" class=\"panel-collapse collapse in\">\n<div class=\"panel-body htmlcontent\">\n<article class=\"panel panel-default\">\n<div id=\"acco-Benefici\" class=\"panel-collapse collapse in\">\n<div class=\"panel-body htmlcontent\">\n<article class=\"panel panel-default\">\n<div id=\"acco-Benefici\" class=\"panel-collapse collapse in\">\n<div class=\"panel-body htmlcontent\">\n<p>Verleiht der Haarzwiebel Energie und erh\u00f6ht die Kraft und Haltbarkeit des Haars. Beg\u00fcnstigt die Mikrozirkulation der Kopfhaut und spendet auf milde Weise Feuchtigkeit. Dabei wird gleichzeitig das Wohlbefinden sensibler Hauttypen verbessert.<\/p>\n<\/div>\n<\/div>\n<\/article>\n<\/div>\n<\/div>\n<\/article>\n<\/div>\n<\/div>\n<\/article>\n<\/div>\n<\/div>\n<\/article>\n<\/div>\n<\/div>\n<\/article>\n<\/div>\n<\/div>\n<\/article>\n<\/div>\n<\/div>\n<\/article>\n<p>[\/vc_column_text][\/vc_accordion_tab][vc_accordion_tab title=&#8220;Anwendung des Produkts&#8220;][vc_column_text]<\/p>\n<article class=\"panel panel-default\">\n<div id=\"acco-IstruzioniUso\" class=\"panel-collapse collapse in\">\n<div class=\"panel-body htmlcontent\">\n<article class=\"panel panel-default\">\n<div id=\"acco-IstruzioniUso\" class=\"panel-collapse collapse in\">\n<div class=\"panel-body htmlcontent\">\n<article class=\"panel panel-default\">\n<div id=\"acco-IstruzioniUso\" class=\"panel-collapse collapse in\">\n<div class=\"panel-body htmlcontent\">\n<div class=\"page\" title=\"Page 14\">\n<div class=\"layoutArea\">\n<div class=\"column\">\n<article class=\"panel panel-default\">\n<div id=\"acco-IstruzioniUso\" class=\"panel-collapse collapse in\">\n<div class=\"panel-body htmlcontent\">\n<div class=\"page\" title=\"Page 29\">\n<div class=\"layoutArea\">\n<div class=\"column\">\n<article class=\"panel panel-default\">\n<div id=\"acco-IstruzioniUso\" class=\"panel-collapse collapse in\">\n<div class=\"panel-body htmlcontent\">\n<article class=\"panel panel-default\">\n<div id=\"acco-IstruzioniUso\" class=\"panel-collapse collapse in\">\n<div class=\"panel-body htmlcontent\">\n<article class=\"panel panel-default\">\n<div id=\"acco-IstruzioniUso\" class=\"panel-collapse collapse in\">\n<div class=\"panel-body htmlcontent\">\n<article class=\"panel panel-default\">\n<div id=\"acco-IstruzioniUso\" class=\"panel-collapse collapse in\">\n<div class=\"panel-body htmlcontent\">\n<article class=\"panel panel-default\">\n<div id=\"acco-IstruzioniUso\" class=\"panel-collapse collapse in\">\n<div class=\"panel-body htmlcontent\">\n<article class=\"panel panel-default\">\n<div id=\"acco-IstruzioniUso\" class=\"panel-collapse collapse in\">\n<div class=\"panel-body htmlcontent\">\n<article class=\"panel panel-default\">\n<div id=\"acco-IstruzioniUso\" class=\"panel-collapse collapse in\">\n<div class=\"panel-body htmlcontent\">\n<p>Nach der Haarw\u00e4sche auf die Kopfhaut auftragen. Einige Minuten einwirken lassen und einmassieren. Trocken. Vor Gebrauch sch\u00fctteln.<\/p>\n<\/div>\n<\/div>\n<\/article>\n<\/div>\n<\/div>\n<\/article>\n<\/div>\n<\/div>\n<\/article>\n<\/div>\n<\/div>\n<\/article>\n<\/div>\n<\/div>\n<\/article>\n<\/div>\n<\/div>\n<\/article>\n<\/div>\n<\/div>\n<\/article>\n<\/div>\n<\/div>\n<\/div>\n<\/div>\n<\/div>\n<\/article>\n<\/div>\n<\/div>\n<\/div>\n<\/div>\n<\/div>\n<\/article>\n<\/div>\n<\/div>\n<\/article>\n<\/div>\n<\/div>\n<\/article>\n<p>[\/vc_column_text][\/vc_accordion_tab][vc_accordion_tab title=&#8220;Wirkstoffe&#8220;][vc_column_text]<\/p>\n<p><b>Biodynamische Minze<\/b>\u00a0&#8211;\u00a0Reaktiviert die Mikrozirkulation und sorgt f\u00fcr sofortige Erleichterung und sofortiges Wohlbefinden auf der Kopfhaut.<\/p>\n<p><b>Biologische Rosskastanie<\/b>\u00a0&#8211;\u00a0Verbessert die Mikrozirkulation in den Blutgef\u00e4\u00dfen und stimuliert die Reaktivierung und St\u00e4rkung der Haarzwiebel.<\/p>\n<p><b>Dynagen<\/b>\u00a0&#8211;\u00a0Funktioneller Wirkstoff, der aus Hefe gewonnen wird. Er verleiht dem Haar Kraft und spendet ihm N\u00e4hrstoffe. Die Wirkung setzt in der Anagenphase, also in der Phase des aktiven Haarwuchses ein, in der die entstehende Faser die innere Wurzel durchdringt. Durch das Dynamisieren der Proteine stimuliert Dynagen die Bildung neuer Keratin- und Collagenniveaus auf dem Haar. Ergebnis: Eine st\u00e4rkere und widerstandsf\u00e4higere Faser sowie ein gesundes und volumin\u00f6ses Aussehen. Das Haar ist st\u00e4rker und widerstandsf\u00e4higer gegen die Alterung.<\/p>\n<p><b>Komplex Hairspa<\/b>\u00a0&#8211;\u00a0Die Kombination aus Lactit und Xylitol beg\u00fcnstigt die sofortige Feuchtigkeitsversorgung von sensibler Kopfhaut, dabei wird mit einer Langzeitwirkung f\u00fcr ein angenehmes Gef\u00fchl und Erleichterung gesorgt. 1.\u00a0Reguliert den Epithelabschilferungsprozess und st\u00e4rkt die Kopfhautbarriere. 2. Setzt das \u00d6kosystem der Kopfhaut wieder in Gang und beg\u00fcnstigt das Wachstum einer gesunden Mikroflora zulasten von Krankheitserregern. Der Komplex HAIRSPA\u2122 versorgt die Kopfhaut sofort und langanhaltend mit Feuchtigkeit, reguliert den Epithelabschilferungsprozess und st\u00e4rkt die Kopfhautbarriere.<\/p>\n<p><b>Gr\u00fcner Kaffee<\/b>\u00a0&#8211;\u00a0Reich an Substanzen mit starker biochemischer Wirkung wie etwa Polyphenole, Tannine und Koffein, wirkt er sich stimulierend auf den Zellmetabolismus aus. Au\u00dferdem ist er besonders reich an Chlorogens\u00e4ure, die antioxidativ und sch\u00fctzend wirkt. Unter den nat\u00fcrlichen Substanzen ist er einer der st\u00e4rksten Inhibitoren der 5-a-Reduktase, also des Talgproduktionsprozesses, der h\u00e4ufig dem Verschluss der Haarzwiebel und dem Ausd\u00fcnnen des Haars zugrunde liegt.<\/p>\n<p><b>Fair gehandeltes Teakholz<\/b>\u00a0&#8211;\u00a0St\u00e4rkt die Haarstruktur. Antibakterielle Wirkung.<\/p>\n<p><b>Fair gehandeltes Mahagoniholz<\/b>\u00a0&#8211;\u00a0Wirkt auf der Haut antiseptisch und adstringierend, dem Haar spendet es hingegen Tonus und Energie.<\/p>\n<p>[\/vc_column_text][\/vc_accordion_tab][vc_accordion_tab title=&#8220;Enth\u00e4lt nicht&#8220;][vc_column_text]<\/p>\n<article class=\"panel panel-default\">\n<div id=\"acco-NonContiene\" class=\"panel-collapse collapse in\">\n<div class=\"panel-body htmlcontent\">\n<article class=\"panel panel-default\">\n<div id=\"acco-NonContiene\" class=\"panel-collapse collapse in\">\n<div class=\"panel-body htmlcontent\">\n<article class=\"panel panel-default\">\n<div id=\"acco-NonContiene\" class=\"panel-collapse collapse in\">\n<div class=\"panel-body htmlcontent\">\n<article class=\"panel panel-default\">\n<div id=\"acco-NonContiene\" class=\"panel-collapse collapse in\">\n<div class=\"panel-body htmlcontent\">\n<article class=\"panel panel-default\">\n<div id=\"acco-NonContiene\" class=\"panel-collapse collapse in\">\n<div class=\"panel-body htmlcontent\">\n<article class=\"panel panel-default\">\n<div id=\"acco-NonContiene\" class=\"panel-collapse collapse in\">\n<div class=\"panel-body htmlcontent\">\n<article class=\"panel panel-default\">\n<div id=\"acco-NonContiene\" class=\"panel-collapse collapse in\">\n<div class=\"panel-body htmlcontent\">\n<article class=\"panel panel-default\">\n<div id=\"acco-NonContiene\" class=\"panel-collapse collapse in\">\n<div class=\"panel-body htmlcontent\">\n<article class=\"panel panel-default\">\n<div id=\"acco-NonContiene\" class=\"panel-collapse collapse in\">\n<div class=\"panel-body htmlcontent\">\n<article class=\"panel panel-default\">\n<div id=\"acco-NonContiene\" class=\"panel-collapse collapse in\">\n<div class=\"panel-body htmlcontent\">\n<p>SLS &amp; SLES \/ PARABENE \/ PETROLATE\/ PEG, PG &amp; BBG \/ EDTA \/ SYNTHETISCHE DUFTSTOFFE \/ K\u00dcNSTLICHE FARBSTOFFE<\/p>\n<p>NICKEL TESTED &#8211; OW f\u00fchrt an jedem Produktionslos dieses Produkts einen speziellen Test durch, mit dem das Fortschreiten der Produktion \u00fcberwacht und das Produkt auf eventuell vorhandene Spuren von Nickel, die einer Allergie hervorrufen k\u00f6nnten, getestet wird.<\/p>\n<\/div>\n<\/div>\n<\/article>\n<\/div>\n<\/div>\n<\/article>\n<\/div>\n<\/div>\n<\/article>\n<\/div>\n<\/div>\n<\/article>\n<\/div>\n<\/div>\n<\/article>\n<\/div>\n<\/div>\n<\/article>\n<\/div>\n<\/div>\n<\/article>\n<\/div>\n<\/div>\n<\/article>\n<\/div>\n<\/div>\n<\/article>\n<\/div>\n<\/div>\n<\/article>\n<p>[\/vc_column_text][\/vc_accordion_tab]<\/p>\n<p>[\/vc_accordion][\/vc_column]<\/p>\n","protected":false},"featured_media":1964,"template":"","meta":{"_uf_show_specific_survey":0,"_uf_disable_surveys":false},"product_brand":[],"product_cat":[67,74],"product_tag":[],"class_list":{"0":"post-1962","1":"product","2":"type-product","3":"status-publish","4":"has-post-thumbnail","6":"product_cat-spezialbehandlungen","7":"product_cat-hair-loss","8":"pa_groesse-100ml","10":"first","11":"instock","12":"taxable","13":"shipping-taxable","14":"purchasable","15":"product-type-variable"},"yoast_head":"<!-- This site is optimized with the Yoast SEO plugin v27.5 - https:\/\/yoast.com\/product\/yoast-seo-wordpress\/ -->\n<title>OWAY hair loss Vivifying Remedy - Sensitive Scalp - OWAY Shop<\/title>\n<meta name=\"description\" content=\"OWAY hair loss Vivifying Remedy Sensitive Scalp kaufen online, Revitalisierende Behandlung f\u00fcr sensible Kopfhaut und leicht ausfallendes Haar. Ohne Alkohol. jetzt bestellen!\" \/>\n<meta name=\"robots\" content=\"index, follow, max-snippet:-1, max-image-preview:large, max-video-preview:-1\" \/>\n<link rel=\"canonical\" href=\"https:\/\/christina-peter.de\/shop\/product\/oway-hair-loss-vivifying-remedy-sensitive-scalp\/\" \/>\n<meta property=\"og:locale\" content=\"de_DE\" \/>\n<meta property=\"og:type\" content=\"article\" \/>\n<meta property=\"og:title\" content=\"OWAY hair loss Vivifying Remedy - Sensitive Scalp - OWAY Shop\" \/>\n<meta property=\"og:description\" content=\"OWAY hair loss Vivifying Remedy Sensitive Scalp kaufen online, Revitalisierende Behandlung f\u00fcr sensible Kopfhaut und leicht ausfallendes Haar. Ohne Alkohol. jetzt bestellen!\" \/>\n<meta property=\"og:url\" content=\"https:\/\/christina-peter.de\/shop\/product\/oway-hair-loss-vivifying-remedy-sensitive-scalp\/\" \/>\n<meta property=\"og:site_name\" content=\"Oway Produkte online kaufen - pflanzliche, biologische &amp; nachhaltige Haarpflegeprodukte\" \/>\n<meta property=\"article:modified_time\" content=\"2022-08-30T11:46:42+00:00\" \/>\n<meta property=\"og:image\" content=\"https:\/\/christina-peter.de\/shop\/wp-content\/uploads\/2019\/08\/vivifying_remedy_sensitive_scalp_g.jpg\" \/>\n\t<meta property=\"og:image:width\" content=\"1600\" \/>\n\t<meta property=\"og:image:height\" content=\"1560\" \/>\n\t<meta property=\"og:image:type\" content=\"image\/jpeg\" \/>\n<meta name=\"twitter:card\" content=\"summary_large_image\" \/>\n<meta name=\"twitter:label1\" content=\"Gesch\u00e4tzte Lesezeit\" \/>\n\t<meta name=\"twitter:data1\" content=\"3\u00a0Minuten\" \/>\n<script type=\"application\/ld+json\" class=\"yoast-schema-graph\">{\"@context\":\"https:\\\/\\\/schema.org\",\"@graph\":[{\"@type\":\"WebPage\",\"@id\":\"https:\\\/\\\/christina-peter.de\\\/shop\\\/product\\\/oway-hair-loss-vivifying-remedy-sensitive-scalp\\\/\",\"url\":\"https:\\\/\\\/christina-peter.de\\\/shop\\\/product\\\/oway-hair-loss-vivifying-remedy-sensitive-scalp\\\/\",\"name\":\"OWAY hair loss Vivifying Remedy - Sensitive Scalp - OWAY Shop\",\"isPartOf\":{\"@id\":\"https:\\\/\\\/christina-peter.de\\\/shop\\\/#website\"},\"primaryImageOfPage\":{\"@id\":\"https:\\\/\\\/christina-peter.de\\\/shop\\\/product\\\/oway-hair-loss-vivifying-remedy-sensitive-scalp\\\/#primaryimage\"},\"image\":{\"@id\":\"https:\\\/\\\/christina-peter.de\\\/shop\\\/product\\\/oway-hair-loss-vivifying-remedy-sensitive-scalp\\\/#primaryimage\"},\"thumbnailUrl\":\"https:\\\/\\\/christina-peter.de\\\/shop\\\/wp-content\\\/uploads\\\/2019\\\/08\\\/vivifying_remedy_sensitive_scalp_g.jpg\",\"datePublished\":\"2019-08-06T08:28:47+00:00\",\"dateModified\":\"2022-08-30T11:46:42+00:00\",\"description\":\"OWAY hair loss Vivifying Remedy Sensitive Scalp kaufen online, Revitalisierende Behandlung f\u00fcr sensible Kopfhaut und leicht ausfallendes Haar. Ohne Alkohol. jetzt bestellen!\",\"breadcrumb\":{\"@id\":\"https:\\\/\\\/christina-peter.de\\\/shop\\\/product\\\/oway-hair-loss-vivifying-remedy-sensitive-scalp\\\/#breadcrumb\"},\"inLanguage\":\"de\",\"potentialAction\":[{\"@type\":\"ReadAction\",\"target\":[\"https:\\\/\\\/christina-peter.de\\\/shop\\\/product\\\/oway-hair-loss-vivifying-remedy-sensitive-scalp\\\/\"]}]},{\"@type\":\"ImageObject\",\"inLanguage\":\"de\",\"@id\":\"https:\\\/\\\/christina-peter.de\\\/shop\\\/product\\\/oway-hair-loss-vivifying-remedy-sensitive-scalp\\\/#primaryimage\",\"url\":\"https:\\\/\\\/christina-peter.de\\\/shop\\\/wp-content\\\/uploads\\\/2019\\\/08\\\/vivifying_remedy_sensitive_scalp_g.jpg\",\"contentUrl\":\"https:\\\/\\\/christina-peter.de\\\/shop\\\/wp-content\\\/uploads\\\/2019\\\/08\\\/vivifying_remedy_sensitive_scalp_g.jpg\",\"width\":1600,\"height\":1560,\"caption\":\"oway glossy nectar\"},{\"@type\":\"BreadcrumbList\",\"@id\":\"https:\\\/\\\/christina-peter.de\\\/shop\\\/product\\\/oway-hair-loss-vivifying-remedy-sensitive-scalp\\\/#breadcrumb\",\"itemListElement\":[{\"@type\":\"ListItem\",\"position\":1,\"name\":\"Startseite\",\"item\":\"https:\\\/\\\/christina-peter.de\\\/shop\\\/\"},{\"@type\":\"ListItem\",\"position\":2,\"name\":\"Home\",\"item\":\"https:\\\/\\\/christina-peter.de\\\/shop\\\/\"},{\"@type\":\"ListItem\",\"position\":3,\"name\":\"OWAY hair loss Vivifying Remedy &#8211; Sensitive Scalp\"}]},{\"@type\":\"WebSite\",\"@id\":\"https:\\\/\\\/christina-peter.de\\\/shop\\\/#website\",\"url\":\"https:\\\/\\\/christina-peter.de\\\/shop\\\/\",\"name\":\"Oway Produkte online kaufen - pflanzliche, biologische &amp; nachhaltige Haarpflegeprodukte\",\"description\":\"Bei uns finden sie alles rund ums gesunde Haar. Wir vertreiben ausschlie\u00dflich pflanzliche, biologische &amp; nachhaltige Haarpflegeprodukte von Oway.\",\"potentialAction\":[{\"@type\":\"SearchAction\",\"target\":{\"@type\":\"EntryPoint\",\"urlTemplate\":\"https:\\\/\\\/christina-peter.de\\\/shop\\\/?s={search_term_string}\"},\"query-input\":{\"@type\":\"PropertyValueSpecification\",\"valueRequired\":true,\"valueName\":\"search_term_string\"}}],\"inLanguage\":\"de\"}]}<\/script>\n<!-- \/ Yoast SEO plugin. -->","yoast_head_json":{"title":"OWAY hair loss Vivifying Remedy - Sensitive Scalp - OWAY Shop","description":"OWAY hair loss Vivifying Remedy Sensitive Scalp kaufen online, Revitalisierende Behandlung f\u00fcr sensible Kopfhaut und leicht ausfallendes Haar. Ohne Alkohol. jetzt bestellen!","robots":{"index":"index","follow":"follow","max-snippet":"max-snippet:-1","max-image-preview":"max-image-preview:large","max-video-preview":"max-video-preview:-1"},"canonical":"https:\/\/christina-peter.de\/shop\/product\/oway-hair-loss-vivifying-remedy-sensitive-scalp\/","og_locale":"de_DE","og_type":"article","og_title":"OWAY hair loss Vivifying Remedy - Sensitive Scalp - OWAY Shop","og_description":"OWAY hair loss Vivifying Remedy Sensitive Scalp kaufen online, Revitalisierende Behandlung f\u00fcr sensible Kopfhaut und leicht ausfallendes Haar. Ohne Alkohol. jetzt bestellen!","og_url":"https:\/\/christina-peter.de\/shop\/product\/oway-hair-loss-vivifying-remedy-sensitive-scalp\/","og_site_name":"Oway Produkte online kaufen - pflanzliche, biologische &amp; nachhaltige Haarpflegeprodukte","article_modified_time":"2022-08-30T11:46:42+00:00","og_image":[{"width":1600,"height":1560,"url":"https:\/\/christina-peter.de\/shop\/wp-content\/uploads\/2019\/08\/vivifying_remedy_sensitive_scalp_g.jpg","type":"image\/jpeg"}],"twitter_card":"summary_large_image","twitter_misc":{"Gesch\u00e4tzte Lesezeit":"3\u00a0Minuten"},"schema":{"@context":"https:\/\/schema.org","@graph":[{"@type":"WebPage","@id":"https:\/\/christina-peter.de\/shop\/product\/oway-hair-loss-vivifying-remedy-sensitive-scalp\/","url":"https:\/\/christina-peter.de\/shop\/product\/oway-hair-loss-vivifying-remedy-sensitive-scalp\/","name":"OWAY hair loss Vivifying Remedy - Sensitive Scalp - OWAY Shop","isPartOf":{"@id":"https:\/\/christina-peter.de\/shop\/#website"},"primaryImageOfPage":{"@id":"https:\/\/christina-peter.de\/shop\/product\/oway-hair-loss-vivifying-remedy-sensitive-scalp\/#primaryimage"},"image":{"@id":"https:\/\/christina-peter.de\/shop\/product\/oway-hair-loss-vivifying-remedy-sensitive-scalp\/#primaryimage"},"thumbnailUrl":"https:\/\/christina-peter.de\/shop\/wp-content\/uploads\/2019\/08\/vivifying_remedy_sensitive_scalp_g.jpg","datePublished":"2019-08-06T08:28:47+00:00","dateModified":"2022-08-30T11:46:42+00:00","description":"OWAY hair loss Vivifying Remedy Sensitive Scalp kaufen online, Revitalisierende Behandlung f\u00fcr sensible Kopfhaut und leicht ausfallendes Haar. Ohne Alkohol. jetzt bestellen!","breadcrumb":{"@id":"https:\/\/christina-peter.de\/shop\/product\/oway-hair-loss-vivifying-remedy-sensitive-scalp\/#breadcrumb"},"inLanguage":"de","potentialAction":[{"@type":"ReadAction","target":["https:\/\/christina-peter.de\/shop\/product\/oway-hair-loss-vivifying-remedy-sensitive-scalp\/"]}]},{"@type":"ImageObject","inLanguage":"de","@id":"https:\/\/christina-peter.de\/shop\/product\/oway-hair-loss-vivifying-remedy-sensitive-scalp\/#primaryimage","url":"https:\/\/christina-peter.de\/shop\/wp-content\/uploads\/2019\/08\/vivifying_remedy_sensitive_scalp_g.jpg","contentUrl":"https:\/\/christina-peter.de\/shop\/wp-content\/uploads\/2019\/08\/vivifying_remedy_sensitive_scalp_g.jpg","width":1600,"height":1560,"caption":"oway glossy nectar"},{"@type":"BreadcrumbList","@id":"https:\/\/christina-peter.de\/shop\/product\/oway-hair-loss-vivifying-remedy-sensitive-scalp\/#breadcrumb","itemListElement":[{"@type":"ListItem","position":1,"name":"Startseite","item":"https:\/\/christina-peter.de\/shop\/"},{"@type":"ListItem","position":2,"name":"Home","item":"https:\/\/christina-peter.de\/shop\/"},{"@type":"ListItem","position":3,"name":"OWAY hair loss Vivifying Remedy &#8211; Sensitive Scalp"}]},{"@type":"WebSite","@id":"https:\/\/christina-peter.de\/shop\/#website","url":"https:\/\/christina-peter.de\/shop\/","name":"Oway Produkte online kaufen - pflanzliche, biologische &amp; nachhaltige Haarpflegeprodukte","description":"Bei uns finden sie alles rund ums gesunde Haar. Wir vertreiben ausschlie\u00dflich pflanzliche, biologische &amp; nachhaltige Haarpflegeprodukte von Oway.","potentialAction":[{"@type":"SearchAction","target":{"@type":"EntryPoint","urlTemplate":"https:\/\/christina-peter.de\/shop\/?s={search_term_string}"},"query-input":{"@type":"PropertyValueSpecification","valueRequired":true,"valueName":"search_term_string"}}],"inLanguage":"de"}]}},"_links":{"self":[{"href":"https:\/\/christina-peter.de\/shop\/wp-json\/wp\/v2\/product\/1962","targetHints":{"allow":["GET"]}}],"collection":[{"href":"https:\/\/christina-peter.de\/shop\/wp-json\/wp\/v2\/product"}],"about":[{"href":"https:\/\/christina-peter.de\/shop\/wp-json\/wp\/v2\/types\/product"}],"wp:featuredmedia":[{"embeddable":true,"href":"https:\/\/christina-peter.de\/shop\/wp-json\/wp\/v2\/media\/1964"}],"wp:attachment":[{"href":"https:\/\/christina-peter.de\/shop\/wp-json\/wp\/v2\/media?parent=1962"}],"wp:term":[{"taxonomy":"product_brand","embeddable":true,"href":"https:\/\/christina-peter.de\/shop\/wp-json\/wp\/v2\/product_brand?post=1962"},{"taxonomy":"product_cat","embeddable":true,"href":"https:\/\/christina-peter.de\/shop\/wp-json\/wp\/v2\/product_cat?post=1962"},{"taxonomy":"product_tag","embeddable":true,"href":"https:\/\/christina-peter.de\/shop\/wp-json\/wp\/v2\/product_tag?post=1962"}],"curies":[{"name":"wp","href":"https:\/\/api.w.org\/{rel}","templated":true}]}}