{"id":1738,"date":"2019-07-31T15:19:53","date_gmt":"2019-07-31T13:19:53","guid":{"rendered":"https:\/\/christina-peter.de\/shop\/?post_type=product&#038;p=1738"},"modified":"2024-11-13T13:03:10","modified_gmt":"2024-11-13T12:03:10","slug":"oway-special-gift-set-gli-intrepidi","status":"publish","type":"product","link":"https:\/\/christina-peter.de\/shop\/product\/oway-special-gift-set-gli-intrepidi\/","title":{"rendered":"OWAY Special Gift Set Gli Intrepidi"},"content":{"rendered":"<div>\n<h4>Special Gift Set<\/h4>\n<section>W\u00c4HLE F\u00dcR DICH ODER EINE ANDERE PERSON DAS PERFEKTE GESCHENK AUS DEN SPECIAL GIFT SETS AUS, DIE DIE BELIEBTESTEN PRODUKTE VON OWAY ENTHALTEN.<\/section>\n<div><\/div>\n<\/div>\n<div>\n<div>\n<section><span lang=\"de\">Hier haben wir eine Auswahl an vier au\u00dfergew\u00f6hnlichen Produkten in wertvollen Verpackungen, die zu 100 % personalisiert werden k\u00f6nnen, zusammengestellt. <\/span><span lang=\"de\">Ein Geschenk nach Ma\u00df<\/span><span lang=\"de\">, weil die vier verschiedenen Special Gift Sets unterschiedlichen Pers\u00f6nlichkeiten und Lebensstilen gewidmet sind. Sie sind in Scrigno verpackt. Dabei handelt es sich um eine mit einer speziellen Nachricht personalisierbaren Verpackung. <\/span><span lang=\"de\">Scrigno ist ein Geschenk im Geschenk.<\/span><span lang=\"de\">Eine Metallbox, ein Klassiker im Retro-Stil, mit der Reinheit der Formen und dem minimalen Design von OWAY \u00fcberarbeitet. Ein praktischer und vielseitiger Beh\u00e4lter, der f\u00fcr Alltagsgegenst\u00e4nde oder wertvolle Dinge verwendet werden kann, um das, was normalerweise zu Hause herumliegt &#8211; etwa Fotos oder liebevolle Erinnerungen &#8211; organisiert aufzubewahren.\u00a0<\/span><span lang=\"de\">Schwarz satiniert <\/span><span lang=\"de\">passt sich SCRIGNO mit Raffiniertheit und Diskretion jeder Umgebung an.\u00a0Aus 100 % Metall kann dieser Gegenstand unendlich oft wiederverwendet sowie recycelt werden.<\/span><span lang=\"de\">Vier Kollektionen nach Ma\u00df mit Produkten f\u00fcr die Pflege von Haar, K\u00f6rper, Gesicht und Bart.<\/span><\/section>\n<\/div>\n<\/div>\n","protected":false},"excerpt":{"rendered":"<p>Das Scrigno:\u00a0<strong><a href=\"\">Softening Shave Cream 100 ml<\/a>\u00a0+\u00a0<a href=\"\">Repairing Aftershave Balm 50 ml<\/a>.<\/strong><\/p>\n<section class=\"htmlcontent abstract\">Rasierprodukte speziell f\u00fcr Mutige, f\u00fcr Freche. F\u00fcr alle, die t\u00e4gliche Herausforderungen gro\u00dfherzig sowie ohne Angst oder Z\u00f6gern annehmen. F\u00fcr jene, die mit Intensit\u00e4t leben, stets f\u00fcr neue Abenteuer und Eindr\u00fccke bereit sind und Tag f\u00fcr Tag wertvolle Verb\u00fcndete an ihrer Seite ben\u00f6tigen.-<b>SCRIGNO<\/b><b><\/b>Ein Geschenk im Geschenk. Eine Metallbox, ein Klassiker im Retro-Stil, mit der Reinheit der Formen und dem minimalen Design von OWAY \u00fcberarbeitet.&nbsp;<\/p>\n<p>Ein praktischer und vielseitiger Beh\u00e4lter, der f\u00fcr Alltagsgegenst\u00e4nde oder wertvolle Dinge verwendet werden kann, um das, was normalerweise zu Hause herumliegt &#8211; etwa Fotos oder liebevolle Erinnerungen &#8211; organisiert aufzubewahren.<\/p>\n<p>Schwarz satiniert passt sich SCRIGNO mit Raffiniertheit und Diskretion jeder Umgebung an. Aus 100 % Metall kann dieser Gegenstand unendlich oft wiederverwendet sowie recycelt werden.<\/p>\n<p><strong>21,5 x 23 x 8 cm<\/strong><\/p>\n<\/section>\n","protected":false},"featured_media":1740,"template":"","meta":{"_uf_show_specific_survey":0,"_uf_disable_surveys":false},"product_brand":[],"product_cat":[85],"product_tag":[],"class_list":{"0":"post-1738","1":"product","2":"type-product","3":"status-publish","4":"has-post-thumbnail","6":"product_cat-geschenkideen","7":"pa_groesse-set","9":"first","10":"outofstock","11":"taxable","12":"shipping-taxable","13":"purchasable","14":"product-type-variable"},"yoast_head":"<!-- This site is optimized with the Yoast SEO plugin v27.5 - https:\/\/yoast.com\/product\/yoast-seo-wordpress\/ -->\n<title>OWAY Special Gift Set Gli Intrepidi<\/title>\n<meta name=\"description\" content=\"Das Scrigno:\u00a0Softening Shave Cream 100 ml\u00a0+\u00a0Repairing Aftershave Balm 50 ml.  Rasierprodukte speziell f\u00fcr Mutige, f\u00fcr Freche. F\u00fcr alle, die t\u00e4gliche Herausforderungen gro\u00dfherzig sowie ohne Angst oder Z\u00f6gern annehmen. F\u00fcr jene, die mit Intensit\u00e4t leben, stets f\u00fcr neue Abenteuer und Eindr\u00fccke bereit sind und Tag f\u00fcr Tag wertvolle Verb\u00fcndete an ihrer Seite ben\u00f6tigen.-SCRIGNOEin Geschenk im Geschenk. Eine Metallbox, ein Klassiker im Retro-Stil, mit der Reinheit der Formen und dem minimalen Design von OWAY \u00fcberarbeitet.&nbsp;  Ein praktischer und vielseitiger Beh\u00e4lter, der f\u00fcr Alltagsgegenst\u00e4nde oder wertvolle Dinge verwendet werden kann, um das, was normalerweise zu Hause herumliegt - etwa Fotos oder liebevolle Erinnerungen - organisiert aufzubewahren.  Schwarz satiniert passt sich SCRIGNO mit Raffiniertheit und Diskretion jeder Umgebung an. Aus 100 % Metall kann dieser Gegenstand unendlich oft wiederverwendet sowie recycelt werden.  21,5 x 23 x 8 cm\" \/>\n<meta name=\"robots\" content=\"index, follow, max-snippet:-1, max-image-preview:large, max-video-preview:-1\" \/>\n<link rel=\"canonical\" href=\"https:\/\/christina-peter.de\/shop\/product\/oway-special-gift-set-gli-intrepidi\/\" \/>\n<meta property=\"og:locale\" content=\"de_DE\" \/>\n<meta property=\"og:type\" content=\"article\" \/>\n<meta property=\"og:title\" content=\"OWAY Special Gift Set Gli Intrepidi\" \/>\n<meta property=\"og:description\" content=\"Das Scrigno:\u00a0Softening Shave Cream 100 ml\u00a0+\u00a0Repairing Aftershave Balm 50 ml.  Rasierprodukte speziell f\u00fcr Mutige, f\u00fcr Freche. F\u00fcr alle, die t\u00e4gliche Herausforderungen gro\u00dfherzig sowie ohne Angst oder Z\u00f6gern annehmen. F\u00fcr jene, die mit Intensit\u00e4t leben, stets f\u00fcr neue Abenteuer und Eindr\u00fccke bereit sind und Tag f\u00fcr Tag wertvolle Verb\u00fcndete an ihrer Seite ben\u00f6tigen.-SCRIGNOEin Geschenk im Geschenk. Eine Metallbox, ein Klassiker im Retro-Stil, mit der Reinheit der Formen und dem minimalen Design von OWAY \u00fcberarbeitet.&nbsp;  Ein praktischer und vielseitiger Beh\u00e4lter, der f\u00fcr Alltagsgegenst\u00e4nde oder wertvolle Dinge verwendet werden kann, um das, was normalerweise zu Hause herumliegt - etwa Fotos oder liebevolle Erinnerungen - organisiert aufzubewahren.  Schwarz satiniert passt sich SCRIGNO mit Raffiniertheit und Diskretion jeder Umgebung an. Aus 100 % Metall kann dieser Gegenstand unendlich oft wiederverwendet sowie recycelt werden.  21,5 x 23 x 8 cm\" \/>\n<meta property=\"og:url\" content=\"https:\/\/christina-peter.de\/shop\/product\/oway-special-gift-set-gli-intrepidi\/\" \/>\n<meta property=\"og:site_name\" content=\"Oway Produkte online kaufen - pflanzliche, biologische &amp; nachhaltige Haarpflegeprodukte\" \/>\n<meta property=\"article:modified_time\" content=\"2024-11-13T12:03:10+00:00\" \/>\n<meta property=\"og:image\" content=\"https:\/\/christina-peter.de\/shop\/wp-content\/uploads\/2019\/07\/intrepidi-interno.jpg\" \/>\n\t<meta property=\"og:image:width\" content=\"1600\" \/>\n\t<meta property=\"og:image:height\" content=\"1560\" \/>\n\t<meta property=\"og:image:type\" content=\"image\/jpeg\" \/>\n<meta name=\"twitter:card\" content=\"summary_large_image\" \/>\n<meta name=\"twitter:label1\" content=\"Gesch\u00e4tzte Lesezeit\" \/>\n\t<meta name=\"twitter:data1\" content=\"2\u00a0Minuten\" \/>\n<script type=\"application\/ld+json\" class=\"yoast-schema-graph\">{\"@context\":\"https:\\\/\\\/schema.org\",\"@graph\":[{\"@type\":\"WebPage\",\"@id\":\"https:\\\/\\\/christina-peter.de\\\/shop\\\/product\\\/oway-special-gift-set-gli-intrepidi\\\/\",\"url\":\"https:\\\/\\\/christina-peter.de\\\/shop\\\/product\\\/oway-special-gift-set-gli-intrepidi\\\/\",\"name\":\"OWAY Special Gift Set Gli Intrepidi\",\"isPartOf\":{\"@id\":\"https:\\\/\\\/christina-peter.de\\\/shop\\\/#website\"},\"primaryImageOfPage\":{\"@id\":\"https:\\\/\\\/christina-peter.de\\\/shop\\\/product\\\/oway-special-gift-set-gli-intrepidi\\\/#primaryimage\"},\"image\":{\"@id\":\"https:\\\/\\\/christina-peter.de\\\/shop\\\/product\\\/oway-special-gift-set-gli-intrepidi\\\/#primaryimage\"},\"thumbnailUrl\":\"https:\\\/\\\/christina-peter.de\\\/shop\\\/wp-content\\\/uploads\\\/2019\\\/07\\\/intrepidi-interno.jpg\",\"datePublished\":\"2019-07-31T13:19:53+00:00\",\"dateModified\":\"2024-11-13T12:03:10+00:00\",\"description\":\"Das Scrigno:\u00a0Softening Shave Cream 100 ml\u00a0+\u00a0Repairing Aftershave Balm 50 ml. Rasierprodukte speziell f\u00fcr Mutige, f\u00fcr Freche. F\u00fcr alle, die t\u00e4gliche Herausforderungen gro\u00dfherzig sowie ohne Angst oder Z\u00f6gern annehmen. F\u00fcr jene, die mit Intensit\u00e4t leben, stets f\u00fcr neue Abenteuer und Eindr\u00fccke bereit sind und Tag f\u00fcr Tag wertvolle Verb\u00fcndete an ihrer Seite ben\u00f6tigen.-SCRIGNOEin Geschenk im Geschenk. Eine Metallbox, ein Klassiker im Retro-Stil, mit der Reinheit der Formen und dem minimalen Design von OWAY \u00fcberarbeitet.&nbsp; Ein praktischer und vielseitiger Beh\u00e4lter, der f\u00fcr Alltagsgegenst\u00e4nde oder wertvolle Dinge verwendet werden kann, um das, was normalerweise zu Hause herumliegt - etwa Fotos oder liebevolle Erinnerungen - organisiert aufzubewahren. Schwarz satiniert passt sich SCRIGNO mit Raffiniertheit und Diskretion jeder Umgebung an. Aus 100 % Metall kann dieser Gegenstand unendlich oft wiederverwendet sowie recycelt werden. 21,5 x 23 x 8 cm\",\"breadcrumb\":{\"@id\":\"https:\\\/\\\/christina-peter.de\\\/shop\\\/product\\\/oway-special-gift-set-gli-intrepidi\\\/#breadcrumb\"},\"inLanguage\":\"de\",\"potentialAction\":[{\"@type\":\"ReadAction\",\"target\":[\"https:\\\/\\\/christina-peter.de\\\/shop\\\/product\\\/oway-special-gift-set-gli-intrepidi\\\/\"]}]},{\"@type\":\"ImageObject\",\"inLanguage\":\"de\",\"@id\":\"https:\\\/\\\/christina-peter.de\\\/shop\\\/product\\\/oway-special-gift-set-gli-intrepidi\\\/#primaryimage\",\"url\":\"https:\\\/\\\/christina-peter.de\\\/shop\\\/wp-content\\\/uploads\\\/2019\\\/07\\\/intrepidi-interno.jpg\",\"contentUrl\":\"https:\\\/\\\/christina-peter.de\\\/shop\\\/wp-content\\\/uploads\\\/2019\\\/07\\\/intrepidi-interno.jpg\",\"width\":1600,\"height\":1560,\"caption\":\"oway agricolor haarfarbe kaufen\"},{\"@type\":\"BreadcrumbList\",\"@id\":\"https:\\\/\\\/christina-peter.de\\\/shop\\\/product\\\/oway-special-gift-set-gli-intrepidi\\\/#breadcrumb\",\"itemListElement\":[{\"@type\":\"ListItem\",\"position\":1,\"name\":\"Startseite\",\"item\":\"https:\\\/\\\/christina-peter.de\\\/shop\\\/\"},{\"@type\":\"ListItem\",\"position\":2,\"name\":\"Home\",\"item\":\"https:\\\/\\\/christina-peter.de\\\/shop\\\/\"},{\"@type\":\"ListItem\",\"position\":3,\"name\":\"OWAY Special Gift Set Gli Intrepidi\"}]},{\"@type\":\"WebSite\",\"@id\":\"https:\\\/\\\/christina-peter.de\\\/shop\\\/#website\",\"url\":\"https:\\\/\\\/christina-peter.de\\\/shop\\\/\",\"name\":\"Oway Produkte online kaufen - pflanzliche, biologische &amp; nachhaltige Haarpflegeprodukte\",\"description\":\"Bei uns finden sie alles rund ums gesunde Haar. Wir vertreiben ausschlie\u00dflich pflanzliche, biologische &amp; nachhaltige Haarpflegeprodukte von Oway.\",\"potentialAction\":[{\"@type\":\"SearchAction\",\"target\":{\"@type\":\"EntryPoint\",\"urlTemplate\":\"https:\\\/\\\/christina-peter.de\\\/shop\\\/?s={search_term_string}\"},\"query-input\":{\"@type\":\"PropertyValueSpecification\",\"valueRequired\":true,\"valueName\":\"search_term_string\"}}],\"inLanguage\":\"de\"}]}<\/script>\n<!-- \/ Yoast SEO plugin. -->","yoast_head_json":{"title":"OWAY Special Gift Set Gli Intrepidi","description":"Das Scrigno:\u00a0Softening Shave Cream 100 ml\u00a0+\u00a0Repairing Aftershave Balm 50 ml.  Rasierprodukte speziell f\u00fcr Mutige, f\u00fcr Freche. F\u00fcr alle, die t\u00e4gliche Herausforderungen gro\u00dfherzig sowie ohne Angst oder Z\u00f6gern annehmen. F\u00fcr jene, die mit Intensit\u00e4t leben, stets f\u00fcr neue Abenteuer und Eindr\u00fccke bereit sind und Tag f\u00fcr Tag wertvolle Verb\u00fcndete an ihrer Seite ben\u00f6tigen.-SCRIGNOEin Geschenk im Geschenk. Eine Metallbox, ein Klassiker im Retro-Stil, mit der Reinheit der Formen und dem minimalen Design von OWAY \u00fcberarbeitet.&nbsp;  Ein praktischer und vielseitiger Beh\u00e4lter, der f\u00fcr Alltagsgegenst\u00e4nde oder wertvolle Dinge verwendet werden kann, um das, was normalerweise zu Hause herumliegt - etwa Fotos oder liebevolle Erinnerungen - organisiert aufzubewahren.  Schwarz satiniert passt sich SCRIGNO mit Raffiniertheit und Diskretion jeder Umgebung an. Aus 100 % Metall kann dieser Gegenstand unendlich oft wiederverwendet sowie recycelt werden.  21,5 x 23 x 8 cm","robots":{"index":"index","follow":"follow","max-snippet":"max-snippet:-1","max-image-preview":"max-image-preview:large","max-video-preview":"max-video-preview:-1"},"canonical":"https:\/\/christina-peter.de\/shop\/product\/oway-special-gift-set-gli-intrepidi\/","og_locale":"de_DE","og_type":"article","og_title":"OWAY Special Gift Set Gli Intrepidi","og_description":"Das Scrigno:\u00a0Softening Shave Cream 100 ml\u00a0+\u00a0Repairing Aftershave Balm 50 ml.  Rasierprodukte speziell f\u00fcr Mutige, f\u00fcr Freche. F\u00fcr alle, die t\u00e4gliche Herausforderungen gro\u00dfherzig sowie ohne Angst oder Z\u00f6gern annehmen. F\u00fcr jene, die mit Intensit\u00e4t leben, stets f\u00fcr neue Abenteuer und Eindr\u00fccke bereit sind und Tag f\u00fcr Tag wertvolle Verb\u00fcndete an ihrer Seite ben\u00f6tigen.-SCRIGNOEin Geschenk im Geschenk. Eine Metallbox, ein Klassiker im Retro-Stil, mit der Reinheit der Formen und dem minimalen Design von OWAY \u00fcberarbeitet.&nbsp;  Ein praktischer und vielseitiger Beh\u00e4lter, der f\u00fcr Alltagsgegenst\u00e4nde oder wertvolle Dinge verwendet werden kann, um das, was normalerweise zu Hause herumliegt - etwa Fotos oder liebevolle Erinnerungen - organisiert aufzubewahren.  Schwarz satiniert passt sich SCRIGNO mit Raffiniertheit und Diskretion jeder Umgebung an. Aus 100 % Metall kann dieser Gegenstand unendlich oft wiederverwendet sowie recycelt werden.  21,5 x 23 x 8 cm","og_url":"https:\/\/christina-peter.de\/shop\/product\/oway-special-gift-set-gli-intrepidi\/","og_site_name":"Oway Produkte online kaufen - pflanzliche, biologische &amp; nachhaltige Haarpflegeprodukte","article_modified_time":"2024-11-13T12:03:10+00:00","og_image":[{"width":1600,"height":1560,"url":"https:\/\/christina-peter.de\/shop\/wp-content\/uploads\/2019\/07\/intrepidi-interno.jpg","type":"image\/jpeg"}],"twitter_card":"summary_large_image","twitter_misc":{"Gesch\u00e4tzte Lesezeit":"2\u00a0Minuten"},"schema":{"@context":"https:\/\/schema.org","@graph":[{"@type":"WebPage","@id":"https:\/\/christina-peter.de\/shop\/product\/oway-special-gift-set-gli-intrepidi\/","url":"https:\/\/christina-peter.de\/shop\/product\/oway-special-gift-set-gli-intrepidi\/","name":"OWAY Special Gift Set Gli Intrepidi","isPartOf":{"@id":"https:\/\/christina-peter.de\/shop\/#website"},"primaryImageOfPage":{"@id":"https:\/\/christina-peter.de\/shop\/product\/oway-special-gift-set-gli-intrepidi\/#primaryimage"},"image":{"@id":"https:\/\/christina-peter.de\/shop\/product\/oway-special-gift-set-gli-intrepidi\/#primaryimage"},"thumbnailUrl":"https:\/\/christina-peter.de\/shop\/wp-content\/uploads\/2019\/07\/intrepidi-interno.jpg","datePublished":"2019-07-31T13:19:53+00:00","dateModified":"2024-11-13T12:03:10+00:00","description":"Das Scrigno:\u00a0Softening Shave Cream 100 ml\u00a0+\u00a0Repairing Aftershave Balm 50 ml. Rasierprodukte speziell f\u00fcr Mutige, f\u00fcr Freche. F\u00fcr alle, die t\u00e4gliche Herausforderungen gro\u00dfherzig sowie ohne Angst oder Z\u00f6gern annehmen. F\u00fcr jene, die mit Intensit\u00e4t leben, stets f\u00fcr neue Abenteuer und Eindr\u00fccke bereit sind und Tag f\u00fcr Tag wertvolle Verb\u00fcndete an ihrer Seite ben\u00f6tigen.-SCRIGNOEin Geschenk im Geschenk. Eine Metallbox, ein Klassiker im Retro-Stil, mit der Reinheit der Formen und dem minimalen Design von OWAY \u00fcberarbeitet.&nbsp; Ein praktischer und vielseitiger Beh\u00e4lter, der f\u00fcr Alltagsgegenst\u00e4nde oder wertvolle Dinge verwendet werden kann, um das, was normalerweise zu Hause herumliegt - etwa Fotos oder liebevolle Erinnerungen - organisiert aufzubewahren. Schwarz satiniert passt sich SCRIGNO mit Raffiniertheit und Diskretion jeder Umgebung an. Aus 100 % Metall kann dieser Gegenstand unendlich oft wiederverwendet sowie recycelt werden. 21,5 x 23 x 8 cm","breadcrumb":{"@id":"https:\/\/christina-peter.de\/shop\/product\/oway-special-gift-set-gli-intrepidi\/#breadcrumb"},"inLanguage":"de","potentialAction":[{"@type":"ReadAction","target":["https:\/\/christina-peter.de\/shop\/product\/oway-special-gift-set-gli-intrepidi\/"]}]},{"@type":"ImageObject","inLanguage":"de","@id":"https:\/\/christina-peter.de\/shop\/product\/oway-special-gift-set-gli-intrepidi\/#primaryimage","url":"https:\/\/christina-peter.de\/shop\/wp-content\/uploads\/2019\/07\/intrepidi-interno.jpg","contentUrl":"https:\/\/christina-peter.de\/shop\/wp-content\/uploads\/2019\/07\/intrepidi-interno.jpg","width":1600,"height":1560,"caption":"oway agricolor haarfarbe kaufen"},{"@type":"BreadcrumbList","@id":"https:\/\/christina-peter.de\/shop\/product\/oway-special-gift-set-gli-intrepidi\/#breadcrumb","itemListElement":[{"@type":"ListItem","position":1,"name":"Startseite","item":"https:\/\/christina-peter.de\/shop\/"},{"@type":"ListItem","position":2,"name":"Home","item":"https:\/\/christina-peter.de\/shop\/"},{"@type":"ListItem","position":3,"name":"OWAY Special Gift Set Gli Intrepidi"}]},{"@type":"WebSite","@id":"https:\/\/christina-peter.de\/shop\/#website","url":"https:\/\/christina-peter.de\/shop\/","name":"Oway Produkte online kaufen - pflanzliche, biologische &amp; nachhaltige Haarpflegeprodukte","description":"Bei uns finden sie alles rund ums gesunde Haar. Wir vertreiben ausschlie\u00dflich pflanzliche, biologische &amp; nachhaltige Haarpflegeprodukte von Oway.","potentialAction":[{"@type":"SearchAction","target":{"@type":"EntryPoint","urlTemplate":"https:\/\/christina-peter.de\/shop\/?s={search_term_string}"},"query-input":{"@type":"PropertyValueSpecification","valueRequired":true,"valueName":"search_term_string"}}],"inLanguage":"de"}]}},"_links":{"self":[{"href":"https:\/\/christina-peter.de\/shop\/wp-json\/wp\/v2\/product\/1738","targetHints":{"allow":["GET"]}}],"collection":[{"href":"https:\/\/christina-peter.de\/shop\/wp-json\/wp\/v2\/product"}],"about":[{"href":"https:\/\/christina-peter.de\/shop\/wp-json\/wp\/v2\/types\/product"}],"wp:featuredmedia":[{"embeddable":true,"href":"https:\/\/christina-peter.de\/shop\/wp-json\/wp\/v2\/media\/1740"}],"wp:attachment":[{"href":"https:\/\/christina-peter.de\/shop\/wp-json\/wp\/v2\/media?parent=1738"}],"wp:term":[{"taxonomy":"product_brand","embeddable":true,"href":"https:\/\/christina-peter.de\/shop\/wp-json\/wp\/v2\/product_brand?post=1738"},{"taxonomy":"product_cat","embeddable":true,"href":"https:\/\/christina-peter.de\/shop\/wp-json\/wp\/v2\/product_cat?post=1738"},{"taxonomy":"product_tag","embeddable":true,"href":"https:\/\/christina-peter.de\/shop\/wp-json\/wp\/v2\/product_tag?post=1738"}],"curies":[{"name":"wp","href":"https:\/\/api.w.org\/{rel}","templated":true}]}}