{"id":1637,"date":"2019-07-30T14:50:27","date_gmt":"2019-07-30T12:50:27","guid":{"rendered":"https:\/\/christina-peter.de\/shop\/?post_type=product&#038;p=1637"},"modified":"2022-08-30T14:41:54","modified_gmt":"2022-08-30T12:41:54","slug":"oway-lifestyle-life-dedica","status":"publish","type":"product","link":"https:\/\/christina-peter.de\/shop\/product\/oway-lifestyle-life-dedica\/","title":{"rendered":"OWAY Lifestyle Life Dedica"},"content":{"rendered":"<div>\n<h4>life<\/h4>\n<p>ENTSPANNEN SIE SICH UND GENIESSEN SIE DIE PERFEKTE ATMOSPH\u00c4RE.<\/p>\n<\/div>\n<div>\n<div>\n<section>Entspannen Sie sich und genie\u00dfen Sie die perfekte Geschmacks-Atmosph\u00e4re.\u00a0Erh\u00f6hen Sie Ihr eigenes Wohlbefinden und auch das Wohlbefinden all jener Personen, die Sie umgeben.Entscheiden Sie sich f\u00fcr Holz und Glas, um entspannende Tees zu genie\u00dfen oder Ihr Haar zu behandeln.<\/section>\n<\/div>\n<\/div>\n","protected":false},"excerpt":{"rendered":"<p>100 % pflanzliche Duftkerze aus Sojawachs mit \u00e4therischen \u00d6len und Docht aus reiner Baumwolle.<\/p>\n<section class=\"htmlcontent abstract\">DEDICA besteht zur G\u00e4nze aus\u00a0<b>pflanzlichen Rohstoffen<\/b>: Grundlage aus\u00a0<b>Sojawachs<\/b>, Duft ausschlie\u00dflich aus\u00a0<b>\u00e4therischen \u00d6len<\/b>\u00a0und\u00a0<b>Docht aus\u00a0<\/b>reinster<b>\u00a0Baumwolle<\/b>.Der Schmelzpunkt ist niedrig, daher wird die Kerze nicht hei\u00df. Sie ver\u00e4ndert sich durch W\u00e4rmeeinwirkung nicht und setzt keine giftigen Substanzen in der Luft frei.Die spritzigen Noten von Zitrusfr\u00fcchten spielen mit der Harmonie lieblicher Blumen und lassen einen nat\u00fcrlichen Duft entstehen, der R\u00e4ume mit Raffiniertheit und W\u00e4rme erf\u00fcllt.<\/section>\n","protected":false},"featured_media":1639,"template":"","meta":{"_uf_show_specific_survey":0,"_uf_disable_surveys":false},"product_brand":[],"product_cat":[84],"product_tag":[],"class_list":{"0":"post-1637","1":"product","2":"type-product","3":"status-publish","4":"has-post-thumbnail","6":"product_cat-lifestyle","7":"pa_groesse-50gr","9":"first","10":"instock","11":"taxable","12":"shipping-taxable","13":"purchasable","14":"product-type-variable"},"yoast_head":"<!-- This site is optimized with the Yoast SEO plugin v27.5 - https:\/\/yoast.com\/product\/yoast-seo-wordpress\/ -->\n<title>OWAY Lifestyle Life Dedica - OWay Shop<\/title>\n<meta name=\"description\" content=\"OWAY Lifestyle Life Dedica ist eine 100% pflanzliche Duftkerze aus Sojawachs mit \u00e4therischen \u00d6len und Docht aus Baumwolle. OWay Dedica jetzt kaufen!\" \/>\n<meta name=\"robots\" content=\"index, follow, max-snippet:-1, max-image-preview:large, max-video-preview:-1\" \/>\n<link rel=\"canonical\" href=\"https:\/\/christina-peter.de\/shop\/product\/oway-lifestyle-life-dedica\/\" \/>\n<meta property=\"og:locale\" content=\"de_DE\" \/>\n<meta property=\"og:type\" content=\"article\" \/>\n<meta property=\"og:title\" content=\"OWAY Lifestyle Life Dedica - OWay Shop\" \/>\n<meta property=\"og:description\" content=\"OWAY Lifestyle Life Dedica ist eine 100% pflanzliche Duftkerze aus Sojawachs mit \u00e4therischen \u00d6len und Docht aus Baumwolle. OWay Dedica jetzt kaufen!\" \/>\n<meta property=\"og:url\" content=\"https:\/\/christina-peter.de\/shop\/product\/oway-lifestyle-life-dedica\/\" \/>\n<meta property=\"og:site_name\" content=\"Oway Produkte online kaufen - pflanzliche, biologische &amp; nachhaltige Haarpflegeprodukte\" \/>\n<meta property=\"article:modified_time\" content=\"2022-08-30T12:41:54+00:00\" \/>\n<meta property=\"og:image\" content=\"https:\/\/christina-peter.de\/shop\/wp-content\/uploads\/2019\/07\/dedica_fronte.jpg\" \/>\n\t<meta property=\"og:image:width\" content=\"1600\" \/>\n\t<meta property=\"og:image:height\" content=\"1560\" \/>\n\t<meta property=\"og:image:type\" content=\"image\/jpeg\" \/>\n<meta name=\"twitter:card\" content=\"summary_large_image\" \/>\n<meta name=\"twitter:label1\" content=\"Gesch\u00e4tzte Lesezeit\" \/>\n\t<meta name=\"twitter:data1\" content=\"1\u00a0Minute\" \/>\n<script type=\"application\/ld+json\" class=\"yoast-schema-graph\">{\"@context\":\"https:\\\/\\\/schema.org\",\"@graph\":[{\"@type\":\"WebPage\",\"@id\":\"https:\\\/\\\/christina-peter.de\\\/shop\\\/product\\\/oway-lifestyle-life-dedica\\\/\",\"url\":\"https:\\\/\\\/christina-peter.de\\\/shop\\\/product\\\/oway-lifestyle-life-dedica\\\/\",\"name\":\"OWAY Lifestyle Life Dedica - OWay Shop\",\"isPartOf\":{\"@id\":\"https:\\\/\\\/christina-peter.de\\\/shop\\\/#website\"},\"primaryImageOfPage\":{\"@id\":\"https:\\\/\\\/christina-peter.de\\\/shop\\\/product\\\/oway-lifestyle-life-dedica\\\/#primaryimage\"},\"image\":{\"@id\":\"https:\\\/\\\/christina-peter.de\\\/shop\\\/product\\\/oway-lifestyle-life-dedica\\\/#primaryimage\"},\"thumbnailUrl\":\"https:\\\/\\\/christina-peter.de\\\/shop\\\/wp-content\\\/uploads\\\/2019\\\/07\\\/dedica_fronte.jpg\",\"datePublished\":\"2019-07-30T12:50:27+00:00\",\"dateModified\":\"2022-08-30T12:41:54+00:00\",\"description\":\"OWAY Lifestyle Life Dedica ist eine 100% pflanzliche Duftkerze aus Sojawachs mit \u00e4therischen \u00d6len und Docht aus Baumwolle. OWay Dedica jetzt kaufen!\",\"breadcrumb\":{\"@id\":\"https:\\\/\\\/christina-peter.de\\\/shop\\\/product\\\/oway-lifestyle-life-dedica\\\/#breadcrumb\"},\"inLanguage\":\"de\",\"potentialAction\":[{\"@type\":\"ReadAction\",\"target\":[\"https:\\\/\\\/christina-peter.de\\\/shop\\\/product\\\/oway-lifestyle-life-dedica\\\/\"]}]},{\"@type\":\"ImageObject\",\"inLanguage\":\"de\",\"@id\":\"https:\\\/\\\/christina-peter.de\\\/shop\\\/product\\\/oway-lifestyle-life-dedica\\\/#primaryimage\",\"url\":\"https:\\\/\\\/christina-peter.de\\\/shop\\\/wp-content\\\/uploads\\\/2019\\\/07\\\/dedica_fronte.jpg\",\"contentUrl\":\"https:\\\/\\\/christina-peter.de\\\/shop\\\/wp-content\\\/uploads\\\/2019\\\/07\\\/dedica_fronte.jpg\",\"width\":1600,\"height\":1560},{\"@type\":\"BreadcrumbList\",\"@id\":\"https:\\\/\\\/christina-peter.de\\\/shop\\\/product\\\/oway-lifestyle-life-dedica\\\/#breadcrumb\",\"itemListElement\":[{\"@type\":\"ListItem\",\"position\":1,\"name\":\"Startseite\",\"item\":\"https:\\\/\\\/christina-peter.de\\\/shop\\\/\"},{\"@type\":\"ListItem\",\"position\":2,\"name\":\"Home\",\"item\":\"https:\\\/\\\/christina-peter.de\\\/shop\\\/\"},{\"@type\":\"ListItem\",\"position\":3,\"name\":\"OWAY Lifestyle Life Dedica\"}]},{\"@type\":\"WebSite\",\"@id\":\"https:\\\/\\\/christina-peter.de\\\/shop\\\/#website\",\"url\":\"https:\\\/\\\/christina-peter.de\\\/shop\\\/\",\"name\":\"Oway Produkte online kaufen - pflanzliche, biologische &amp; nachhaltige Haarpflegeprodukte\",\"description\":\"Bei uns finden sie alles rund ums gesunde Haar. Wir vertreiben ausschlie\u00dflich pflanzliche, biologische &amp; nachhaltige Haarpflegeprodukte von Oway.\",\"potentialAction\":[{\"@type\":\"SearchAction\",\"target\":{\"@type\":\"EntryPoint\",\"urlTemplate\":\"https:\\\/\\\/christina-peter.de\\\/shop\\\/?s={search_term_string}\"},\"query-input\":{\"@type\":\"PropertyValueSpecification\",\"valueRequired\":true,\"valueName\":\"search_term_string\"}}],\"inLanguage\":\"de\"}]}<\/script>\n<!-- \/ Yoast SEO plugin. -->","yoast_head_json":{"title":"OWAY Lifestyle Life Dedica - OWay Shop","description":"OWAY Lifestyle Life Dedica ist eine 100% pflanzliche Duftkerze aus Sojawachs mit \u00e4therischen \u00d6len und Docht aus Baumwolle. OWay Dedica jetzt kaufen!","robots":{"index":"index","follow":"follow","max-snippet":"max-snippet:-1","max-image-preview":"max-image-preview:large","max-video-preview":"max-video-preview:-1"},"canonical":"https:\/\/christina-peter.de\/shop\/product\/oway-lifestyle-life-dedica\/","og_locale":"de_DE","og_type":"article","og_title":"OWAY Lifestyle Life Dedica - OWay Shop","og_description":"OWAY Lifestyle Life Dedica ist eine 100% pflanzliche Duftkerze aus Sojawachs mit \u00e4therischen \u00d6len und Docht aus Baumwolle. OWay Dedica jetzt kaufen!","og_url":"https:\/\/christina-peter.de\/shop\/product\/oway-lifestyle-life-dedica\/","og_site_name":"Oway Produkte online kaufen - pflanzliche, biologische &amp; nachhaltige Haarpflegeprodukte","article_modified_time":"2022-08-30T12:41:54+00:00","og_image":[{"width":1600,"height":1560,"url":"https:\/\/christina-peter.de\/shop\/wp-content\/uploads\/2019\/07\/dedica_fronte.jpg","type":"image\/jpeg"}],"twitter_card":"summary_large_image","twitter_misc":{"Gesch\u00e4tzte Lesezeit":"1\u00a0Minute"},"schema":{"@context":"https:\/\/schema.org","@graph":[{"@type":"WebPage","@id":"https:\/\/christina-peter.de\/shop\/product\/oway-lifestyle-life-dedica\/","url":"https:\/\/christina-peter.de\/shop\/product\/oway-lifestyle-life-dedica\/","name":"OWAY Lifestyle Life Dedica - OWay Shop","isPartOf":{"@id":"https:\/\/christina-peter.de\/shop\/#website"},"primaryImageOfPage":{"@id":"https:\/\/christina-peter.de\/shop\/product\/oway-lifestyle-life-dedica\/#primaryimage"},"image":{"@id":"https:\/\/christina-peter.de\/shop\/product\/oway-lifestyle-life-dedica\/#primaryimage"},"thumbnailUrl":"https:\/\/christina-peter.de\/shop\/wp-content\/uploads\/2019\/07\/dedica_fronte.jpg","datePublished":"2019-07-30T12:50:27+00:00","dateModified":"2022-08-30T12:41:54+00:00","description":"OWAY Lifestyle Life Dedica ist eine 100% pflanzliche Duftkerze aus Sojawachs mit \u00e4therischen \u00d6len und Docht aus Baumwolle. OWay Dedica jetzt kaufen!","breadcrumb":{"@id":"https:\/\/christina-peter.de\/shop\/product\/oway-lifestyle-life-dedica\/#breadcrumb"},"inLanguage":"de","potentialAction":[{"@type":"ReadAction","target":["https:\/\/christina-peter.de\/shop\/product\/oway-lifestyle-life-dedica\/"]}]},{"@type":"ImageObject","inLanguage":"de","@id":"https:\/\/christina-peter.de\/shop\/product\/oway-lifestyle-life-dedica\/#primaryimage","url":"https:\/\/christina-peter.de\/shop\/wp-content\/uploads\/2019\/07\/dedica_fronte.jpg","contentUrl":"https:\/\/christina-peter.de\/shop\/wp-content\/uploads\/2019\/07\/dedica_fronte.jpg","width":1600,"height":1560},{"@type":"BreadcrumbList","@id":"https:\/\/christina-peter.de\/shop\/product\/oway-lifestyle-life-dedica\/#breadcrumb","itemListElement":[{"@type":"ListItem","position":1,"name":"Startseite","item":"https:\/\/christina-peter.de\/shop\/"},{"@type":"ListItem","position":2,"name":"Home","item":"https:\/\/christina-peter.de\/shop\/"},{"@type":"ListItem","position":3,"name":"OWAY Lifestyle Life Dedica"}]},{"@type":"WebSite","@id":"https:\/\/christina-peter.de\/shop\/#website","url":"https:\/\/christina-peter.de\/shop\/","name":"Oway Produkte online kaufen - pflanzliche, biologische &amp; nachhaltige Haarpflegeprodukte","description":"Bei uns finden sie alles rund ums gesunde Haar. Wir vertreiben ausschlie\u00dflich pflanzliche, biologische &amp; nachhaltige Haarpflegeprodukte von Oway.","potentialAction":[{"@type":"SearchAction","target":{"@type":"EntryPoint","urlTemplate":"https:\/\/christina-peter.de\/shop\/?s={search_term_string}"},"query-input":{"@type":"PropertyValueSpecification","valueRequired":true,"valueName":"search_term_string"}}],"inLanguage":"de"}]}},"_links":{"self":[{"href":"https:\/\/christina-peter.de\/shop\/wp-json\/wp\/v2\/product\/1637","targetHints":{"allow":["GET"]}}],"collection":[{"href":"https:\/\/christina-peter.de\/shop\/wp-json\/wp\/v2\/product"}],"about":[{"href":"https:\/\/christina-peter.de\/shop\/wp-json\/wp\/v2\/types\/product"}],"wp:featuredmedia":[{"embeddable":true,"href":"https:\/\/christina-peter.de\/shop\/wp-json\/wp\/v2\/media\/1639"}],"wp:attachment":[{"href":"https:\/\/christina-peter.de\/shop\/wp-json\/wp\/v2\/media?parent=1637"}],"wp:term":[{"taxonomy":"product_brand","embeddable":true,"href":"https:\/\/christina-peter.de\/shop\/wp-json\/wp\/v2\/product_brand?post=1637"},{"taxonomy":"product_cat","embeddable":true,"href":"https:\/\/christina-peter.de\/shop\/wp-json\/wp\/v2\/product_cat?post=1637"},{"taxonomy":"product_tag","embeddable":true,"href":"https:\/\/christina-peter.de\/shop\/wp-json\/wp\/v2\/product_tag?post=1637"}],"curies":[{"name":"wp","href":"https:\/\/api.w.org\/{rel}","templated":true}]}}