{"id":1631,"date":"2019-07-30T14:39:18","date_gmt":"2019-07-30T12:39:18","guid":{"rendered":"https:\/\/christina-peter.de\/shop\/?post_type=product&#038;p=1631"},"modified":"2024-01-08T12:16:09","modified_gmt":"2024-01-08T11:16:09","slug":"oway-lifestyle-parfum-own-way","status":"publish","type":"product","link":"https:\/\/christina-peter.de\/shop\/product\/oway-lifestyle-parfum-own-way\/","title":{"rendered":"OWAY Lifestyle Parfum OWN WAY"},"content":{"rendered":"<p>OWN WAY<br \/>\nEAU DE PARFUM 100 % PFLANZLICHEN URSPRUNGS ORGANIC WAY.<\/p>\n<p>Eau de Parfum 100 % pflanzlichen Ursprungs. In einer Welt, in der fast alle D\u00fcfte synthetisch hergestellt werden, entscheiden wir uns f\u00fcr die unnachahmbare Qualit\u00e4t nat\u00fcrlicher Inhaltsstoffe. Zur G\u00e4nze aus nat\u00fcrlichen Inhaltsstoffen aus Pflanzen, Fr\u00fcchten, Bl\u00fcten, Holz und in der unmittelbaren Umgebung unseres Landgutes biodynamisch angebauten Kr\u00e4utern zusammengesetzt.<\/p>\n<p>Nicht nur ein Duft, sondern eine Erz\u00e4hlung. Eine Erfahrung, die die Kraft der Erde und die Leuchtdichte der Sonne enth\u00e4lt. Eine einzigartige Verschmelzung von Frische und Tiefe. Eine \u00fcberraschende Mischung aus Eleganz und Einfachheit.<\/p>\n<p>INCIPIT: Der Ursprung ist zur G\u00e4nze im Mittelmeerraum verborgen und befindet sich irgendwo zwischen der Leuchtdichte der Sizilianischen Orange, dem ambra\u00e4hnlichen Duft von Salbei und der Frische der Myrthe.<\/p>\n<p>TRAMA: Eine Verflechtung, die von den Urspr\u00fcngen von OW berichtet und die Frische von balsam\u00e4hnlichen und leicht blumigen Pflanzen wie Lavendel, Thymian und Rosmarin erfrischt, die in Ortofficina nach dem \u201eNull-Kilometer\u201c-Kriterium mit einer biodynamischen Methode angebaut wurden.<\/p>\n<p>FINALE: Ein langer, eleganter, kraftvoller Abgang, der das harzige Aroma der Zistrose und die Kraft von Zedernholz, verst\u00e4rkt, belebt durch Rosa Pfeffer und gebettet auf eine Gourmet-Note der Vanille.<\/p>\n<p>OWN WAY ist 100 % pflanzlich und enth\u00e4lt die aromatherapeutischen und heilenden Eigenschaften jener Pflanzen, aus denen die exklusive Mischung besteht. Alle \u00e4therischen \u00d6le, Harze und botanischen Wirkstoffe enthalten den einzigartigen Fingerabdruck der Pflanze, der sie entstammen, ihre angeborene, starke F\u00e4higkeit, auf unsere Gef\u00fchle einzuwirken.<\/p>\n<p>Beutel mit minimal-Design, umweltfreundlich und haltbar, nach dem \u201enull-Kilometer\u201c- Kriterium entworfen und gefertigt. Mit den Beuteln von Own Way 100 ml und 10 ml bilden wir den Ausgangspunkt f\u00fcr eine virtuose Umweltkette. Unser Ausgangsmaterial ist dabei ein Stoff, der aus Holz gewonnen wird. Nat\u00fcrlich und zu 100 % recycelt. Wir stellen unsere Verpackungen her, ohne dabei eine Wegstrecke zur\u00fccklegen zu m\u00fcssen. Die Produktion erfolgt in unserer Tischlerei Artigiano. Die Beutel k\u00f6nnen als Beh\u00e4lter wiederverwendet werden, wodurch ihre Lebensdauer unendlich lang wird.<\/p>\n","protected":false},"excerpt":{"rendered":"<p><span style=\"color: #000000;\">Eau de Parfum 100 % pflanzlichen Ursprungs.<\/span><br \/>\n<span style=\"color: #000000;\"><strong>Zur G\u00e4nze aus nat\u00fcrlichen Inhaltsstoffen aus pflanzen, Fr\u00fcchten, Bl\u00fcten, Holz<\/strong> und in der unmittelbaren Umgebung unseres Landgutes biodynamisch angebauten Kr\u00e4utern zusammengesetzt <strong>Ortofficina<\/strong>.<\/span><br \/>\n<span style=\"color: #000000;\">Minimalistisches Design<strong>, umweltfreundlich und haltbar, nach dem\u201enull -kilometer\u201c<\/strong>&#8211; Kriterium entworfen und gefertigt.<\/span><\/p>\n<p><span style=\"color: #000000;\">[vc_column][vc_accordion collapsible=&#8220;yes&#8220;][vc_accordion_tab title=&#8220;Vorteile&#8220;][vc_column_text]<\/span><\/p>\n<article class=\"panel panel-default\">\n<div id=\"acco-Benefici\" class=\"panel-collapse collapse in\">\n<div class=\"panel-body htmlcontent\">\n<article class=\"panel panel-default\">\n<div id=\"acco-IstruzioniUso\" class=\"panel-collapse collapse in\">\n<div class=\"panel-body htmlcontent\">\n<article class=\"panel panel-default\">\n<div id=\"acco-Benefici\" class=\"panel-collapse collapse in\">\n<div class=\"panel-body htmlcontent\">\n<article class=\"panel panel-default\">\n<div id=\"acco-Benefici\" class=\"panel-collapse collapse in\">\n<div class=\"panel-body htmlcontent\">\n<article class=\"panel panel-default\">\n<div id=\"acco-Benefici\" class=\"panel-collapse collapse in\">\n<div class=\"panel-body htmlcontent\">\n<article class=\"panel panel-default\">\n<div id=\"acco-Benefici\" class=\"panel-collapse collapse in\">\n<div class=\"panel-body htmlcontent\">\n<article class=\"panel panel-default\">\n<div id=\"acco-Benefici\" class=\"panel-collapse collapse in\">\n<div class=\"panel-body htmlcontent\">\n<article class=\"panel panel-default\">\n<div id=\"acco-Benefici\" class=\"panel-collapse collapse in\">\n<div class=\"panel-body htmlcontent\">\n<article class=\"panel panel-default\">\n<div id=\"acco-Benefici\" class=\"panel-collapse collapse in\">\n<div class=\"panel-body htmlcontent\">\n<div class=\"page\" title=\"Page 4\">\n<div class=\"layoutArea\">\n<div class=\"column\">\n<p><span style=\"color: #000000;\">OWN WAY ist 100 % pflanzlich und enth\u00e4lt die aromatherapeutischen und heilenden Eigenschaften jener Pflanzen, aus denen die exklusive Mischung besteht. Alle \u00e4therischen \u00d6le, Harze und botanischen Wirkstoffe enthalten den einzigartigen Fingerabdruck der Pflanze, der sie entstammen, ihre angeborene, starke F\u00e4higkeit, auf unsere Gef\u00fchle einzuwirken.<\/span><\/p>\n<\/div>\n<\/div>\n<\/div>\n<\/div>\n<\/div>\n<\/article>\n<\/div>\n<\/div>\n<\/article>\n<\/div>\n<\/div>\n<\/article>\n<\/div>\n<\/div>\n<\/article>\n<\/div>\n<\/div>\n<\/article>\n<\/div>\n<\/div>\n<\/article>\n<\/div>\n<\/div>\n<\/article>\n<\/div>\n<\/div>\n<\/article>\n<\/div>\n<\/div>\n<\/article>\n<p><span style=\"color: #000000;\">[\/vc_column_text][\/vc_accordion_tab][vc_accordion_tab title=&#8220;Wirkstoffe&#8220;][vc_column_text]<\/span><\/p>\n<p><span style=\"color: #000000;\"><strong>\u00c4therisches \u00d6l von der Sizilianischen Orange: <\/strong>Hilft dabei, Depressionen und Energieverlust zu bek\u00e4mpfen. Ideal, um Angst zu lindern.<\/span><\/p>\n<div class=\"page\" title=\"Page 4\">\n<div class=\"layoutArea\">\n<div class=\"column\">\n<p><span style=\"color: #000000;\"><strong>\u00c4therisches Salbei\u00f6l: <\/strong>Erm\u00f6glicht das emotionale Losl\u00f6sen von schwierigen, stressigen oder angespannten Situationen, um eine bessere Perspektive zu erlangen.<\/span><\/p>\n<div class=\"page\" title=\"Page 4\">\n<div class=\"layoutArea\">\n<div class=\"column\">\n<p><span style=\"color: #000000;\"><strong>\u00c4therisches Myrten\u00f6l: <\/strong>Sein Duft unterst\u00fctzt die korrekte Atmung, \u00f6ffnet die Brust und wirkt sich positiv auf den gestressten Geist aus.<\/span><\/p>\n<div class=\"page\" title=\"Page 4\">\n<div class=\"layoutArea\">\n<div class=\"column\">\n<p><span style=\"color: #000000;\"><strong>\u00c4therisches Lavendel\u00f6l aus biodynamischer Landwirtschaft: <\/strong>Spendet K\u00f6rper und Geist Ausgewogenheit und Heiterkeit. L\u00f6st physische und mentale Spannungen und hilft dabei, Stress und Schlaflosigkeit zu bek\u00e4mpfen.<\/span><\/p>\n<div class=\"page\" title=\"Page 4\">\n<div class=\"layoutArea\">\n<div class=\"column\">\n<p><span style=\"color: #000000;\"><b>\u00c4therisches Thymian\u00f6l aus biodynamischer Landwirtschaft: <\/b>Starkes Tonikum, spendet den Nerven Kraft und stimuliert die Gehirnfunktionen. Verbessert das Ged\u00e4chtnis und die Konzentration.<\/span><\/p>\n<div class=\"page\" title=\"Page 4\">\n<div class=\"layoutArea\">\n<div class=\"column\">\n<p><span style=\"color: #000000;\"><b>\u00c4therisches Rosmarin\u00f6l aus biodynamischer Landwirtschaft: <\/b>Verbessert das Ged\u00e4chtnis und beugt Schlaflosigkeit und psychisch-physischer Ersch\u00f6pfung vor. Spendet Mut und verleiht St\u00e4rke.<\/span><\/p>\n<div class=\"page\" title=\"Page 4\">\n<div class=\"layoutArea\">\n<div class=\"column\">\n<p><span style=\"color: #000000;\"><strong>\u00c4therisches \u00d6l aus der Zistrose: \u00a0<\/strong>Befreit von emotionalen Abh\u00e4ngigkeiten, die zu Ungleichgewichten f\u00fchren k\u00f6nnen. Spendet Mut, um das Leben zu meistern und Kraft f\u00fcr einen Neubeginn ohne Angst vor Risiken.<\/span><\/p>\n<div class=\"page\" title=\"Page 4\">\n<div class=\"layoutArea\">\n<div class=\"column\">\n<p><span style=\"color: #000000;\"><strong>Zedernholz: <\/strong>Sein warmes, st\u00e4rkendes und angenehmes Aroma ist ideal, um Stress zu bek\u00e4mpfen. Verbessert die innere Kraft, die Gedankenklarheit und die Selbstsicherheit.<\/span><\/p>\n<div class=\"page\" title=\"Page 4\">\n<div class=\"layoutArea\">\n<div class=\"column\">\n<p><span style=\"color: #000000;\"><strong>\u00c4therisches \u00d6l aus rosa Pfeffer: <\/strong>Sein feines und stechendes Aroma wirkt revitalisierend und stimulierend, wodurch M\u00fcdigkeit und Anstrengungen beseitigt werden.<\/span><\/p>\n<p><span style=\"color: #000000;\"><strong>Reine Vanille: <\/strong>Die Vanille Essenz wirkt entspannend und spannungsl\u00f6send. Sie bek\u00e4mpft Schlaflosigkeit und beruhigt bei nerv\u00f6sen Gef\u00fchlszust\u00e4nden.<\/span><\/p>\n<div class=\"page\" title=\"Page 4\">\n<div class=\"layoutArea\">\n<div class=\"column\">\n<p><span style=\"color: #000000;\"><strong>Extrakt aus dem Adlerholzbaum: <\/strong>Ein hochwertiges und duftendes Harz, das sich am Adlerholzbaum bildet, der auch \u201eBaum der G\u00f6tter\u201c genannt wird. Der intensive, leicht s\u00fc\u00dfliche Geruch sorgt f\u00fcr Entspannung und beseitigt Stress und Anspannungen.<\/span><\/p>\n<div class=\"page\" title=\"Page 4\">\n<div class=\"layoutArea\">\n<div class=\"column\">\n<p><span style=\"color: #000000;\"><strong>Alkohol aus Zuckerr\u00fcbe: <\/strong>Anstelle von traditionellem Alkohol, der normalerweise f\u00fcr D\u00fcfte verwendet wird, setzen wir Alkohol aus Zuckerr\u00fcbe ein.<\/span><\/p>\n<\/div>\n<\/div>\n<\/div>\n<\/div>\n<\/div>\n<\/div>\n<\/div>\n<\/div>\n<\/div>\n<\/div>\n<\/div>\n<\/div>\n<\/div>\n<\/div>\n<\/div>\n<\/div>\n<\/div>\n<\/div>\n<\/div>\n<\/div>\n<\/div>\n<\/div>\n<\/div>\n<\/div>\n<\/div>\n<\/div>\n<\/div>\n<\/div>\n<\/div>\n<\/div>\n<p><span style=\"color: #000000;\">[\/vc_column_text][\/vc_accordion_tab][vc_accordion_tab title=&#8220;Enth\u00e4lt nicht&#8220;][vc_column_text]<\/span><\/p>\n<article class=\"panel panel-default\">\n<div id=\"acco-NonContiene\" class=\"panel-collapse collapse in\">\n<div class=\"panel-body htmlcontent\">\n<article class=\"panel panel-default\">\n<div id=\"acco-NonContiene\" class=\"panel-collapse collapse in\">\n<div class=\"panel-body htmlcontent\">\n<article class=\"panel panel-default\">\n<div id=\"acco-NonContiene\" class=\"panel-collapse collapse in\">\n<div class=\"panel-body htmlcontent\">\n<article class=\"panel panel-default\">\n<div id=\"acco-NonContiene\" class=\"panel-collapse collapse in\">\n<div class=\"panel-body htmlcontent\">\n<article class=\"panel panel-default\">\n<div id=\"acco-NonContiene\" class=\"panel-collapse collapse in\">\n<div class=\"panel-body htmlcontent\">\n<article class=\"panel panel-default\">\n<div id=\"acco-NonContiene\" class=\"panel-collapse collapse in\">\n<div class=\"panel-body htmlcontent\">\n<article class=\"panel panel-default\">\n<div id=\"acco-NonContiene\" class=\"panel-collapse collapse in\">\n<div class=\"panel-body htmlcontent\">\n<article class=\"panel panel-default\">\n<div id=\"acco-NonContiene\" class=\"panel-collapse collapse in\">\n<div class=\"panel-body htmlcontent\">\n<article class=\"panel panel-default\">\n<div id=\"acco-NonContiene\" class=\"panel-collapse collapse in\">\n<div class=\"panel-body htmlcontent\">\n<article class=\"panel panel-default\">\n<div id=\"acco-NonContiene\" class=\"panel-collapse collapse in\">\n<div class=\"panel-body htmlcontent\">\n<article class=\"panel panel-default\">\n<div id=\"acco-NonContiene\" class=\"panel-collapse collapse in\">\n<div class=\"panel-body htmlcontent\">\n<article class=\"panel panel-default\">\n<div id=\"acco-NonContiene\" class=\"panel-collapse collapse in\">\n<div class=\"panel-body htmlcontent\">\n<article class=\"panel panel-default\">\n<div id=\"acco-NonContiene\" class=\"panel-collapse collapse in\">\n<div class=\"panel-body htmlcontent\">\n<div class=\"page\" title=\"Page 4\">\n<div class=\"layoutArea\">\n<div class=\"column\">\n<p><span style=\"color: #000000;\">OWN WAY ist 100 % pflanzlich.<\/span><\/p>\n<\/div>\n<\/div>\n<\/div>\n<\/div>\n<\/div>\n<\/article>\n<\/div>\n<\/div>\n<\/article>\n<\/div>\n<\/div>\n<\/article>\n<\/div>\n<\/div>\n<\/article>\n<\/div>\n<\/div>\n<\/article>\n<\/div>\n<\/div>\n<\/article>\n<\/div>\n<\/div>\n<\/article>\n<\/div>\n<\/div>\n<\/article>\n<\/div>\n<\/div>\n<\/article>\n<\/div>\n<\/div>\n<\/article>\n<\/div>\n<\/div>\n<\/article>\n<\/div>\n<\/div>\n<\/article>\n<\/div>\n<\/div>\n<\/article>\n<p><span style=\"color: #000000;\">[\/vc_column_text][\/vc_accordion_tab]<\/span><\/p>\n<p><span style=\"color: #000000;\">[\/vc_accordion][\/vc_column]<\/span><\/p>\n","protected":false},"featured_media":1633,"template":"","meta":{"_uf_show_specific_survey":0,"_uf_disable_surveys":false},"product_brand":[],"product_cat":[84,85],"product_tag":[],"class_list":{"0":"post-1631","1":"product","2":"type-product","3":"status-publish","4":"has-post-thumbnail","6":"product_cat-lifestyle","7":"product_cat-geschenkideen","8":"pa_groesse-100ml","9":"pa_groesse-10ml","11":"first","12":"instock","13":"taxable","14":"shipping-taxable","15":"purchasable","16":"product-type-variable"},"yoast_head":"<!-- This site is optimized with the Yoast SEO plugin v27.5 - https:\/\/yoast.com\/product\/yoast-seo-wordpress\/ -->\n<title>OWAY Lifestyle Parfum OWN WAY - OWay Shop<\/title>\n<meta name=\"description\" content=\"OWAY Parfum OWN WAY Parfum ist 100 % pflanzlichen Ursprungs. Zur G\u00e4nze aus nat\u00fcrlichen Inhaltsstoffen aus Pflanzen, Fr\u00fcchten, Bl\u00fcten, Holz und Kr\u00e4utern.\" \/>\n<meta name=\"robots\" content=\"index, follow, max-snippet:-1, max-image-preview:large, max-video-preview:-1\" \/>\n<link rel=\"canonical\" href=\"https:\/\/christina-peter.de\/shop\/product\/oway-lifestyle-parfum-own-way\/\" \/>\n<meta property=\"og:locale\" content=\"de_DE\" \/>\n<meta property=\"og:type\" content=\"article\" \/>\n<meta property=\"og:title\" content=\"OWAY Lifestyle Parfum OWN WAY - OWay Shop\" \/>\n<meta property=\"og:description\" content=\"OWAY Parfum OWN WAY Parfum ist 100 % pflanzlichen Ursprungs. Zur G\u00e4nze aus nat\u00fcrlichen Inhaltsstoffen aus Pflanzen, Fr\u00fcchten, Bl\u00fcten, Holz und Kr\u00e4utern.\" \/>\n<meta property=\"og:url\" content=\"https:\/\/christina-peter.de\/shop\/product\/oway-lifestyle-parfum-own-way\/\" \/>\n<meta property=\"og:site_name\" content=\"Oway Produkte online kaufen - pflanzliche, biologische &amp; nachhaltige Haarpflegeprodukte\" \/>\n<meta property=\"article:modified_time\" content=\"2024-01-08T11:16:09+00:00\" \/>\n<meta property=\"og:image\" content=\"https:\/\/christina-peter.de\/shop\/wp-content\/uploads\/2019\/07\/100-ml.jpeg\" \/>\n\t<meta property=\"og:image:width\" content=\"1600\" \/>\n\t<meta property=\"og:image:height\" content=\"1559\" \/>\n\t<meta property=\"og:image:type\" content=\"image\/jpeg\" \/>\n<meta name=\"twitter:card\" content=\"summary_large_image\" \/>\n<meta name=\"twitter:label1\" content=\"Gesch\u00e4tzte Lesezeit\" \/>\n\t<meta name=\"twitter:data1\" content=\"2\u00a0Minuten\" \/>\n<script type=\"application\/ld+json\" class=\"yoast-schema-graph\">{\"@context\":\"https:\\\/\\\/schema.org\",\"@graph\":[{\"@type\":\"WebPage\",\"@id\":\"https:\\\/\\\/christina-peter.de\\\/shop\\\/product\\\/oway-lifestyle-parfum-own-way\\\/\",\"url\":\"https:\\\/\\\/christina-peter.de\\\/shop\\\/product\\\/oway-lifestyle-parfum-own-way\\\/\",\"name\":\"OWAY Lifestyle Parfum OWN WAY - OWay Shop\",\"isPartOf\":{\"@id\":\"https:\\\/\\\/christina-peter.de\\\/shop\\\/#website\"},\"primaryImageOfPage\":{\"@id\":\"https:\\\/\\\/christina-peter.de\\\/shop\\\/product\\\/oway-lifestyle-parfum-own-way\\\/#primaryimage\"},\"image\":{\"@id\":\"https:\\\/\\\/christina-peter.de\\\/shop\\\/product\\\/oway-lifestyle-parfum-own-way\\\/#primaryimage\"},\"thumbnailUrl\":\"https:\\\/\\\/christina-peter.de\\\/shop\\\/wp-content\\\/uploads\\\/2019\\\/07\\\/100-ml.jpeg\",\"datePublished\":\"2019-07-30T12:39:18+00:00\",\"dateModified\":\"2024-01-08T11:16:09+00:00\",\"description\":\"OWAY Parfum OWN WAY Parfum ist 100 % pflanzlichen Ursprungs. Zur G\u00e4nze aus nat\u00fcrlichen Inhaltsstoffen aus Pflanzen, Fr\u00fcchten, Bl\u00fcten, Holz und Kr\u00e4utern.\",\"breadcrumb\":{\"@id\":\"https:\\\/\\\/christina-peter.de\\\/shop\\\/product\\\/oway-lifestyle-parfum-own-way\\\/#breadcrumb\"},\"inLanguage\":\"de\",\"potentialAction\":[{\"@type\":\"ReadAction\",\"target\":[\"https:\\\/\\\/christina-peter.de\\\/shop\\\/product\\\/oway-lifestyle-parfum-own-way\\\/\"]}]},{\"@type\":\"ImageObject\",\"inLanguage\":\"de\",\"@id\":\"https:\\\/\\\/christina-peter.de\\\/shop\\\/product\\\/oway-lifestyle-parfum-own-way\\\/#primaryimage\",\"url\":\"https:\\\/\\\/christina-peter.de\\\/shop\\\/wp-content\\\/uploads\\\/2019\\\/07\\\/100-ml.jpeg\",\"contentUrl\":\"https:\\\/\\\/christina-peter.de\\\/shop\\\/wp-content\\\/uploads\\\/2019\\\/07\\\/100-ml.jpeg\",\"width\":1600,\"height\":1559},{\"@type\":\"BreadcrumbList\",\"@id\":\"https:\\\/\\\/christina-peter.de\\\/shop\\\/product\\\/oway-lifestyle-parfum-own-way\\\/#breadcrumb\",\"itemListElement\":[{\"@type\":\"ListItem\",\"position\":1,\"name\":\"Startseite\",\"item\":\"https:\\\/\\\/christina-peter.de\\\/shop\\\/\"},{\"@type\":\"ListItem\",\"position\":2,\"name\":\"Home\",\"item\":\"https:\\\/\\\/christina-peter.de\\\/shop\\\/\"},{\"@type\":\"ListItem\",\"position\":3,\"name\":\"OWAY Lifestyle Parfum OWN WAY\"}]},{\"@type\":\"WebSite\",\"@id\":\"https:\\\/\\\/christina-peter.de\\\/shop\\\/#website\",\"url\":\"https:\\\/\\\/christina-peter.de\\\/shop\\\/\",\"name\":\"Oway Produkte online kaufen - pflanzliche, biologische &amp; nachhaltige Haarpflegeprodukte\",\"description\":\"Bei uns finden sie alles rund ums gesunde Haar. Wir vertreiben ausschlie\u00dflich pflanzliche, biologische &amp; nachhaltige Haarpflegeprodukte von Oway.\",\"potentialAction\":[{\"@type\":\"SearchAction\",\"target\":{\"@type\":\"EntryPoint\",\"urlTemplate\":\"https:\\\/\\\/christina-peter.de\\\/shop\\\/?s={search_term_string}\"},\"query-input\":{\"@type\":\"PropertyValueSpecification\",\"valueRequired\":true,\"valueName\":\"search_term_string\"}}],\"inLanguage\":\"de\"}]}<\/script>\n<!-- \/ Yoast SEO plugin. -->","yoast_head_json":{"title":"OWAY Lifestyle Parfum OWN WAY - OWay Shop","description":"OWAY Parfum OWN WAY Parfum ist 100 % pflanzlichen Ursprungs. Zur G\u00e4nze aus nat\u00fcrlichen Inhaltsstoffen aus Pflanzen, Fr\u00fcchten, Bl\u00fcten, Holz und Kr\u00e4utern.","robots":{"index":"index","follow":"follow","max-snippet":"max-snippet:-1","max-image-preview":"max-image-preview:large","max-video-preview":"max-video-preview:-1"},"canonical":"https:\/\/christina-peter.de\/shop\/product\/oway-lifestyle-parfum-own-way\/","og_locale":"de_DE","og_type":"article","og_title":"OWAY Lifestyle Parfum OWN WAY - OWay Shop","og_description":"OWAY Parfum OWN WAY Parfum ist 100 % pflanzlichen Ursprungs. Zur G\u00e4nze aus nat\u00fcrlichen Inhaltsstoffen aus Pflanzen, Fr\u00fcchten, Bl\u00fcten, Holz und Kr\u00e4utern.","og_url":"https:\/\/christina-peter.de\/shop\/product\/oway-lifestyle-parfum-own-way\/","og_site_name":"Oway Produkte online kaufen - pflanzliche, biologische &amp; nachhaltige Haarpflegeprodukte","article_modified_time":"2024-01-08T11:16:09+00:00","og_image":[{"width":1600,"height":1559,"url":"https:\/\/christina-peter.de\/shop\/wp-content\/uploads\/2019\/07\/100-ml.jpeg","type":"image\/jpeg"}],"twitter_card":"summary_large_image","twitter_misc":{"Gesch\u00e4tzte Lesezeit":"2\u00a0Minuten"},"schema":{"@context":"https:\/\/schema.org","@graph":[{"@type":"WebPage","@id":"https:\/\/christina-peter.de\/shop\/product\/oway-lifestyle-parfum-own-way\/","url":"https:\/\/christina-peter.de\/shop\/product\/oway-lifestyle-parfum-own-way\/","name":"OWAY Lifestyle Parfum OWN WAY - OWay Shop","isPartOf":{"@id":"https:\/\/christina-peter.de\/shop\/#website"},"primaryImageOfPage":{"@id":"https:\/\/christina-peter.de\/shop\/product\/oway-lifestyle-parfum-own-way\/#primaryimage"},"image":{"@id":"https:\/\/christina-peter.de\/shop\/product\/oway-lifestyle-parfum-own-way\/#primaryimage"},"thumbnailUrl":"https:\/\/christina-peter.de\/shop\/wp-content\/uploads\/2019\/07\/100-ml.jpeg","datePublished":"2019-07-30T12:39:18+00:00","dateModified":"2024-01-08T11:16:09+00:00","description":"OWAY Parfum OWN WAY Parfum ist 100 % pflanzlichen Ursprungs. Zur G\u00e4nze aus nat\u00fcrlichen Inhaltsstoffen aus Pflanzen, Fr\u00fcchten, Bl\u00fcten, Holz und Kr\u00e4utern.","breadcrumb":{"@id":"https:\/\/christina-peter.de\/shop\/product\/oway-lifestyle-parfum-own-way\/#breadcrumb"},"inLanguage":"de","potentialAction":[{"@type":"ReadAction","target":["https:\/\/christina-peter.de\/shop\/product\/oway-lifestyle-parfum-own-way\/"]}]},{"@type":"ImageObject","inLanguage":"de","@id":"https:\/\/christina-peter.de\/shop\/product\/oway-lifestyle-parfum-own-way\/#primaryimage","url":"https:\/\/christina-peter.de\/shop\/wp-content\/uploads\/2019\/07\/100-ml.jpeg","contentUrl":"https:\/\/christina-peter.de\/shop\/wp-content\/uploads\/2019\/07\/100-ml.jpeg","width":1600,"height":1559},{"@type":"BreadcrumbList","@id":"https:\/\/christina-peter.de\/shop\/product\/oway-lifestyle-parfum-own-way\/#breadcrumb","itemListElement":[{"@type":"ListItem","position":1,"name":"Startseite","item":"https:\/\/christina-peter.de\/shop\/"},{"@type":"ListItem","position":2,"name":"Home","item":"https:\/\/christina-peter.de\/shop\/"},{"@type":"ListItem","position":3,"name":"OWAY Lifestyle Parfum OWN WAY"}]},{"@type":"WebSite","@id":"https:\/\/christina-peter.de\/shop\/#website","url":"https:\/\/christina-peter.de\/shop\/","name":"Oway Produkte online kaufen - pflanzliche, biologische &amp; nachhaltige Haarpflegeprodukte","description":"Bei uns finden sie alles rund ums gesunde Haar. Wir vertreiben ausschlie\u00dflich pflanzliche, biologische &amp; nachhaltige Haarpflegeprodukte von Oway.","potentialAction":[{"@type":"SearchAction","target":{"@type":"EntryPoint","urlTemplate":"https:\/\/christina-peter.de\/shop\/?s={search_term_string}"},"query-input":{"@type":"PropertyValueSpecification","valueRequired":true,"valueName":"search_term_string"}}],"inLanguage":"de"}]}},"_links":{"self":[{"href":"https:\/\/christina-peter.de\/shop\/wp-json\/wp\/v2\/product\/1631","targetHints":{"allow":["GET"]}}],"collection":[{"href":"https:\/\/christina-peter.de\/shop\/wp-json\/wp\/v2\/product"}],"about":[{"href":"https:\/\/christina-peter.de\/shop\/wp-json\/wp\/v2\/types\/product"}],"wp:featuredmedia":[{"embeddable":true,"href":"https:\/\/christina-peter.de\/shop\/wp-json\/wp\/v2\/media\/1633"}],"wp:attachment":[{"href":"https:\/\/christina-peter.de\/shop\/wp-json\/wp\/v2\/media?parent=1631"}],"wp:term":[{"taxonomy":"product_brand","embeddable":true,"href":"https:\/\/christina-peter.de\/shop\/wp-json\/wp\/v2\/product_brand?post=1631"},{"taxonomy":"product_cat","embeddable":true,"href":"https:\/\/christina-peter.de\/shop\/wp-json\/wp\/v2\/product_cat?post=1631"},{"taxonomy":"product_tag","embeddable":true,"href":"https:\/\/christina-peter.de\/shop\/wp-json\/wp\/v2\/product_tag?post=1631"}],"curies":[{"name":"wp","href":"https:\/\/api.w.org\/{rel}","templated":true}]}}