{"id":1617,"date":"2019-07-30T14:17:30","date_gmt":"2019-07-30T12:17:30","guid":{"rendered":"https:\/\/christina-peter.de\/shop\/?post_type=product&#038;p=1617"},"modified":"2022-08-30T14:50:02","modified_gmt":"2022-08-30T12:50:02","slug":"oway-men-linea","status":"publish","type":"product","link":"https:\/\/christina-peter.de\/shop\/product\/oway-men-linea\/","title":{"rendered":"OWAY MEN Linea"},"content":{"rendered":"<h4 class=\"product-line-title change-txt-color\">OW MEN<\/h4>\n<section>\n<div title=\"Page 2\">\n<div>\n<div>\n<p>OW MEN IST DIE PFLEGEKOLLEKTION F\u00dcR GESICHT, K\u00d6RPER UND HAARE, DIE IN JEDER FORMEL DIE KRAFT DREIER AUSSERORDENTLICHER NATURERSCHEINUNGEN ENTH\u00c4LT.<\/p>\n<\/div>\n<p>Die Oway-Forschung hat die au\u00dfergew\u00f6hnlichen, in den\u00a0<b>primordialen Substanzen\u00a0<\/b>enthaltenen, antioxidativ und gegen Alterungserscheinungen wirkenden Eigenschaften eingefangen, die Techniken der\u00a0<i>Green Chemistry <\/i>weiterentwickelt, bis die modernsten\u00a0<b>technobotanischen Wirkstoffe\u00a0<\/b>verf\u00fcgbar waren, Pflanzen, Blumen und B\u00fcsche gez\u00fcchtet, um die reinsten und effizientesten\u00a0<b>biodynamischen Inhaltsstoffe\u00a0<\/b>zu gewinnen.<\/p>\n<p><b>PRIMORDIALE WIRKSTOFFE\u00a0<\/b><b>AUS DEN EXTREMSTEN LEBENSR\u00c4UMEN\u00a0<\/b><\/p>\n<p>Einsame W\u00fcsten. Eindr\u00fcckliche Gebirge. Bedrohliche Vulkane. Regenw\u00e4lder. Eisw\u00fcsten.<\/p>\n<div class=\"page\" title=\"Page 5\">\n<div class=\"section\">\n<div class=\"layoutArea\">\n<div class=\"column\">\n<p>In diesen wilden, unber\u00fchrten Lebensr\u00e4umen findet man Pflanzen, die au\u00dferordentliche \u00dcberlebensstrategien entwickelt haben und daher unglaublich reich sind an Antioxidantien, N\u00e4hrstoffen und Mineralstoffen voller revitalisierender und entgiftender Spurenelemente.<\/p>\n<p><strong>Die OW MEN-Forschung hat diese hervorragenden Eigenschaften aus den extremsten und intaktesten \u00d6kosystemen des Planeten erfasst und daraus Formeln geschaffen, die die fantastischen, regenerierenden und transformativen Eigenschaften der Pflanzen und der daraus stammenden Mineralstoffe auf Haut und Haare \u00fcbertragen.<\/strong><\/p>\n<\/div>\n<\/div>\n<\/div>\n<\/div>\n<p><b>TECHNO-BOTANISCHE WIRKSTOFFE\u00a0<\/b><b>AUS DER MODERNSTEN GREEN CHEMISTRY<\/b><\/p>\n<div class=\"page\" title=\"Page 6\">\n<div class=\"layoutArea\">\n<div class=\"column\">\n<p>H\u00f6chst wirksame Phytopeptide, Hyalurons\u00e4ure botanischer Herkunft, Booster-Phytofermente zur Anregung der Zellerneuerung und -kraft, pflanzliche Stammzellen, graduell absorbierende Ester, Pflanzenzellulose.<\/p>\n<p><strong>Jede Formel von OW MEN enth\u00e4lt Wirkstoffe aus der modernsten gr\u00fcnen Chemie, perfekte Synthesen aus Natur und Technologie.<\/strong><\/p>\n<p><strong>Ausgehend von Pflanzenbasen erzeugten die OW-Labors Inhaltsstoffe, die perfekt nat\u00fcrliche haut- und haarverwandte Strukturen nachvollziehen.<\/strong><\/p>\n<p>Diese synergetisch \u00e4hnlichen Wirkstoffe werden von der Haut und den Haaren aufgenommen und assimiliert und dazu verwendet, die Immunabwehr der Epidermis zu verbessern, die Gewebe kompakter und straffer zu machen, die Haarfaser zu verdicken und den Zellen Koh\u00e4sion und Feuchtigkeit zu verleihen.<\/p>\n<\/div>\n<\/div>\n<\/div>\n<p><b>BIODYNAMISCHE WIRKSTOFFE\u00a0<\/b><b>VOM BODEN BIS INS LABOR, UNSERE AGRARKOSMETISCHE VISION<\/b><b>\u00a0<\/b><\/p>\n<div class=\"page\" title=\"Page 9\">\n<div class=\"section\">\n<div class=\"layoutArea\">\n<div class=\"column\">\n<p>Die Pflegeprodukte von OW entstehen in unserem Landgut mit Gartenwerkstatt \u201eOrtofficina\u201c auf den H\u00fcgeln von Bologna, wo wir mit der biodynamischen Methode Pflanzen, Blumen, Fr\u00fcchte und B\u00fcsche anbauen.<\/p>\n<p>Nachdem die Pflanzen w\u00e4hrend ihrer Balsamzeit geerntet und nach dem \u201eNull-Kilometer\u201c-Kriterium an unseren Extraktor geliefert wurden, verarbeiten wir deren aktivsten Teile in Hydrolate, \u00e4therische \u00d6le und Extrakte, die zu einigen in den Pflegeprodukten von OW enthaltenen konzentrierten Wirkstoffen werden.<\/p>\n<\/div>\n<\/div>\n<\/div>\n<\/div>\n<\/div>\n<\/div>\n<\/section>\n","protected":false},"excerpt":{"rendered":"<p><strong>Wertvoller Rasierer mit Sicherheitsvorrichtung Double Edge aus 100 % Metall.<\/strong>\u00a0<strong>Elegantes und essenzielles Design<\/strong>.<\/p>\n<p>Erm\u00f6glicht eine perfekte Rasur und sch\u00fctzt die Haut gegen Schnittverletzungen. Mit der Doppelklingentechnologie gleitet er perfekt auf der Haut. Der ergonomisch geformte Griff und das ausgeglichene Gewicht wurden entwickelt, um maximalen Fluss und maximale Pr\u00e4zision beim t\u00e4glichen Rasierritual zu garantieren.<\/p>\n<p>In einem satinierten Goldton gestaltet.<\/p>\n<p>Wer\u00a0<strong>LINEA<\/strong>\u00a0verwendet, tr\u00e4gt zur Reduktion der Umweltverschmutzung bei, die durch den Gebrauch handels\u00fcblicher Einwegrasierer aus Kunststoff entsteht.<\/p>\n","protected":false},"featured_media":1620,"template":"","meta":{"_uf_show_specific_survey":0,"_uf_disable_surveys":false},"product_brand":[],"product_cat":[15,85],"product_tag":[],"class_list":{"0":"post-1617","1":"product","2":"type-product","3":"status-publish","4":"has-post-thumbnail","6":"product_cat-maenner","7":"product_cat-geschenkideen","8":"pa_groesse-einheitsgroesse","10":"first","11":"instock","12":"taxable","13":"shipping-taxable","14":"purchasable","15":"product-type-variable"},"yoast_head":"<!-- This site is optimized with the Yoast SEO plugin v27.5 - https:\/\/yoast.com\/product\/yoast-seo-wordpress\/ -->\n<title>OWAY MEN Linea - OWay Shop<\/title>\n<meta name=\"description\" content=\"OWAY MEN Linea online kaufen. Wertvoller Rasierer mit Sicherheitsvorrichtung Double Edge aus 100 % Metall. Elegantes und essenzielles Design. jetzt bestellen!\" \/>\n<meta name=\"robots\" content=\"index, follow, max-snippet:-1, max-image-preview:large, max-video-preview:-1\" \/>\n<link rel=\"canonical\" href=\"https:\/\/christina-peter.de\/shop\/product\/oway-men-linea\/\" \/>\n<meta property=\"og:locale\" content=\"de_DE\" \/>\n<meta property=\"og:type\" content=\"article\" \/>\n<meta property=\"og:title\" content=\"OWAY MEN Linea - OWay Shop\" \/>\n<meta property=\"og:description\" content=\"OWAY MEN Linea online kaufen. Wertvoller Rasierer mit Sicherheitsvorrichtung Double Edge aus 100 % Metall. Elegantes und essenzielles Design. jetzt bestellen!\" \/>\n<meta property=\"og:url\" content=\"https:\/\/christina-peter.de\/shop\/product\/oway-men-linea\/\" \/>\n<meta property=\"og:site_name\" content=\"Oway Produkte online kaufen - pflanzliche, biologische &amp; nachhaltige Haarpflegeprodukte\" \/>\n<meta property=\"article:modified_time\" content=\"2022-08-30T12:50:02+00:00\" \/>\n<meta property=\"og:image\" content=\"https:\/\/christina-peter.de\/shop\/wp-content\/uploads\/2019\/07\/linea-sito.jpg\" \/>\n\t<meta property=\"og:image:width\" content=\"1600\" \/>\n\t<meta property=\"og:image:height\" content=\"1560\" \/>\n\t<meta property=\"og:image:type\" content=\"image\/jpeg\" \/>\n<meta name=\"twitter:card\" content=\"summary_large_image\" \/>\n<meta name=\"twitter:label1\" content=\"Gesch\u00e4tzte Lesezeit\" \/>\n\t<meta name=\"twitter:data1\" content=\"2\u00a0Minuten\" \/>\n<script type=\"application\/ld+json\" class=\"yoast-schema-graph\">{\"@context\":\"https:\\\/\\\/schema.org\",\"@graph\":[{\"@type\":\"WebPage\",\"@id\":\"https:\\\/\\\/christina-peter.de\\\/shop\\\/product\\\/oway-men-linea\\\/\",\"url\":\"https:\\\/\\\/christina-peter.de\\\/shop\\\/product\\\/oway-men-linea\\\/\",\"name\":\"OWAY MEN Linea - OWay Shop\",\"isPartOf\":{\"@id\":\"https:\\\/\\\/christina-peter.de\\\/shop\\\/#website\"},\"primaryImageOfPage\":{\"@id\":\"https:\\\/\\\/christina-peter.de\\\/shop\\\/product\\\/oway-men-linea\\\/#primaryimage\"},\"image\":{\"@id\":\"https:\\\/\\\/christina-peter.de\\\/shop\\\/product\\\/oway-men-linea\\\/#primaryimage\"},\"thumbnailUrl\":\"https:\\\/\\\/christina-peter.de\\\/shop\\\/wp-content\\\/uploads\\\/2019\\\/07\\\/linea-sito.jpg\",\"datePublished\":\"2019-07-30T12:17:30+00:00\",\"dateModified\":\"2022-08-30T12:50:02+00:00\",\"description\":\"OWAY MEN Linea online kaufen. Wertvoller Rasierer mit Sicherheitsvorrichtung Double Edge aus 100 % Metall. Elegantes und essenzielles Design. jetzt bestellen!\",\"breadcrumb\":{\"@id\":\"https:\\\/\\\/christina-peter.de\\\/shop\\\/product\\\/oway-men-linea\\\/#breadcrumb\"},\"inLanguage\":\"de\",\"potentialAction\":[{\"@type\":\"ReadAction\",\"target\":[\"https:\\\/\\\/christina-peter.de\\\/shop\\\/product\\\/oway-men-linea\\\/\"]}]},{\"@type\":\"ImageObject\",\"inLanguage\":\"de\",\"@id\":\"https:\\\/\\\/christina-peter.de\\\/shop\\\/product\\\/oway-men-linea\\\/#primaryimage\",\"url\":\"https:\\\/\\\/christina-peter.de\\\/shop\\\/wp-content\\\/uploads\\\/2019\\\/07\\\/linea-sito.jpg\",\"contentUrl\":\"https:\\\/\\\/christina-peter.de\\\/shop\\\/wp-content\\\/uploads\\\/2019\\\/07\\\/linea-sito.jpg\",\"width\":1600,\"height\":1560},{\"@type\":\"BreadcrumbList\",\"@id\":\"https:\\\/\\\/christina-peter.de\\\/shop\\\/product\\\/oway-men-linea\\\/#breadcrumb\",\"itemListElement\":[{\"@type\":\"ListItem\",\"position\":1,\"name\":\"Startseite\",\"item\":\"https:\\\/\\\/christina-peter.de\\\/shop\\\/\"},{\"@type\":\"ListItem\",\"position\":2,\"name\":\"Home\",\"item\":\"https:\\\/\\\/christina-peter.de\\\/shop\\\/\"},{\"@type\":\"ListItem\",\"position\":3,\"name\":\"OWAY MEN Linea\"}]},{\"@type\":\"WebSite\",\"@id\":\"https:\\\/\\\/christina-peter.de\\\/shop\\\/#website\",\"url\":\"https:\\\/\\\/christina-peter.de\\\/shop\\\/\",\"name\":\"Oway Produkte online kaufen - pflanzliche, biologische &amp; nachhaltige Haarpflegeprodukte\",\"description\":\"Bei uns finden sie alles rund ums gesunde Haar. Wir vertreiben ausschlie\u00dflich pflanzliche, biologische &amp; nachhaltige Haarpflegeprodukte von Oway.\",\"potentialAction\":[{\"@type\":\"SearchAction\",\"target\":{\"@type\":\"EntryPoint\",\"urlTemplate\":\"https:\\\/\\\/christina-peter.de\\\/shop\\\/?s={search_term_string}\"},\"query-input\":{\"@type\":\"PropertyValueSpecification\",\"valueRequired\":true,\"valueName\":\"search_term_string\"}}],\"inLanguage\":\"de\"}]}<\/script>\n<!-- \/ Yoast SEO plugin. -->","yoast_head_json":{"title":"OWAY MEN Linea - OWay Shop","description":"OWAY MEN Linea online kaufen. Wertvoller Rasierer mit Sicherheitsvorrichtung Double Edge aus 100 % Metall. Elegantes und essenzielles Design. jetzt bestellen!","robots":{"index":"index","follow":"follow","max-snippet":"max-snippet:-1","max-image-preview":"max-image-preview:large","max-video-preview":"max-video-preview:-1"},"canonical":"https:\/\/christina-peter.de\/shop\/product\/oway-men-linea\/","og_locale":"de_DE","og_type":"article","og_title":"OWAY MEN Linea - OWay Shop","og_description":"OWAY MEN Linea online kaufen. Wertvoller Rasierer mit Sicherheitsvorrichtung Double Edge aus 100 % Metall. Elegantes und essenzielles Design. jetzt bestellen!","og_url":"https:\/\/christina-peter.de\/shop\/product\/oway-men-linea\/","og_site_name":"Oway Produkte online kaufen - pflanzliche, biologische &amp; nachhaltige Haarpflegeprodukte","article_modified_time":"2022-08-30T12:50:02+00:00","og_image":[{"width":1600,"height":1560,"url":"https:\/\/christina-peter.de\/shop\/wp-content\/uploads\/2019\/07\/linea-sito.jpg","type":"image\/jpeg"}],"twitter_card":"summary_large_image","twitter_misc":{"Gesch\u00e4tzte Lesezeit":"2\u00a0Minuten"},"schema":{"@context":"https:\/\/schema.org","@graph":[{"@type":"WebPage","@id":"https:\/\/christina-peter.de\/shop\/product\/oway-men-linea\/","url":"https:\/\/christina-peter.de\/shop\/product\/oway-men-linea\/","name":"OWAY MEN Linea - OWay Shop","isPartOf":{"@id":"https:\/\/christina-peter.de\/shop\/#website"},"primaryImageOfPage":{"@id":"https:\/\/christina-peter.de\/shop\/product\/oway-men-linea\/#primaryimage"},"image":{"@id":"https:\/\/christina-peter.de\/shop\/product\/oway-men-linea\/#primaryimage"},"thumbnailUrl":"https:\/\/christina-peter.de\/shop\/wp-content\/uploads\/2019\/07\/linea-sito.jpg","datePublished":"2019-07-30T12:17:30+00:00","dateModified":"2022-08-30T12:50:02+00:00","description":"OWAY MEN Linea online kaufen. Wertvoller Rasierer mit Sicherheitsvorrichtung Double Edge aus 100 % Metall. Elegantes und essenzielles Design. jetzt bestellen!","breadcrumb":{"@id":"https:\/\/christina-peter.de\/shop\/product\/oway-men-linea\/#breadcrumb"},"inLanguage":"de","potentialAction":[{"@type":"ReadAction","target":["https:\/\/christina-peter.de\/shop\/product\/oway-men-linea\/"]}]},{"@type":"ImageObject","inLanguage":"de","@id":"https:\/\/christina-peter.de\/shop\/product\/oway-men-linea\/#primaryimage","url":"https:\/\/christina-peter.de\/shop\/wp-content\/uploads\/2019\/07\/linea-sito.jpg","contentUrl":"https:\/\/christina-peter.de\/shop\/wp-content\/uploads\/2019\/07\/linea-sito.jpg","width":1600,"height":1560},{"@type":"BreadcrumbList","@id":"https:\/\/christina-peter.de\/shop\/product\/oway-men-linea\/#breadcrumb","itemListElement":[{"@type":"ListItem","position":1,"name":"Startseite","item":"https:\/\/christina-peter.de\/shop\/"},{"@type":"ListItem","position":2,"name":"Home","item":"https:\/\/christina-peter.de\/shop\/"},{"@type":"ListItem","position":3,"name":"OWAY MEN Linea"}]},{"@type":"WebSite","@id":"https:\/\/christina-peter.de\/shop\/#website","url":"https:\/\/christina-peter.de\/shop\/","name":"Oway Produkte online kaufen - pflanzliche, biologische &amp; nachhaltige Haarpflegeprodukte","description":"Bei uns finden sie alles rund ums gesunde Haar. Wir vertreiben ausschlie\u00dflich pflanzliche, biologische &amp; nachhaltige Haarpflegeprodukte von Oway.","potentialAction":[{"@type":"SearchAction","target":{"@type":"EntryPoint","urlTemplate":"https:\/\/christina-peter.de\/shop\/?s={search_term_string}"},"query-input":{"@type":"PropertyValueSpecification","valueRequired":true,"valueName":"search_term_string"}}],"inLanguage":"de"}]}},"_links":{"self":[{"href":"https:\/\/christina-peter.de\/shop\/wp-json\/wp\/v2\/product\/1617","targetHints":{"allow":["GET"]}}],"collection":[{"href":"https:\/\/christina-peter.de\/shop\/wp-json\/wp\/v2\/product"}],"about":[{"href":"https:\/\/christina-peter.de\/shop\/wp-json\/wp\/v2\/types\/product"}],"wp:featuredmedia":[{"embeddable":true,"href":"https:\/\/christina-peter.de\/shop\/wp-json\/wp\/v2\/media\/1620"}],"wp:attachment":[{"href":"https:\/\/christina-peter.de\/shop\/wp-json\/wp\/v2\/media?parent=1617"}],"wp:term":[{"taxonomy":"product_brand","embeddable":true,"href":"https:\/\/christina-peter.de\/shop\/wp-json\/wp\/v2\/product_brand?post=1617"},{"taxonomy":"product_cat","embeddable":true,"href":"https:\/\/christina-peter.de\/shop\/wp-json\/wp\/v2\/product_cat?post=1617"},{"taxonomy":"product_tag","embeddable":true,"href":"https:\/\/christina-peter.de\/shop\/wp-json\/wp\/v2\/product_tag?post=1617"}],"curies":[{"name":"wp","href":"https:\/\/api.w.org\/{rel}","templated":true}]}}