{"id":1609,"date":"2019-07-30T14:07:59","date_gmt":"2019-07-30T12:07:59","guid":{"rendered":"https:\/\/christina-peter.de\/shop\/?post_type=product&#038;p=1609"},"modified":"2022-08-30T15:01:11","modified_gmt":"2022-08-30T13:01:11","slug":"oway-beauty-compressed-face-mask","status":"publish","type":"product","link":"https:\/\/christina-peter.de\/shop\/product\/oway-beauty-compressed-face-mask\/","title":{"rendered":"OWAY Beauty Compressed Face Mask"},"content":{"rendered":"<div class=\"wpb-content-wrapper\"><p>[vc_row][vc_column][vc_empty_space height=&#8220;32&#8243;][vc_column_text]<\/p>\n<header>\n<header>\n<header>\n<header>\n<header>\n<header>\n<header>\n<header>\n<h4 class=\"product-line-title change-txt-color\">Beauty<\/h4>\n<p>SCH\u00d6NHEIT, DIE AUS TRANSPARENZ BESTEHT. LINIE MIT NATRUE-ZERTIFIZIERUNG.<\/p>\n<p>Klare, gesunde und nat\u00fcrliche Sch\u00f6nheit. Sie besteht aus besonders hohen Standards und Inhaltsstoffen erster Wahl. Sch\u00f6nheit, die haupts\u00e4chlich aus Transparenz besteht.<\/p>\n<p>Alle Produkte der Linie OW Beauty bestehen zu mindestens 98,8 % aus Wirkstoffen, \u00d6len, Extrakten, \u00e4therischen \u00d6len und Emollientien nat\u00fcrlichen, biologischen, biodynamischen Ursprungs und aus fairem Handel. OW Beauty bietet die maximal m\u00f6gliche Garantie: die nat\u00fcrliche Zertifizierung NATRUE.<\/p>\n<p>&nbsp;<\/p>\n<\/header>\n<\/header>\n<header><\/header>\n<\/header>\n<\/header>\n<\/header>\n<\/header>\n<section><\/section>\n<section><\/section>\n<section><\/section>\n<section><\/section>\n<section><\/section>\n<\/header>\n<\/header>\n<p>[\/vc_column_text][\/vc_column][\/vc_row][vc_row css=&#8220;.vc_custom_1461961652033{border-top-width: 1px !important;border-top-color: #eeeeee !important;border-top-style: solid !important;}&#8220;][vc_column][\/vc_column][\/vc_row][vc_row type=&#8220;boxed&#8220; content_placement=&#8220;middle&#8220;][vc_column width=&#8220;1\/2&#8243; css=&#8220;.vc_custom_1462135333419{padding-top: 28px !important;padding-bottom: 28px !important;}&#8220;][vc_custom_heading text=&#8220;Alpen Helmkraut&#8220; font_container=&#8220;tag:h3|text_align:left&#8220; use_theme_fonts=&#8220;yes&#8220;][vc_empty_space height=&#8220;15px&#8220;][vc_column_text]Verleiht der Haut Leuchtkraft und erh\u00f6ht gleichzeitig die Beta-Endorphine und die Lipidsynthese. In den Produkten DE-STRESS TONIC POTION und DETOX BODY BATH enthalten.[\/vc_column_text][\/vc_column][vc_column width=&#8220;1\/2&#8243;][vc_empty_space][vc_single_image image=&#8220;2000&#8243; img_size=&#8220;full&#8220; alignment=&#8220;right&#8220;][vc_empty_space][\/vc_column][\/vc_row][vc_row css=&#8220;.vc_custom_1461961652033{border-top-width: 1px !important;border-top-color: #eeeeee !important;border-top-style: solid !important;}&#8220;][vc_column][\/vc_column][\/vc_row][vc_row type=&#8220;boxed&#8220; content_placement=&#8220;middle&#8220; el_class=&#8220;nm-row-flex-col-reverse&#8220;][vc_column width=&#8220;1\/2&#8243; css=&#8220;.vc_custom_1462135341599{padding-top: 28px !important;padding-bottom: 28px !important;}&#8220;][vc_custom_heading text=&#8220;Sch\u00f6nheitspflanze&#8220; font_container=&#8220;tag:h3|text_align:left&#8220; use_theme_fonts=&#8220;yes&#8220;][vc_empty_space height=&#8220;15px&#8220;][vc_column_text]Auch CISTUS INCANUS genannt, erh\u00f6ht den Schutz der Haut gegen\u00fcber der Alterung und neutralisiert gleichzeitig die Lipidoxidation und die daraus resultierenden DNA-Sch\u00e4den. In den Produkten RADIANCE FACE BALM und PERFECT SKIN CLEANSING CREAM enthalten.[\/vc_column_text][\/vc_column][vc_column width=&#8220;1\/2&#8243;][vc_empty_space][vc_single_image image=&#8220;1999&#8243; img_size=&#8220;full&#8220;][vc_empty_space][\/vc_column][\/vc_row][vc_row css=&#8220;.vc_custom_1461961652033{border-top-width: 1px !important;border-top-color: #eeeeee !important;border-top-style: solid !important;}&#8220;][vc_column][\/vc_column][\/vc_row][vc_row type=&#8220;boxed&#8220; content_placement=&#8220;middle&#8220;][vc_column width=&#8220;1\/2&#8243; css=&#8220;.vc_custom_1462135350237{padding-top: 28px !important;padding-bottom: 28px !important;}&#8220;][vc_custom_heading text=&#8220;Physalis Angulata&#8220; font_container=&#8220;tag:h3|text_align:left&#8220; use_theme_fonts=&#8220;yes&#8220;][vc_empty_space height=&#8220;15px&#8220;][vc_column_text]Sch\u00fctzt die Haut vor Umwelteinfl\u00fcssen und erh\u00f6ht ihre nat\u00fcrliche Abwehrkraft. Stimuliert die Kollagensynthese. Im Produkte REGENERATING BOOSTER vorhanden.[\/vc_column_text][\/vc_column][vc_column width=&#8220;1\/2&#8243;][vc_empty_space][vc_single_image image=&#8220;1998&#8243; img_size=&#8220;full&#8220; alignment=&#8220;right&#8220;][vc_empty_space][\/vc_column][\/vc_row][vc_row css=&#8220;.vc_custom_1461961652033{border-top-width: 1px !important;border-top-color: #eeeeee !important;border-top-style: solid !important;}&#8220;][vc_column][\/vc_column][\/vc_row][vc_row type=&#8220;boxed&#8220; content_placement=&#8220;middle&#8220; el_class=&#8220;nm-row-flex-col-reverse&#8220;][vc_column width=&#8220;1\/2&#8243; css=&#8220;.vc_custom_1462135341599{padding-top: 28px !important;padding-bottom: 28px !important;}&#8220;][vc_custom_heading text=&#8220;Bio Retinol&#8220; font_container=&#8220;tag:h3|text_align:left&#8220; use_theme_fonts=&#8220;yes&#8220;][vc_empty_space height=&#8220;15px&#8220;][vc_column_text]Gibt der Haut ihre Dichte zur\u00fcck, f\u00fcllt gleichzeitig die Falten auf und spendet der Haut Leuchtkraft und pflegt sie. Im Produkt REPLUMPING BOOSTER vorhanden.[\/vc_column_text][\/vc_column][vc_column width=&#8220;1\/2&#8243;][vc_empty_space][vc_single_image image=&#8220;1972&#8243; img_size=&#8220;full&#8220;][vc_empty_space][\/vc_column][\/vc_row][vc_row css=&#8220;.vc_custom_1461961652033{border-top-width: 1px !important;border-top-color: #eeeeee !important;border-top-style: solid !important;}&#8220;][vc_column][\/vc_column][\/vc_row][vc_row type=&#8220;boxed&#8220; content_placement=&#8220;middle&#8220;][vc_column width=&#8220;1\/2&#8243; css=&#8220;.vc_custom_1462135350237{padding-top: 28px !important;padding-bottom: 28px !important;}&#8220;][vc_custom_heading text=&#8220;\u00d6l aus gr\u00fcnem Bio-Kaffee&#8220; font_container=&#8220;tag:h3|text_align:left&#8220; use_theme_fonts=&#8220;yes&#8220;][vc_empty_space height=&#8220;15px&#8220;][vc_column_text]Wirkt tonisierend und straffend. Im Produkt TONE&amp;LIFT BOOSTER vorhanden.[\/vc_column_text][\/vc_column][vc_column width=&#8220;1\/2&#8243;][vc_empty_space][vc_single_image image=&#8220;1958&#8243; img_size=&#8220;full&#8220; alignment=&#8220;right&#8220;][vc_empty_space][\/vc_column][\/vc_row][vc_row css=&#8220;.vc_custom_1461961652033{border-top-width: 1px !important;border-top-color: #eeeeee !important;border-top-style: solid !important;}&#8220;][vc_column][\/vc_column][\/vc_row][vc_row type=&#8220;boxed&#8220; content_placement=&#8220;middle&#8220; el_class=&#8220;nm-row-flex-col-reverse&#8220;][vc_column width=&#8220;1\/2&#8243; css=&#8220;.vc_custom_1462135341599{padding-top: 28px !important;padding-bottom: 28px !important;}&#8220;][vc_custom_heading text=&#8220;Inca Inchi \u00d6l&#8220; font_container=&#8220;tag:h3|text_align:left&#8220; use_theme_fonts=&#8220;yes&#8220;][vc_empty_space height=&#8220;15px&#8220;][vc_column_text]Restrukturierend und sch\u00fctzend erh\u00f6ht es den Barriereeffekt der Haut, der vor Austrocknung sch\u00fctzt. Au\u00dferdem wirkt es antioxidativ. In den Produkten FABULOUS BODYOIL und ULTRA-RICHBODYOIL vorhanden.[\/vc_column_text][\/vc_column][vc_column width=&#8220;1\/2&#8243;][vc_empty_space][vc_single_image image=&#8220;1997&#8243; img_size=&#8220;full&#8220;][vc_empty_space][\/vc_column][\/vc_row][vc_row css=&#8220;.vc_custom_1461961652033{border-top-width: 1px !important;border-top-color: #eeeeee !important;border-top-style: solid !important;}&#8220;][vc_column][\/vc_column][\/vc_row][vc_row type=&#8220;boxed&#8220; content_placement=&#8220;middle&#8220;][vc_column width=&#8220;1\/2&#8243; css=&#8220;.vc_custom_1462135350237{padding-top: 28px !important;padding-bottom: 28px !important;}&#8220;][vc_custom_heading text=&#8220;Pflanze der Unsterblichkeit&#8220; font_container=&#8220;tag:h3|text_align:left&#8220; use_theme_fonts=&#8220;yes&#8220;][vc_empty_space height=&#8220;15px&#8220;][vc_column_text]Auch GYNOSTEMMA PENTAPHYLLUM genannt, verbessert das antioxidative System der Haut, beg\u00fcnstigt die Lipidsynthese und auch die Unversehrtheit der Hautbarriere. Im Produkt VELVETBODYFLUID vorhanden.[\/vc_column_text][\/vc_column][vc_column width=&#8220;1\/2&#8243;][vc_empty_space][vc_single_image image=&#8220;1996&#8243; img_size=&#8220;full&#8220; alignment=&#8220;right&#8220;][vc_empty_space][\/vc_column][\/vc_row][vc_row css=&#8220;.vc_custom_1461961652033{border-top-width: 1px !important;border-top-color: #eeeeee !important;border-top-style: solid !important;}&#8220;][vc_column][\/vc_column][\/vc_row][vc_row type=&#8220;boxed&#8220; content_placement=&#8220;middle&#8220; el_class=&#8220;nm-row-flex-col-reverse&#8220;][vc_column width=&#8220;1\/2&#8243; css=&#8220;.vc_custom_1462135341599{padding-top: 28px !important;padding-bottom: 28px !important;}&#8220;][vc_custom_heading text=&#8220;\u00d6liger Extrakt aus Rosa Pfeffer&#8220; font_container=&#8220;tag:h3|text_align:left&#8220; use_theme_fonts=&#8220;yes&#8220;][vc_empty_space height=&#8220;15px&#8220;][vc_column_text]Wirkt sich auf den Prozess der Bildung von Adipozyten aus und beg\u00fcnstigt die Beseitigung vorhandener Fette. Im Produkt SLIM&amp;SHAPE BOOSTER vorhanden.[\/vc_column_text][\/vc_column][vc_column width=&#8220;1\/2&#8243;][vc_empty_space][vc_single_image image=&#8220;1995&#8243; img_size=&#8220;full&#8220;][vc_empty_space][\/vc_column][\/vc_row][vc_row][vc_column][vc_column_text]<\/p>\n<section class=\"banner-customer-care\">\n<article class=\"bg-model-03\">\n<div class=\"corpo\">\n<div class=\"inner\" style=\"text-align: left;\"><\/div>\n<\/div>\n<\/article>\n<\/section>\n<p>[\/vc_column_text][\/vc_column][\/vc_row]<\/p>\n<\/div>","protected":false},"excerpt":{"rendered":"<p>Komprimierte Gesichtsmasken aus Bambusfasern f\u00fcr OW Beauty Behandlungen.<\/p>\n<section id=\"accordion-product-details\" class=\"accordion-product-details panel-group beauty-inner\">\n<article class=\"panel panel-default\">\n<header class=\"panel-heading\">\n<h4 class=\"panel-title\"><\/h4>\n<\/header>\n<\/article>\n<\/section>\n<p>[vc_column][vc_accordion collapsible=&#8220;yes&#8220;][vc_accordion_tab title=&#8220;Anwendung des Produkts&#8220;][vc_column_text]<\/p>\n<article>\n<div id=\"acco-IstruzioniUso\">\n<div>\n<article>\n<div id=\"acco-IstruzioniUso\">\n<div>\n<article>\n<div id=\"acco-IstruzioniUso\">\n<div>\n<div title=\"Page 14\">\n<div>\n<div>\n<article>\n<div id=\"acco-IstruzioniUso\">\n<div>\n<div title=\"Page 29\">\n<div>\n<div>\n<article>\n<div id=\"acco-IstruzioniUso\">\n<div>\n<article>\n<div id=\"acco-IstruzioniUso\">\n<div>\n<article>\n<div id=\"acco-IstruzioniUso\">\n<div>\n<article>\n<div id=\"acco-IstruzioniUso\">\n<div>\n<article>\n<div id=\"acco-IstruzioniUso\">\n<div>\n<article>\n<div id=\"acco-IstruzioniUso\">\n<div>\n<article>\n<div id=\"acco-IstruzioniUso\">\n<div>\n<article>\n<div id=\"acco-IstruzioniUso\">\n<div>\n<article>\n<div id=\"acco-IstruzioniUso\">\n<div>\n<article>\n<div id=\"acco-IstruzioniUso\">\n<div>\n<div title=\"Page 17\">\n<div>\n<div>\n<article>\n<div id=\"acco-IstruzioniUso\">\n<div>\n<div title=\"Page 18\">\n<div>\n<div>\n<div title=\"Page 19\">\n<div>\n<div>\n<article>\n<div id=\"acco-IstruzioniUso\">\n<div>\n<article>\n<div id=\"acco-IstruzioniUso\">\n<div>\n<p>Mit den 100% nat\u00fcrlichen OW Beauty-Mischungen:<\/p>\n<ul>\n<li>Einen Aufguss mit\u00a0WINTER SOLSTICE BLEND bzw. SUMMER SOLSTICE BLEND\u00a0zubereiten. Dann eine Mullbinde\u00a0COMPRESSED FACE MASK\u00a0in den Aufguss tauchen und auf das gereinigte Gesicht und\/oder den K\u00f6rper auflegen. So einwirken lassen, um die vollst\u00e4ndige Aufnahme der Wirkstoffe zu erm\u00f6glichen.<\/li>\n<\/ul>\n<p>Kombinierte Anwendung:<\/p>\n<ul>\n<li>Einen Aufguss mit\u00a0WINTER SOLSTICE BLEND bzw. SUMMER SOLSTICE BLEND\u00a0zubereiten und leicht abk\u00fchlen lassen, w\u00e4hrend man mit dem Auftragen der\u00a0CALMING FACE MASK\u00a0fortf\u00e4hrt. Am Ende der Einwirkzeit die Maske entfernen, dann in den Aufguss mit Winter Solstice Blend eine Mullbinde COMPRESSED FACE MASK eintauchen, leicht auswringen und sie gut anliegend auf dem Gesicht ausrollen. Die Anwendung von\u00a0WINTER SOLSTICE BLEND bzw. SUMMER SOLSTICE BLEND\u00a0verst\u00e4rkt die Wirkung der\u00a0CALMING FACE MASK und f\u00fcgt ihr die positiven Wirkstoffe der zu 100% nat\u00fcrlichen, reinen Pflanzenwirkstoffe hinzu.<\/li>\n<\/ul>\n<\/div>\n<\/div>\n<\/article>\n<\/div>\n<\/div>\n<\/article>\n<\/div>\n<\/div>\n<\/div>\n<\/div>\n<\/div>\n<\/div>\n<\/div>\n<\/div>\n<\/article>\n<\/div>\n<\/div>\n<\/div>\n<\/div>\n<\/div>\n<\/article>\n<\/div>\n<\/div>\n<\/article>\n<\/div>\n<\/div>\n<\/article>\n<\/div>\n<\/div>\n<\/article>\n<\/div>\n<\/div>\n<\/article>\n<\/div>\n<\/div>\n<\/article>\n<\/div>\n<\/div>\n<\/article>\n<\/div>\n<\/div>\n<\/article>\n<\/div>\n<\/div>\n<\/article>\n<\/div>\n<\/div>\n<\/article>\n<\/div>\n<\/div>\n<\/div>\n<\/div>\n<\/div>\n<\/article>\n<\/div>\n<\/div>\n<\/div>\n<\/div>\n<\/div>\n<\/article>\n<\/div>\n<\/div>\n<\/article>\n<\/div>\n<\/div>\n<\/article>\n<p>[\/vc_column_text][\/vc_accordion_tab]<\/p>\n<p>&nbsp;<\/p>\n<p>[\/vc_accordion][\/vc_column]<\/p>\n","protected":false},"featured_media":1612,"template":"","meta":{"_uf_show_specific_survey":0,"_uf_disable_surveys":false},"product_brand":[],"product_cat":[83,100],"product_tag":[],"class_list":{"0":"post-1609","1":"product","2":"type-product","3":"status-publish","4":"has-post-thumbnail","6":"product_cat-gesicht-und-koerper","7":"product_cat-beauty","8":"pa_groesse-20-stueck","10":"first","11":"instock","12":"taxable","13":"shipping-taxable","14":"purchasable","15":"product-type-variable"},"yoast_head":"<!-- This site is optimized with the Yoast SEO plugin v27.5 - https:\/\/yoast.com\/product\/yoast-seo-wordpress\/ -->\n<title>OWAY Beauty Compressed Face Mask - OWAY Shop<\/title>\n<meta name=\"description\" content=\"OWAY Beauty Compressed Face Mask ist eine komprimierte Gesichtsmasken aus Bambusfasern f\u00fcr Beauty Behandlungen. OWAY Face Mask jetzt kaufen!\" \/>\n<meta name=\"robots\" content=\"index, follow, max-snippet:-1, max-image-preview:large, max-video-preview:-1\" \/>\n<link rel=\"canonical\" href=\"https:\/\/christina-peter.de\/shop\/product\/oway-beauty-compressed-face-mask\/\" \/>\n<meta property=\"og:locale\" content=\"de_DE\" \/>\n<meta property=\"og:type\" content=\"article\" \/>\n<meta property=\"og:title\" content=\"OWAY Beauty Compressed Face Mask - OWAY Shop\" \/>\n<meta property=\"og:description\" content=\"OWAY Beauty Compressed Face Mask ist eine komprimierte Gesichtsmasken aus Bambusfasern f\u00fcr Beauty Behandlungen. OWAY Face Mask jetzt kaufen!\" \/>\n<meta property=\"og:url\" content=\"https:\/\/christina-peter.de\/shop\/product\/oway-beauty-compressed-face-mask\/\" \/>\n<meta property=\"og:site_name\" content=\"Oway Produkte online kaufen - pflanzliche, biologische &amp; nachhaltige Haarpflegeprodukte\" \/>\n<meta property=\"article:modified_time\" content=\"2022-08-30T13:01:11+00:00\" \/>\n<meta property=\"og:image\" content=\"https:\/\/christina-peter.de\/shop\/wp-content\/uploads\/2019\/07\/compressed-face-mask-fronte-e-commerce.jpeg\" \/>\n\t<meta property=\"og:image:width\" content=\"1600\" \/>\n\t<meta property=\"og:image:height\" content=\"1559\" \/>\n\t<meta property=\"og:image:type\" content=\"image\/jpeg\" \/>\n<meta name=\"twitter:card\" content=\"summary_large_image\" \/>\n<meta name=\"twitter:label1\" content=\"Gesch\u00e4tzte Lesezeit\" \/>\n\t<meta name=\"twitter:data1\" content=\"3\u00a0Minuten\" \/>\n<script type=\"application\/ld+json\" class=\"yoast-schema-graph\">{\"@context\":\"https:\\\/\\\/schema.org\",\"@graph\":[{\"@type\":\"WebPage\",\"@id\":\"https:\\\/\\\/christina-peter.de\\\/shop\\\/product\\\/oway-beauty-compressed-face-mask\\\/\",\"url\":\"https:\\\/\\\/christina-peter.de\\\/shop\\\/product\\\/oway-beauty-compressed-face-mask\\\/\",\"name\":\"OWAY Beauty Compressed Face Mask - OWAY Shop\",\"isPartOf\":{\"@id\":\"https:\\\/\\\/christina-peter.de\\\/shop\\\/#website\"},\"primaryImageOfPage\":{\"@id\":\"https:\\\/\\\/christina-peter.de\\\/shop\\\/product\\\/oway-beauty-compressed-face-mask\\\/#primaryimage\"},\"image\":{\"@id\":\"https:\\\/\\\/christina-peter.de\\\/shop\\\/product\\\/oway-beauty-compressed-face-mask\\\/#primaryimage\"},\"thumbnailUrl\":\"https:\\\/\\\/christina-peter.de\\\/shop\\\/wp-content\\\/uploads\\\/2019\\\/07\\\/compressed-face-mask-fronte-e-commerce.jpeg\",\"datePublished\":\"2019-07-30T12:07:59+00:00\",\"dateModified\":\"2022-08-30T13:01:11+00:00\",\"description\":\"OWAY Beauty Compressed Face Mask ist eine komprimierte Gesichtsmasken aus Bambusfasern f\u00fcr Beauty Behandlungen. OWAY Face Mask jetzt kaufen!\",\"breadcrumb\":{\"@id\":\"https:\\\/\\\/christina-peter.de\\\/shop\\\/product\\\/oway-beauty-compressed-face-mask\\\/#breadcrumb\"},\"inLanguage\":\"de\",\"potentialAction\":[{\"@type\":\"ReadAction\",\"target\":[\"https:\\\/\\\/christina-peter.de\\\/shop\\\/product\\\/oway-beauty-compressed-face-mask\\\/\"]}]},{\"@type\":\"ImageObject\",\"inLanguage\":\"de\",\"@id\":\"https:\\\/\\\/christina-peter.de\\\/shop\\\/product\\\/oway-beauty-compressed-face-mask\\\/#primaryimage\",\"url\":\"https:\\\/\\\/christina-peter.de\\\/shop\\\/wp-content\\\/uploads\\\/2019\\\/07\\\/compressed-face-mask-fronte-e-commerce.jpeg\",\"contentUrl\":\"https:\\\/\\\/christina-peter.de\\\/shop\\\/wp-content\\\/uploads\\\/2019\\\/07\\\/compressed-face-mask-fronte-e-commerce.jpeg\",\"width\":1600,\"height\":1559},{\"@type\":\"BreadcrumbList\",\"@id\":\"https:\\\/\\\/christina-peter.de\\\/shop\\\/product\\\/oway-beauty-compressed-face-mask\\\/#breadcrumb\",\"itemListElement\":[{\"@type\":\"ListItem\",\"position\":1,\"name\":\"Startseite\",\"item\":\"https:\\\/\\\/christina-peter.de\\\/shop\\\/\"},{\"@type\":\"ListItem\",\"position\":2,\"name\":\"Home\",\"item\":\"https:\\\/\\\/christina-peter.de\\\/shop\\\/\"},{\"@type\":\"ListItem\",\"position\":3,\"name\":\"OWAY Beauty Compressed Face Mask\"}]},{\"@type\":\"WebSite\",\"@id\":\"https:\\\/\\\/christina-peter.de\\\/shop\\\/#website\",\"url\":\"https:\\\/\\\/christina-peter.de\\\/shop\\\/\",\"name\":\"Oway Produkte online kaufen - pflanzliche, biologische &amp; nachhaltige Haarpflegeprodukte\",\"description\":\"Bei uns finden sie alles rund ums gesunde Haar. Wir vertreiben ausschlie\u00dflich pflanzliche, biologische &amp; nachhaltige Haarpflegeprodukte von Oway.\",\"potentialAction\":[{\"@type\":\"SearchAction\",\"target\":{\"@type\":\"EntryPoint\",\"urlTemplate\":\"https:\\\/\\\/christina-peter.de\\\/shop\\\/?s={search_term_string}\"},\"query-input\":{\"@type\":\"PropertyValueSpecification\",\"valueRequired\":true,\"valueName\":\"search_term_string\"}}],\"inLanguage\":\"de\"}]}<\/script>\n<!-- \/ Yoast SEO plugin. -->","yoast_head_json":{"title":"OWAY Beauty Compressed Face Mask - OWAY Shop","description":"OWAY Beauty Compressed Face Mask ist eine komprimierte Gesichtsmasken aus Bambusfasern f\u00fcr Beauty Behandlungen. OWAY Face Mask jetzt kaufen!","robots":{"index":"index","follow":"follow","max-snippet":"max-snippet:-1","max-image-preview":"max-image-preview:large","max-video-preview":"max-video-preview:-1"},"canonical":"https:\/\/christina-peter.de\/shop\/product\/oway-beauty-compressed-face-mask\/","og_locale":"de_DE","og_type":"article","og_title":"OWAY Beauty Compressed Face Mask - OWAY Shop","og_description":"OWAY Beauty Compressed Face Mask ist eine komprimierte Gesichtsmasken aus Bambusfasern f\u00fcr Beauty Behandlungen. OWAY Face Mask jetzt kaufen!","og_url":"https:\/\/christina-peter.de\/shop\/product\/oway-beauty-compressed-face-mask\/","og_site_name":"Oway Produkte online kaufen - pflanzliche, biologische &amp; nachhaltige Haarpflegeprodukte","article_modified_time":"2022-08-30T13:01:11+00:00","og_image":[{"width":1600,"height":1559,"url":"https:\/\/christina-peter.de\/shop\/wp-content\/uploads\/2019\/07\/compressed-face-mask-fronte-e-commerce.jpeg","type":"image\/jpeg"}],"twitter_card":"summary_large_image","twitter_misc":{"Gesch\u00e4tzte Lesezeit":"3\u00a0Minuten"},"schema":{"@context":"https:\/\/schema.org","@graph":[{"@type":"WebPage","@id":"https:\/\/christina-peter.de\/shop\/product\/oway-beauty-compressed-face-mask\/","url":"https:\/\/christina-peter.de\/shop\/product\/oway-beauty-compressed-face-mask\/","name":"OWAY Beauty Compressed Face Mask - OWAY Shop","isPartOf":{"@id":"https:\/\/christina-peter.de\/shop\/#website"},"primaryImageOfPage":{"@id":"https:\/\/christina-peter.de\/shop\/product\/oway-beauty-compressed-face-mask\/#primaryimage"},"image":{"@id":"https:\/\/christina-peter.de\/shop\/product\/oway-beauty-compressed-face-mask\/#primaryimage"},"thumbnailUrl":"https:\/\/christina-peter.de\/shop\/wp-content\/uploads\/2019\/07\/compressed-face-mask-fronte-e-commerce.jpeg","datePublished":"2019-07-30T12:07:59+00:00","dateModified":"2022-08-30T13:01:11+00:00","description":"OWAY Beauty Compressed Face Mask ist eine komprimierte Gesichtsmasken aus Bambusfasern f\u00fcr Beauty Behandlungen. OWAY Face Mask jetzt kaufen!","breadcrumb":{"@id":"https:\/\/christina-peter.de\/shop\/product\/oway-beauty-compressed-face-mask\/#breadcrumb"},"inLanguage":"de","potentialAction":[{"@type":"ReadAction","target":["https:\/\/christina-peter.de\/shop\/product\/oway-beauty-compressed-face-mask\/"]}]},{"@type":"ImageObject","inLanguage":"de","@id":"https:\/\/christina-peter.de\/shop\/product\/oway-beauty-compressed-face-mask\/#primaryimage","url":"https:\/\/christina-peter.de\/shop\/wp-content\/uploads\/2019\/07\/compressed-face-mask-fronte-e-commerce.jpeg","contentUrl":"https:\/\/christina-peter.de\/shop\/wp-content\/uploads\/2019\/07\/compressed-face-mask-fronte-e-commerce.jpeg","width":1600,"height":1559},{"@type":"BreadcrumbList","@id":"https:\/\/christina-peter.de\/shop\/product\/oway-beauty-compressed-face-mask\/#breadcrumb","itemListElement":[{"@type":"ListItem","position":1,"name":"Startseite","item":"https:\/\/christina-peter.de\/shop\/"},{"@type":"ListItem","position":2,"name":"Home","item":"https:\/\/christina-peter.de\/shop\/"},{"@type":"ListItem","position":3,"name":"OWAY Beauty Compressed Face Mask"}]},{"@type":"WebSite","@id":"https:\/\/christina-peter.de\/shop\/#website","url":"https:\/\/christina-peter.de\/shop\/","name":"Oway Produkte online kaufen - pflanzliche, biologische &amp; nachhaltige Haarpflegeprodukte","description":"Bei uns finden sie alles rund ums gesunde Haar. Wir vertreiben ausschlie\u00dflich pflanzliche, biologische &amp; nachhaltige Haarpflegeprodukte von Oway.","potentialAction":[{"@type":"SearchAction","target":{"@type":"EntryPoint","urlTemplate":"https:\/\/christina-peter.de\/shop\/?s={search_term_string}"},"query-input":{"@type":"PropertyValueSpecification","valueRequired":true,"valueName":"search_term_string"}}],"inLanguage":"de"}]}},"_links":{"self":[{"href":"https:\/\/christina-peter.de\/shop\/wp-json\/wp\/v2\/product\/1609","targetHints":{"allow":["GET"]}}],"collection":[{"href":"https:\/\/christina-peter.de\/shop\/wp-json\/wp\/v2\/product"}],"about":[{"href":"https:\/\/christina-peter.de\/shop\/wp-json\/wp\/v2\/types\/product"}],"wp:featuredmedia":[{"embeddable":true,"href":"https:\/\/christina-peter.de\/shop\/wp-json\/wp\/v2\/media\/1612"}],"wp:attachment":[{"href":"https:\/\/christina-peter.de\/shop\/wp-json\/wp\/v2\/media?parent=1609"}],"wp:term":[{"taxonomy":"product_brand","embeddable":true,"href":"https:\/\/christina-peter.de\/shop\/wp-json\/wp\/v2\/product_brand?post=1609"},{"taxonomy":"product_cat","embeddable":true,"href":"https:\/\/christina-peter.de\/shop\/wp-json\/wp\/v2\/product_cat?post=1609"},{"taxonomy":"product_tag","embeddable":true,"href":"https:\/\/christina-peter.de\/shop\/wp-json\/wp\/v2\/product_tag?post=1609"}],"curies":[{"name":"wp","href":"https:\/\/api.w.org\/{rel}","templated":true}]}}