{"id":1355,"date":"2019-07-25T11:18:02","date_gmt":"2019-07-25T09:18:02","guid":{"rendered":"https:\/\/christina-peter.de\/shop\/?post_type=product&#038;p=1355"},"modified":"2022-08-30T15:35:04","modified_gmt":"2022-08-30T13:35:04","slug":"oway-purifying-hair-bath-dry-scalps","status":"publish","type":"product","link":"https:\/\/christina-peter.de\/shop\/product\/oway-purifying-hair-bath-dry-scalps\/","title":{"rendered":"OWAY Purifying Hair Bath &#8211; Dry Scalps"},"content":{"rendered":"<div class=\"wpb-content-wrapper\"><p>[vc_row][vc_column][vc_empty_space height=&#8220;32&#8243;][vc_column_text]<\/p>\n<header>\n<header>\n<header>\n<header>\n<header>\n<header>\n<header>\n<header>\n<h4 class=\"product-line-title change-txt-color\" style=\"text-align: left;\">purifying<\/h4>\n<p class=\"product-line-title change-txt-color\" style=\"text-align: left;\">KL\u00c4RENDE UND REGULIERENDE METHODE F\u00dcR KOPFHAUT MIT FETTIGEN ODER TROCKENEN SCHUPPEN<\/p>\n<section class=\"htmlcontent abstract\">\n<p align=\"center\">\n<\/section>\n<p style=\"text-align: left;\"><b>Eine kl\u00e4rende Methode, um die Abschilfung der Kopfhaut zu regulieren und das erneute Auftreten im Lauf der Zeit zu verhindern. Wirkt sofort erfrischend und antiseptisch.\u00a0<\/b><\/p>\n<p style=\"text-align: left;\">Sowohl f\u00fcr trockene als auch f\u00fcr fettige Schuppen geeignet, mit zwei spezifischen intensiven Behandlungslinien. Dank der Milde des mit Reiswachs zubereiteten, hautfreundlichen Peelings auch f\u00fcr empfindliche Kopfhaut geeignet. Au\u00dferdem dank der speziellen Wirkung des Sojalecithins auch ideal, um lokalisierten Juckreiz ohne Schuppen zu erleichtern.<\/p>\n<p style=\"text-align: left;\">Schuppen sind eine \u00e4sthetische Unvollkommenheit der Kopfhaut, die gezielt behandelt werden muss. Die Linie PURIFYING verbindet die kl\u00e4rende Wirkung des biodynamischen Thymians mit dem leichten mechanischen Peeling des Mikrogranulates aus Reiswachs und die Behandlung wird durch zwei verschiedene Behandlungsschritte abgerundet: bei fettigen Schuppen wird die adstringierende und anti-bakterielle Wirkung von Puricomplex mit der talgregulierenden Wirkung von Phycosaccaride ACG kombiniert. Bei trockenen Schuppen werden die heilenden Eigenschaften der biologischen Weide und die talgstoppende und feuchtigkeitsspendende Wirkung der biotechnologischen Kombination Almeth kombiniert.<\/p>\n<p>&nbsp;<\/p>\n<\/header>\n<\/header>\n<header><\/header>\n<\/header>\n<\/header>\n<\/header>\n<\/header>\n<section><\/section>\n<section><\/section>\n<section><\/section>\n<section><\/section>\n<section><\/section>\n<\/header>\n<\/header>\n<p>[\/vc_column_text][\/vc_column][\/vc_row][vc_row css=&#8220;.vc_custom_1461961652033{border-top-width: 1px !important;border-top-color: #eeeeee !important;border-top-style: solid !important;}&#8220;][vc_column][\/vc_column][\/vc_row][vc_row type=&#8220;boxed&#8220; content_placement=&#8220;middle&#8220;][vc_column width=&#8220;1\/2&#8243; css=&#8220;.vc_custom_1462135333419{padding-top: 28px !important;padding-bottom: 28px !important;}&#8220;][vc_custom_heading text=&#8220;\u00c4therisches \u00d6l aus biodynamischem Rosmarin&#8220; font_container=&#8220;tag:h3|text_align:left&#8220; use_theme_fonts=&#8220;yes&#8220;][vc_empty_space height=&#8220;15px&#8220;][vc_column_text]Wirkt erfrischend, kl\u00e4rend und antimikrobisch, was insbesondere bei Kopfhautungleichgewichten von gro\u00dfem Nutzen ist. Au\u00dferdem wirkt es stimulierend: Beg\u00fcnstigt die Blutzirkulation an der Kopfhaut und verbessert gleichzeitig die Gesundheit und das Wachstum des Haars.[\/vc_column_text][\/vc_column][vc_column width=&#8220;1\/2&#8243;][vc_empty_space][vc_single_image image=&#8220;1973&#8243; img_size=&#8220;full&#8220; alignment=&#8220;right&#8220;][vc_empty_space][\/vc_column][\/vc_row][vc_row css=&#8220;.vc_custom_1461961652033{border-top-width: 1px !important;border-top-color: #eeeeee !important;border-top-style: solid !important;}&#8220;][vc_column][\/vc_column][\/vc_row][vc_row type=&#8220;boxed&#8220; content_placement=&#8220;middle&#8220; el_class=&#8220;nm-row-flex-col-reverse&#8220;][vc_column width=&#8220;1\/2&#8243; css=&#8220;.vc_custom_1462135341599{padding-top: 28px !important;padding-bottom: 28px !important;}&#8220;][vc_custom_heading text=&#8220;Hydrosolanum&#8220; font_container=&#8220;tag:h3|text_align:left&#8220; use_theme_fonts=&#8220;yes&#8220;][vc_empty_space height=&#8220;15px&#8220;][vc_column_text]Hydrosolanum ist eine Peptidkette aus hydrolysierten pflanzlichen Proteinen und Aminos\u00e4uren. Spendet entschuppter Kopfhaut auf milde Weise Feuchtigkeit und verleiht ihr Elastizit\u00e4t und ein Wohlgef\u00fchl. Hydrosolanum verbessert die Feuchtigkeitsversorgung und in weiterer Folge die Elastizit\u00e4t der Kopfhaut.[\/vc_column_text][\/vc_column][vc_column width=&#8220;1\/2&#8243;][vc_empty_space][vc_single_image image=&#8220;1972&#8243; img_size=&#8220;full&#8220;][vc_empty_space][\/vc_column][\/vc_row][vc_row css=&#8220;.vc_custom_1461961652033{border-top-width: 1px !important;border-top-color: #eeeeee !important;border-top-style: solid !important;}&#8220;][vc_column][\/vc_column][\/vc_row][vc_row type=&#8220;boxed&#8220; content_placement=&#8220;middle&#8220;][vc_column width=&#8220;1\/2&#8243; css=&#8220;.vc_custom_1462135350237{padding-top: 28px !important;padding-bottom: 28px !important;}&#8220;][vc_custom_heading text=&#8220;Biolin&#8220; font_container=&#8220;tag:h3|text_align:left&#8220; use_theme_fonts=&#8220;yes&#8220;][vc_empty_space height=&#8220;15px&#8220;][vc_column_text]Biolin ist ein nat&amp;uuml;rliches zuckerhaltiges Pr\u00e4biotikum, das pathogene Bakterien und Pilze bek\u00e4mpft, die Hautreizungen und Schuppen verursachen. Dabei werden jedoch &#8222;gute&#8220; Bakterien, die f\u00fcr eine gute Gesundheit der Kopfhaut unabdingbar sind, nicht beseitigt, sondern stimuliert und gest\u00e4rkt.[\/vc_column_text][\/vc_column][vc_column width=&#8220;1\/2&#8243;][vc_empty_space][vc_single_image image=&#8220;1972&#8243; img_size=&#8220;full&#8220; alignment=&#8220;right&#8220;][vc_empty_space][\/vc_column][\/vc_row][vc_row css=&#8220;.vc_custom_1461961652033{border-top-width: 1px !important;border-top-color: #eeeeee !important;border-top-style: solid !important;}&#8220;][vc_column][\/vc_column][\/vc_row][vc_row type=&#8220;boxed&#8220; content_placement=&#8220;middle&#8220; el_class=&#8220;nm-row-flex-col-reverse&#8220;][vc_column width=&#8220;1\/2&#8243; css=&#8220;.vc_custom_1462135341599{padding-top: 28px !important;padding-bottom: 28px !important;}&#8220;][vc_custom_heading text=&#8220;Almeth&#8220; font_container=&#8220;tag:h3|text_align:left&#8220; use_theme_fonts=&#8220;yes&#8220;][vc_empty_space height=&#8220;15px&#8220;][vc_column_text]Kombination aus Allantoin und einem Metionin-Derivat, die die feuchtigkeitsspendende und entz\u00fcndungslindernde Wirkung des ersten Bestandteils mit der Schuppen und Talg bek\u00e4mpfenden Wirkung von Metionin kombiniert.[\/vc_column_text][\/vc_column][vc_column width=&#8220;1\/2&#8243;][vc_empty_space][vc_single_image image=&#8220;1972&#8243; img_size=&#8220;full&#8220;][vc_empty_space][\/vc_column][\/vc_row][vc_row css=&#8220;.vc_custom_1461961652033{border-top-width: 1px !important;border-top-color: #eeeeee !important;border-top-style: solid !important;}&#8220;][vc_column][\/vc_column][\/vc_row][vc_row type=&#8220;boxed&#8220; content_placement=&#8220;middle&#8220;][vc_column width=&#8220;1\/2&#8243; css=&#8220;.vc_custom_1462135350237{padding-top: 28px !important;padding-bottom: 28px !important;}&#8220;][vc_custom_heading text=&#8220;Mikrogranulat aus Reiswachs&#8220; font_container=&#8220;tag:h3|text_align:left&#8220; use_theme_fonts=&#8220;yes&#8220;][vc_empty_space height=&#8220;15px&#8220;][vc_column_text]Die Mikrok\u00fcgelchen aus Reiswachs wirken auf nat\u00fcrliche Weise sanft peelend und sind effizient in der Entfernung von angesammelten fetten und trockenen Hautschuppen. Beg\u00fcnstigen die sanfte Entfernung von Schuppen sowie die Reinigung der Kopfhaut. Die Mikrozirkulation in der Kopfhaut wird stimuliert.[\/vc_column_text][\/vc_column][vc_column width=&#8220;1\/2&#8243;][vc_empty_space][vc_single_image image=&#8220;1993&#8243; img_size=&#8220;full&#8220; alignment=&#8220;right&#8220;][vc_empty_space][\/vc_column][\/vc_row][vc_row css=&#8220;.vc_custom_1461961652033{border-top-width: 1px !important;border-top-color: #eeeeee !important;border-top-style: solid !important;}&#8220;][vc_column][\/vc_column][\/vc_row][vc_row type=&#8220;boxed&#8220; content_placement=&#8220;middle&#8220; el_class=&#8220;nm-row-flex-col-reverse&#8220;][vc_column width=&#8220;1\/2&#8243; css=&#8220;.vc_custom_1462135341599{padding-top: 28px !important;padding-bottom: 28px !important;}&#8220;][vc_custom_heading text=&#8220;Reiner biodynamischer Thymian und Extrakt aus Thymian&#8220; font_container=&#8220;tag:h3|text_align:left&#8220; use_theme_fonts=&#8220;yes&#8220;][vc_empty_space height=&#8220;15px&#8220;][vc_column_text]Thymian ist ein nat\u00fcrlicher, Tonus spendender Wirkstoff, der die Mikrozirkulation anregt und antimikrobisch, talgregulierend sowie antiseptisch wirkt. So ist er ideal f\u00fcr die Behandlung von fettiger und\/oder schuppiger Kopfhaut.[\/vc_column_text][\/vc_column][vc_column width=&#8220;1\/2&#8243;][vc_empty_space][vc_single_image image=&#8220;1992&#8243; img_size=&#8220;full&#8220;][vc_empty_space][\/vc_column][\/vc_row][vc_row][vc_column][vc_column_text]<\/p>\n<section class=\"banner-customer-care\">\n<article class=\"bg-model-03\">\n<div class=\"corpo\">\n<div class=\"inner\" style=\"text-align: left;\"><\/div>\n<\/div>\n<\/article>\n<\/section>\n<p>[\/vc_column_text][\/vc_column][\/vc_row]<\/p>\n<\/div>","protected":false},"excerpt":{"rendered":"<div class=\"page\" title=\"Page 14\">\n<div class=\"layoutArea\">\n<div class=\"column\">\n<div class=\"page\" title=\"Page 29\">\n<div class=\"layoutArea\">\n<div class=\"column\">\n<p>Lindernde und kl\u00e4rende Haarw\u00e4sche f\u00fcr Kopfhaut und Haar bei trockenen Schuppen.<\/p>\n<p>&nbsp;<\/p>\n<\/div>\n<\/div>\n<\/div>\n<\/div>\n<\/div>\n<\/div>\n<p>[vc_column][vc_accordion collapsible=&#8220;yes&#8220;][vc_accordion_tab title=&#8220;Vorteile&#8220;][vc_column_text]<\/p>\n<article class=\"panel panel-default\">\n<div id=\"acco-Benefici\" class=\"panel-collapse collapse in\">\n<div class=\"panel-body htmlcontent\">\n<p>Baut das Gleichgewicht der Kopfhaut wieder auf und beseitigt trockene Schuppen. Reinigt sanft und wirkt leicht feuchtigkeitsspendend.<\/p>\n<\/div>\n<\/div>\n<\/article>\n<p>[\/vc_column_text][\/vc_accordion_tab][vc_accordion_tab title=&#8220;Anwendung des Produkts&#8220;][vc_column_text]<\/p>\n<article class=\"panel panel-default\">\n<div id=\"acco-IstruzioniUso\" class=\"panel-collapse collapse in\">\n<div class=\"panel-body htmlcontent\">\n<article class=\"panel panel-default\">\n<div id=\"acco-IstruzioniUso\" class=\"panel-collapse collapse in\">\n<div class=\"panel-body htmlcontent\">\n<article class=\"panel panel-default\">\n<div id=\"acco-IstruzioniUso\" class=\"panel-collapse collapse in\">\n<div class=\"panel-body htmlcontent\">\n<div class=\"page\" title=\"Page 14\">\n<div class=\"layoutArea\">\n<div class=\"column\">\n<article class=\"panel panel-default\">\n<div id=\"acco-IstruzioniUso\" class=\"panel-collapse collapse in\">\n<div class=\"panel-body htmlcontent\">\n<div class=\"page\" title=\"Page 29\">\n<div class=\"layoutArea\">\n<div class=\"column\">\n<article class=\"panel panel-default\">\n<div id=\"acco-IstruzioniUso\" class=\"panel-collapse collapse in\">\n<div class=\"panel-body htmlcontent\">\n<article class=\"panel panel-default\">\n<div id=\"acco-IstruzioniUso\" class=\"panel-collapse collapse in\">\n<div class=\"panel-body htmlcontent\">\n<article class=\"panel panel-default\">\n<div id=\"acco-IstruzioniUso\" class=\"panel-collapse collapse in\">\n<div class=\"panel-body htmlcontent\">\n<article class=\"panel panel-default\">\n<div id=\"acco-IstruzioniUso\" class=\"panel-collapse collapse in\">\n<div class=\"panel-body htmlcontent\">\n<article class=\"panel panel-default\">\n<div id=\"acco-IstruzioniUso\" class=\"panel-collapse collapse in\">\n<div class=\"panel-body htmlcontent\">\n<article class=\"panel panel-default\">\n<div id=\"acco-IstruzioniUso\" class=\"panel-collapse collapse in\">\n<div class=\"panel-body htmlcontent\">\n<p>Im feuchten Haar verteilen, einmassieren und aussp\u00fclen. Falls notwendig wiederholen.<\/p>\n<\/div>\n<\/div>\n<\/article>\n<\/div>\n<\/div>\n<\/article>\n<\/div>\n<\/div>\n<\/article>\n<\/div>\n<\/div>\n<\/article>\n<\/div>\n<\/div>\n<\/article>\n<\/div>\n<\/div>\n<\/article>\n<\/div>\n<\/div>\n<\/div>\n<\/div>\n<\/div>\n<\/article>\n<\/div>\n<\/div>\n<\/div>\n<\/div>\n<\/div>\n<\/article>\n<\/div>\n<\/div>\n<\/article>\n<\/div>\n<\/div>\n<\/article>\n<p>[\/vc_column_text][\/vc_accordion_tab][vc_accordion_tab title=&#8220;Wirkstoffe&#8220;][vc_column_text]<\/p>\n<p><b>Biodynamischer Rosmarin<\/b>\u00a0&#8211;\u00a0Wirkt antimikrobisch und erfrischend, ideal zur Behandlung von gereizter Kopfhaut.<\/p>\n<p><b>Biologische Weide<\/b>\u00a0&#8211; Dank des Vorhandenseins eines Phytokomplexes, der besonders reich an Flavonoiden und Salicylglucose (Vorstufe der Salicyls\u00e4ure, enth\u00e4lt Zuckermolek\u00fcle) ist, wirkt sie auf der Kopfhaut antibakteriell, entz\u00fcndungshemmend und tonifizierend.<\/p>\n<p><b>Fair gehandeltes Teakholz<\/b>\u00a0&#8211;\u00a0St\u00e4rkt die Haarstruktur. Antibakterielle Wirkung.<\/p>\n<p><b>Fair gehandeltes Mahagoniholz<\/b>\u00a0&#8211;\u00a0Wirkt auf der Haut antiseptisch und adstringierend, dem Haar spendet es hingegen Tonus und Energie.<\/p>\n<p>[\/vc_column_text][\/vc_accordion_tab][vc_accordion_tab title=&#8220;Enth\u00e4lt nicht&#8220;][vc_column_text]<\/p>\n<article class=\"panel panel-default\">\n<div id=\"acco-NonContiene\" class=\"panel-collapse collapse in\">\n<div class=\"panel-body htmlcontent\">\n<article class=\"panel panel-default\">\n<div id=\"acco-NonContiene\" class=\"panel-collapse collapse in\">\n<div class=\"panel-body htmlcontent\">\n<article class=\"panel panel-default\">\n<div id=\"acco-NonContiene\" class=\"panel-collapse collapse in\">\n<div class=\"panel-body htmlcontent\">\n<article class=\"panel panel-default\">\n<div id=\"acco-NonContiene\" class=\"panel-collapse collapse in\">\n<div class=\"panel-body htmlcontent\">\n<article class=\"panel panel-default\">\n<div id=\"acco-NonContiene\" class=\"panel-collapse collapse in\">\n<div class=\"panel-body htmlcontent\">\n<article class=\"panel panel-default\">\n<div id=\"acco-NonContiene\" class=\"panel-collapse collapse in\">\n<div class=\"panel-body htmlcontent\">\n<article class=\"panel panel-default\">\n<div id=\"acco-NonContiene\" class=\"panel-collapse collapse in\">\n<div class=\"panel-body htmlcontent\">\n<article class=\"panel panel-default\">\n<div id=\"acco-NonContiene\" class=\"panel-collapse collapse in\">\n<div class=\"panel-body htmlcontent\">\n<article class=\"panel panel-default\">\n<div id=\"acco-NonContiene\" class=\"panel-collapse collapse in\">\n<div class=\"panel-body htmlcontent\">\n<article class=\"panel panel-default\">\n<div id=\"acco-NonContiene\" class=\"panel-collapse collapse in\">\n<div class=\"panel-body htmlcontent\">\n<p>SLS &amp; SLES \/ PARABENE \/ PETROLATE\/ PEG, PG &amp; BBG \/ EDTA \/ SYNTHETISCHE DUFTSTOFFE \/ K\u00dcNSTLICHE FARBSTOFFE<\/p>\n<\/div>\n<\/div>\n<\/article>\n<\/div>\n<\/div>\n<\/article>\n<\/div>\n<\/div>\n<\/article>\n<\/div>\n<\/div>\n<\/article>\n<\/div>\n<\/div>\n<\/article>\n<\/div>\n<\/div>\n<\/article>\n<\/div>\n<\/div>\n<\/article>\n<\/div>\n<\/div>\n<\/article>\n<\/div>\n<\/div>\n<\/article>\n<\/div>\n<\/div>\n<\/article>\n<p>[\/vc_column_text][\/vc_accordion_tab][vc_accordion_tab title=&#8220;pH&#8220;][vc_column_text]<\/p>\n<article class=\"panel panel-default\">\n<div id=\"acco-Ph\" class=\"panel-collapse collapse in\">\n<div class=\"panel-body htmlcontent\">\n<article class=\"panel panel-default\">\n<div id=\"acco-Ph\" class=\"panel-collapse collapse in\">\n<div class=\"panel-body htmlcontent\">\n<article class=\"panel panel-default\">\n<div id=\"acco-Ph\" class=\"panel-collapse collapse in\">\n<div class=\"panel-body htmlcontent\">\n<article class=\"panel panel-default\">\n<div id=\"acco-Ph\" class=\"panel-collapse collapse in\">\n<div class=\"panel-body htmlcontent\">\n<article class=\"panel panel-default\">\n<div id=\"acco-Ph\" class=\"panel-collapse collapse in\">\n<div class=\"panel-body htmlcontent\">3,5 \u2013 4,5<\/div>\n<\/div>\n<\/article>\n<\/div>\n<\/div>\n<\/article>\n<\/div>\n<\/div>\n<\/article>\n<\/div>\n<\/div>\n<\/article>\n<\/div>\n<div>[\/vc_column_text][\/vc_accordion_tab]<\/div>\n<\/div>\n<\/article>\n<p>[\/vc_accordion][\/vc_column]<\/p>\n","protected":false},"featured_media":1357,"template":"","meta":{"_uf_show_specific_survey":0,"_uf_disable_surveys":false},"product_brand":[],"product_cat":[67,72],"product_tag":[],"class_list":{"0":"post-1355","1":"product","2":"type-product","3":"status-publish","4":"has-post-thumbnail","6":"product_cat-spezialbehandlungen","7":"product_cat-purifying","8":"pa_groesse-240ml","10":"first","11":"instock","12":"taxable","13":"shipping-taxable","14":"purchasable","15":"product-type-variable"},"yoast_head":"<!-- This site is optimized with the Yoast SEO plugin v27.5 - https:\/\/yoast.com\/product\/yoast-seo-wordpress\/ -->\n<title>OWAY Purifying Hair Bath - Dry Scalps - OWAY Shop<\/title>\n<meta name=\"description\" content=\"OWAY Purifying Hair Bath Dry Scalps kaufen online, Lindernde und kl\u00e4rende Haarw\u00e4sche f\u00fcr Kopfhaut und Haar bei trockenen Schuppen. jetzt bestellen!\" \/>\n<meta name=\"robots\" content=\"index, follow, max-snippet:-1, max-image-preview:large, max-video-preview:-1\" \/>\n<link rel=\"canonical\" href=\"https:\/\/christina-peter.de\/shop\/product\/oway-purifying-hair-bath-dry-scalps\/\" \/>\n<meta property=\"og:locale\" content=\"de_DE\" \/>\n<meta property=\"og:type\" content=\"article\" \/>\n<meta property=\"og:title\" content=\"OWAY Purifying Hair Bath - Dry Scalps - OWAY Shop\" \/>\n<meta property=\"og:description\" content=\"OWAY Purifying Hair Bath Dry Scalps kaufen online, Lindernde und kl\u00e4rende Haarw\u00e4sche f\u00fcr Kopfhaut und Haar bei trockenen Schuppen. jetzt bestellen!\" \/>\n<meta property=\"og:url\" content=\"https:\/\/christina-peter.de\/shop\/product\/oway-purifying-hair-bath-dry-scalps\/\" \/>\n<meta property=\"og:site_name\" content=\"Oway Produkte online kaufen - pflanzliche, biologische &amp; nachhaltige Haarpflegeprodukte\" \/>\n<meta property=\"article:modified_time\" content=\"2022-08-30T13:35:04+00:00\" \/>\n<meta property=\"og:image\" content=\"https:\/\/christina-peter.de\/shop\/wp-content\/uploads\/2019\/07\/purifying-dry-scalps_-fronte_sito.jpg\" \/>\n\t<meta property=\"og:image:width\" content=\"1600\" \/>\n\t<meta property=\"og:image:height\" content=\"1560\" \/>\n\t<meta property=\"og:image:type\" content=\"image\/jpeg\" \/>\n<meta name=\"twitter:card\" content=\"summary_large_image\" \/>\n<meta name=\"twitter:label1\" content=\"Gesch\u00e4tzte Lesezeit\" \/>\n\t<meta name=\"twitter:data1\" content=\"5\u00a0Minuten\" \/>\n<script type=\"application\/ld+json\" class=\"yoast-schema-graph\">{\"@context\":\"https:\\\/\\\/schema.org\",\"@graph\":[{\"@type\":\"WebPage\",\"@id\":\"https:\\\/\\\/christina-peter.de\\\/shop\\\/product\\\/oway-purifying-hair-bath-dry-scalps\\\/\",\"url\":\"https:\\\/\\\/christina-peter.de\\\/shop\\\/product\\\/oway-purifying-hair-bath-dry-scalps\\\/\",\"name\":\"OWAY Purifying Hair Bath - Dry Scalps - OWAY Shop\",\"isPartOf\":{\"@id\":\"https:\\\/\\\/christina-peter.de\\\/shop\\\/#website\"},\"primaryImageOfPage\":{\"@id\":\"https:\\\/\\\/christina-peter.de\\\/shop\\\/product\\\/oway-purifying-hair-bath-dry-scalps\\\/#primaryimage\"},\"image\":{\"@id\":\"https:\\\/\\\/christina-peter.de\\\/shop\\\/product\\\/oway-purifying-hair-bath-dry-scalps\\\/#primaryimage\"},\"thumbnailUrl\":\"https:\\\/\\\/christina-peter.de\\\/shop\\\/wp-content\\\/uploads\\\/2019\\\/07\\\/purifying-dry-scalps_-fronte_sito.jpg\",\"datePublished\":\"2019-07-25T09:18:02+00:00\",\"dateModified\":\"2022-08-30T13:35:04+00:00\",\"description\":\"OWAY Purifying Hair Bath Dry Scalps kaufen online, Lindernde und kl\u00e4rende Haarw\u00e4sche f\u00fcr Kopfhaut und Haar bei trockenen Schuppen. jetzt bestellen!\",\"breadcrumb\":{\"@id\":\"https:\\\/\\\/christina-peter.de\\\/shop\\\/product\\\/oway-purifying-hair-bath-dry-scalps\\\/#breadcrumb\"},\"inLanguage\":\"de\",\"potentialAction\":[{\"@type\":\"ReadAction\",\"target\":[\"https:\\\/\\\/christina-peter.de\\\/shop\\\/product\\\/oway-purifying-hair-bath-dry-scalps\\\/\"]}]},{\"@type\":\"ImageObject\",\"inLanguage\":\"de\",\"@id\":\"https:\\\/\\\/christina-peter.de\\\/shop\\\/product\\\/oway-purifying-hair-bath-dry-scalps\\\/#primaryimage\",\"url\":\"https:\\\/\\\/christina-peter.de\\\/shop\\\/wp-content\\\/uploads\\\/2019\\\/07\\\/purifying-dry-scalps_-fronte_sito.jpg\",\"contentUrl\":\"https:\\\/\\\/christina-peter.de\\\/shop\\\/wp-content\\\/uploads\\\/2019\\\/07\\\/purifying-dry-scalps_-fronte_sito.jpg\",\"width\":1600,\"height\":1560},{\"@type\":\"BreadcrumbList\",\"@id\":\"https:\\\/\\\/christina-peter.de\\\/shop\\\/product\\\/oway-purifying-hair-bath-dry-scalps\\\/#breadcrumb\",\"itemListElement\":[{\"@type\":\"ListItem\",\"position\":1,\"name\":\"Startseite\",\"item\":\"https:\\\/\\\/christina-peter.de\\\/shop\\\/\"},{\"@type\":\"ListItem\",\"position\":2,\"name\":\"Home\",\"item\":\"https:\\\/\\\/christina-peter.de\\\/shop\\\/\"},{\"@type\":\"ListItem\",\"position\":3,\"name\":\"OWAY Purifying Hair Bath &#8211; Dry Scalps\"}]},{\"@type\":\"WebSite\",\"@id\":\"https:\\\/\\\/christina-peter.de\\\/shop\\\/#website\",\"url\":\"https:\\\/\\\/christina-peter.de\\\/shop\\\/\",\"name\":\"Oway Produkte online kaufen - pflanzliche, biologische &amp; nachhaltige Haarpflegeprodukte\",\"description\":\"Bei uns finden sie alles rund ums gesunde Haar. Wir vertreiben ausschlie\u00dflich pflanzliche, biologische &amp; nachhaltige Haarpflegeprodukte von Oway.\",\"potentialAction\":[{\"@type\":\"SearchAction\",\"target\":{\"@type\":\"EntryPoint\",\"urlTemplate\":\"https:\\\/\\\/christina-peter.de\\\/shop\\\/?s={search_term_string}\"},\"query-input\":{\"@type\":\"PropertyValueSpecification\",\"valueRequired\":true,\"valueName\":\"search_term_string\"}}],\"inLanguage\":\"de\"}]}<\/script>\n<!-- \/ Yoast SEO plugin. -->","yoast_head_json":{"title":"OWAY Purifying Hair Bath - Dry Scalps - OWAY Shop","description":"OWAY Purifying Hair Bath Dry Scalps kaufen online, Lindernde und kl\u00e4rende Haarw\u00e4sche f\u00fcr Kopfhaut und Haar bei trockenen Schuppen. jetzt bestellen!","robots":{"index":"index","follow":"follow","max-snippet":"max-snippet:-1","max-image-preview":"max-image-preview:large","max-video-preview":"max-video-preview:-1"},"canonical":"https:\/\/christina-peter.de\/shop\/product\/oway-purifying-hair-bath-dry-scalps\/","og_locale":"de_DE","og_type":"article","og_title":"OWAY Purifying Hair Bath - Dry Scalps - OWAY Shop","og_description":"OWAY Purifying Hair Bath Dry Scalps kaufen online, Lindernde und kl\u00e4rende Haarw\u00e4sche f\u00fcr Kopfhaut und Haar bei trockenen Schuppen. jetzt bestellen!","og_url":"https:\/\/christina-peter.de\/shop\/product\/oway-purifying-hair-bath-dry-scalps\/","og_site_name":"Oway Produkte online kaufen - pflanzliche, biologische &amp; nachhaltige Haarpflegeprodukte","article_modified_time":"2022-08-30T13:35:04+00:00","og_image":[{"width":1600,"height":1560,"url":"https:\/\/christina-peter.de\/shop\/wp-content\/uploads\/2019\/07\/purifying-dry-scalps_-fronte_sito.jpg","type":"image\/jpeg"}],"twitter_card":"summary_large_image","twitter_misc":{"Gesch\u00e4tzte Lesezeit":"5\u00a0Minuten"},"schema":{"@context":"https:\/\/schema.org","@graph":[{"@type":"WebPage","@id":"https:\/\/christina-peter.de\/shop\/product\/oway-purifying-hair-bath-dry-scalps\/","url":"https:\/\/christina-peter.de\/shop\/product\/oway-purifying-hair-bath-dry-scalps\/","name":"OWAY Purifying Hair Bath - Dry Scalps - OWAY Shop","isPartOf":{"@id":"https:\/\/christina-peter.de\/shop\/#website"},"primaryImageOfPage":{"@id":"https:\/\/christina-peter.de\/shop\/product\/oway-purifying-hair-bath-dry-scalps\/#primaryimage"},"image":{"@id":"https:\/\/christina-peter.de\/shop\/product\/oway-purifying-hair-bath-dry-scalps\/#primaryimage"},"thumbnailUrl":"https:\/\/christina-peter.de\/shop\/wp-content\/uploads\/2019\/07\/purifying-dry-scalps_-fronte_sito.jpg","datePublished":"2019-07-25T09:18:02+00:00","dateModified":"2022-08-30T13:35:04+00:00","description":"OWAY Purifying Hair Bath Dry Scalps kaufen online, Lindernde und kl\u00e4rende Haarw\u00e4sche f\u00fcr Kopfhaut und Haar bei trockenen Schuppen. jetzt bestellen!","breadcrumb":{"@id":"https:\/\/christina-peter.de\/shop\/product\/oway-purifying-hair-bath-dry-scalps\/#breadcrumb"},"inLanguage":"de","potentialAction":[{"@type":"ReadAction","target":["https:\/\/christina-peter.de\/shop\/product\/oway-purifying-hair-bath-dry-scalps\/"]}]},{"@type":"ImageObject","inLanguage":"de","@id":"https:\/\/christina-peter.de\/shop\/product\/oway-purifying-hair-bath-dry-scalps\/#primaryimage","url":"https:\/\/christina-peter.de\/shop\/wp-content\/uploads\/2019\/07\/purifying-dry-scalps_-fronte_sito.jpg","contentUrl":"https:\/\/christina-peter.de\/shop\/wp-content\/uploads\/2019\/07\/purifying-dry-scalps_-fronte_sito.jpg","width":1600,"height":1560},{"@type":"BreadcrumbList","@id":"https:\/\/christina-peter.de\/shop\/product\/oway-purifying-hair-bath-dry-scalps\/#breadcrumb","itemListElement":[{"@type":"ListItem","position":1,"name":"Startseite","item":"https:\/\/christina-peter.de\/shop\/"},{"@type":"ListItem","position":2,"name":"Home","item":"https:\/\/christina-peter.de\/shop\/"},{"@type":"ListItem","position":3,"name":"OWAY Purifying Hair Bath &#8211; Dry Scalps"}]},{"@type":"WebSite","@id":"https:\/\/christina-peter.de\/shop\/#website","url":"https:\/\/christina-peter.de\/shop\/","name":"Oway Produkte online kaufen - pflanzliche, biologische &amp; nachhaltige Haarpflegeprodukte","description":"Bei uns finden sie alles rund ums gesunde Haar. Wir vertreiben ausschlie\u00dflich pflanzliche, biologische &amp; nachhaltige Haarpflegeprodukte von Oway.","potentialAction":[{"@type":"SearchAction","target":{"@type":"EntryPoint","urlTemplate":"https:\/\/christina-peter.de\/shop\/?s={search_term_string}"},"query-input":{"@type":"PropertyValueSpecification","valueRequired":true,"valueName":"search_term_string"}}],"inLanguage":"de"}]}},"_links":{"self":[{"href":"https:\/\/christina-peter.de\/shop\/wp-json\/wp\/v2\/product\/1355","targetHints":{"allow":["GET"]}}],"collection":[{"href":"https:\/\/christina-peter.de\/shop\/wp-json\/wp\/v2\/product"}],"about":[{"href":"https:\/\/christina-peter.de\/shop\/wp-json\/wp\/v2\/types\/product"}],"wp:featuredmedia":[{"embeddable":true,"href":"https:\/\/christina-peter.de\/shop\/wp-json\/wp\/v2\/media\/1357"}],"wp:attachment":[{"href":"https:\/\/christina-peter.de\/shop\/wp-json\/wp\/v2\/media?parent=1355"}],"wp:term":[{"taxonomy":"product_brand","embeddable":true,"href":"https:\/\/christina-peter.de\/shop\/wp-json\/wp\/v2\/product_brand?post=1355"},{"taxonomy":"product_cat","embeddable":true,"href":"https:\/\/christina-peter.de\/shop\/wp-json\/wp\/v2\/product_cat?post=1355"},{"taxonomy":"product_tag","embeddable":true,"href":"https:\/\/christina-peter.de\/shop\/wp-json\/wp\/v2\/product_tag?post=1355"}],"curies":[{"name":"wp","href":"https:\/\/api.w.org\/{rel}","templated":true}]}}