{"id":1337,"date":"2019-07-25T10:27:26","date_gmt":"2019-07-25T08:27:26","guid":{"rendered":"https:\/\/christina-peter.de\/shop\/?post_type=product&#038;p=1337"},"modified":"2025-01-14T09:32:48","modified_gmt":"2025-01-14T08:32:48","slug":"oway-plant-mineral-refresh","status":"publish","type":"product","link":"https:\/\/christina-peter.de\/shop\/product\/oway-plant-mineral-refresh\/","title":{"rendered":"OWAY Plant &#038; Mineral Refresh"},"content":{"rendered":"<p><b>Zu h\u00e4ufige Haarw\u00e4schen, aggressive Reinigungsmethoden, Ger\u00e4te mit Hitze:<\/b>Dies sind nur einige der Stressfaktoren, denen Kopfhaut und Haare regelm\u00e4\u00dfig ausgesetzt werden.\u00a0<b>Organic Way gibt sowohl im Beautysalon, als auch zuhause stets darauf Acht, dass Kopfhaut und Haar gesund bleiben und hat dieses besondere Reinigungsmittel ohne Wasser entwickelt.<\/b><\/p>\n<p><b>Plant &amp; mineral refresh\u00a0<\/b>schenkt Kopfhaut und Haar neues Leben und verl\u00e4ngert die Zeitabst\u00e4nde zwischen zwei Haarw\u00e4schen.\u00a0<b>Es frischt den Look mit seinem Volumen-Effekt unmittelbar auf,\u00a0<\/b>ohne dabei auf Wasser und Hei\u00dfluftger\u00e4te angewiesen zu sein, die zum Haaretrocknen verwendet werden.<\/p>\n<p><b>Eine reinigende, botanisch-mineralische Mischung, zu 100% aus Inhaltstoffen nat\u00fcrlichen Ursprungs zusammengesetzt<\/b>, die in der Lage ist, den Talg\u00fcberschuss aufzunehmen und den Haaren damit Leichtigkeit, Volumen und einen dezenten Duft zu verleihen.<\/p>\n<p><b>Plant &amp; mineral refresh\u00a0<\/b>ist\u00a0<b>geeignet f\u00fcr glattes, lockiges und gewelltes Haar, von fein bis dick<\/b>, da es F\u00fclle schenkt, ohne zu beschweren.<\/p>\n<p>Seine einzigartige Zusammensetzung ist reich an kostbaren Pflanzenwirkstoffen: Die\u00a0<b>biodynamische Minze<\/b>, adstringierend und reinigend, verleiht den Haarwurzeln Leichtigkeit und neue Frische und hilft ihnen, sich von \u00fcbersch\u00fcssigem Talg zu befreien; die\u00a0<b>St\u00e4rke aus Yucca und Reis\u00a0<\/b>als St\u00e4rkenkomplex, der die Fettigkeit aufsaugt und dem Haar mit\u00a0<b>lindernder Wirkung\u00a0<\/b>auf die Kopfhaut, Leichtigkeit verleiht; die\u00a0<b>Bio-Orange<\/b>,\u00a0<b><\/b>perfekt f\u00fcr leicht fettendes Haar, die Glanz und Energie schenkt; der remineralisierende und revitalisierende\u00a0<b>Bimsstein\u00a0<\/b>f\u00fcr die Haarfaser; die\u00a0<b>ethische rosa Tonerde aus dem Amazonas<\/b>, die auf die Kopfhaut wirkt, indem sie Unreinheiten aufnimmt und die Talgproduktion reguliert und schlie\u00dflich\u00a0<b>das Zeolith, aufgrund seiner reinigenden und entgiftenden Eigenschaften auch \u201eOrganismus-Kehrer\u201d genannt.\u00a0<\/b>Das Zeolith nimmt Gifte und chemische Produkte auf, indem es sie in seiner kristallinen Struktur einschlie\u00dft und aus dem Organismus entfernt.<b><\/b><b><\/b><\/p>\n<p><b>\u00a0<\/b><\/p>\n<p><b>Plant &amp; mineral refresh wird mit einem stets nachhaltigen Ansatz Teil des Oway Beauty- und Wellness-Universums:\u00a0<\/b>In seinem kostbaren Flakon aus 100% recyclebarem, get\u00f6nten Glas ist eine gleich in zweierlei Hinsicht umweltfreundliche Geste enthalten, da es ohne Wasser benutzt wird und konzentriert ist (keine Verschwendung!).<\/p>\n<p><b>ZUSAMMENSETZUNG OHNE WASSER \/ TALK FREI \/ DERMATOLOGISCH GETESTET \/ NICKEL GETESTET<\/b><\/p>\n","protected":false},"excerpt":{"rendered":"<div class=\"page\" title=\"Page 14\">\n<div class=\"layoutArea\">\n<div class=\"column\">\n<div class=\"page\" title=\"Page 29\">\n<div class=\"layoutArea\">\n<div class=\"column\">\n<p>Reinigende, botanisch-mineralische und volumengebende Haar-Mischung ohne Wasser. Dermatologisch und auf Nickel getestet.<\/p>\n<p>&nbsp;<\/p>\n<\/div>\n<\/div>\n<\/div>\n<\/div>\n<\/div>\n<\/div>\n<p>[vc_column][vc_accordion collapsible=&#8220;yes&#8220;][vc_accordion_tab title=&#8220;Vorteile&#8220;][vc_column_text]<\/p>\n<p>NEUES LEBEN F\u00dcR HAAR UND KOPFHAUT VON W\u00c4SCHE ZU W\u00c4SCHE<\/p>\n<article class=\"panel panel-default\">\n<div id=\"acco-Benefici\" class=\"panel-collapse collapse in\">\n<div class=\"panel-body htmlcontent\">\n<article class=\"panel panel-default\">\n<div id=\"acco-IstruzioniUso\" class=\"panel-collapse collapse in\">\n<div class=\"panel-body htmlcontent\">\n<article class=\"panel panel-default\">\n<div id=\"acco-Benefici\" class=\"panel-collapse collapse in\">\n<div class=\"panel-body htmlcontent\">\n<article class=\"panel panel-default\">\n<div id=\"acco-Benefici\" class=\"panel-collapse collapse in\">\n<div class=\"panel-body htmlcontent\">\n<article class=\"panel panel-default\">\n<div id=\"acco-Benefici\" class=\"panel-collapse collapse in\">\n<div class=\"panel-body htmlcontent\">\n<article class=\"panel panel-default\">\n<div id=\"acco-Benefici\" class=\"panel-collapse collapse in\">\n<div class=\"panel-body htmlcontent\">\n<ul>\n<li>Frischt den Look auf, ohne dabei Wasser zu ben\u00f6tigen<\/li>\n<li>Nimmt \u00fcbersch\u00fcssigen Talg auf und verleiht dem Haar damit Leichtigkeit, Volumen und einen dezenten Duft<\/li>\n<li>Verl\u00e4ngert die Zeitabst\u00e4nde zwischen zwei Haarw\u00e4schen<\/li>\n<li>Bringt das Haar in jeder Situation schnell in Ordnung<\/li>\n<li>L\u00e4sst die Frisur l\u00e4nger halten<\/li>\n<li>Vermindert die thermischen Belastungen, die aus der Verwendung von Ger\u00e4ten mit Hitze, die zum Haaretrocknen und Frisieren verwendet werden, resultieren<\/li>\n<li>Remineralisiert und kr\u00e4ftigt das Haar<\/li>\n<li>Beruhigt Juckreiz und Reizungen<\/li>\n<\/ul>\n<p>F\u00dcLLE UND VOLUMEN F\u00dcR ALLE HAARTYPEN<\/p>\n<ul>\n<li>Schenkt den Wurzeln frisch- und nicht frischgewaschener Haare Leben und Volumen<\/li>\n<li>Perfekt f\u00fcr feines Haar, da es F\u00fclle schenkt ohne zu beschweren<\/li>\n<li>Geeignet f\u00fcr glattes, lockiges und gewelltes Haar, von fein bis dick<\/li>\n<\/ul>\n<\/div>\n<\/div>\n<\/article>\n<\/div>\n<\/div>\n<\/article>\n<\/div>\n<\/div>\n<\/article>\n<\/div>\n<\/div>\n<\/article>\n<\/div>\n<\/div>\n<\/article>\n<\/div>\n<\/div>\n<\/article>\n<p>[\/vc_column_text][\/vc_accordion_tab][vc_accordion_tab title=&#8220;Anwendung des Produkts&#8220;][vc_column_text]<\/p>\n<article class=\"panel panel-default\">\n<div id=\"acco-IstruzioniUso\" class=\"panel-collapse collapse in\">\n<div class=\"panel-body htmlcontent\">\n<article class=\"panel panel-default\">\n<div id=\"acco-IstruzioniUso\" class=\"panel-collapse collapse in\">\n<div class=\"panel-body htmlcontent\">\n<article class=\"panel panel-default\">\n<div id=\"acco-IstruzioniUso\" class=\"panel-collapse collapse in\">\n<div class=\"panel-body htmlcontent\">\n<div class=\"page\" title=\"Page 14\">\n<div class=\"layoutArea\">\n<div class=\"column\">\n<article class=\"panel panel-default\">\n<div id=\"acco-IstruzioniUso\" class=\"panel-collapse collapse in\">\n<div class=\"panel-body htmlcontent\">\n<div class=\"page\" title=\"Page 29\">\n<div class=\"layoutArea\">\n<div class=\"column\">\n<article class=\"panel panel-default\">\n<div id=\"acco-IstruzioniUso\" class=\"panel-collapse collapse in\">\n<div class=\"panel-body htmlcontent\">\n<article class=\"panel panel-default\">\n<div id=\"acco-IstruzioniUso\" class=\"panel-collapse collapse in\">\n<div class=\"panel-body htmlcontent\">\n<article class=\"panel panel-default\">\n<div id=\"acco-IstruzioniUso\" class=\"panel-collapse collapse in\">\n<div class=\"panel-body htmlcontent\">\n<article class=\"panel panel-default\">\n<div id=\"acco-IstruzioniUso\" class=\"panel-collapse collapse in\">\n<div class=\"panel-body htmlcontent\">\n<article class=\"panel panel-default\">\n<div id=\"acco-IstruzioniUso\" class=\"panel-collapse collapse in\">\n<div class=\"panel-body htmlcontent\">\n<p>Auf die Haarwurzeln auftragen und einmassieren, um das Produkt zu verteilen. Ausb\u00fcrsten, um eventuell vorhandene R\u00fcckst\u00e4nde zu entfernen.<\/p>\n<\/div>\n<\/div>\n<\/article>\n<\/div>\n<\/div>\n<\/article>\n<\/div>\n<\/div>\n<\/article>\n<\/div>\n<\/div>\n<\/article>\n<\/div>\n<\/div>\n<\/article>\n<\/div>\n<\/div>\n<\/div>\n<\/div>\n<\/div>\n<\/article>\n<\/div>\n<\/div>\n<\/div>\n<\/div>\n<\/div>\n<\/article>\n<\/div>\n<\/div>\n<\/article>\n<\/div>\n<\/div>\n<\/article>\n<p>[\/vc_column_text][\/vc_accordion_tab][vc_accordion_tab title=&#8220;Wirkstoffe&#8220;][vc_column_text]<\/p>\n<ul>\n<li><b>Biodynamische Minze: adstringierend und reinigend verleiht sie den Haarwurzeln Leichtigkeit und neue Frische und hilft ihnen, sich von \u00fcbersch\u00fcssigem Talg zu befreien.\u00a0<\/b>F\u00f6rdert das Wachstum gesunder Haare. Mit ihren antiseptischen Eigenschaften wirkt sie juckender Kopfhaut entgegen.<\/li>\n<\/ul>\n<ul>\n<li><b>St\u00e4rke aus Yucca und Reis:<\/b>Ein\u00a0<b>St\u00e4rken<\/b>komplex von verschiedenen, aufeinander abgestimmten Molekulargewichten,\u00a0<b>die die Fettigkeit aufsaugen und dem Haar Leichtigkeit verleihen.\u00a0<\/b>Mit ihren lindernden Eigenschaften verhelfen sie der Kopfhaut dar\u00fcber hinaus zu Entspannung. Reich an Proteinen st\u00e4rken sie den Haarschaft.<\/li>\n<\/ul>\n<ul>\n<li><b>Bio-Orange: verleiht Glanz und Energie.\u00a0<\/b>Mit ihrer talgregulierenden Eigenschaft ist die Orange f\u00fcr leicht fettendes Haar geeignet.<\/li>\n<\/ul>\n<ul>\n<li><b>Bimsstein:\u00a0<\/b>Ein Lavastein-Pulver, das im Einklang mit den St\u00e4rken arbeitet und so die talgabsorbierende Wirkung vervollst\u00e4ndigt.\u00a0<b>Remineralisiert und revitalisiert die Haarfaser.<\/b><\/li>\n<\/ul>\n<ul>\n<li><b>Zeolith:\u00a0<\/b>Aufgrund seiner reinigenden und entgiftenden Eigenschaften auch \u201eOrganismus-Kehrer\u201d genannt,\u00a0<b>nimmt das Zeolith Gifte und chemische Produkte auf, die es in seiner kristallinen Struktur einschlie\u00dft und aus dem Organismus entfernt.\u00a0<\/b>Als Verb\u00fcndeter der Haut lindert es die Reizzust\u00e4nde der Kopfhaut und bek\u00e4mpft die freien Radikale.<\/li>\n<\/ul>\n<ul>\n<li><b>Ethische rosa Tonerde aus dem Amazonas:\u00a0<\/b>Entstanden aus der Mischung von roter und wei\u00dfer Tonerde, hat sie hautreinigende und weichmachende Eigenschaften.\u00a0<b>Sie wirkt auf die Kopfhaut, indem sie Unreinheiten aufnimmt und die Talgproduktion reguliert.<\/b><\/li>\n<\/ul>\n<p>[\/vc_column_text][\/vc_accordion_tab][vc_accordion_tab title=&#8220;Enth\u00e4lt nicht&#8220;][vc_column_text]<\/p>\n<article class=\"panel panel-default\">\n<div id=\"acco-NonContiene\" class=\"panel-collapse collapse in\">\n<div class=\"panel-body htmlcontent\">\n<article class=\"panel panel-default\">\n<div id=\"acco-NonContiene\" class=\"panel-collapse collapse in\">\n<div class=\"panel-body htmlcontent\">\n<article class=\"panel panel-default\">\n<div id=\"acco-NonContiene\" class=\"panel-collapse collapse in\">\n<div class=\"panel-body htmlcontent\">\n<article class=\"panel panel-default\">\n<div id=\"acco-NonContiene\" class=\"panel-collapse collapse in\">\n<div class=\"panel-body htmlcontent\">\n<article class=\"panel panel-default\">\n<div id=\"acco-NonContiene\" class=\"panel-collapse collapse in\">\n<div class=\"panel-body htmlcontent\">\n<article class=\"panel panel-default\">\n<div id=\"acco-NonContiene\" class=\"panel-collapse collapse in\">\n<div class=\"panel-body htmlcontent\">\n<article class=\"panel panel-default\">\n<div id=\"acco-NonContiene\" class=\"panel-collapse collapse in\">\n<div class=\"panel-body htmlcontent\">\n<article class=\"panel panel-default\">\n<div id=\"acco-NonContiene\" class=\"panel-collapse collapse in\">\n<div class=\"panel-body htmlcontent\">\n<article class=\"panel panel-default\">\n<div id=\"acco-NonContiene\" class=\"panel-collapse collapse in\">\n<div class=\"panel-body htmlcontent\">\n<article class=\"panel panel-default\">\n<div id=\"acco-NonContiene\" class=\"panel-collapse collapse in\">\n<div class=\"panel-body htmlcontent\">\n<p>100% pflanzlichen und mineralischen Ursprungs \/ Zusammensetzung ohne Wasser \/ TALC FREE<\/p>\n<\/div>\n<\/div>\n<\/article>\n<\/div>\n<\/div>\n<\/article>\n<\/div>\n<\/div>\n<\/article>\n<\/div>\n<\/div>\n<\/article>\n<\/div>\n<\/div>\n<\/article>\n<\/div>\n<\/div>\n<\/article>\n<\/div>\n<\/div>\n<\/article>\n<\/div>\n<\/div>\n<\/article>\n<\/div>\n<\/div>\n<\/article>\n<\/div>\n<\/div>\n<\/article>\n<p>[\/vc_column_text][\/vc_accordion_tab]<\/p>\n<p>[\/vc_accordion][\/vc_column]<\/p>\n","protected":false},"featured_media":1339,"template":"","meta":{"_uf_show_specific_survey":0,"_uf_disable_surveys":false},"product_brand":[],"product_cat":[54,69],"product_tag":[],"class_list":{"0":"post-1337","1":"product","2":"type-product","3":"status-publish","4":"has-post-thumbnail","6":"product_cat-haarpflege","7":"product_cat-andere","8":"pa_groesse-36g","10":"first","11":"instock","12":"taxable","13":"shipping-taxable","14":"purchasable","15":"product-type-variable"},"yoast_head":"<!-- This site is optimized with the Yoast SEO plugin v27.5 - https:\/\/yoast.com\/product\/yoast-seo-wordpress\/ -->\n<title>OWAY Plant &amp; Mineral Refresh - OWAY Shop<\/title>\n<meta name=\"description\" content=\"Kaufen OWAY Plant &amp; Mineral Refresh online im Oway Shop zu den besten Preisen. Holen pflanzlichen, biologischen und nachhaltigen Haarpflegeprodukte. Besuchen jetzt!\" \/>\n<meta name=\"robots\" content=\"index, follow, max-snippet:-1, max-image-preview:large, max-video-preview:-1\" \/>\n<link rel=\"canonical\" href=\"https:\/\/christina-peter.de\/shop\/product\/oway-plant-mineral-refresh\/\" \/>\n<meta property=\"og:locale\" content=\"de_DE\" \/>\n<meta property=\"og:type\" content=\"article\" \/>\n<meta property=\"og:title\" content=\"OWAY Plant &amp; Mineral Refresh - OWAY Shop\" \/>\n<meta property=\"og:description\" content=\"Kaufen OWAY Plant &amp; Mineral Refresh online im Oway Shop zu den besten Preisen. Holen pflanzlichen, biologischen und nachhaltigen Haarpflegeprodukte. Besuchen jetzt!\" \/>\n<meta property=\"og:url\" content=\"https:\/\/christina-peter.de\/shop\/product\/oway-plant-mineral-refresh\/\" \/>\n<meta property=\"og:site_name\" content=\"Oway Produkte online kaufen - pflanzliche, biologische &amp; nachhaltige Haarpflegeprodukte\" \/>\n<meta property=\"article:modified_time\" content=\"2025-01-14T08:32:48+00:00\" \/>\n<meta property=\"og:image\" content=\"https:\/\/christina-peter.de\/shop\/wp-content\/uploads\/2019\/07\/plant-mineral-fronte-sito.jpg\" \/>\n\t<meta property=\"og:image:width\" content=\"1600\" \/>\n\t<meta property=\"og:image:height\" content=\"1560\" \/>\n\t<meta property=\"og:image:type\" content=\"image\/jpeg\" \/>\n<meta name=\"twitter:card\" content=\"summary_large_image\" \/>\n<meta name=\"twitter:label1\" content=\"Gesch\u00e4tzte Lesezeit\" \/>\n\t<meta name=\"twitter:data1\" content=\"2\u00a0Minuten\" \/>\n<script type=\"application\/ld+json\" class=\"yoast-schema-graph\">{\"@context\":\"https:\\\/\\\/schema.org\",\"@graph\":[{\"@type\":\"WebPage\",\"@id\":\"https:\\\/\\\/christina-peter.de\\\/shop\\\/product\\\/oway-plant-mineral-refresh\\\/\",\"url\":\"https:\\\/\\\/christina-peter.de\\\/shop\\\/product\\\/oway-plant-mineral-refresh\\\/\",\"name\":\"OWAY Plant & Mineral Refresh - OWAY Shop\",\"isPartOf\":{\"@id\":\"https:\\\/\\\/christina-peter.de\\\/shop\\\/#website\"},\"primaryImageOfPage\":{\"@id\":\"https:\\\/\\\/christina-peter.de\\\/shop\\\/product\\\/oway-plant-mineral-refresh\\\/#primaryimage\"},\"image\":{\"@id\":\"https:\\\/\\\/christina-peter.de\\\/shop\\\/product\\\/oway-plant-mineral-refresh\\\/#primaryimage\"},\"thumbnailUrl\":\"https:\\\/\\\/christina-peter.de\\\/shop\\\/wp-content\\\/uploads\\\/2019\\\/07\\\/plant-mineral-fronte-sito.jpg\",\"datePublished\":\"2019-07-25T08:27:26+00:00\",\"dateModified\":\"2025-01-14T08:32:48+00:00\",\"description\":\"Kaufen OWAY Plant & Mineral Refresh online im Oway Shop zu den besten Preisen. Holen pflanzlichen, biologischen und nachhaltigen Haarpflegeprodukte. Besuchen jetzt!\",\"breadcrumb\":{\"@id\":\"https:\\\/\\\/christina-peter.de\\\/shop\\\/product\\\/oway-plant-mineral-refresh\\\/#breadcrumb\"},\"inLanguage\":\"de\",\"potentialAction\":[{\"@type\":\"ReadAction\",\"target\":[\"https:\\\/\\\/christina-peter.de\\\/shop\\\/product\\\/oway-plant-mineral-refresh\\\/\"]}]},{\"@type\":\"ImageObject\",\"inLanguage\":\"de\",\"@id\":\"https:\\\/\\\/christina-peter.de\\\/shop\\\/product\\\/oway-plant-mineral-refresh\\\/#primaryimage\",\"url\":\"https:\\\/\\\/christina-peter.de\\\/shop\\\/wp-content\\\/uploads\\\/2019\\\/07\\\/plant-mineral-fronte-sito.jpg\",\"contentUrl\":\"https:\\\/\\\/christina-peter.de\\\/shop\\\/wp-content\\\/uploads\\\/2019\\\/07\\\/plant-mineral-fronte-sito.jpg\",\"width\":1600,\"height\":1560},{\"@type\":\"BreadcrumbList\",\"@id\":\"https:\\\/\\\/christina-peter.de\\\/shop\\\/product\\\/oway-plant-mineral-refresh\\\/#breadcrumb\",\"itemListElement\":[{\"@type\":\"ListItem\",\"position\":1,\"name\":\"Startseite\",\"item\":\"https:\\\/\\\/christina-peter.de\\\/shop\\\/\"},{\"@type\":\"ListItem\",\"position\":2,\"name\":\"Home\",\"item\":\"https:\\\/\\\/christina-peter.de\\\/shop\\\/\"},{\"@type\":\"ListItem\",\"position\":3,\"name\":\"OWAY Plant &#038; Mineral Refresh\"}]},{\"@type\":\"WebSite\",\"@id\":\"https:\\\/\\\/christina-peter.de\\\/shop\\\/#website\",\"url\":\"https:\\\/\\\/christina-peter.de\\\/shop\\\/\",\"name\":\"Oway Produkte online kaufen - pflanzliche, biologische &amp; nachhaltige Haarpflegeprodukte\",\"description\":\"Bei uns finden sie alles rund ums gesunde Haar. Wir vertreiben ausschlie\u00dflich pflanzliche, biologische &amp; nachhaltige Haarpflegeprodukte von Oway.\",\"potentialAction\":[{\"@type\":\"SearchAction\",\"target\":{\"@type\":\"EntryPoint\",\"urlTemplate\":\"https:\\\/\\\/christina-peter.de\\\/shop\\\/?s={search_term_string}\"},\"query-input\":{\"@type\":\"PropertyValueSpecification\",\"valueRequired\":true,\"valueName\":\"search_term_string\"}}],\"inLanguage\":\"de\"}]}<\/script>\n<!-- \/ Yoast SEO plugin. -->","yoast_head_json":{"title":"OWAY Plant & Mineral Refresh - OWAY Shop","description":"Kaufen OWAY Plant & Mineral Refresh online im Oway Shop zu den besten Preisen. Holen pflanzlichen, biologischen und nachhaltigen Haarpflegeprodukte. Besuchen jetzt!","robots":{"index":"index","follow":"follow","max-snippet":"max-snippet:-1","max-image-preview":"max-image-preview:large","max-video-preview":"max-video-preview:-1"},"canonical":"https:\/\/christina-peter.de\/shop\/product\/oway-plant-mineral-refresh\/","og_locale":"de_DE","og_type":"article","og_title":"OWAY Plant & Mineral Refresh - OWAY Shop","og_description":"Kaufen OWAY Plant & Mineral Refresh online im Oway Shop zu den besten Preisen. Holen pflanzlichen, biologischen und nachhaltigen Haarpflegeprodukte. Besuchen jetzt!","og_url":"https:\/\/christina-peter.de\/shop\/product\/oway-plant-mineral-refresh\/","og_site_name":"Oway Produkte online kaufen - pflanzliche, biologische &amp; nachhaltige Haarpflegeprodukte","article_modified_time":"2025-01-14T08:32:48+00:00","og_image":[{"width":1600,"height":1560,"url":"https:\/\/christina-peter.de\/shop\/wp-content\/uploads\/2019\/07\/plant-mineral-fronte-sito.jpg","type":"image\/jpeg"}],"twitter_card":"summary_large_image","twitter_misc":{"Gesch\u00e4tzte Lesezeit":"2\u00a0Minuten"},"schema":{"@context":"https:\/\/schema.org","@graph":[{"@type":"WebPage","@id":"https:\/\/christina-peter.de\/shop\/product\/oway-plant-mineral-refresh\/","url":"https:\/\/christina-peter.de\/shop\/product\/oway-plant-mineral-refresh\/","name":"OWAY Plant & Mineral Refresh - OWAY Shop","isPartOf":{"@id":"https:\/\/christina-peter.de\/shop\/#website"},"primaryImageOfPage":{"@id":"https:\/\/christina-peter.de\/shop\/product\/oway-plant-mineral-refresh\/#primaryimage"},"image":{"@id":"https:\/\/christina-peter.de\/shop\/product\/oway-plant-mineral-refresh\/#primaryimage"},"thumbnailUrl":"https:\/\/christina-peter.de\/shop\/wp-content\/uploads\/2019\/07\/plant-mineral-fronte-sito.jpg","datePublished":"2019-07-25T08:27:26+00:00","dateModified":"2025-01-14T08:32:48+00:00","description":"Kaufen OWAY Plant & Mineral Refresh online im Oway Shop zu den besten Preisen. Holen pflanzlichen, biologischen und nachhaltigen Haarpflegeprodukte. Besuchen jetzt!","breadcrumb":{"@id":"https:\/\/christina-peter.de\/shop\/product\/oway-plant-mineral-refresh\/#breadcrumb"},"inLanguage":"de","potentialAction":[{"@type":"ReadAction","target":["https:\/\/christina-peter.de\/shop\/product\/oway-plant-mineral-refresh\/"]}]},{"@type":"ImageObject","inLanguage":"de","@id":"https:\/\/christina-peter.de\/shop\/product\/oway-plant-mineral-refresh\/#primaryimage","url":"https:\/\/christina-peter.de\/shop\/wp-content\/uploads\/2019\/07\/plant-mineral-fronte-sito.jpg","contentUrl":"https:\/\/christina-peter.de\/shop\/wp-content\/uploads\/2019\/07\/plant-mineral-fronte-sito.jpg","width":1600,"height":1560},{"@type":"BreadcrumbList","@id":"https:\/\/christina-peter.de\/shop\/product\/oway-plant-mineral-refresh\/#breadcrumb","itemListElement":[{"@type":"ListItem","position":1,"name":"Startseite","item":"https:\/\/christina-peter.de\/shop\/"},{"@type":"ListItem","position":2,"name":"Home","item":"https:\/\/christina-peter.de\/shop\/"},{"@type":"ListItem","position":3,"name":"OWAY Plant &#038; Mineral Refresh"}]},{"@type":"WebSite","@id":"https:\/\/christina-peter.de\/shop\/#website","url":"https:\/\/christina-peter.de\/shop\/","name":"Oway Produkte online kaufen - pflanzliche, biologische &amp; nachhaltige Haarpflegeprodukte","description":"Bei uns finden sie alles rund ums gesunde Haar. Wir vertreiben ausschlie\u00dflich pflanzliche, biologische &amp; nachhaltige Haarpflegeprodukte von Oway.","potentialAction":[{"@type":"SearchAction","target":{"@type":"EntryPoint","urlTemplate":"https:\/\/christina-peter.de\/shop\/?s={search_term_string}"},"query-input":{"@type":"PropertyValueSpecification","valueRequired":true,"valueName":"search_term_string"}}],"inLanguage":"de"}]}},"_links":{"self":[{"href":"https:\/\/christina-peter.de\/shop\/wp-json\/wp\/v2\/product\/1337","targetHints":{"allow":["GET"]}}],"collection":[{"href":"https:\/\/christina-peter.de\/shop\/wp-json\/wp\/v2\/product"}],"about":[{"href":"https:\/\/christina-peter.de\/shop\/wp-json\/wp\/v2\/types\/product"}],"wp:featuredmedia":[{"embeddable":true,"href":"https:\/\/christina-peter.de\/shop\/wp-json\/wp\/v2\/media\/1339"}],"wp:attachment":[{"href":"https:\/\/christina-peter.de\/shop\/wp-json\/wp\/v2\/media?parent=1337"}],"wp:term":[{"taxonomy":"product_brand","embeddable":true,"href":"https:\/\/christina-peter.de\/shop\/wp-json\/wp\/v2\/product_brand?post=1337"},{"taxonomy":"product_cat","embeddable":true,"href":"https:\/\/christina-peter.de\/shop\/wp-json\/wp\/v2\/product_cat?post=1337"},{"taxonomy":"product_tag","embeddable":true,"href":"https:\/\/christina-peter.de\/shop\/wp-json\/wp\/v2\/product_tag?post=1337"}],"curies":[{"name":"wp","href":"https:\/\/api.w.org\/{rel}","templated":true}]}}