{"id":1311,"date":"2019-07-24T15:26:19","date_gmt":"2019-07-24T13:26:19","guid":{"rendered":"https:\/\/christina-peter.de\/shop\/?post_type=product&#038;p=1311"},"modified":"2022-09-19T20:16:23","modified_gmt":"2022-09-19T18:16:23","slug":"oway-sunway-sun-protective-elixir","status":"publish","type":"product","link":"https:\/\/christina-peter.de\/shop\/product\/oway-sunway-sun-protective-elixir\/","title":{"rendered":"OWAY Sunway Sun Protective Elixir"},"content":{"rendered":"<h4 class=\"product-line-title change-txt-color\">SunWay<\/h4>\n<p>SOMMERREZEPTE F\u00dcR HAAR UND HAUT , DIE GESUND AUSSEHEN UND STRAHLEN<\/p>\n<p>Sunway ist das Programm von OW, das K\u00f6rper und Haar die N\u00e4hrstoffe und Antioxidationsstoffe spendet, die sie w\u00e4hrend der Sommermonate ben\u00f6tigen: gegen oxidativen Stress, strukturelle Sch\u00e4den und Austrocknung. Alle Behandlungen verf\u00fcgen au\u00dferdem \u00fcber die frische und zart duftende aromatherapeutische Wirkung der \u00e4therischen \u00d6le aus\u00a0<strong>Biodynamischem Fenchel, Biodynamischer Zitrone, Mandarine, S\u00fcssorange Und Bergamotte,\u00a0<\/strong>die daf\u00fcr sorgen, dass die Behandlungen SUNWAY Energie und Tonus spenden.<\/p>\n","protected":false},"excerpt":{"rendered":"<div class=\"page\" title=\"Page 14\">\n<div class=\"layoutArea\">\n<div class=\"column\">\n<div class=\"page\" title=\"Page 29\">\n<div class=\"layoutArea\">\n<div class=\"column\">\n<p>Vor UV-Einstrahlung sch\u00fctzendes und n\u00e4hrstoffspendendes Sonnen\u00f6l.<br \/>\nAuf Nickel getestet.<\/p>\n<\/div>\n<\/div>\n<\/div>\n<\/div>\n<\/div>\n<\/div>\n<p>[vc_column][vc_accordion collapsible=&#8220;yes&#8220;][vc_accordion_tab title=&#8220;Vorteile&#8220;][vc_column_text]<\/p>\n<article class=\"panel panel-default\">\n<div id=\"acco-Benefici\" class=\"panel-collapse collapse in\">\n<div class=\"panel-body htmlcontent\">\n<article class=\"panel panel-default\">\n<div id=\"acco-IstruzioniUso\" class=\"panel-collapse collapse in\">\n<div class=\"panel-body htmlcontent\">\n<article class=\"panel panel-default\">\n<div id=\"acco-Benefici\" class=\"panel-collapse collapse in\">\n<div class=\"panel-body htmlcontent\">\n<p>L\u00e4sst einen Schutzschirm entstehen, der das Haar vor Photodegradation und vor Sch\u00e4den durch Sonneneinwirkung, Salz, Sand und Chlor sch\u00fctzt. Sch\u00fctzt vor UV-Einstrahlung, spendet N\u00e4hrstoffe und verleiht dem Haarschaft Glanz. Beschwert und fettet nicht.<\/p>\n<\/div>\n<\/div>\n<\/article>\n<\/div>\n<\/div>\n<\/article>\n<\/div>\n<\/div>\n<\/article>\n<p>[\/vc_column_text][\/vc_accordion_tab][vc_accordion_tab title=&#8220;Anwendungs des Produkts&#8220;][vc_column_text]<\/p>\n<article class=\"panel panel-default\">\n<div id=\"acco-IstruzioniUso\" class=\"panel-collapse collapse in\">\n<div class=\"panel-body htmlcontent\">\n<article class=\"panel panel-default\">\n<div id=\"acco-IstruzioniUso\" class=\"panel-collapse collapse in\">\n<div class=\"panel-body htmlcontent\">\n<article class=\"panel panel-default\">\n<div id=\"acco-IstruzioniUso\" class=\"panel-collapse collapse in\">\n<div class=\"panel-body htmlcontent\">\n<div class=\"page\" title=\"Page 14\">\n<div class=\"layoutArea\">\n<div class=\"column\">\n<article class=\"panel panel-default\">\n<div id=\"acco-IstruzioniUso\" class=\"panel-collapse collapse in\">\n<div class=\"panel-body htmlcontent\">\n<div class=\"page\" title=\"Page 29\">\n<div class=\"layoutArea\">\n<div class=\"column\">\n<article class=\"panel panel-default\">\n<div id=\"acco-IstruzioniUso\" class=\"panel-collapse collapse in\">\n<div class=\"panel-body htmlcontent\">\n<p>Vor dem Sonnenbad auf das Haar spr\u00fchen, insbesondere auf die Spitzen. Die Anwendung bei einem l\u00e4ngeren Aufenthalt in der Sonne wiederholen.<\/p>\n<\/div>\n<\/div>\n<\/article>\n<\/div>\n<\/div>\n<\/div>\n<\/div>\n<\/div>\n<\/article>\n<\/div>\n<\/div>\n<\/div>\n<\/div>\n<\/div>\n<\/article>\n<\/div>\n<\/div>\n<\/article>\n<\/div>\n<\/div>\n<\/article>\n<p>[\/vc_column_text][\/vc_accordion_tab][vc_accordion_tab title=&#8220;Wirkstoffe&#8220;][vc_column_text]<\/p>\n<p><b>Biodynamischer gr\u00fcner Anis<\/b>\u00a0&#8211;\u00a0Wirkt antioxidativ und bek\u00e4mpft die Wirkung der freien Radikale, die durch Umwelteinfl\u00fcsse verursacht werden.<\/p>\n<p><b>Biologischer Baobab<\/b>\u00a0&#8211;\u00a0Extrakt aus den Samen dieser Pflanze, der dank des ausgeglichenen Gehalts an Fetts\u00e4uren die Lipidbarriere wieder aufbaut und Haar und Haut Elastizit\u00e4t spendet.<\/p>\n<p><b>Maracuja aus fairem Handel<\/b>\u00a0&#8211; Dieses \u00d6l hat eine leichte Konsistenz, die das Haar mit Feuchtigkeit versorgt und der Austrocknung entgegenwirkt.<\/p>\n<p>[\/vc_column_text][\/vc_accordion_tab][vc_accordion_tab title=&#8220;Enth\u00e4lt nicht&#8220;][vc_column_text]<\/p>\n<article class=\"panel panel-default\">\n<div id=\"acco-NonContiene\" class=\"panel-collapse collapse in\">\n<div class=\"panel-body htmlcontent\">\n<article class=\"panel panel-default\">\n<div id=\"acco-NonContiene\" class=\"panel-collapse collapse in\">\n<div class=\"panel-body htmlcontent\">\n<article class=\"panel panel-default\">\n<div id=\"acco-NonContiene\" class=\"panel-collapse collapse in\">\n<div class=\"panel-body htmlcontent\">\n<article class=\"panel panel-default\">\n<div id=\"acco-NonContiene\" class=\"panel-collapse collapse in\">\n<div class=\"panel-body htmlcontent\">\n<article class=\"panel panel-default\">\n<div id=\"acco-NonContiene\" class=\"panel-collapse collapse in\">\n<div class=\"panel-body htmlcontent\">\n<p>KONSERVIERUNGSMITTEL \/ PETROLATE\/ PEG, PPG &amp; BG \/ EDTA \/ SYNTHETISCHE DUFTSTOFFE \/ K\u00dcNSTLICHE FARBSTOFFE<\/p>\n<\/div>\n<\/div>\n<\/article>\n<\/div>\n<\/div>\n<\/article>\n<\/div>\n<\/div>\n<\/article>\n<\/div>\n<\/div>\n<\/article>\n<\/div>\n<\/div>\n<\/article>\n<p>[\/vc_column_text][\/vc_accordion_tab]<\/p>\n<p>[\/vc_accordion][\/vc_column]<\/p>\n","protected":false},"featured_media":1313,"template":"","meta":{"_uf_show_specific_survey":0,"_uf_disable_surveys":false},"product_brand":[],"product_cat":[66,67],"product_tag":[],"class_list":{"0":"post-1311","1":"product","2":"type-product","3":"status-publish","4":"has-post-thumbnail","6":"product_cat-sunway","7":"product_cat-spezialbehandlungen","8":"pa_groesse-100ml","10":"first","11":"instock","12":"taxable","13":"shipping-taxable","14":"purchasable","15":"product-type-variable"},"yoast_head":"<!-- This site is optimized with the Yoast SEO plugin v27.4 - https:\/\/yoast.com\/product\/yoast-seo-wordpress\/ -->\n<title>OWAY Sunway Sun Protective Elixir - OWAY Shop<\/title>\n<meta name=\"description\" content=\"OWAY Sunway Sun Protective Elixir online kaufen, Vor UV-Einstrahlung sch\u00fctzendes und n\u00e4hrstoffspendendes Sonnen\u00f6l. Auf Nickel getestet. Sch\u00fctzt vor UV-Einstrahlung. jetzt bestellen!\" \/>\n<meta name=\"robots\" content=\"index, follow, max-snippet:-1, max-image-preview:large, max-video-preview:-1\" \/>\n<link rel=\"canonical\" href=\"https:\/\/christina-peter.de\/shop\/product\/oway-sunway-sun-protective-elixir\/\" \/>\n<meta property=\"og:locale\" content=\"de_DE\" \/>\n<meta property=\"og:type\" content=\"article\" \/>\n<meta property=\"og:title\" content=\"OWAY Sunway Sun Protective Elixir - OWAY Shop\" \/>\n<meta property=\"og:description\" content=\"OWAY Sunway Sun Protective Elixir online kaufen, Vor UV-Einstrahlung sch\u00fctzendes und n\u00e4hrstoffspendendes Sonnen\u00f6l. Auf Nickel getestet. Sch\u00fctzt vor UV-Einstrahlung. jetzt bestellen!\" \/>\n<meta property=\"og:url\" content=\"https:\/\/christina-peter.de\/shop\/product\/oway-sunway-sun-protective-elixir\/\" \/>\n<meta property=\"og:site_name\" content=\"Oway Produkte online kaufen - pflanzliche, biologische &amp; nachhaltige Haarpflegeprodukte\" \/>\n<meta property=\"article:modified_time\" content=\"2022-09-19T18:16:23+00:00\" \/>\n<meta property=\"og:image\" content=\"https:\/\/christina-peter.de\/shop\/wp-content\/uploads\/2019\/07\/sun_protective_elixir_g.jpg\" \/>\n\t<meta property=\"og:image:width\" content=\"1600\" \/>\n\t<meta property=\"og:image:height\" content=\"1560\" \/>\n\t<meta property=\"og:image:type\" content=\"image\/jpeg\" \/>\n<meta name=\"twitter:card\" content=\"summary_large_image\" \/>\n<meta name=\"twitter:label1\" content=\"Gesch\u00e4tzte Lesezeit\" \/>\n\t<meta name=\"twitter:data1\" content=\"1\u00a0Minute\" \/>\n<script type=\"application\/ld+json\" class=\"yoast-schema-graph\">{\"@context\":\"https:\\\/\\\/schema.org\",\"@graph\":[{\"@type\":\"WebPage\",\"@id\":\"https:\\\/\\\/christina-peter.de\\\/shop\\\/product\\\/oway-sunway-sun-protective-elixir\\\/\",\"url\":\"https:\\\/\\\/christina-peter.de\\\/shop\\\/product\\\/oway-sunway-sun-protective-elixir\\\/\",\"name\":\"OWAY Sunway Sun Protective Elixir - OWAY Shop\",\"isPartOf\":{\"@id\":\"https:\\\/\\\/christina-peter.de\\\/shop\\\/#website\"},\"primaryImageOfPage\":{\"@id\":\"https:\\\/\\\/christina-peter.de\\\/shop\\\/product\\\/oway-sunway-sun-protective-elixir\\\/#primaryimage\"},\"image\":{\"@id\":\"https:\\\/\\\/christina-peter.de\\\/shop\\\/product\\\/oway-sunway-sun-protective-elixir\\\/#primaryimage\"},\"thumbnailUrl\":\"https:\\\/\\\/christina-peter.de\\\/shop\\\/wp-content\\\/uploads\\\/2019\\\/07\\\/sun_protective_elixir_g.jpg\",\"datePublished\":\"2019-07-24T13:26:19+00:00\",\"dateModified\":\"2022-09-19T18:16:23+00:00\",\"description\":\"OWAY Sunway Sun Protective Elixir online kaufen, Vor UV-Einstrahlung sch\u00fctzendes und n\u00e4hrstoffspendendes Sonnen\u00f6l. Auf Nickel getestet. Sch\u00fctzt vor UV-Einstrahlung. jetzt bestellen!\",\"breadcrumb\":{\"@id\":\"https:\\\/\\\/christina-peter.de\\\/shop\\\/product\\\/oway-sunway-sun-protective-elixir\\\/#breadcrumb\"},\"inLanguage\":\"de\",\"potentialAction\":[{\"@type\":\"ReadAction\",\"target\":[\"https:\\\/\\\/christina-peter.de\\\/shop\\\/product\\\/oway-sunway-sun-protective-elixir\\\/\"]}]},{\"@type\":\"ImageObject\",\"inLanguage\":\"de\",\"@id\":\"https:\\\/\\\/christina-peter.de\\\/shop\\\/product\\\/oway-sunway-sun-protective-elixir\\\/#primaryimage\",\"url\":\"https:\\\/\\\/christina-peter.de\\\/shop\\\/wp-content\\\/uploads\\\/2019\\\/07\\\/sun_protective_elixir_g.jpg\",\"contentUrl\":\"https:\\\/\\\/christina-peter.de\\\/shop\\\/wp-content\\\/uploads\\\/2019\\\/07\\\/sun_protective_elixir_g.jpg\",\"width\":1600,\"height\":1560},{\"@type\":\"BreadcrumbList\",\"@id\":\"https:\\\/\\\/christina-peter.de\\\/shop\\\/product\\\/oway-sunway-sun-protective-elixir\\\/#breadcrumb\",\"itemListElement\":[{\"@type\":\"ListItem\",\"position\":1,\"name\":\"Startseite\",\"item\":\"https:\\\/\\\/christina-peter.de\\\/shop\\\/\"},{\"@type\":\"ListItem\",\"position\":2,\"name\":\"Home\",\"item\":\"https:\\\/\\\/christina-peter.de\\\/shop\\\/\"},{\"@type\":\"ListItem\",\"position\":3,\"name\":\"OWAY Sunway Sun Protective Elixir\"}]},{\"@type\":\"WebSite\",\"@id\":\"https:\\\/\\\/christina-peter.de\\\/shop\\\/#website\",\"url\":\"https:\\\/\\\/christina-peter.de\\\/shop\\\/\",\"name\":\"Oway Produkte online kaufen - pflanzliche, biologische &amp; nachhaltige Haarpflegeprodukte\",\"description\":\"Bei uns finden sie alles rund ums gesunde Haar. Wir vertreiben ausschlie\u00dflich pflanzliche, biologische &amp; nachhaltige Haarpflegeprodukte von Oway.\",\"potentialAction\":[{\"@type\":\"SearchAction\",\"target\":{\"@type\":\"EntryPoint\",\"urlTemplate\":\"https:\\\/\\\/christina-peter.de\\\/shop\\\/?s={search_term_string}\"},\"query-input\":{\"@type\":\"PropertyValueSpecification\",\"valueRequired\":true,\"valueName\":\"search_term_string\"}}],\"inLanguage\":\"de\"}]}<\/script>\n<!-- \/ Yoast SEO plugin. -->","yoast_head_json":{"title":"OWAY Sunway Sun Protective Elixir - OWAY Shop","description":"OWAY Sunway Sun Protective Elixir online kaufen, Vor UV-Einstrahlung sch\u00fctzendes und n\u00e4hrstoffspendendes Sonnen\u00f6l. Auf Nickel getestet. Sch\u00fctzt vor UV-Einstrahlung. jetzt bestellen!","robots":{"index":"index","follow":"follow","max-snippet":"max-snippet:-1","max-image-preview":"max-image-preview:large","max-video-preview":"max-video-preview:-1"},"canonical":"https:\/\/christina-peter.de\/shop\/product\/oway-sunway-sun-protective-elixir\/","og_locale":"de_DE","og_type":"article","og_title":"OWAY Sunway Sun Protective Elixir - OWAY Shop","og_description":"OWAY Sunway Sun Protective Elixir online kaufen, Vor UV-Einstrahlung sch\u00fctzendes und n\u00e4hrstoffspendendes Sonnen\u00f6l. Auf Nickel getestet. Sch\u00fctzt vor UV-Einstrahlung. jetzt bestellen!","og_url":"https:\/\/christina-peter.de\/shop\/product\/oway-sunway-sun-protective-elixir\/","og_site_name":"Oway Produkte online kaufen - pflanzliche, biologische &amp; nachhaltige Haarpflegeprodukte","article_modified_time":"2022-09-19T18:16:23+00:00","og_image":[{"width":1600,"height":1560,"url":"https:\/\/christina-peter.de\/shop\/wp-content\/uploads\/2019\/07\/sun_protective_elixir_g.jpg","type":"image\/jpeg"}],"twitter_card":"summary_large_image","twitter_misc":{"Gesch\u00e4tzte Lesezeit":"1\u00a0Minute"},"schema":{"@context":"https:\/\/schema.org","@graph":[{"@type":"WebPage","@id":"https:\/\/christina-peter.de\/shop\/product\/oway-sunway-sun-protective-elixir\/","url":"https:\/\/christina-peter.de\/shop\/product\/oway-sunway-sun-protective-elixir\/","name":"OWAY Sunway Sun Protective Elixir - OWAY Shop","isPartOf":{"@id":"https:\/\/christina-peter.de\/shop\/#website"},"primaryImageOfPage":{"@id":"https:\/\/christina-peter.de\/shop\/product\/oway-sunway-sun-protective-elixir\/#primaryimage"},"image":{"@id":"https:\/\/christina-peter.de\/shop\/product\/oway-sunway-sun-protective-elixir\/#primaryimage"},"thumbnailUrl":"https:\/\/christina-peter.de\/shop\/wp-content\/uploads\/2019\/07\/sun_protective_elixir_g.jpg","datePublished":"2019-07-24T13:26:19+00:00","dateModified":"2022-09-19T18:16:23+00:00","description":"OWAY Sunway Sun Protective Elixir online kaufen, Vor UV-Einstrahlung sch\u00fctzendes und n\u00e4hrstoffspendendes Sonnen\u00f6l. Auf Nickel getestet. Sch\u00fctzt vor UV-Einstrahlung. jetzt bestellen!","breadcrumb":{"@id":"https:\/\/christina-peter.de\/shop\/product\/oway-sunway-sun-protective-elixir\/#breadcrumb"},"inLanguage":"de","potentialAction":[{"@type":"ReadAction","target":["https:\/\/christina-peter.de\/shop\/product\/oway-sunway-sun-protective-elixir\/"]}]},{"@type":"ImageObject","inLanguage":"de","@id":"https:\/\/christina-peter.de\/shop\/product\/oway-sunway-sun-protective-elixir\/#primaryimage","url":"https:\/\/christina-peter.de\/shop\/wp-content\/uploads\/2019\/07\/sun_protective_elixir_g.jpg","contentUrl":"https:\/\/christina-peter.de\/shop\/wp-content\/uploads\/2019\/07\/sun_protective_elixir_g.jpg","width":1600,"height":1560},{"@type":"BreadcrumbList","@id":"https:\/\/christina-peter.de\/shop\/product\/oway-sunway-sun-protective-elixir\/#breadcrumb","itemListElement":[{"@type":"ListItem","position":1,"name":"Startseite","item":"https:\/\/christina-peter.de\/shop\/"},{"@type":"ListItem","position":2,"name":"Home","item":"https:\/\/christina-peter.de\/shop\/"},{"@type":"ListItem","position":3,"name":"OWAY Sunway Sun Protective Elixir"}]},{"@type":"WebSite","@id":"https:\/\/christina-peter.de\/shop\/#website","url":"https:\/\/christina-peter.de\/shop\/","name":"Oway Produkte online kaufen - pflanzliche, biologische &amp; nachhaltige Haarpflegeprodukte","description":"Bei uns finden sie alles rund ums gesunde Haar. Wir vertreiben ausschlie\u00dflich pflanzliche, biologische &amp; nachhaltige Haarpflegeprodukte von Oway.","potentialAction":[{"@type":"SearchAction","target":{"@type":"EntryPoint","urlTemplate":"https:\/\/christina-peter.de\/shop\/?s={search_term_string}"},"query-input":{"@type":"PropertyValueSpecification","valueRequired":true,"valueName":"search_term_string"}}],"inLanguage":"de"}]}},"_links":{"self":[{"href":"https:\/\/christina-peter.de\/shop\/wp-json\/wp\/v2\/product\/1311","targetHints":{"allow":["GET"]}}],"collection":[{"href":"https:\/\/christina-peter.de\/shop\/wp-json\/wp\/v2\/product"}],"about":[{"href":"https:\/\/christina-peter.de\/shop\/wp-json\/wp\/v2\/types\/product"}],"wp:featuredmedia":[{"embeddable":true,"href":"https:\/\/christina-peter.de\/shop\/wp-json\/wp\/v2\/media\/1313"}],"wp:attachment":[{"href":"https:\/\/christina-peter.de\/shop\/wp-json\/wp\/v2\/media?parent=1311"}],"wp:term":[{"taxonomy":"product_brand","embeddable":true,"href":"https:\/\/christina-peter.de\/shop\/wp-json\/wp\/v2\/product_brand?post=1311"},{"taxonomy":"product_cat","embeddable":true,"href":"https:\/\/christina-peter.de\/shop\/wp-json\/wp\/v2\/product_cat?post=1311"},{"taxonomy":"product_tag","embeddable":true,"href":"https:\/\/christina-peter.de\/shop\/wp-json\/wp\/v2\/product_tag?post=1311"}],"curies":[{"name":"wp","href":"https:\/\/api.w.org\/{rel}","templated":true}]}}