{"id":1298,"date":"2019-07-24T12:56:19","date_gmt":"2019-07-24T10:56:19","guid":{"rendered":"https:\/\/christina-peter.de\/shop\/?post_type=product&#038;p=1298"},"modified":"2022-08-30T15:21:44","modified_gmt":"2022-08-30T13:21:44","slug":"oway-men-silver-steel-hair-bath","status":"publish","type":"product","link":"https:\/\/christina-peter.de\/shop\/product\/oway-men-silver-steel-hair-bath\/","title":{"rendered":"OWAY MEN Silver Steel Hair Bath"},"content":{"rendered":"<h4 class=\"product-line-title change-txt-color\">OW MEN<\/h4>\n<section>\n<div title=\"Page 2\">\n<div>\n<div>\n<p>OW MEN IST DIE PFLEGEKOLLEKTION F\u00dcR GESICHT, K\u00d6RPER UND HAARE, DIE IN JEDER FORMEL DIE KRAFT DREIER AUSSERORDENTLICHER NATURERSCHEINUNGEN ENTH\u00c4LT.<\/p>\n<\/div>\n<p>Die Oway-Forschung hat die au\u00dfergew\u00f6hnlichen, in den\u00a0<b>primordialen Substanzen\u00a0<\/b>enthaltenen, antioxidativ und gegen Alterungserscheinungen wirkenden Eigenschaften eingefangen, die Techniken der\u00a0<i>Green Chemistry <\/i>weiterentwickelt, bis die modernsten\u00a0<b>technobotanischen Wirkstoffe\u00a0<\/b>verf\u00fcgbar waren, Pflanzen, Blumen und B\u00fcsche gez\u00fcchtet, um die reinsten und effizientesten\u00a0<b>biodynamischen Inhaltsstoffe\u00a0<\/b>zu gewinnen.<\/p>\n<p><b>PRIMORDIALE WIRKSTOFFE\u00a0<\/b><b>AUS DEN EXTREMSTEN LEBENSR\u00c4UMEN\u00a0<\/b><\/p>\n<p>Einsame W\u00fcsten. Eindr\u00fcckliche Gebirge. Bedrohliche Vulkane. Regenw\u00e4lder. Eisw\u00fcsten.<\/p>\n<div class=\"page\" title=\"Page 5\">\n<div class=\"section\">\n<div class=\"layoutArea\">\n<div class=\"column\">\n<p>In diesen wilden, unber\u00fchrten Lebensr\u00e4umen findet man Pflanzen, die au\u00dferordentliche \u00dcberlebensstrategien entwickelt haben und daher unglaublich reich sind an Antioxidantien, N\u00e4hrstoffen und Mineralstoffen voller revitalisierender und entgiftender Spurenelemente.<\/p>\n<p><strong>Die OW MEN-Forschung hat diese hervorragenden Eigenschaften aus den extremsten und intaktesten \u00d6kosystemen des Planeten erfasst und daraus Formeln geschaffen, die die fantastischen, regenerierenden und transformativen Eigenschaften der Pflanzen und der daraus stammenden Mineralstoffe auf Haut und Haare \u00fcbertragen.<\/strong><\/p>\n<\/div>\n<\/div>\n<\/div>\n<\/div>\n<p><b>TECHNO-BOTANISCHE WIRKSTOFFE\u00a0<\/b><b>AUS DER MODERNSTEN GREEN CHEMISTRY<\/b><\/p>\n<div class=\"page\" title=\"Page 6\">\n<div class=\"layoutArea\">\n<div class=\"column\">\n<p>H\u00f6chst wirksame Phytopeptide, Hyalurons\u00e4ure botanischer Herkunft, Booster-Phytofermente zur Anregung der Zellerneuerung und -kraft, pflanzliche Stammzellen, graduell absorbierende Ester, Pflanzenzellulose.<\/p>\n<p><strong>Jede Formel von OW MEN enth\u00e4lt Wirkstoffe aus der modernsten gr\u00fcnen Chemie, perfekte Synthesen aus Natur und Technologie.<\/strong><\/p>\n<p><strong>Ausgehend von Pflanzenbasen erzeugten die OW-Labors Inhaltsstoffe, die perfekt nat\u00fcrliche haut- und haarverwandte Strukturen nachvollziehen.<\/strong><\/p>\n<p>Diese synergetisch \u00e4hnlichen Wirkstoffe werden von der Haut und den Haaren aufgenommen und assimiliert und dazu verwendet, die Immunabwehr der Epidermis zu verbessern, das Gewebe kompakter und straffer zu machen, die Haarfaser zu verdicken und den Zellen Koh\u00e4sion und Feuchtigkeit zu verleihen.<\/p>\n<\/div>\n<\/div>\n<\/div>\n<p><b>BIODYNAMISCHE WIRKSTOFFE\u00a0<\/b><b>VOM BODEN BIS INS LABOR, UNSERE AGRARKOSMETISCHE VISION<\/b><b>\u00a0<\/b><\/p>\n<div class=\"page\" title=\"Page 9\">\n<div class=\"section\">\n<div class=\"layoutArea\">\n<div class=\"column\">\n<p>Die Pflegeprodukte von OW entstehen in unserem Landgut mit Gartenwerkstatt \u201eOrtofficina\u201c auf den H\u00fcgeln von Bologna, wo wir mit der biodynamischen Methode Pflanzen, Blumen, Fr\u00fcchte und B\u00fcsche anbauen.<\/p>\n<p>Nachdem die Pflanzen w\u00e4hrend ihrer Balsamzeit geerntet und nach dem \u201eNull-Kilometer\u201c-Kriterium an unseren Extraktor geliefert wurden, verarbeiten wir deren aktivsten Teile in Hydrolate, \u00e4therische \u00d6le und Extrakte, die zu einigen in den Pflegeprodukten von OW enthaltenen konzentrierten Wirkstoffen werden.<\/p>\n<\/div>\n<\/div>\n<\/div>\n<\/div>\n<\/div>\n<\/div>\n<\/section>\n","protected":false},"excerpt":{"rendered":"<div class=\"page\" title=\"Page 14\">\n<div class=\"layoutArea\">\n<div class=\"column\">\n<div class=\"page\" title=\"Page 29\">\n<div class=\"layoutArea\">\n<div class=\"column\">\n<p>Aufhellende Haarw\u00e4sche mit anti-gelb-effekt f\u00fcr graues und wei\u00dfes Haar.<\/p>\n<\/div>\n<\/div>\n<\/div>\n<\/div>\n<\/div>\n<\/div>\n<p>[vc_column][vc_accordion collapsible=&#8220;yes&#8220;][vc_accordion_tab title=&#8220;Vorteile&#8220;][vc_column_text]<\/p>\n<article class=\"panel panel-default\">\n<div id=\"acco-Benefici\" class=\"panel-collapse collapse in\">\n<div class=\"panel-body htmlcontent\">\n<article class=\"panel panel-default\">\n<div id=\"acco-IstruzioniUso\" class=\"panel-collapse collapse in\">\n<div class=\"panel-body htmlcontent\">\n<article class=\"panel panel-default\">\n<div id=\"acco-Benefici\" class=\"panel-collapse collapse in\">\n<div class=\"panel-body htmlcontent\">\n<ul>\n<li>Haarw\u00e4sche zum Neutralisieren unerw\u00fcnschter Gelb- und Goldstiche;<\/li>\n<li>verleiht grauen, wei\u00dfen und melierten Haaren strahlenden Glanz;<\/li>\n<li>reinigt sanft von \u00fcbersch\u00fcssigem Talg und Unreinheiten;<\/li>\n<li>macht das Haar weich und leicht;<\/li>\n<li>die Phytopeptide spenden dem Haar Kraft und sorgen f\u00fcr Dichte.<\/li>\n<\/ul>\n<\/div>\n<\/div>\n<\/article>\n<\/div>\n<\/div>\n<\/article>\n<\/div>\n<\/div>\n<\/article>\n<p>[\/vc_column_text][\/vc_accordion_tab][vc_accordion_tab title=&#8220;Anwendung des Produkts&#8220;][vc_column_text]<\/p>\n<article class=\"panel panel-default\">\n<div id=\"acco-IstruzioniUso\" class=\"panel-collapse collapse in\">\n<div class=\"panel-body htmlcontent\">\n<article class=\"panel panel-default\">\n<div id=\"acco-IstruzioniUso\" class=\"panel-collapse collapse in\">\n<div class=\"panel-body htmlcontent\">\n<article class=\"panel panel-default\">\n<div id=\"acco-IstruzioniUso\" class=\"panel-collapse collapse in\">\n<div class=\"panel-body htmlcontent\">\n<div class=\"page\" title=\"Page 14\">\n<div class=\"layoutArea\">\n<div class=\"column\">\n<article class=\"panel panel-default\">\n<div id=\"acco-IstruzioniUso\" class=\"panel-collapse collapse in\">\n<div class=\"panel-body htmlcontent\">\n<div class=\"page\" title=\"Page 29\">\n<div class=\"layoutArea\">\n<div class=\"column\">\n<p>Im feuchten Haar verteilen, einmassieren und aussp\u00fclen.<\/p>\n<\/div>\n<\/div>\n<\/div>\n<\/div>\n<\/div>\n<\/article>\n<\/div>\n<\/div>\n<\/div>\n<\/div>\n<\/div>\n<\/article>\n<\/div>\n<\/div>\n<\/article>\n<\/div>\n<\/div>\n<\/article>\n<p>[\/vc_column_text][\/vc_accordion_tab][vc_accordion_tab title=&#8220;Wirkstoffe&#8220;][vc_column_text]<\/p>\n<p><b>Biodynamischer Reis:\u00a0<\/b>reich an essentiellen Fetts\u00e4uren, Proteinen und Mineralsalzen, verleiht Reis der Haarfaser Struktur und Feuchtigkeit.<\/p>\n<p><b>Biologischer Hopfen:\u00a0<\/b>f\u00f6rdert den Zellstoffwechsel der Kopfhaut, was auf die Haut regenerierend wirkt und die Neubildung von Haarwurzeln anregt.<\/p>\n<p><b>Ethische Sternfrucht (Karambole):<\/b>\u00a0reich an Antioxidantien, Mineralstoffen und N\u00e4hrstoffen pflanzlichen Ursprungs und mit antioxidativen Eigenschaften. Bek\u00e4mpft die f\u00fcr die Alterung von Haut und Haaren verantwortlichen freien Radikalen.<\/p>\n<p>Lebensraum: Regenwald.<\/p>\n<p><b>Phytopeptide:\u00a0<\/b>durch das geringere Molekulargewicht k\u00f6nnen sie optimal in die Haarfaser eindringen. Wirken f\u00fcllend und verdichtend auf die Haarfaser und verleihen dem Haar Kraft, Volumen und Struktur.<\/p>\n<p>[\/vc_column_text][\/vc_accordion_tab][vc_accordion_tab title=&#8220;Enth\u00e4lt nicht&#8220;][vc_column_text]<\/p>\n<article class=\"panel panel-default\">\n<div id=\"acco-NonContiene\" class=\"panel-collapse collapse in\">\n<div class=\"panel-body htmlcontent\">\n<article class=\"panel panel-default\">\n<div id=\"acco-NonContiene\" class=\"panel-collapse collapse in\">\n<div class=\"panel-body htmlcontent\">\n<article class=\"panel panel-default\">\n<div id=\"acco-NonContiene\" class=\"panel-collapse collapse in\">\n<div class=\"panel-body htmlcontent\">\n<article class=\"panel panel-default\">\n<div id=\"acco-NonContiene\" class=\"panel-collapse collapse in\">\n<div class=\"panel-body htmlcontent\">\n<article class=\"panel panel-default\">\n<div id=\"acco-NonContiene\" class=\"panel-collapse collapse in\">\n<div class=\"panel-body htmlcontent\">\n<p>SLS &amp; SLES FREE \/ PARABEN FREE \/ PETROLATUM FREE \/ PEG, PPG &amp; BG FREE \/ EDTA FREE \/ SYNTHETIC FRAGRANCE FREE \/ GMO FREE \/ PHTHALATE FREE<\/p>\n<\/div>\n<\/div>\n<\/article>\n<\/div>\n<\/div>\n<\/article>\n<\/div>\n<\/div>\n<\/article>\n<\/div>\n<\/div>\n<\/article>\n<\/div>\n<\/div>\n<\/article>\n<p>[\/vc_column_text][\/vc_accordion_tab][vc_accordion_tab title=&#8220;pH&#8220;][vc_column_text]<\/p>\n<article class=\"panel panel-default\">\n<div id=\"acco-Ph\" class=\"panel-collapse collapse in\">\n<div class=\"panel-body htmlcontent\">\n<article class=\"panel panel-default\">\n<div id=\"acco-Ph\" class=\"panel-collapse collapse in\">\n<div class=\"panel-body htmlcontent\">4,5 \u2013 4,95<\/div>\n<\/div>\n<\/article>\n<\/div>\n<\/div>\n<\/article>\n<p>[\/vc_column_text][\/vc_accordion_tab]<\/p>\n<p>[\/vc_accordion][\/vc_column]<\/p>\n","protected":false},"featured_media":1300,"template":"","meta":{"_uf_show_specific_survey":0,"_uf_disable_surveys":false},"product_brand":[],"product_cat":[15],"product_tag":[],"class_list":{"0":"post-1298","1":"product","2":"type-product","3":"status-publish","4":"has-post-thumbnail","6":"product_cat-maenner","7":"pa_groesse-240ml","9":"first","10":"instock","11":"taxable","12":"shipping-taxable","13":"purchasable","14":"product-type-variable"},"yoast_head":"<!-- This site is optimized with the Yoast SEO plugin v27.4 - https:\/\/yoast.com\/product\/yoast-seo-wordpress\/ -->\n<title>OWAY MEN Silver Steel Hair Bath - OWAY Shop<\/title>\n<meta name=\"description\" content=\"OWAY MEN Silver Steel Hair Bath ist eine aufhellende Haarw\u00e4sche mit anti-gelb-effekt f\u00fcr graues und wei\u00dfes Haar. Jetzt bei oway-shop.de kaufen!\" \/>\n<meta name=\"robots\" content=\"index, follow, max-snippet:-1, max-image-preview:large, max-video-preview:-1\" \/>\n<link rel=\"canonical\" href=\"https:\/\/christina-peter.de\/shop\/product\/oway-men-silver-steel-hair-bath\/\" \/>\n<meta property=\"og:locale\" content=\"de_DE\" \/>\n<meta property=\"og:type\" content=\"article\" \/>\n<meta property=\"og:title\" content=\"OWAY MEN Silver Steel Hair Bath - OWAY Shop\" \/>\n<meta property=\"og:description\" content=\"OWAY MEN Silver Steel Hair Bath ist eine aufhellende Haarw\u00e4sche mit anti-gelb-effekt f\u00fcr graues und wei\u00dfes Haar. Jetzt bei oway-shop.de kaufen!\" \/>\n<meta property=\"og:url\" content=\"https:\/\/christina-peter.de\/shop\/product\/oway-men-silver-steel-hair-bath\/\" \/>\n<meta property=\"og:site_name\" content=\"Oway Produkte online kaufen - pflanzliche, biologische &amp; nachhaltige Haarpflegeprodukte\" \/>\n<meta property=\"article:modified_time\" content=\"2022-08-30T13:21:44+00:00\" \/>\n<meta property=\"og:image\" content=\"https:\/\/christina-peter.de\/shop\/wp-content\/uploads\/2019\/07\/silver-steel-hair-bath_fronte_bianco.jpg\" \/>\n\t<meta property=\"og:image:width\" content=\"1600\" \/>\n\t<meta property=\"og:image:height\" content=\"1560\" \/>\n\t<meta property=\"og:image:type\" content=\"image\/jpeg\" \/>\n<meta name=\"twitter:card\" content=\"summary_large_image\" \/>\n<meta name=\"twitter:label1\" content=\"Gesch\u00e4tzte Lesezeit\" \/>\n\t<meta name=\"twitter:data1\" content=\"2\u00a0Minuten\" \/>\n<script type=\"application\/ld+json\" class=\"yoast-schema-graph\">{\"@context\":\"https:\\\/\\\/schema.org\",\"@graph\":[{\"@type\":\"WebPage\",\"@id\":\"https:\\\/\\\/christina-peter.de\\\/shop\\\/product\\\/oway-men-silver-steel-hair-bath\\\/\",\"url\":\"https:\\\/\\\/christina-peter.de\\\/shop\\\/product\\\/oway-men-silver-steel-hair-bath\\\/\",\"name\":\"OWAY MEN Silver Steel Hair Bath - OWAY Shop\",\"isPartOf\":{\"@id\":\"https:\\\/\\\/christina-peter.de\\\/shop\\\/#website\"},\"primaryImageOfPage\":{\"@id\":\"https:\\\/\\\/christina-peter.de\\\/shop\\\/product\\\/oway-men-silver-steel-hair-bath\\\/#primaryimage\"},\"image\":{\"@id\":\"https:\\\/\\\/christina-peter.de\\\/shop\\\/product\\\/oway-men-silver-steel-hair-bath\\\/#primaryimage\"},\"thumbnailUrl\":\"https:\\\/\\\/christina-peter.de\\\/shop\\\/wp-content\\\/uploads\\\/2019\\\/07\\\/silver-steel-hair-bath_fronte_bianco.jpg\",\"datePublished\":\"2019-07-24T10:56:19+00:00\",\"dateModified\":\"2022-08-30T13:21:44+00:00\",\"description\":\"OWAY MEN Silver Steel Hair Bath ist eine aufhellende Haarw\u00e4sche mit anti-gelb-effekt f\u00fcr graues und wei\u00dfes Haar. Jetzt bei oway-shop.de kaufen!\",\"breadcrumb\":{\"@id\":\"https:\\\/\\\/christina-peter.de\\\/shop\\\/product\\\/oway-men-silver-steel-hair-bath\\\/#breadcrumb\"},\"inLanguage\":\"de\",\"potentialAction\":[{\"@type\":\"ReadAction\",\"target\":[\"https:\\\/\\\/christina-peter.de\\\/shop\\\/product\\\/oway-men-silver-steel-hair-bath\\\/\"]}]},{\"@type\":\"ImageObject\",\"inLanguage\":\"de\",\"@id\":\"https:\\\/\\\/christina-peter.de\\\/shop\\\/product\\\/oway-men-silver-steel-hair-bath\\\/#primaryimage\",\"url\":\"https:\\\/\\\/christina-peter.de\\\/shop\\\/wp-content\\\/uploads\\\/2019\\\/07\\\/silver-steel-hair-bath_fronte_bianco.jpg\",\"contentUrl\":\"https:\\\/\\\/christina-peter.de\\\/shop\\\/wp-content\\\/uploads\\\/2019\\\/07\\\/silver-steel-hair-bath_fronte_bianco.jpg\",\"width\":1600,\"height\":1560},{\"@type\":\"BreadcrumbList\",\"@id\":\"https:\\\/\\\/christina-peter.de\\\/shop\\\/product\\\/oway-men-silver-steel-hair-bath\\\/#breadcrumb\",\"itemListElement\":[{\"@type\":\"ListItem\",\"position\":1,\"name\":\"Startseite\",\"item\":\"https:\\\/\\\/christina-peter.de\\\/shop\\\/\"},{\"@type\":\"ListItem\",\"position\":2,\"name\":\"Home\",\"item\":\"https:\\\/\\\/christina-peter.de\\\/shop\\\/\"},{\"@type\":\"ListItem\",\"position\":3,\"name\":\"OWAY MEN Silver Steel Hair Bath\"}]},{\"@type\":\"WebSite\",\"@id\":\"https:\\\/\\\/christina-peter.de\\\/shop\\\/#website\",\"url\":\"https:\\\/\\\/christina-peter.de\\\/shop\\\/\",\"name\":\"Oway Produkte online kaufen - pflanzliche, biologische &amp; nachhaltige Haarpflegeprodukte\",\"description\":\"Bei uns finden sie alles rund ums gesunde Haar. Wir vertreiben ausschlie\u00dflich pflanzliche, biologische &amp; nachhaltige Haarpflegeprodukte von Oway.\",\"potentialAction\":[{\"@type\":\"SearchAction\",\"target\":{\"@type\":\"EntryPoint\",\"urlTemplate\":\"https:\\\/\\\/christina-peter.de\\\/shop\\\/?s={search_term_string}\"},\"query-input\":{\"@type\":\"PropertyValueSpecification\",\"valueRequired\":true,\"valueName\":\"search_term_string\"}}],\"inLanguage\":\"de\"}]}<\/script>\n<!-- \/ Yoast SEO plugin. -->","yoast_head_json":{"title":"OWAY MEN Silver Steel Hair Bath - OWAY Shop","description":"OWAY MEN Silver Steel Hair Bath ist eine aufhellende Haarw\u00e4sche mit anti-gelb-effekt f\u00fcr graues und wei\u00dfes Haar. Jetzt bei oway-shop.de kaufen!","robots":{"index":"index","follow":"follow","max-snippet":"max-snippet:-1","max-image-preview":"max-image-preview:large","max-video-preview":"max-video-preview:-1"},"canonical":"https:\/\/christina-peter.de\/shop\/product\/oway-men-silver-steel-hair-bath\/","og_locale":"de_DE","og_type":"article","og_title":"OWAY MEN Silver Steel Hair Bath - OWAY Shop","og_description":"OWAY MEN Silver Steel Hair Bath ist eine aufhellende Haarw\u00e4sche mit anti-gelb-effekt f\u00fcr graues und wei\u00dfes Haar. Jetzt bei oway-shop.de kaufen!","og_url":"https:\/\/christina-peter.de\/shop\/product\/oway-men-silver-steel-hair-bath\/","og_site_name":"Oway Produkte online kaufen - pflanzliche, biologische &amp; nachhaltige Haarpflegeprodukte","article_modified_time":"2022-08-30T13:21:44+00:00","og_image":[{"width":1600,"height":1560,"url":"https:\/\/christina-peter.de\/shop\/wp-content\/uploads\/2019\/07\/silver-steel-hair-bath_fronte_bianco.jpg","type":"image\/jpeg"}],"twitter_card":"summary_large_image","twitter_misc":{"Gesch\u00e4tzte Lesezeit":"2\u00a0Minuten"},"schema":{"@context":"https:\/\/schema.org","@graph":[{"@type":"WebPage","@id":"https:\/\/christina-peter.de\/shop\/product\/oway-men-silver-steel-hair-bath\/","url":"https:\/\/christina-peter.de\/shop\/product\/oway-men-silver-steel-hair-bath\/","name":"OWAY MEN Silver Steel Hair Bath - OWAY Shop","isPartOf":{"@id":"https:\/\/christina-peter.de\/shop\/#website"},"primaryImageOfPage":{"@id":"https:\/\/christina-peter.de\/shop\/product\/oway-men-silver-steel-hair-bath\/#primaryimage"},"image":{"@id":"https:\/\/christina-peter.de\/shop\/product\/oway-men-silver-steel-hair-bath\/#primaryimage"},"thumbnailUrl":"https:\/\/christina-peter.de\/shop\/wp-content\/uploads\/2019\/07\/silver-steel-hair-bath_fronte_bianco.jpg","datePublished":"2019-07-24T10:56:19+00:00","dateModified":"2022-08-30T13:21:44+00:00","description":"OWAY MEN Silver Steel Hair Bath ist eine aufhellende Haarw\u00e4sche mit anti-gelb-effekt f\u00fcr graues und wei\u00dfes Haar. Jetzt bei oway-shop.de kaufen!","breadcrumb":{"@id":"https:\/\/christina-peter.de\/shop\/product\/oway-men-silver-steel-hair-bath\/#breadcrumb"},"inLanguage":"de","potentialAction":[{"@type":"ReadAction","target":["https:\/\/christina-peter.de\/shop\/product\/oway-men-silver-steel-hair-bath\/"]}]},{"@type":"ImageObject","inLanguage":"de","@id":"https:\/\/christina-peter.de\/shop\/product\/oway-men-silver-steel-hair-bath\/#primaryimage","url":"https:\/\/christina-peter.de\/shop\/wp-content\/uploads\/2019\/07\/silver-steel-hair-bath_fronte_bianco.jpg","contentUrl":"https:\/\/christina-peter.de\/shop\/wp-content\/uploads\/2019\/07\/silver-steel-hair-bath_fronte_bianco.jpg","width":1600,"height":1560},{"@type":"BreadcrumbList","@id":"https:\/\/christina-peter.de\/shop\/product\/oway-men-silver-steel-hair-bath\/#breadcrumb","itemListElement":[{"@type":"ListItem","position":1,"name":"Startseite","item":"https:\/\/christina-peter.de\/shop\/"},{"@type":"ListItem","position":2,"name":"Home","item":"https:\/\/christina-peter.de\/shop\/"},{"@type":"ListItem","position":3,"name":"OWAY MEN Silver Steel Hair Bath"}]},{"@type":"WebSite","@id":"https:\/\/christina-peter.de\/shop\/#website","url":"https:\/\/christina-peter.de\/shop\/","name":"Oway Produkte online kaufen - pflanzliche, biologische &amp; nachhaltige Haarpflegeprodukte","description":"Bei uns finden sie alles rund ums gesunde Haar. Wir vertreiben ausschlie\u00dflich pflanzliche, biologische &amp; nachhaltige Haarpflegeprodukte von Oway.","potentialAction":[{"@type":"SearchAction","target":{"@type":"EntryPoint","urlTemplate":"https:\/\/christina-peter.de\/shop\/?s={search_term_string}"},"query-input":{"@type":"PropertyValueSpecification","valueRequired":true,"valueName":"search_term_string"}}],"inLanguage":"de"}]}},"_links":{"self":[{"href":"https:\/\/christina-peter.de\/shop\/wp-json\/wp\/v2\/product\/1298","targetHints":{"allow":["GET"]}}],"collection":[{"href":"https:\/\/christina-peter.de\/shop\/wp-json\/wp\/v2\/product"}],"about":[{"href":"https:\/\/christina-peter.de\/shop\/wp-json\/wp\/v2\/types\/product"}],"wp:featuredmedia":[{"embeddable":true,"href":"https:\/\/christina-peter.de\/shop\/wp-json\/wp\/v2\/media\/1300"}],"wp:attachment":[{"href":"https:\/\/christina-peter.de\/shop\/wp-json\/wp\/v2\/media?parent=1298"}],"wp:term":[{"taxonomy":"product_brand","embeddable":true,"href":"https:\/\/christina-peter.de\/shop\/wp-json\/wp\/v2\/product_brand?post=1298"},{"taxonomy":"product_cat","embeddable":true,"href":"https:\/\/christina-peter.de\/shop\/wp-json\/wp\/v2\/product_cat?post=1298"},{"taxonomy":"product_tag","embeddable":true,"href":"https:\/\/christina-peter.de\/shop\/wp-json\/wp\/v2\/product_tag?post=1298"}],"curies":[{"name":"wp","href":"https:\/\/api.w.org\/{rel}","templated":true}]}}