{"id":1274,"date":"2019-07-24T12:25:29","date_gmt":"2019-07-24T10:25:29","guid":{"rendered":"https:\/\/christina-peter.de\/shop\/?post_type=product&#038;p=1274"},"modified":"2022-08-30T15:18:02","modified_gmt":"2022-08-30T13:18:02","slug":"oway-men-lip-beard-salve","status":"publish","type":"product","link":"https:\/\/christina-peter.de\/shop\/product\/oway-men-lip-beard-salve\/","title":{"rendered":"OWAY MEN Lip &#038; Beard Salve"},"content":{"rendered":"<h4 class=\"product-line-title change-txt-color\">OW MEN<\/h4>\n<section>\n<div title=\"Page 2\">\n<div>\n<div>\n<p>Oway Men Lip Salve IST DIE PFLEGEKOLLEKTION F\u00dcR GESICHT, K\u00d6RPER UND HAARE, DIE IN JEDER FORMEL DIE KRAFT DREIER AUSSERORDENTLICHER NATURERSCHEINUNGEN ENTH\u00c4LT.<\/p>\n<\/div>\n<p>Die Oway-Forschung hat die au\u00dfergew\u00f6hnlichen, in den\u00a0<b>primordialen Substanzen\u00a0<\/b>enthaltenen, antioxidativ und gegen Alterungserscheinungen wirkenden Eigenschaften eingefangen, die Techniken der\u00a0<i>Green Chemistry<\/i>weiterentwickelt, bis die modernsten\u00a0<b>technobotanischen Wirkstoffe\u00a0<\/b>verf\u00fcgbar waren, Pflanzen, Blumen und B\u00fcsche gez\u00fcchtet, um die reinsten und effizientesten\u00a0<b>biodynamischen Inhaltsstoffe\u00a0<\/b>zu gewinnen.<\/p>\n<p><b>PRIMORDIALE WIRKSTOFFE\u00a0<\/b><b>AUS DEN EXTREMSTEN LEBENSR\u00c4UMEN\u00a0<\/b><\/p>\n<p>Einsame W\u00fcsten. Eindr\u00fcckliche Gebirge. Bedrohliche Vulkane. Regenw\u00e4lder. Eisw\u00fcsten.<\/p>\n<div class=\"page\" title=\"Page 5\">\n<div class=\"section\">\n<div class=\"layoutArea\">\n<div class=\"column\">\n<p>In diesen wilden, unber\u00fchrten Lebensr\u00e4umen findet man Pflanzen, die au\u00dferordentliche \u00dcberlebensstrategien entwickelt haben und daher unglaublich reich sind an Antioxidantien, N\u00e4hrstoffen und Mineralstoffen voller revitalisierender und entgiftender Spurenelemente.<\/p>\n<p><strong>Die OW MEN-Forschung hat diese hervorragenden Eigenschaften aus den extremsten und intaktesten \u00d6kosystemen des Planeten erfasst und daraus Formeln geschaffen, die die fantastischen, regenerierenden und transformativen Eigenschaften der Pflanzen und der daraus stammenden Mineralstoffe auf Haut und Haare \u00fcbertragen.<\/strong><\/p>\n<\/div>\n<\/div>\n<\/div>\n<\/div>\n<p><b>TECHNO-BOTANISCHE WIRKSTOFFE\u00a0<\/b><b>AUS DER MODERNSTEN GREEN CHEMISTRY<\/b><\/p>\n<div class=\"page\" title=\"Page 6\">\n<div class=\"layoutArea\">\n<div class=\"column\">\n<p>H\u00f6chst wirksame Phytopeptide, Hyalurons\u00e4ure botanischer Herkunft, Booster-Phytofermente zur Anregung der Zellerneuerung und -kraft, pflanzliche Stammzellen, graduell absorbierende Ester, Pflanzenzellulose.<\/p>\n<p><strong>Jede Formel von OW MEN enth\u00e4lt Wirkstoffe aus der modernsten gr\u00fcnen Chemie, perfekte Synthesen aus Natur und Technologie.<\/strong><\/p>\n<p><strong>Ausgehend von Pflanzenbasen erzeugten die OW-Labors Inhaltsstoffe, die perfekt nat\u00fcrliche haut- und haarverwandte Strukturen nachvollziehen.<\/strong><\/p>\n<p>Diese synergisch \u00e4hnlichen Wirkstoffe werden von der Haut und den Haaren aufgenommen und assimiliert und dazu verwendet, die Immunabwehr der Epidermis zu verbessern, die Gewebe kompakter und straffer zu machen, die Haarfaser zu verdicken und den Zellen Koh\u00e4sion und Feuchtigkeit zu verleihen.<\/p>\n<\/div>\n<\/div>\n<\/div>\n<p><b>BIODYNAMISCHE WIRKSTOFFE\u00a0<\/b><b>VOM BODEN BIS INS LABOR, UNSERE AGRARKOSMETISCHE VISION<\/b><b>\u00a0<\/b><\/p>\n<div class=\"page\" title=\"Page 9\">\n<div class=\"section\">\n<div class=\"layoutArea\">\n<div class=\"column\">\n<p>Das Pflegeprodukt Oway Men Beard Salve von OW entstehen in unserem Landgut mit Gartenwerkstatt \u201eOrtofficina\u201c auf den H\u00fcgeln von Bologna, wo wir mit der biodynamischen Methode Pflanzen, Blumen, Fr\u00fcchte und B\u00fcsche anbauen.<\/p>\n<p>Nachdem die Pflanzen w\u00e4hrend ihrer Balsamzeit geerntet und nach dem \u201eNull-Kilometer\u201c-Kriterium an unseren Extraktor geliefert wurden, verarbeiten wir deren aktivsten Teile in Hydrolate, \u00e4therische \u00d6le und Extrakte, die zu einigen in den Pflegeprodukten von OW enthaltenen konzentrierten Wirkstoffen werden.<\/p>\n<\/div>\n<\/div>\n<\/div>\n<\/div>\n<\/div>\n<\/div>\n<\/section>\n","protected":false},"excerpt":{"rendered":"<div class=\"page\" title=\"Page 14\">\n<div class=\"layoutArea\">\n<div class=\"column\">\n<div class=\"page\" title=\"Page 18\">\n<div class=\"layoutArea\">\n<div class=\"column\">\n<p>Weiches und n\u00e4hrstoffspendendes Wachs f\u00fcr Bart und Lippen.<br \/>\nDermatologisch und auf Nickel getestet.<\/p>\n<\/div>\n<\/div>\n<\/div>\n<\/div>\n<\/div>\n<\/div>\n<p>[vc_column][vc_accordion collapsible=&#8220;yes&#8220;][vc_accordion_tab title=&#8220;Vorteile&#8220;][vc_column_text]<\/p>\n<article class=\"panel panel-default\">\n<div id=\"acco-Benefici\" class=\"panel-collapse collapse in\">\n<div class=\"panel-body htmlcontent\">\n<article class=\"panel panel-default\">\n<div id=\"acco-IstruzioniUso\" class=\"panel-collapse collapse in\">\n<div class=\"panel-body htmlcontent\">\n<article class=\"panel panel-default\">\n<div id=\"acco-Benefici\" class=\"panel-collapse collapse in\">\n<div class=\"panel-body htmlcontent\">\n<ul>\n<li>besteht aus Inhaltsstoffen 100% nat\u00fcrlichen Ursprungs;<\/li>\n<li>Produkt 2 in 1 f\u00fcr Bart und Lippen;<\/li>\n<li>verleiht N\u00e4hrstoffe und Feuchtigkeit ohne zu beschweren;<\/li>\n<\/ul>\n<div class=\"page\" title=\"Page 18\">\n<div class=\"layoutArea\">\n<div class=\"column\">\n<p><b>BART:<\/b><\/p>\n<ul>\n<li>macht den Bart seidig weich;<\/li>\n<li>strukturiert und texturiert den Bart und l\u00e4sst ihn sch\u00f6n frisiert wirken;<\/li>\n<li>f\u00fchrt der Haut unter dem Bart N\u00e4hrstoffe zu;<\/li>\n<li>verleiht ein angenehmes Gef\u00fchl von Frische.<\/li>\n<\/ul>\n<p><strong>LIPPEN:<\/strong><\/p>\n<div class=\"page\" title=\"Page 18\">\n<div class=\"layoutArea\">\n<div class=\"column\">\n<ul>\n<li>n\u00e4hrt, pflegt und regeneriert rissige oder trockene Lippen;<\/li>\n<li>sch\u00fctzt vor Wind und K\u00e4lte;<\/li>\n<li>macht die Lippen weich und versorgt sie mit Feuchtigkeit;<\/li>\n<\/ul>\n<\/div>\n<\/div>\n<\/div>\n<\/div>\n<\/div>\n<\/div>\n<\/div>\n<\/div>\n<\/article>\n<\/div>\n<\/div>\n<\/article>\n<\/div>\n<\/div>\n<\/article>\n<p>[\/vc_column_text][\/vc_accordion_tab][vc_accordion_tab title=&#8220;Anwendung des Produkts&#8220;][vc_column_text]<\/p>\n<article class=\"panel panel-default\">\n<div id=\"acco-IstruzioniUso\" class=\"panel-collapse collapse in\">\n<div class=\"panel-body htmlcontent\">\n<article class=\"panel panel-default\">\n<div id=\"acco-IstruzioniUso\" class=\"panel-collapse collapse in\">\n<div class=\"panel-body htmlcontent\">\n<article class=\"panel panel-default\">\n<div id=\"acco-IstruzioniUso\" class=\"panel-collapse collapse in\">\n<div class=\"panel-body htmlcontent\">\n<div class=\"page\" title=\"Page 14\">\n<div class=\"layoutArea\">\n<div class=\"column\">\n<p>Auf den Bart und\/oder die gereinigten und trockenen Lippen auftragen.<\/p>\n<p>Bei Auftragen auf den Bart bis auf die Haut und bis zum vollst\u00e4ndigen Einziehen einreiben.<\/p>\n<\/div>\n<\/div>\n<\/div>\n<\/div>\n<\/div>\n<\/article>\n<\/div>\n<\/div>\n<\/article>\n<\/div>\n<\/div>\n<\/article>\n<p>[\/vc_column_text][\/vc_accordion_tab][vc_accordion_tab title=&#8220;Wirkstoffe&#8220;][vc_column_text]<\/p>\n<p><b>Biodynamischer Lorbeer:\u00a0<\/b>reich an Vitaminen (A, C und B) und Mineralsalzen, wirkt der Lorbeer antioxidierend und bek\u00e4mpft die freien Radikalen, wodurch das jugendliche Aussehen des Haars bewahrt wird.<\/p>\n<p><b>Biologischer Schwarzk\u00fcmmel: <\/b>der Schwarzk\u00fcmmel versorgt die Haarzwiebeln mit N\u00e4hrstoffen und st\u00e4rkt sie, indem er die lokale Mikrozirkulation stimuliert. Wirkt lindernd und r\u00f6tungshemmend auf der Kopfhaut.<\/p>\n<p><b>Ethische Bacurifrucht:\u00a0<\/b>sehr reich an Vitamin A, B, C, Antioxidantien und Mineralstoffen, wirkt au\u00dferordentlich n\u00e4hrstoffspendend und weichmachend auf Haut und Haare.<br \/>\nLebensraum: Regenwald.<\/p>\n<p><b>Biologische F\u00e4rberdistel: <\/b>reich an Omega 6 und 9 spendet das \u00d6l aus der F\u00e4rberdistel tiefenwirksam N\u00e4hrstoffe und Struktur und wirkt Lipid ersetzend. Tr\u00e4gt dazu bei, dass die Haut weich und elastisch bleibt.<\/p>\n<p>[\/vc_column_text][\/vc_accordion_tab][vc_accordion_tab title=&#8220;Enth\u00e4lt nicht&#8220;][vc_column_text]<\/p>\n<article class=\"panel panel-default\">\n<div id=\"acco-NonContiene\" class=\"panel-collapse collapse in\">\n<div class=\"panel-body htmlcontent\">\n<article class=\"panel panel-default\">\n<div id=\"acco-NonContiene\" class=\"panel-collapse collapse in\">\n<div class=\"panel-body htmlcontent\">\n<article class=\"panel panel-default\">\n<div id=\"acco-NonContiene\" class=\"panel-collapse collapse in\">\n<div class=\"panel-body htmlcontent\">\n<article class=\"panel panel-default\">\n<div id=\"acco-NonContiene\" class=\"panel-collapse collapse in\">\n<div class=\"panel-body htmlcontent\">\n<article class=\"panel panel-default\">\n<div id=\"acco-NonContiene\" class=\"panel-collapse collapse in\">\n<div class=\"panel-body htmlcontent\">\n<p>PARABEN FREE \/ SILICONE FREE \/ PETROLATUM FREE \/ PEG, PPG &amp; BG FREE \/ EDTA FREE \/ SYNTHETIC FRAGRANCE FREE \/ ARTIFICIAL COLORANTS FREE \/ GMO FREE \/ PHTHALATE FREE<\/p>\n<\/div>\n<\/div>\n<\/article>\n<\/div>\n<\/div>\n<\/article>\n<\/div>\n<\/div>\n<\/article>\n<\/div>\n<\/div>\n<\/article>\n<\/div>\n<\/div>\n<\/article>\n<p>[\/vc_column_text][\/vc_accordion_tab]<\/p>\n<p>[\/vc_accordion][\/vc_column]<\/p>\n","protected":false},"featured_media":1276,"template":"","meta":{"_uf_show_specific_survey":0,"_uf_disable_surveys":false},"product_brand":[],"product_cat":[15],"product_tag":[],"class_list":{"0":"post-1274","1":"product","2":"type-product","3":"status-publish","4":"has-post-thumbnail","6":"product_cat-maenner","7":"pa_groesse-30ml","9":"first","10":"instock","11":"taxable","12":"shipping-taxable","13":"purchasable","14":"product-type-variable"},"yoast_head":"<!-- This site is optimized with the Yoast SEO plugin v27.4 - https:\/\/yoast.com\/product\/yoast-seo-wordpress\/ -->\n<title>OWAY MEN Lip &amp; Beard Salve - OWAY Shop<\/title>\n<meta name=\"description\" content=\"OWAY MEN Lip &amp; Beard Salve Weiches und n\u00e4hrstoffspendendes Wachs f\u00fcr Bart und Lippen.Dermatologisch und auf Nickel getestet. Jetzt bei uns kaufen!\" \/>\n<meta name=\"robots\" content=\"index, follow, max-snippet:-1, max-image-preview:large, max-video-preview:-1\" \/>\n<link rel=\"canonical\" href=\"https:\/\/christina-peter.de\/shop\/product\/oway-men-lip-beard-salve\/\" \/>\n<meta property=\"og:locale\" content=\"de_DE\" \/>\n<meta property=\"og:type\" content=\"article\" \/>\n<meta property=\"og:title\" content=\"OWAY MEN Lip &amp; Beard Salve - OWAY Shop\" \/>\n<meta property=\"og:description\" content=\"OWAY MEN Lip &amp; Beard Salve Weiches und n\u00e4hrstoffspendendes Wachs f\u00fcr Bart und Lippen.Dermatologisch und auf Nickel getestet. Jetzt bei uns kaufen!\" \/>\n<meta property=\"og:url\" content=\"https:\/\/christina-peter.de\/shop\/product\/oway-men-lip-beard-salve\/\" \/>\n<meta property=\"og:site_name\" content=\"Oway Produkte online kaufen - pflanzliche, biologische &amp; nachhaltige Haarpflegeprodukte\" \/>\n<meta property=\"article:modified_time\" content=\"2022-08-30T13:18:02+00:00\" \/>\n<meta property=\"og:image\" content=\"https:\/\/christina-peter.de\/shop\/wp-content\/uploads\/2019\/07\/lipbeard-salve_fronte_bianco.jpg\" \/>\n\t<meta property=\"og:image:width\" content=\"1600\" \/>\n\t<meta property=\"og:image:height\" content=\"1560\" \/>\n\t<meta property=\"og:image:type\" content=\"image\/jpeg\" \/>\n<meta name=\"twitter:card\" content=\"summary_large_image\" \/>\n<meta name=\"twitter:label1\" content=\"Gesch\u00e4tzte Lesezeit\" \/>\n\t<meta name=\"twitter:data1\" content=\"2\u00a0Minuten\" \/>\n<script type=\"application\/ld+json\" class=\"yoast-schema-graph\">{\"@context\":\"https:\\\/\\\/schema.org\",\"@graph\":[{\"@type\":\"WebPage\",\"@id\":\"https:\\\/\\\/christina-peter.de\\\/shop\\\/product\\\/oway-men-lip-beard-salve\\\/\",\"url\":\"https:\\\/\\\/christina-peter.de\\\/shop\\\/product\\\/oway-men-lip-beard-salve\\\/\",\"name\":\"OWAY MEN Lip & Beard Salve - OWAY Shop\",\"isPartOf\":{\"@id\":\"https:\\\/\\\/christina-peter.de\\\/shop\\\/#website\"},\"primaryImageOfPage\":{\"@id\":\"https:\\\/\\\/christina-peter.de\\\/shop\\\/product\\\/oway-men-lip-beard-salve\\\/#primaryimage\"},\"image\":{\"@id\":\"https:\\\/\\\/christina-peter.de\\\/shop\\\/product\\\/oway-men-lip-beard-salve\\\/#primaryimage\"},\"thumbnailUrl\":\"https:\\\/\\\/christina-peter.de\\\/shop\\\/wp-content\\\/uploads\\\/2019\\\/07\\\/lipbeard-salve_fronte_bianco.jpg\",\"datePublished\":\"2019-07-24T10:25:29+00:00\",\"dateModified\":\"2022-08-30T13:18:02+00:00\",\"description\":\"OWAY MEN Lip & Beard Salve Weiches und n\u00e4hrstoffspendendes Wachs f\u00fcr Bart und Lippen.Dermatologisch und auf Nickel getestet. Jetzt bei uns kaufen!\",\"breadcrumb\":{\"@id\":\"https:\\\/\\\/christina-peter.de\\\/shop\\\/product\\\/oway-men-lip-beard-salve\\\/#breadcrumb\"},\"inLanguage\":\"de\",\"potentialAction\":[{\"@type\":\"ReadAction\",\"target\":[\"https:\\\/\\\/christina-peter.de\\\/shop\\\/product\\\/oway-men-lip-beard-salve\\\/\"]}]},{\"@type\":\"ImageObject\",\"inLanguage\":\"de\",\"@id\":\"https:\\\/\\\/christina-peter.de\\\/shop\\\/product\\\/oway-men-lip-beard-salve\\\/#primaryimage\",\"url\":\"https:\\\/\\\/christina-peter.de\\\/shop\\\/wp-content\\\/uploads\\\/2019\\\/07\\\/lipbeard-salve_fronte_bianco.jpg\",\"contentUrl\":\"https:\\\/\\\/christina-peter.de\\\/shop\\\/wp-content\\\/uploads\\\/2019\\\/07\\\/lipbeard-salve_fronte_bianco.jpg\",\"width\":1600,\"height\":1560},{\"@type\":\"BreadcrumbList\",\"@id\":\"https:\\\/\\\/christina-peter.de\\\/shop\\\/product\\\/oway-men-lip-beard-salve\\\/#breadcrumb\",\"itemListElement\":[{\"@type\":\"ListItem\",\"position\":1,\"name\":\"Startseite\",\"item\":\"https:\\\/\\\/christina-peter.de\\\/shop\\\/\"},{\"@type\":\"ListItem\",\"position\":2,\"name\":\"Home\",\"item\":\"https:\\\/\\\/christina-peter.de\\\/shop\\\/\"},{\"@type\":\"ListItem\",\"position\":3,\"name\":\"OWAY MEN Lip &#038; Beard Salve\"}]},{\"@type\":\"WebSite\",\"@id\":\"https:\\\/\\\/christina-peter.de\\\/shop\\\/#website\",\"url\":\"https:\\\/\\\/christina-peter.de\\\/shop\\\/\",\"name\":\"Oway Produkte online kaufen - pflanzliche, biologische &amp; nachhaltige Haarpflegeprodukte\",\"description\":\"Bei uns finden sie alles rund ums gesunde Haar. Wir vertreiben ausschlie\u00dflich pflanzliche, biologische &amp; nachhaltige Haarpflegeprodukte von Oway.\",\"potentialAction\":[{\"@type\":\"SearchAction\",\"target\":{\"@type\":\"EntryPoint\",\"urlTemplate\":\"https:\\\/\\\/christina-peter.de\\\/shop\\\/?s={search_term_string}\"},\"query-input\":{\"@type\":\"PropertyValueSpecification\",\"valueRequired\":true,\"valueName\":\"search_term_string\"}}],\"inLanguage\":\"de\"}]}<\/script>\n<!-- \/ Yoast SEO plugin. -->","yoast_head_json":{"title":"OWAY MEN Lip & Beard Salve - OWAY Shop","description":"OWAY MEN Lip & Beard Salve Weiches und n\u00e4hrstoffspendendes Wachs f\u00fcr Bart und Lippen.Dermatologisch und auf Nickel getestet. Jetzt bei uns kaufen!","robots":{"index":"index","follow":"follow","max-snippet":"max-snippet:-1","max-image-preview":"max-image-preview:large","max-video-preview":"max-video-preview:-1"},"canonical":"https:\/\/christina-peter.de\/shop\/product\/oway-men-lip-beard-salve\/","og_locale":"de_DE","og_type":"article","og_title":"OWAY MEN Lip & Beard Salve - OWAY Shop","og_description":"OWAY MEN Lip & Beard Salve Weiches und n\u00e4hrstoffspendendes Wachs f\u00fcr Bart und Lippen.Dermatologisch und auf Nickel getestet. Jetzt bei uns kaufen!","og_url":"https:\/\/christina-peter.de\/shop\/product\/oway-men-lip-beard-salve\/","og_site_name":"Oway Produkte online kaufen - pflanzliche, biologische &amp; nachhaltige Haarpflegeprodukte","article_modified_time":"2022-08-30T13:18:02+00:00","og_image":[{"width":1600,"height":1560,"url":"https:\/\/christina-peter.de\/shop\/wp-content\/uploads\/2019\/07\/lipbeard-salve_fronte_bianco.jpg","type":"image\/jpeg"}],"twitter_card":"summary_large_image","twitter_misc":{"Gesch\u00e4tzte Lesezeit":"2\u00a0Minuten"},"schema":{"@context":"https:\/\/schema.org","@graph":[{"@type":"WebPage","@id":"https:\/\/christina-peter.de\/shop\/product\/oway-men-lip-beard-salve\/","url":"https:\/\/christina-peter.de\/shop\/product\/oway-men-lip-beard-salve\/","name":"OWAY MEN Lip & Beard Salve - OWAY Shop","isPartOf":{"@id":"https:\/\/christina-peter.de\/shop\/#website"},"primaryImageOfPage":{"@id":"https:\/\/christina-peter.de\/shop\/product\/oway-men-lip-beard-salve\/#primaryimage"},"image":{"@id":"https:\/\/christina-peter.de\/shop\/product\/oway-men-lip-beard-salve\/#primaryimage"},"thumbnailUrl":"https:\/\/christina-peter.de\/shop\/wp-content\/uploads\/2019\/07\/lipbeard-salve_fronte_bianco.jpg","datePublished":"2019-07-24T10:25:29+00:00","dateModified":"2022-08-30T13:18:02+00:00","description":"OWAY MEN Lip & Beard Salve Weiches und n\u00e4hrstoffspendendes Wachs f\u00fcr Bart und Lippen.Dermatologisch und auf Nickel getestet. Jetzt bei uns kaufen!","breadcrumb":{"@id":"https:\/\/christina-peter.de\/shop\/product\/oway-men-lip-beard-salve\/#breadcrumb"},"inLanguage":"de","potentialAction":[{"@type":"ReadAction","target":["https:\/\/christina-peter.de\/shop\/product\/oway-men-lip-beard-salve\/"]}]},{"@type":"ImageObject","inLanguage":"de","@id":"https:\/\/christina-peter.de\/shop\/product\/oway-men-lip-beard-salve\/#primaryimage","url":"https:\/\/christina-peter.de\/shop\/wp-content\/uploads\/2019\/07\/lipbeard-salve_fronte_bianco.jpg","contentUrl":"https:\/\/christina-peter.de\/shop\/wp-content\/uploads\/2019\/07\/lipbeard-salve_fronte_bianco.jpg","width":1600,"height":1560},{"@type":"BreadcrumbList","@id":"https:\/\/christina-peter.de\/shop\/product\/oway-men-lip-beard-salve\/#breadcrumb","itemListElement":[{"@type":"ListItem","position":1,"name":"Startseite","item":"https:\/\/christina-peter.de\/shop\/"},{"@type":"ListItem","position":2,"name":"Home","item":"https:\/\/christina-peter.de\/shop\/"},{"@type":"ListItem","position":3,"name":"OWAY MEN Lip &#038; Beard Salve"}]},{"@type":"WebSite","@id":"https:\/\/christina-peter.de\/shop\/#website","url":"https:\/\/christina-peter.de\/shop\/","name":"Oway Produkte online kaufen - pflanzliche, biologische &amp; nachhaltige Haarpflegeprodukte","description":"Bei uns finden sie alles rund ums gesunde Haar. Wir vertreiben ausschlie\u00dflich pflanzliche, biologische &amp; nachhaltige Haarpflegeprodukte von Oway.","potentialAction":[{"@type":"SearchAction","target":{"@type":"EntryPoint","urlTemplate":"https:\/\/christina-peter.de\/shop\/?s={search_term_string}"},"query-input":{"@type":"PropertyValueSpecification","valueRequired":true,"valueName":"search_term_string"}}],"inLanguage":"de"}]}},"_links":{"self":[{"href":"https:\/\/christina-peter.de\/shop\/wp-json\/wp\/v2\/product\/1274","targetHints":{"allow":["GET"]}}],"collection":[{"href":"https:\/\/christina-peter.de\/shop\/wp-json\/wp\/v2\/product"}],"about":[{"href":"https:\/\/christina-peter.de\/shop\/wp-json\/wp\/v2\/types\/product"}],"wp:featuredmedia":[{"embeddable":true,"href":"https:\/\/christina-peter.de\/shop\/wp-json\/wp\/v2\/media\/1276"}],"wp:attachment":[{"href":"https:\/\/christina-peter.de\/shop\/wp-json\/wp\/v2\/media?parent=1274"}],"wp:term":[{"taxonomy":"product_brand","embeddable":true,"href":"https:\/\/christina-peter.de\/shop\/wp-json\/wp\/v2\/product_brand?post=1274"},{"taxonomy":"product_cat","embeddable":true,"href":"https:\/\/christina-peter.de\/shop\/wp-json\/wp\/v2\/product_cat?post=1274"},{"taxonomy":"product_tag","embeddable":true,"href":"https:\/\/christina-peter.de\/shop\/wp-json\/wp\/v2\/product_tag?post=1274"}],"curies":[{"name":"wp","href":"https:\/\/api.w.org\/{rel}","templated":true}]}}