{"id":1220,"date":"2019-07-23T22:16:24","date_gmt":"2019-07-23T20:16:24","guid":{"rendered":"https:\/\/christina-peter.de\/shop\/?post_type=product&#038;p=1220"},"modified":"2024-05-22T10:13:21","modified_gmt":"2024-05-22T08:13:21","slug":"oway-styling-finish-glossy-nectar","status":"publish","type":"product","link":"https:\/\/christina-peter.de\/shop\/product\/oway-styling-finish-glossy-nectar\/","title":{"rendered":"OWAY Glossy Nectar"},"content":{"rendered":"<h4 class=\"product-line-title change-txt-color\" style=\"text-align: left;\">Styling &amp; finish<\/h4>\n<p>UNENDLICHER STYLING-AUSDRUCK F\u00dcR GESCH\u00dcTZTES UND MIT N\u00c4HRSTOFFEN VERSORGTES HAAR<\/p>\n<p style=\"text-align: left;\" align=\"center\">Am Markt enthalten die Formeln von Styling-, Definitions- und Finishing-Produkten besonders viele chemische Substanzen: Petrolatum, Parabene, PEG, PPG &amp; BG, synthetische Duftstoffe, Farbstoffe etc. In der Linie von OW wurden diese synthetischen Inhaltsstoffe zum ersten Mal durch Wachse und Harze pflanzlichen Ursprungs, biologische und biodynamische Extrakte, besonders reine \u00e4therische \u00d6le und nat\u00fcrliche Emollientien ersetzt. Das Ergebnis? N\u00e4hrende, hydro-regulierende Formeln mit besonders hoher Leistung, die einen unendlichen Styling-Ausdruck entstehen lassen, das Haar w\u00e4hrend dem Tag sch\u00fctzen und daf\u00fcr sorgen, dass Frisuren lange halten.<\/p>\n<p style=\"text-align: left;\" align=\"center\">\n","protected":false},"excerpt":{"rendered":"<p>Restrukturierendes \u00d6l.<\/p>\n<p>[vc_column][vc_accordion collapsible=&#8220;yes&#8220;][vc_accordion_tab title=&#8220;Vorteile&#8220;][vc_column_text]<\/p>\n<article class=\"panel panel-default\">\n<div id=\"acco-Benefici\" class=\"panel-collapse collapse in\">\n<div class=\"panel-body htmlcontent\">\n<article class=\"panel panel-default\">\n<div id=\"acco-IstruzioniUso\" class=\"panel-collapse collapse in\">\n<div class=\"panel-body htmlcontent\">\n<article class=\"panel panel-default\">\n<div id=\"acco-Benefici\" class=\"panel-collapse collapse in\">\n<div class=\"panel-body htmlcontent\">\n<p>Spendet dem Haar Glanz, N\u00e4hrstoffe und Struktur und macht es leicht k\u00e4mmbar, weich und seidig. Sch\u00fctzt vor W\u00e4rmequellen. Beschleunigt die Trocknungszeit.<\/p>\n<\/div>\n<\/div>\n<\/article>\n<\/div>\n<\/div>\n<\/article>\n<\/div>\n<\/div>\n<\/article>\n<p>[\/vc_column_text][\/vc_accordion_tab][vc_accordion_tab title=&#8220;Anwendung des Produkts&#8220;][vc_column_text]<\/p>\n<article class=\"panel panel-default\">\n<div id=\"acco-IstruzioniUso\" class=\"panel-collapse collapse in\">\n<div class=\"panel-body htmlcontent\">\n<p>Eine kleine Produktmenge im feuchten oder trockenen Haar verteilen.<\/p>\n<\/div>\n<\/div>\n<\/article>\n<p>[\/vc_column_text][\/vc_accordion_tab][vc_accordion_tab title=&#8220;Wirkstoffe&#8220;][vc_column_text]<\/p>\n<p><b>Biodynamischer Andorn<\/b>\u00a0&#8211;\u00a0St\u00e4rkt die Struktur des Haars durch die Erh\u00f6hung der nat\u00fcrlichen Abwehr gegen UV-Strahlen.<\/p>\n<p><b>Schwarzer Quinoa aus biologischem Anbau<\/b>\u00a0&#8211;\u00a0Reich an Pflanzeneiwei\u00dfen, n\u00e4hrt und sch\u00fctzt die Haarfaser.<\/p>\n<p><b>Amla<\/b>&#8211;\u00a0Spendet dem Haar Leuchtkraft, versorgt es mit N\u00e4hrstoffen und st\u00e4rkt es.<\/p>\n<p><b>Marula aus fairem Handel<\/b>\u00a0&#8211; Besitzt wiederaufbauende, sch\u00fctzende und Feuchtigkeit spendende Eigenschaften.\u00a0[\/vc_column_text][\/vc_accordion_tab][vc_accordion_tab title=&#8220;Enth\u00e4lt nicht&#8220;][vc_column_text]<\/p>\n<article class=\"panel panel-default\">\n<div id=\"acco-NonContiene\" class=\"panel-collapse collapse in\">\n<div class=\"panel-body htmlcontent\">\n<article class=\"panel panel-default\">\n<div id=\"acco-NonContiene\" class=\"panel-collapse collapse in\">\n<div class=\"panel-body htmlcontent\">\n<p>PARABENE \/ PETROLATE\/ PEG, PG &amp; BBG \/ SYNTHETISCHE DUFTSTOFFE \/ K\u00dcNSTLICHE FARBSTOFFE<\/p>\n<\/div>\n<\/div>\n<\/article>\n<\/div>\n<\/div>\n<\/article>\n<p>[\/vc_column_text][\/vc_accordion_tab]<\/p>\n<p>[\/vc_accordion][\/vc_column]<\/p>\n","protected":false},"featured_media":1221,"template":"","meta":{"_uf_show_specific_survey":0,"_uf_disable_surveys":false},"product_brand":[],"product_cat":[58],"product_tag":[],"class_list":{"0":"post-1220","1":"product","2":"type-product","3":"status-publish","4":"has-post-thumbnail","6":"product_cat-styling","7":"pa_groesse-50ml","8":"pa_groesse-30ml","10":"first","11":"instock","12":"taxable","13":"shipping-taxable","14":"purchasable","15":"product-type-variable"},"yoast_head":"<!-- This site is optimized with the Yoast SEO plugin v27.5 - https:\/\/yoast.com\/product\/yoast-seo-wordpress\/ -->\n<title>OWAY Glossy Nectar - OWAY Shop<\/title>\n<meta name=\"description\" content=\"OWAY Glossy Nectar online kaufen, Restrukturierendes \u00d6l. Spendet dem Haar Glanz, N\u00e4hrstoffe und Struktur und macht es leicht k\u00e4mmbar, weich und seidig. jetzt bestellen!\" \/>\n<meta name=\"robots\" content=\"index, follow, max-snippet:-1, max-image-preview:large, max-video-preview:-1\" \/>\n<link rel=\"canonical\" href=\"https:\/\/christina-peter.de\/shop\/product\/oway-styling-finish-glossy-nectar\/\" \/>\n<meta property=\"og:locale\" content=\"de_DE\" \/>\n<meta property=\"og:type\" content=\"article\" \/>\n<meta property=\"og:title\" content=\"OWAY Glossy Nectar - OWAY Shop\" \/>\n<meta property=\"og:description\" content=\"OWAY Glossy Nectar online kaufen, Restrukturierendes \u00d6l. Spendet dem Haar Glanz, N\u00e4hrstoffe und Struktur und macht es leicht k\u00e4mmbar, weich und seidig. jetzt bestellen!\" \/>\n<meta property=\"og:url\" content=\"https:\/\/christina-peter.de\/shop\/product\/oway-styling-finish-glossy-nectar\/\" \/>\n<meta property=\"og:site_name\" content=\"Oway Produkte online kaufen - pflanzliche, biologische &amp; nachhaltige Haarpflegeprodukte\" \/>\n<meta property=\"article:modified_time\" content=\"2024-05-22T08:13:21+00:00\" \/>\n<meta property=\"og:image\" content=\"https:\/\/christina-peter.de\/shop\/wp-content\/uploads\/2019\/07\/glossy_nectar_g.jpg\" \/>\n\t<meta property=\"og:image:width\" content=\"1600\" \/>\n\t<meta property=\"og:image:height\" content=\"1560\" \/>\n\t<meta property=\"og:image:type\" content=\"image\/jpeg\" \/>\n<meta name=\"twitter:card\" content=\"summary_large_image\" \/>\n<meta name=\"twitter:label1\" content=\"Gesch\u00e4tzte Lesezeit\" \/>\n\t<meta name=\"twitter:data1\" content=\"1\u00a0Minute\" \/>\n<script type=\"application\/ld+json\" class=\"yoast-schema-graph\">{\"@context\":\"https:\\\/\\\/schema.org\",\"@graph\":[{\"@type\":\"WebPage\",\"@id\":\"https:\\\/\\\/christina-peter.de\\\/shop\\\/product\\\/oway-styling-finish-glossy-nectar\\\/\",\"url\":\"https:\\\/\\\/christina-peter.de\\\/shop\\\/product\\\/oway-styling-finish-glossy-nectar\\\/\",\"name\":\"OWAY Glossy Nectar - OWAY Shop\",\"isPartOf\":{\"@id\":\"https:\\\/\\\/christina-peter.de\\\/shop\\\/#website\"},\"primaryImageOfPage\":{\"@id\":\"https:\\\/\\\/christina-peter.de\\\/shop\\\/product\\\/oway-styling-finish-glossy-nectar\\\/#primaryimage\"},\"image\":{\"@id\":\"https:\\\/\\\/christina-peter.de\\\/shop\\\/product\\\/oway-styling-finish-glossy-nectar\\\/#primaryimage\"},\"thumbnailUrl\":\"https:\\\/\\\/christina-peter.de\\\/shop\\\/wp-content\\\/uploads\\\/2019\\\/07\\\/glossy_nectar_g.jpg\",\"datePublished\":\"2019-07-23T20:16:24+00:00\",\"dateModified\":\"2024-05-22T08:13:21+00:00\",\"description\":\"OWAY Glossy Nectar online kaufen, Restrukturierendes \u00d6l. Spendet dem Haar Glanz, N\u00e4hrstoffe und Struktur und macht es leicht k\u00e4mmbar, weich und seidig. jetzt bestellen!\",\"breadcrumb\":{\"@id\":\"https:\\\/\\\/christina-peter.de\\\/shop\\\/product\\\/oway-styling-finish-glossy-nectar\\\/#breadcrumb\"},\"inLanguage\":\"de\",\"potentialAction\":[{\"@type\":\"ReadAction\",\"target\":[\"https:\\\/\\\/christina-peter.de\\\/shop\\\/product\\\/oway-styling-finish-glossy-nectar\\\/\"]}]},{\"@type\":\"ImageObject\",\"inLanguage\":\"de\",\"@id\":\"https:\\\/\\\/christina-peter.de\\\/shop\\\/product\\\/oway-styling-finish-glossy-nectar\\\/#primaryimage\",\"url\":\"https:\\\/\\\/christina-peter.de\\\/shop\\\/wp-content\\\/uploads\\\/2019\\\/07\\\/glossy_nectar_g.jpg\",\"contentUrl\":\"https:\\\/\\\/christina-peter.de\\\/shop\\\/wp-content\\\/uploads\\\/2019\\\/07\\\/glossy_nectar_g.jpg\",\"width\":1600,\"height\":1560},{\"@type\":\"BreadcrumbList\",\"@id\":\"https:\\\/\\\/christina-peter.de\\\/shop\\\/product\\\/oway-styling-finish-glossy-nectar\\\/#breadcrumb\",\"itemListElement\":[{\"@type\":\"ListItem\",\"position\":1,\"name\":\"Startseite\",\"item\":\"https:\\\/\\\/christina-peter.de\\\/shop\\\/\"},{\"@type\":\"ListItem\",\"position\":2,\"name\":\"Home\",\"item\":\"https:\\\/\\\/christina-peter.de\\\/shop\\\/\"},{\"@type\":\"ListItem\",\"position\":3,\"name\":\"OWAY Glossy Nectar\"}]},{\"@type\":\"WebSite\",\"@id\":\"https:\\\/\\\/christina-peter.de\\\/shop\\\/#website\",\"url\":\"https:\\\/\\\/christina-peter.de\\\/shop\\\/\",\"name\":\"Oway Produkte online kaufen - pflanzliche, biologische &amp; nachhaltige Haarpflegeprodukte\",\"description\":\"Bei uns finden sie alles rund ums gesunde Haar. Wir vertreiben ausschlie\u00dflich pflanzliche, biologische &amp; nachhaltige Haarpflegeprodukte von Oway.\",\"potentialAction\":[{\"@type\":\"SearchAction\",\"target\":{\"@type\":\"EntryPoint\",\"urlTemplate\":\"https:\\\/\\\/christina-peter.de\\\/shop\\\/?s={search_term_string}\"},\"query-input\":{\"@type\":\"PropertyValueSpecification\",\"valueRequired\":true,\"valueName\":\"search_term_string\"}}],\"inLanguage\":\"de\"}]}<\/script>\n<!-- \/ Yoast SEO plugin. -->","yoast_head_json":{"title":"OWAY Glossy Nectar - OWAY Shop","description":"OWAY Glossy Nectar online kaufen, Restrukturierendes \u00d6l. Spendet dem Haar Glanz, N\u00e4hrstoffe und Struktur und macht es leicht k\u00e4mmbar, weich und seidig. jetzt bestellen!","robots":{"index":"index","follow":"follow","max-snippet":"max-snippet:-1","max-image-preview":"max-image-preview:large","max-video-preview":"max-video-preview:-1"},"canonical":"https:\/\/christina-peter.de\/shop\/product\/oway-styling-finish-glossy-nectar\/","og_locale":"de_DE","og_type":"article","og_title":"OWAY Glossy Nectar - OWAY Shop","og_description":"OWAY Glossy Nectar online kaufen, Restrukturierendes \u00d6l. Spendet dem Haar Glanz, N\u00e4hrstoffe und Struktur und macht es leicht k\u00e4mmbar, weich und seidig. jetzt bestellen!","og_url":"https:\/\/christina-peter.de\/shop\/product\/oway-styling-finish-glossy-nectar\/","og_site_name":"Oway Produkte online kaufen - pflanzliche, biologische &amp; nachhaltige Haarpflegeprodukte","article_modified_time":"2024-05-22T08:13:21+00:00","og_image":[{"width":1600,"height":1560,"url":"https:\/\/christina-peter.de\/shop\/wp-content\/uploads\/2019\/07\/glossy_nectar_g.jpg","type":"image\/jpeg"}],"twitter_card":"summary_large_image","twitter_misc":{"Gesch\u00e4tzte Lesezeit":"1\u00a0Minute"},"schema":{"@context":"https:\/\/schema.org","@graph":[{"@type":"WebPage","@id":"https:\/\/christina-peter.de\/shop\/product\/oway-styling-finish-glossy-nectar\/","url":"https:\/\/christina-peter.de\/shop\/product\/oway-styling-finish-glossy-nectar\/","name":"OWAY Glossy Nectar - OWAY Shop","isPartOf":{"@id":"https:\/\/christina-peter.de\/shop\/#website"},"primaryImageOfPage":{"@id":"https:\/\/christina-peter.de\/shop\/product\/oway-styling-finish-glossy-nectar\/#primaryimage"},"image":{"@id":"https:\/\/christina-peter.de\/shop\/product\/oway-styling-finish-glossy-nectar\/#primaryimage"},"thumbnailUrl":"https:\/\/christina-peter.de\/shop\/wp-content\/uploads\/2019\/07\/glossy_nectar_g.jpg","datePublished":"2019-07-23T20:16:24+00:00","dateModified":"2024-05-22T08:13:21+00:00","description":"OWAY Glossy Nectar online kaufen, Restrukturierendes \u00d6l. Spendet dem Haar Glanz, N\u00e4hrstoffe und Struktur und macht es leicht k\u00e4mmbar, weich und seidig. jetzt bestellen!","breadcrumb":{"@id":"https:\/\/christina-peter.de\/shop\/product\/oway-styling-finish-glossy-nectar\/#breadcrumb"},"inLanguage":"de","potentialAction":[{"@type":"ReadAction","target":["https:\/\/christina-peter.de\/shop\/product\/oway-styling-finish-glossy-nectar\/"]}]},{"@type":"ImageObject","inLanguage":"de","@id":"https:\/\/christina-peter.de\/shop\/product\/oway-styling-finish-glossy-nectar\/#primaryimage","url":"https:\/\/christina-peter.de\/shop\/wp-content\/uploads\/2019\/07\/glossy_nectar_g.jpg","contentUrl":"https:\/\/christina-peter.de\/shop\/wp-content\/uploads\/2019\/07\/glossy_nectar_g.jpg","width":1600,"height":1560},{"@type":"BreadcrumbList","@id":"https:\/\/christina-peter.de\/shop\/product\/oway-styling-finish-glossy-nectar\/#breadcrumb","itemListElement":[{"@type":"ListItem","position":1,"name":"Startseite","item":"https:\/\/christina-peter.de\/shop\/"},{"@type":"ListItem","position":2,"name":"Home","item":"https:\/\/christina-peter.de\/shop\/"},{"@type":"ListItem","position":3,"name":"OWAY Glossy Nectar"}]},{"@type":"WebSite","@id":"https:\/\/christina-peter.de\/shop\/#website","url":"https:\/\/christina-peter.de\/shop\/","name":"Oway Produkte online kaufen - pflanzliche, biologische &amp; nachhaltige Haarpflegeprodukte","description":"Bei uns finden sie alles rund ums gesunde Haar. Wir vertreiben ausschlie\u00dflich pflanzliche, biologische &amp; nachhaltige Haarpflegeprodukte von Oway.","potentialAction":[{"@type":"SearchAction","target":{"@type":"EntryPoint","urlTemplate":"https:\/\/christina-peter.de\/shop\/?s={search_term_string}"},"query-input":{"@type":"PropertyValueSpecification","valueRequired":true,"valueName":"search_term_string"}}],"inLanguage":"de"}]}},"_links":{"self":[{"href":"https:\/\/christina-peter.de\/shop\/wp-json\/wp\/v2\/product\/1220","targetHints":{"allow":["GET"]}}],"collection":[{"href":"https:\/\/christina-peter.de\/shop\/wp-json\/wp\/v2\/product"}],"about":[{"href":"https:\/\/christina-peter.de\/shop\/wp-json\/wp\/v2\/types\/product"}],"wp:featuredmedia":[{"embeddable":true,"href":"https:\/\/christina-peter.de\/shop\/wp-json\/wp\/v2\/media\/1221"}],"wp:attachment":[{"href":"https:\/\/christina-peter.de\/shop\/wp-json\/wp\/v2\/media?parent=1220"}],"wp:term":[{"taxonomy":"product_brand","embeddable":true,"href":"https:\/\/christina-peter.de\/shop\/wp-json\/wp\/v2\/product_brand?post=1220"},{"taxonomy":"product_cat","embeddable":true,"href":"https:\/\/christina-peter.de\/shop\/wp-json\/wp\/v2\/product_cat?post=1220"},{"taxonomy":"product_tag","embeddable":true,"href":"https:\/\/christina-peter.de\/shop\/wp-json\/wp\/v2\/product_tag?post=1220"}],"curies":[{"name":"wp","href":"https:\/\/api.w.org\/{rel}","templated":true}]}}