{"id":1210,"date":"2019-07-23T15:19:43","date_gmt":"2019-07-23T13:19:43","guid":{"rendered":"https:\/\/christina-peter.de\/shop\/?post_type=product&#038;p=1210"},"modified":"2022-08-30T15:03:29","modified_gmt":"2022-08-30T13:03:29","slug":"oway-silkn-glow-serum","status":"publish","type":"product","link":"https:\/\/christina-peter.de\/shop\/product\/oway-silkn-glow-serum\/","title":{"rendered":"OWAY Silk\u00b4n Glow Serum"},"content":{"rendered":"<div class=\"wpb-content-wrapper\"><header>[vc_row][vc_column][vc_column_text]<\/p>\n<header>\n<header>\n<header>\n<header>\n<header>\n<header>\n<header>\n<h3 class=\"prod-banner-title\">STRUKTURIERENDES, SEMIPERMANENTES STYLING GEGEN KRAUSES HAAR<\/h3>\n<\/header>\n<div class=\"prod-banner-text abstract htmlcontent\">\n<p><b>Eine Synergie, die einen Seideneffekt spendet und durch die Weichheit und das angenehme Gef\u00fchl, das sie den Haarl\u00e4ngen spendet, beeindruckt. Die Wirkung ist sofort sichtbar, aber die Behandlung zeichnet sich dadurch aus, dass die Faser sich auch \u00fcber die Zeit &#8211; Anwendung f\u00fcr Anwendung &#8211; verbessert.\u00a0<\/b><\/p>\n<p>F\u00fcr alle Haartypen geeignet, die von Natur aus kraus, trocken und por\u00f6s sind. Wertvoll auch f\u00fcr trockenes und aufgrund von im Lauf der Zeit erfahrenem chemischem oder mechanischem Stress schwer zu pflegendes Haar. Die Wirkung h\u00e4lt auf semipermanente Weise lange an, wodurch das Produkt zu einem Spender von Proteinen und Fetts\u00e4uren wird, der unverzichtbar ist, um stets seidiges, leuchtendes und leicht k\u00e4mmbares Haar zu haben. Auch f\u00fcr die strukturierende Behandlung des Haars und die Pflege von Extensions empfohlen.<\/p>\n<p>Um krausem, grobem und strukturlosem Haar Struktur zu verleihen, sind zwei Schritte notwendig: der Haarfaser tiefenwirksam N\u00e4hrstoffe zu spenden und die oberfl\u00e4chliche Schicht zu pflegen. Krauses und mattes Haar zeichnet sich tats\u00e4chlich durch eine angehobene, unregelm\u00e4\u00dfige Kutikula aus. In diesem Zustand reflektiert die Oberfl\u00e4che des Haars das Licht nicht und das Haar erscheint leblos und matt. Die Reinigung SILK\u2018N GLOW sorgt f\u00fcr einen ersten strukturverleihenden Effekt.<\/p>\n<p>Die N\u00e4hrstoffversorgung verwandelt das Haarmaterial in reine Seide. Das Serum ist der letzte Schritt, der das Haar mit Mikro-Lichtpartikeln umh\u00fcllt. Eine Synergie aus restrukturierenden, n\u00e4hrstoffspendenden und Seidenglanz verleihenden Wirkstoffen: biodynamischer Hafer, biologische Cupua\u00e7u-Butter und Paranuss\u00f6l aus fairem Handel &#8211; sie alle machen das Haar weich und verleihen ihm Glanz, sodass es reiner Seide \u00e4hnlich ist.<\/p>\n<\/div>\n<\/header>\n<\/header>\n<\/header>\n<\/header>\n<section><\/section>\n<section><\/section>\n<section><\/section>\n<section><\/section>\n<section><\/section>\n<\/header>\n<\/header>\n<p>[\/vc_column_text][vc_empty_space height=&#8220;32&#8243;][vc_separator][vc_empty_space][\/vc_column][\/vc_row][vc_row type=&#8220;boxed&#8220; content_placement=&#8220;middle&#8220;][vc_column width=&#8220;1\/2&#8243; css=&#8220;.vc_custom_1462135333419{padding-top: 28px !important;padding-bottom: 28px !important;}&#8220;][vc_custom_heading text=&#8220;Extrakt aus biodynamischen Hafer&#8220; font_container=&#8220;tag:h3|text_align:left&#8220; use_theme_fonts=&#8220;yes&#8220;][vc_empty_space height=&#8220;15px&#8220;][vc_column_text]Wirkt bei trockenem und spr\u00f6dem Haar substantivierend und restrukturierend. Das im Haferextrakt vorhandene Beta-Glucan wirkt feuchtigkeitsspendend und filmbildend. So wird das Haar vor freien Radikalen gesch\u00fctzt.[\/vc_column_text][vc_empty_space][\/vc_column][vc_column width=&#8220;1\/2&#8243;][vc_single_image image=&#8220;1946&#8243; img_size=&#8220;full&#8220; alignment=&#8220;right&#8220;][vc_empty_space][\/vc_column][\/vc_row][vc_row css=&#8220;.vc_custom_1461961652033{border-top-width: 1px !important;border-top-color: #eeeeee !important;border-top-style: solid !important;}&#8220;][vc_column][\/vc_column][\/vc_row][vc_row type=&#8220;boxed&#8220; content_placement=&#8220;middle&#8220; el_class=&#8220;nm-row-flex-col-reverse&#8220;][vc_column width=&#8220;1\/2&#8243; css=&#8220;.vc_custom_1462135341599{padding-top: 28px !important;padding-bottom: 28px !important;}&#8220;][vc_custom_heading text=&#8220;Biologische Cupua\u00e7u-Butter&#8220; font_container=&#8220;tag:h3|text_align:left&#8220; use_theme_fonts=&#8220;yes&#8220;][vc_empty_space height=&#8220;15px&#8220;][vc_column_text]<\/p>\n<p id=\"firstHeading\" lang=\"de\">Cupua\u00e7u ist eine Nuss von besonders hoher Qualit\u00e4t aus dem Amazonasgebiet. Aus ihren Samen, die kalt gepresst werden, entsteht eine Butter mit herausragender feuchtigkeitsspendender sowie f\u00fcr Weichheit und Elastizit\u00e4t sorgender Wirkung. N\u00e4hrstoffspendend und pflegend, verleiht sie der Haarfaser Glanz.<\/p>\n<p>[\/vc_column_text][\/vc_column][vc_column width=&#8220;1\/2&#8243;][vc_empty_space][vc_single_image image=&#8220;1945&#8243; img_size=&#8220;full&#8220;][vc_empty_space][\/vc_column][\/vc_row][vc_row css=&#8220;.vc_custom_1461961652033{border-top-width: 1px !important;border-top-color: #eeeeee !important;border-top-style: solid !important;}&#8220;][vc_column][\/vc_column][\/vc_row][vc_row type=&#8220;boxed&#8220; content_placement=&#8220;middle&#8220;][vc_column width=&#8220;1\/2&#8243; css=&#8220;.vc_custom_1462135350237{padding-top: 28px !important;padding-bottom: 28px !important;}&#8220;][vc_custom_heading text=&#8220;Paranuss\u00f6l aus fairem Handel&#8220; font_container=&#8220;tag:h3|text_align:left&#8220; use_theme_fonts=&#8220;yes&#8220;][vc_empty_space height=&#8220;15px&#8220;][vc_column_text]Reich an den wasserl\u00f6slichen Vitaminen A und B, verleiht es dem Haar Struktur und wirkt krausem Haar entgegen. Au\u00dferdem wird dem Haar Glanz und K\u00e4mmbarkeit verliehen.[\/vc_column_text][\/vc_column][vc_column width=&#8220;1\/2&#8243;][vc_empty_space][vc_single_image image=&#8220;1944&#8243; img_size=&#8220;full&#8220; alignment=&#8220;right&#8220;][vc_empty_space][\/vc_column][\/vc_row][vc_row css=&#8220;.vc_custom_1461961652033{border-top-width: 1px !important;border-top-color: #eeeeee !important;border-top-style: solid !important;}&#8220;][vc_column][\/vc_column][\/vc_row][vc_row][vc_column][vc_column_text]<\/p>\n<p>[\/vc_column_text][\/vc_column][\/vc_row][vc_row][vc_column][vc_column_text]<\/p>\n<p>[\/vc_column_text][\/vc_column][\/vc_row][vc_row][vc_column][vc_column_text]<\/p>\n<p>[\/vc_column_text][\/vc_column][\/vc_row]<\/p>\n<\/header>\n<\/div>","protected":false},"excerpt":{"rendered":"<p>Serum f\u00fcr krauses, trockenes und por\u00f6ses Haar, das dem Kraus-Effekt entgegenwirkt.<\/p>\n<p>[vc_column][vc_accordion collapsible=&#8220;yes&#8220;][vc_accordion_tab title=&#8220;Vorteile&#8220;][vc_column_text]<\/p>\n<article class=\"panel panel-default\">\n<div id=\"acco-Benefici\" class=\"panel-collapse collapse in\">\n<div class=\"panel-body htmlcontent\">\n<article class=\"panel panel-default\">\n<div id=\"acco-IstruzioniUso\" class=\"panel-collapse collapse in\">\n<div class=\"panel-body htmlcontent\">\n<article class=\"panel panel-default\">\n<div id=\"acco-Benefici\" class=\"panel-collapse collapse in\">\n<div class=\"panel-body htmlcontent\">\n<article class=\"panel panel-default\">\n<div id=\"acco-Benefici\" class=\"panel-collapse collapse in\">\n<div class=\"panel-body htmlcontent\">\n<article class=\"panel panel-default\">\n<div id=\"acco-Benefici\" class=\"panel-collapse collapse in\">\n<div class=\"panel-body htmlcontent\">\n<article class=\"panel panel-default\">\n<div id=\"acco-Benefici\" class=\"panel-collapse collapse in\">\n<div class=\"panel-body htmlcontent\">\n<p>Gl\u00e4ttet die Kutikula und beseitigt den Kraus-Effekt, sorgt f\u00fcr Leuchtkraft und Glanz. Das Haar ist weicher und f\u00fchlt sich seidiger an.<\/p>\n<\/div>\n<\/div>\n<\/article>\n<\/div>\n<\/div>\n<\/article>\n<\/div>\n<\/div>\n<\/article>\n<\/div>\n<\/div>\n<\/article>\n<\/div>\n<\/div>\n<\/article>\n<\/div>\n<\/div>\n<\/article>\n<p>[\/vc_column_text][\/vc_accordion_tab][vc_accordion_tab title=&#8220;Anwendung des Produkts&#8220;][vc_column_text]<\/p>\n<article class=\"panel panel-default\">\n<div id=\"acco-Benefici\" class=\"panel-collapse collapse in\">\n<div class=\"panel-body htmlcontent\">\n<article class=\"panel panel-default\">\n<div id=\"acco-IstruzioniUso\" class=\"panel-collapse collapse in\">\n<div class=\"panel-body htmlcontent\">\n<article class=\"panel panel-default\">\n<div id=\"acco-IstruzioniUso\" class=\"panel-collapse collapse in\">\n<div class=\"panel-body htmlcontent\">\n<article class=\"panel panel-default\">\n<div id=\"acco-IstruzioniUso\" class=\"panel-collapse collapse in\">\n<div class=\"panel-body htmlcontent\">\n<article class=\"panel panel-default\">\n<div id=\"acco-IstruzioniUso\" class=\"panel-collapse collapse in\">\n<div class=\"panel-body htmlcontent\">\n<p>Auf dem gesamten feuchten oder trockenen Haar bis zu den Spitzen auftragen. Stylen.<\/p>\n<\/div>\n<\/div>\n<\/article>\n<\/div>\n<\/div>\n<\/article>\n<\/div>\n<\/div>\n<\/article>\n<\/div>\n<\/div>\n<\/article>\n<\/div>\n<\/div>\n<\/article>\n<p>[\/vc_column_text][\/vc_accordion_tab][vc_accordion_tab title=&#8220;Wirkstoffe&#8220;][vc_column_text]<\/p>\n<p><b>Biodynamischer Hafer<\/b>&#8211; Wirkt bei trockenem und spr\u00f6dem Haar substantivierend und restrukturierend.<\/p>\n<p><b>Biologische Cupua\u00e7u-Butter<\/b> &#8211; N\u00e4hrstoffspendend und pflegend, verleiht sie der Haarfaser Glanz.<\/p>\n<p><b>Paranuss aus fairem Handel<\/b>\u00a0&#8211; Reich an den wasserl\u00f6slichen Vitaminen A und B, verleiht es dem Haar Struktur und wirkt krausem Haar entgegen. Au\u00dferdem wird dem Haar Glanz und K\u00e4mmbarkeit verliehen.<\/p>\n<p>[\/vc_column_text][\/vc_accordion_tab][vc_accordion_tab title=&#8220;Enth\u00e4lt nicht&#8220;][vc_column_text]<\/p>\n<article class=\"panel panel-default\">\n<div id=\"acco-NonContiene\" class=\"panel-collapse collapse in\">\n<div class=\"panel-body htmlcontent\">\n<article class=\"panel panel-default\">\n<div id=\"acco-NonContiene\" class=\"panel-collapse collapse in\">\n<div class=\"panel-body htmlcontent\">\n<article class=\"panel panel-default\">\n<div id=\"acco-NonContiene\" class=\"panel-collapse collapse in\">\n<div class=\"panel-body htmlcontent\">\n<article class=\"panel panel-default\">\n<div id=\"acco-NonContiene\" class=\"panel-collapse collapse in\">\n<div class=\"panel-body htmlcontent\">\n<article class=\"panel panel-default\">\n<div id=\"acco-NonContiene\" class=\"panel-collapse collapse in\">\n<div class=\"panel-body htmlcontent\">\n<p>PARABENE \/ PETROLATE\/ PEG, PG &amp; BBG \/ EDTA \/ SYNTHETISCHE DUFTSTOFFE \/ K\u00dcNSTLICHE FARBSTOFFE<\/p>\n<\/div>\n<\/div>\n<\/article>\n<\/div>\n<\/div>\n<\/article>\n<\/div>\n<\/div>\n<\/article>\n<\/div>\n<\/div>\n<\/article>\n<\/div>\n<\/div>\n<\/article>\n<p>[\/vc_column_text][\/vc_accordion_tab]<\/p>\n<p>[\/vc_accordion][\/vc_column]<\/p>\n","protected":false},"featured_media":1212,"template":"","meta":{"_uf_show_specific_survey":0,"_uf_disable_surveys":false},"product_brand":[],"product_cat":[54,57],"product_tag":[],"class_list":{"0":"post-1210","1":"product","2":"type-product","3":"status-publish","4":"has-post-thumbnail","6":"product_cat-haarpflege","7":"product_cat-silkn-glow","8":"pa_groesse-50ml","9":"pa_groesse-30ml","11":"first","12":"instock","13":"taxable","14":"shipping-taxable","15":"purchasable","16":"product-type-variable"},"yoast_head":"<!-- This site is optimized with the Yoast SEO plugin v27.5 - https:\/\/yoast.com\/product\/yoast-seo-wordpress\/ -->\n<title>OWAY Silk\u00b4n Glow Serum - OWAY Shop<\/title>\n<meta name=\"description\" content=\"Bestellen OWAY Silk\u00b4n Glow Serum online im Oway Shop zu den besten Preisen. Kaufe besten pflanzlichen, biologischen und nachhaltigen Haarpflegeprodukte. Besuchen jetzt!\" \/>\n<meta name=\"robots\" content=\"index, follow, max-snippet:-1, max-image-preview:large, max-video-preview:-1\" \/>\n<link rel=\"canonical\" href=\"https:\/\/christina-peter.de\/shop\/product\/oway-silkn-glow-serum\/\" \/>\n<meta property=\"og:locale\" content=\"de_DE\" \/>\n<meta property=\"og:type\" content=\"article\" \/>\n<meta property=\"og:title\" content=\"OWAY Silk\u00b4n Glow Serum - OWAY Shop\" \/>\n<meta property=\"og:description\" content=\"Bestellen OWAY Silk\u00b4n Glow Serum online im Oway Shop zu den besten Preisen. Kaufe besten pflanzlichen, biologischen und nachhaltigen Haarpflegeprodukte. Besuchen jetzt!\" \/>\n<meta property=\"og:url\" content=\"https:\/\/christina-peter.de\/shop\/product\/oway-silkn-glow-serum\/\" \/>\n<meta property=\"og:site_name\" content=\"Oway Produkte online kaufen - pflanzliche, biologische &amp; nachhaltige Haarpflegeprodukte\" \/>\n<meta property=\"article:modified_time\" content=\"2022-08-30T13:03:29+00:00\" \/>\n<meta property=\"og:image\" content=\"https:\/\/christina-peter.de\/shop\/wp-content\/uploads\/2019\/07\/silknglow-serum-50ml-fronte-sito.jpg\" \/>\n\t<meta property=\"og:image:width\" content=\"1600\" \/>\n\t<meta property=\"og:image:height\" content=\"1560\" \/>\n\t<meta property=\"og:image:type\" content=\"image\/jpeg\" \/>\n<meta name=\"twitter:card\" content=\"summary_large_image\" \/>\n<meta name=\"twitter:label1\" content=\"Gesch\u00e4tzte Lesezeit\" \/>\n\t<meta name=\"twitter:data1\" content=\"4\u00a0Minuten\" \/>\n<script type=\"application\/ld+json\" class=\"yoast-schema-graph\">{\"@context\":\"https:\\\/\\\/schema.org\",\"@graph\":[{\"@type\":\"WebPage\",\"@id\":\"https:\\\/\\\/christina-peter.de\\\/shop\\\/product\\\/oway-silkn-glow-serum\\\/\",\"url\":\"https:\\\/\\\/christina-peter.de\\\/shop\\\/product\\\/oway-silkn-glow-serum\\\/\",\"name\":\"OWAY Silk\u00b4n Glow Serum - OWAY Shop\",\"isPartOf\":{\"@id\":\"https:\\\/\\\/christina-peter.de\\\/shop\\\/#website\"},\"primaryImageOfPage\":{\"@id\":\"https:\\\/\\\/christina-peter.de\\\/shop\\\/product\\\/oway-silkn-glow-serum\\\/#primaryimage\"},\"image\":{\"@id\":\"https:\\\/\\\/christina-peter.de\\\/shop\\\/product\\\/oway-silkn-glow-serum\\\/#primaryimage\"},\"thumbnailUrl\":\"https:\\\/\\\/christina-peter.de\\\/shop\\\/wp-content\\\/uploads\\\/2019\\\/07\\\/silknglow-serum-50ml-fronte-sito.jpg\",\"datePublished\":\"2019-07-23T13:19:43+00:00\",\"dateModified\":\"2022-08-30T13:03:29+00:00\",\"description\":\"Bestellen OWAY Silk\u00b4n Glow Serum online im Oway Shop zu den besten Preisen. Kaufe besten pflanzlichen, biologischen und nachhaltigen Haarpflegeprodukte. Besuchen jetzt!\",\"breadcrumb\":{\"@id\":\"https:\\\/\\\/christina-peter.de\\\/shop\\\/product\\\/oway-silkn-glow-serum\\\/#breadcrumb\"},\"inLanguage\":\"de\",\"potentialAction\":[{\"@type\":\"ReadAction\",\"target\":[\"https:\\\/\\\/christina-peter.de\\\/shop\\\/product\\\/oway-silkn-glow-serum\\\/\"]}]},{\"@type\":\"ImageObject\",\"inLanguage\":\"de\",\"@id\":\"https:\\\/\\\/christina-peter.de\\\/shop\\\/product\\\/oway-silkn-glow-serum\\\/#primaryimage\",\"url\":\"https:\\\/\\\/christina-peter.de\\\/shop\\\/wp-content\\\/uploads\\\/2019\\\/07\\\/silknglow-serum-50ml-fronte-sito.jpg\",\"contentUrl\":\"https:\\\/\\\/christina-peter.de\\\/shop\\\/wp-content\\\/uploads\\\/2019\\\/07\\\/silknglow-serum-50ml-fronte-sito.jpg\",\"width\":1600,\"height\":1560},{\"@type\":\"BreadcrumbList\",\"@id\":\"https:\\\/\\\/christina-peter.de\\\/shop\\\/product\\\/oway-silkn-glow-serum\\\/#breadcrumb\",\"itemListElement\":[{\"@type\":\"ListItem\",\"position\":1,\"name\":\"Startseite\",\"item\":\"https:\\\/\\\/christina-peter.de\\\/shop\\\/\"},{\"@type\":\"ListItem\",\"position\":2,\"name\":\"Home\",\"item\":\"https:\\\/\\\/christina-peter.de\\\/shop\\\/\"},{\"@type\":\"ListItem\",\"position\":3,\"name\":\"OWAY Silk\u00b4n Glow Serum\"}]},{\"@type\":\"WebSite\",\"@id\":\"https:\\\/\\\/christina-peter.de\\\/shop\\\/#website\",\"url\":\"https:\\\/\\\/christina-peter.de\\\/shop\\\/\",\"name\":\"Oway Produkte online kaufen - pflanzliche, biologische &amp; nachhaltige Haarpflegeprodukte\",\"description\":\"Bei uns finden sie alles rund ums gesunde Haar. Wir vertreiben ausschlie\u00dflich pflanzliche, biologische &amp; nachhaltige Haarpflegeprodukte von Oway.\",\"potentialAction\":[{\"@type\":\"SearchAction\",\"target\":{\"@type\":\"EntryPoint\",\"urlTemplate\":\"https:\\\/\\\/christina-peter.de\\\/shop\\\/?s={search_term_string}\"},\"query-input\":{\"@type\":\"PropertyValueSpecification\",\"valueRequired\":true,\"valueName\":\"search_term_string\"}}],\"inLanguage\":\"de\"}]}<\/script>\n<!-- \/ Yoast SEO plugin. -->","yoast_head_json":{"title":"OWAY Silk\u00b4n Glow Serum - OWAY Shop","description":"Bestellen OWAY Silk\u00b4n Glow Serum online im Oway Shop zu den besten Preisen. Kaufe besten pflanzlichen, biologischen und nachhaltigen Haarpflegeprodukte. Besuchen jetzt!","robots":{"index":"index","follow":"follow","max-snippet":"max-snippet:-1","max-image-preview":"max-image-preview:large","max-video-preview":"max-video-preview:-1"},"canonical":"https:\/\/christina-peter.de\/shop\/product\/oway-silkn-glow-serum\/","og_locale":"de_DE","og_type":"article","og_title":"OWAY Silk\u00b4n Glow Serum - OWAY Shop","og_description":"Bestellen OWAY Silk\u00b4n Glow Serum online im Oway Shop zu den besten Preisen. Kaufe besten pflanzlichen, biologischen und nachhaltigen Haarpflegeprodukte. Besuchen jetzt!","og_url":"https:\/\/christina-peter.de\/shop\/product\/oway-silkn-glow-serum\/","og_site_name":"Oway Produkte online kaufen - pflanzliche, biologische &amp; nachhaltige Haarpflegeprodukte","article_modified_time":"2022-08-30T13:03:29+00:00","og_image":[{"width":1600,"height":1560,"url":"https:\/\/christina-peter.de\/shop\/wp-content\/uploads\/2019\/07\/silknglow-serum-50ml-fronte-sito.jpg","type":"image\/jpeg"}],"twitter_card":"summary_large_image","twitter_misc":{"Gesch\u00e4tzte Lesezeit":"4\u00a0Minuten"},"schema":{"@context":"https:\/\/schema.org","@graph":[{"@type":"WebPage","@id":"https:\/\/christina-peter.de\/shop\/product\/oway-silkn-glow-serum\/","url":"https:\/\/christina-peter.de\/shop\/product\/oway-silkn-glow-serum\/","name":"OWAY Silk\u00b4n Glow Serum - OWAY Shop","isPartOf":{"@id":"https:\/\/christina-peter.de\/shop\/#website"},"primaryImageOfPage":{"@id":"https:\/\/christina-peter.de\/shop\/product\/oway-silkn-glow-serum\/#primaryimage"},"image":{"@id":"https:\/\/christina-peter.de\/shop\/product\/oway-silkn-glow-serum\/#primaryimage"},"thumbnailUrl":"https:\/\/christina-peter.de\/shop\/wp-content\/uploads\/2019\/07\/silknglow-serum-50ml-fronte-sito.jpg","datePublished":"2019-07-23T13:19:43+00:00","dateModified":"2022-08-30T13:03:29+00:00","description":"Bestellen OWAY Silk\u00b4n Glow Serum online im Oway Shop zu den besten Preisen. Kaufe besten pflanzlichen, biologischen und nachhaltigen Haarpflegeprodukte. Besuchen jetzt!","breadcrumb":{"@id":"https:\/\/christina-peter.de\/shop\/product\/oway-silkn-glow-serum\/#breadcrumb"},"inLanguage":"de","potentialAction":[{"@type":"ReadAction","target":["https:\/\/christina-peter.de\/shop\/product\/oway-silkn-glow-serum\/"]}]},{"@type":"ImageObject","inLanguage":"de","@id":"https:\/\/christina-peter.de\/shop\/product\/oway-silkn-glow-serum\/#primaryimage","url":"https:\/\/christina-peter.de\/shop\/wp-content\/uploads\/2019\/07\/silknglow-serum-50ml-fronte-sito.jpg","contentUrl":"https:\/\/christina-peter.de\/shop\/wp-content\/uploads\/2019\/07\/silknglow-serum-50ml-fronte-sito.jpg","width":1600,"height":1560},{"@type":"BreadcrumbList","@id":"https:\/\/christina-peter.de\/shop\/product\/oway-silkn-glow-serum\/#breadcrumb","itemListElement":[{"@type":"ListItem","position":1,"name":"Startseite","item":"https:\/\/christina-peter.de\/shop\/"},{"@type":"ListItem","position":2,"name":"Home","item":"https:\/\/christina-peter.de\/shop\/"},{"@type":"ListItem","position":3,"name":"OWAY Silk\u00b4n Glow Serum"}]},{"@type":"WebSite","@id":"https:\/\/christina-peter.de\/shop\/#website","url":"https:\/\/christina-peter.de\/shop\/","name":"Oway Produkte online kaufen - pflanzliche, biologische &amp; nachhaltige Haarpflegeprodukte","description":"Bei uns finden sie alles rund ums gesunde Haar. Wir vertreiben ausschlie\u00dflich pflanzliche, biologische &amp; nachhaltige Haarpflegeprodukte von Oway.","potentialAction":[{"@type":"SearchAction","target":{"@type":"EntryPoint","urlTemplate":"https:\/\/christina-peter.de\/shop\/?s={search_term_string}"},"query-input":{"@type":"PropertyValueSpecification","valueRequired":true,"valueName":"search_term_string"}}],"inLanguage":"de"}]}},"_links":{"self":[{"href":"https:\/\/christina-peter.de\/shop\/wp-json\/wp\/v2\/product\/1210","targetHints":{"allow":["GET"]}}],"collection":[{"href":"https:\/\/christina-peter.de\/shop\/wp-json\/wp\/v2\/product"}],"about":[{"href":"https:\/\/christina-peter.de\/shop\/wp-json\/wp\/v2\/types\/product"}],"wp:featuredmedia":[{"embeddable":true,"href":"https:\/\/christina-peter.de\/shop\/wp-json\/wp\/v2\/media\/1212"}],"wp:attachment":[{"href":"https:\/\/christina-peter.de\/shop\/wp-json\/wp\/v2\/media?parent=1210"}],"wp:term":[{"taxonomy":"product_brand","embeddable":true,"href":"https:\/\/christina-peter.de\/shop\/wp-json\/wp\/v2\/product_brand?post=1210"},{"taxonomy":"product_cat","embeddable":true,"href":"https:\/\/christina-peter.de\/shop\/wp-json\/wp\/v2\/product_cat?post=1210"},{"taxonomy":"product_tag","embeddable":true,"href":"https:\/\/christina-peter.de\/shop\/wp-json\/wp\/v2\/product_tag?post=1210"}],"curies":[{"name":"wp","href":"https:\/\/api.w.org\/{rel}","templated":true}]}}