{"id":1200,"date":"2019-07-23T15:10:27","date_gmt":"2019-07-23T13:10:27","guid":{"rendered":"https:\/\/christina-peter.de\/shop\/?post_type=product&#038;p=1200"},"modified":"2022-09-19T20:16:09","modified_gmt":"2022-09-19T18:16:09","slug":"smooth-smoothing-fluid","status":"publish","type":"product","link":"https:\/\/christina-peter.de\/shop\/product\/smooth-smoothing-fluid\/","title":{"rendered":"OWAY smooth+ Smoothing Fluid"},"content":{"rendered":"<div class=\"wpb-content-wrapper\"><header>[vc_row][vc_column][vc_column_text]<\/p>\n<header>\n<header>\n<header>\n<header>\n<header>\n<header>\n<h3 class=\"prod-banner-title\">STYLING F\u00dcR EINEN PERFEKT GLATTEN EFFEKT<\/h3>\n<\/header>\n<div class=\"prod-banner-text abstract htmlcontent\">\n<p><b>Ein Programm, das all jenen gewidmet ist, die sich perfekt glattes Haar w\u00fcnschen. Die aufeinanderfolgende Anwendung der Spezialprodukte schafft eine perfekte Kontrolle des Volumens und bereitet das Haar auf den Gl\u00e4ttungsvorgang vor.\u00a0<\/b><\/p>\n<p>Entwickelt, um die Haarl\u00e4ngen und die Haarspitzen gegen den thermischen Stress des Trocknens mit Haartrockner oder Gl\u00e4tteisen zu sch\u00fctzen. W\u00e4hlen Sie die Creme in Kombination mit dem Serum f\u00fcr dichtes und dehydriertes Haar. Entscheiden Sie sich hingegen f\u00fcr das Serum alleine, wenn Sie feines und zerbrechliches Haar haben.<\/p>\n<p>Lang, kurz oder mittellang &#8211; glattes Haar besitzt eine besondere Eleganz, durch die es f\u00fcr jeden Look und jede Gelegenheit perfekt ist. Wichtig ist dabei nur, dass das Haar gesund und gepflegt ist. Um dieses Ergebnis zu erzielen ist es von besonderer Bedeutung, dass die Kutikula perfekt versiegelt und gepflegt ist, sodass sie den Glanz wiedergibt, der f\u00fcr mit N\u00e4hrstoffen versorgtes und weiches Haar steht. Dabei muss das Haar w\u00e4hrend dem Styling gegen Hitzequellen wie Haartrockner oder Gl\u00e4tteisen gesch\u00fctzt werden. SMOOTH+ ist das strukturverleihende Programm, das die n\u00e4hrstoffspendende, Glanz verleihende und gl\u00e4ttende Wirkung des \u00d6ls aus der Buriti-Palme an der Kutikula mit der antioxidativen und Tonus verleihenden Wirkung von Bio-Rose und biodynamischem K\u00fcmmel vereint.<\/p>\n<\/div>\n<section class=\"banner-customer-care\">\n<article class=\"bg-model-03\">\n<div class=\"corpo\">\n<div class=\"inner\"><\/div>\n<\/div>\n<\/article>\n<\/section>\n<\/header>\n<\/header>\n<\/header>\n<section><\/section>\n<section><\/section>\n<section><\/section>\n<section><\/section>\n<section><\/section>\n<\/header>\n<\/header>\n<p>[\/vc_column_text][vc_empty_space height=&#8220;32&#8243;][vc_separator][vc_empty_space][\/vc_column][\/vc_row][vc_row type=&#8220;boxed&#8220; content_placement=&#8220;middle&#8220;][vc_column width=&#8220;1\/2&#8243; css=&#8220;.vc_custom_1462135333419{padding-top: 28px !important;padding-bottom: 28px !important;}&#8220;][vc_custom_heading text=&#8220;Extrakt aus biodynamischem K\u00fcmmel&#8220; font_container=&#8220;tag:h3|text_align:left&#8220; use_theme_fonts=&#8220;yes&#8220;][vc_empty_space height=&#8220;15px&#8220;][vc_column_text]Eine der \u00e4ltesten in Europa verwendeten Gew\u00fcrzpflanzen, die aufgrund ihres starken Aromas, das den Geist mit Energie versorgt und Optimismus verspr\u00fcht, eingesetzt wird. K\u00fcmmel ist ein wichtiger Lieferant f\u00fcr nat\u00fcrliche antioxidative Komplexe wie Karotin, Lutein und Vitamin E. Au\u00dferdem wirkt er entgiftend, stimuliert den Mikrozyklus und reinigt das Haar.[\/vc_column_text][vc_empty_space][\/vc_column][vc_column width=&#8220;1\/2&#8243;][vc_single_image image=&#8220;1949&#8243; img_size=&#8220;full&#8220; alignment=&#8220;right&#8220;][vc_empty_space][\/vc_column][\/vc_row][vc_row css=&#8220;.vc_custom_1461961652033{border-top-width: 1px !important;border-top-color: #eeeeee !important;border-top-style: solid !important;}&#8220;][vc_column][\/vc_column][\/vc_row][vc_row type=&#8220;boxed&#8220; content_placement=&#8220;middle&#8220; el_class=&#8220;nm-row-flex-col-reverse&#8220;][vc_column width=&#8220;1\/2&#8243; css=&#8220;.vc_custom_1462135341599{padding-top: 28px !important;padding-bottom: 28px !important;}&#8220;][vc_custom_heading text=&#8220;Extrakt aus biologischer Damaszener-Rose&#8220; font_container=&#8220;tag:h3|text_align:left&#8220; use_theme_fonts=&#8220;yes&#8220;][vc_empty_space height=&#8220;15px&#8220;][vc_column_text]Auch als &#8222;K\u00f6nigin der Rosen&#8220; bezeichnet, enthalten ihre Bl\u00e4tter hohe Mengen an Pektin. Diese Substanz zeichnet sich durch herausragende feuchtigkeitsspendende und feuchtigkeitsregulierende Eigenschaften aus, durch die dem Haar ein optimales Feuchtigkeitsgleichgewicht verliehen wird. Anthocyane und Flavonoide, die in den Rosenbl\u00e4ttern enthalten sind, wirken stark antioxidativ.[\/vc_column_text][\/vc_column][vc_column width=&#8220;1\/2&#8243;][vc_empty_space][vc_single_image image=&#8220;1948&#8243; img_size=&#8220;full&#8220;][vc_empty_space][\/vc_column][\/vc_row][vc_row css=&#8220;.vc_custom_1461961652033{border-top-width: 1px !important;border-top-color: #eeeeee !important;border-top-style: solid !important;}&#8220;][vc_column][\/vc_column][\/vc_row][vc_row type=&#8220;boxed&#8220; content_placement=&#8220;middle&#8220;][vc_column width=&#8220;1\/2&#8243; css=&#8220;.vc_custom_1462135350237{padding-top: 28px !important;padding-bottom: 28px !important;}&#8220;][vc_custom_heading text=&#8220;Fair gehandeltes \u00d6l aus der Puriti-Palme&#8220; font_container=&#8220;tag:h3|text_align:left&#8220; use_theme_fonts=&#8220;yes&#8220;][vc_empty_space height=&#8220;15px&#8220;][vc_column_text]Aus dem Amazonasgebiet stammendes \u00d6l, das eine wahre Barriere bildet, die den Austausch mit der Umwelt regelt, wodurch das Haar seine Feuchtigkeit lange speichern kann. Beugt der Austrocknung des Haars vor. Revitalisiert das Haar und verleiht ihm Kraft und Glanz.[\/vc_column_text][\/vc_column][vc_column width=&#8220;1\/2&#8243;][vc_empty_space][vc_single_image image=&#8220;1947&#8243; img_size=&#8220;full&#8220; alignment=&#8220;right&#8220;][vc_empty_space][\/vc_column][\/vc_row]<\/p>\n<\/header>\n<\/div>","protected":false},"excerpt":{"rendered":"<p>Gl\u00e4ttendes Fluid ohne Aussp\u00fclen, das bei trockenem, widerspenstigem und strukturlosem Haar f\u00fcr Gl\u00e4tte sorgt.<\/p>\n<p>[vc_column][vc_accordion collapsible=&#8220;yes&#8220;][vc_accordion_tab title=&#8220;Vorteile&#8220;][vc_column_text]<\/p>\n<article class=\"panel panel-default\">\n<div id=\"acco-Benefici\" class=\"panel-collapse collapse in\">\n<div class=\"panel-body htmlcontent\">\n<article class=\"panel panel-default\">\n<div id=\"acco-IstruzioniUso\" class=\"panel-collapse collapse in\">\n<div class=\"panel-body htmlcontent\">\n<article class=\"panel panel-default\">\n<div id=\"acco-Benefici\" class=\"panel-collapse collapse in\">\n<div class=\"panel-body htmlcontent\">\n<article class=\"panel panel-default\">\n<div id=\"acco-Benefici\" class=\"panel-collapse collapse in\">\n<div class=\"panel-body htmlcontent\">\n<p>W\u00e4rmeresistent, sch\u00fctzt die Haarfaser und die Spitzen beim F\u00f6nen und Gl\u00e4tten. Sorgt f\u00fcr Glanz und Seidigkeit.<\/p>\n<\/div>\n<\/div>\n<\/article>\n<\/div>\n<\/div>\n<\/article>\n<\/div>\n<\/div>\n<\/article>\n<\/div>\n<\/div>\n<\/article>\n<p>[\/vc_column_text][\/vc_accordion_tab][vc_accordion_tab title=&#8220;Anwendung des Produkts&#8220;][vc_column_text]<\/p>\n<article class=\"panel panel-default\">\n<div id=\"acco-IstruzioniUso\" class=\"panel-collapse collapse in\">\n<div class=\"panel-body htmlcontent\">\n<article class=\"panel panel-default\">\n<div id=\"acco-IstruzioniUso\" class=\"panel-collapse collapse in\">\n<div class=\"panel-body htmlcontent\">\n<p>Auf dem gesamten feuchten Haar bis zu den Spitzen auftragen.<\/p>\n<\/div>\n<\/div>\n<\/article>\n<\/div>\n<\/div>\n<\/article>\n<p>[\/vc_column_text][\/vc_accordion_tab][vc_accordion_tab title=&#8220;Wirkstoffe&#8220;][vc_column_text]<\/p>\n<p><b>Biodynamischer K\u00fcmmel<\/b>\u00a0&#8211; Entgiftet und stimuliert die Mikrozirkulation.<\/p>\n<p><b>Biologische Rose<\/b>\u00a0-Reich an Antioxidantien, Carotenoiden, Vitamin E und Phytosterolen sorgt sie f\u00fcr Tonus und wirkt antioxidativ.<\/p>\n<p><b>Fair gehandeltes \u00d6l aus der Buriti-Palme<\/b>\u00a0&#8211; Beugt der Austrocknung des Haars vor und spendet ihm Vitalit\u00e4t sowie Kraft und Glanz.<\/p>\n<p>[\/vc_column_text][\/vc_accordion_tab][vc_accordion_tab title=&#8220;Enth\u00e4lt nicht&#8220;][vc_column_text]<\/p>\n<article class=\"panel panel-default\">\n<div id=\"acco-NonContiene\" class=\"panel-collapse collapse in\">\n<div class=\"panel-body htmlcontent\">\n<article class=\"panel panel-default\">\n<div id=\"acco-NonContiene\" class=\"panel-collapse collapse in\">\n<div class=\"panel-body htmlcontent\">\n<article class=\"panel panel-default\">\n<div id=\"acco-NonContiene\" class=\"panel-collapse collapse in\">\n<div class=\"panel-body htmlcontent\">\n<p>SLS &amp; SLES \/ PARABENE \/ PETROLATE\/ PEG, PG &amp; BBG \/ EDTA \/ SYNTHETISCHE DUFTSTOFFE \/ K\u00dcNSTLICHE FARBSTOFFE<\/p>\n<\/div>\n<\/div>\n<\/article>\n<\/div>\n<\/div>\n<\/article>\n<\/div>\n<\/div>\n<\/article>\n<p>[\/vc_column_text][\/vc_accordion_tab]<\/p>\n<p>[\/vc_accordion][\/vc_column]<\/p>\n","protected":false},"featured_media":1202,"template":"","meta":{"_uf_show_specific_survey":0,"_uf_disable_surveys":false},"product_brand":[],"product_cat":[54,64],"product_tag":[],"class_list":{"0":"post-1200","1":"product","2":"type-product","3":"status-publish","4":"has-post-thumbnail","6":"product_cat-haarpflege","7":"product_cat-smooth","8":"pa_groesse-100ml","10":"first","11":"instock","12":"taxable","13":"shipping-taxable","14":"purchasable","15":"product-type-variable"},"yoast_head":"<!-- This site is optimized with the Yoast SEO plugin v27.4 - https:\/\/yoast.com\/product\/yoast-seo-wordpress\/ -->\n<title>OWAY smooth+ Smoothing Fluid - OWAY Shop<\/title>\n<meta name=\"description\" content=\"Kaufen OWAY smooth+ Smoothing Fluid online im Oway Shop zu den besten Preisen. Holen pflanzlichen, biologischen und nachhaltigen Haarpflegeprodukte. Besuchen jetzt!\" \/>\n<meta name=\"robots\" content=\"index, follow, max-snippet:-1, max-image-preview:large, max-video-preview:-1\" \/>\n<link rel=\"canonical\" href=\"https:\/\/christina-peter.de\/shop\/product\/smooth-smoothing-fluid\/\" \/>\n<meta property=\"og:locale\" content=\"de_DE\" \/>\n<meta property=\"og:type\" content=\"article\" \/>\n<meta property=\"og:title\" content=\"OWAY smooth+ Smoothing Fluid - OWAY Shop\" \/>\n<meta property=\"og:description\" content=\"Kaufen OWAY smooth+ Smoothing Fluid online im Oway Shop zu den besten Preisen. Holen pflanzlichen, biologischen und nachhaltigen Haarpflegeprodukte. Besuchen jetzt!\" \/>\n<meta property=\"og:url\" content=\"https:\/\/christina-peter.de\/shop\/product\/smooth-smoothing-fluid\/\" \/>\n<meta property=\"og:site_name\" content=\"Oway Produkte online kaufen - pflanzliche, biologische &amp; nachhaltige Haarpflegeprodukte\" \/>\n<meta property=\"article:modified_time\" content=\"2022-09-19T18:16:09+00:00\" \/>\n<meta property=\"og:image\" content=\"https:\/\/christina-peter.de\/shop\/wp-content\/uploads\/2019\/07\/smoothing_fluid_g.jpg\" \/>\n\t<meta property=\"og:image:width\" content=\"1600\" \/>\n\t<meta property=\"og:image:height\" content=\"1560\" \/>\n\t<meta property=\"og:image:type\" content=\"image\/jpeg\" \/>\n<meta name=\"twitter:card\" content=\"summary_large_image\" \/>\n<meta name=\"twitter:label1\" content=\"Gesch\u00e4tzte Lesezeit\" \/>\n\t<meta name=\"twitter:data1\" content=\"3\u00a0Minuten\" \/>\n<script type=\"application\/ld+json\" class=\"yoast-schema-graph\">{\"@context\":\"https:\\\/\\\/schema.org\",\"@graph\":[{\"@type\":\"WebPage\",\"@id\":\"https:\\\/\\\/christina-peter.de\\\/shop\\\/product\\\/smooth-smoothing-fluid\\\/\",\"url\":\"https:\\\/\\\/christina-peter.de\\\/shop\\\/product\\\/smooth-smoothing-fluid\\\/\",\"name\":\"OWAY smooth+ Smoothing Fluid - OWAY Shop\",\"isPartOf\":{\"@id\":\"https:\\\/\\\/christina-peter.de\\\/shop\\\/#website\"},\"primaryImageOfPage\":{\"@id\":\"https:\\\/\\\/christina-peter.de\\\/shop\\\/product\\\/smooth-smoothing-fluid\\\/#primaryimage\"},\"image\":{\"@id\":\"https:\\\/\\\/christina-peter.de\\\/shop\\\/product\\\/smooth-smoothing-fluid\\\/#primaryimage\"},\"thumbnailUrl\":\"https:\\\/\\\/christina-peter.de\\\/shop\\\/wp-content\\\/uploads\\\/2019\\\/07\\\/smoothing_fluid_g.jpg\",\"datePublished\":\"2019-07-23T13:10:27+00:00\",\"dateModified\":\"2022-09-19T18:16:09+00:00\",\"description\":\"Kaufen OWAY smooth+ Smoothing Fluid online im Oway Shop zu den besten Preisen. Holen pflanzlichen, biologischen und nachhaltigen Haarpflegeprodukte. Besuchen jetzt!\",\"breadcrumb\":{\"@id\":\"https:\\\/\\\/christina-peter.de\\\/shop\\\/product\\\/smooth-smoothing-fluid\\\/#breadcrumb\"},\"inLanguage\":\"de\",\"potentialAction\":[{\"@type\":\"ReadAction\",\"target\":[\"https:\\\/\\\/christina-peter.de\\\/shop\\\/product\\\/smooth-smoothing-fluid\\\/\"]}]},{\"@type\":\"ImageObject\",\"inLanguage\":\"de\",\"@id\":\"https:\\\/\\\/christina-peter.de\\\/shop\\\/product\\\/smooth-smoothing-fluid\\\/#primaryimage\",\"url\":\"https:\\\/\\\/christina-peter.de\\\/shop\\\/wp-content\\\/uploads\\\/2019\\\/07\\\/smoothing_fluid_g.jpg\",\"contentUrl\":\"https:\\\/\\\/christina-peter.de\\\/shop\\\/wp-content\\\/uploads\\\/2019\\\/07\\\/smoothing_fluid_g.jpg\",\"width\":1600,\"height\":1560},{\"@type\":\"BreadcrumbList\",\"@id\":\"https:\\\/\\\/christina-peter.de\\\/shop\\\/product\\\/smooth-smoothing-fluid\\\/#breadcrumb\",\"itemListElement\":[{\"@type\":\"ListItem\",\"position\":1,\"name\":\"Startseite\",\"item\":\"https:\\\/\\\/christina-peter.de\\\/shop\\\/\"},{\"@type\":\"ListItem\",\"position\":2,\"name\":\"Home\",\"item\":\"https:\\\/\\\/christina-peter.de\\\/shop\\\/\"},{\"@type\":\"ListItem\",\"position\":3,\"name\":\"OWAY smooth+ Smoothing Fluid\"}]},{\"@type\":\"WebSite\",\"@id\":\"https:\\\/\\\/christina-peter.de\\\/shop\\\/#website\",\"url\":\"https:\\\/\\\/christina-peter.de\\\/shop\\\/\",\"name\":\"Oway Produkte online kaufen - pflanzliche, biologische &amp; nachhaltige Haarpflegeprodukte\",\"description\":\"Bei uns finden sie alles rund ums gesunde Haar. Wir vertreiben ausschlie\u00dflich pflanzliche, biologische &amp; nachhaltige Haarpflegeprodukte von Oway.\",\"potentialAction\":[{\"@type\":\"SearchAction\",\"target\":{\"@type\":\"EntryPoint\",\"urlTemplate\":\"https:\\\/\\\/christina-peter.de\\\/shop\\\/?s={search_term_string}\"},\"query-input\":{\"@type\":\"PropertyValueSpecification\",\"valueRequired\":true,\"valueName\":\"search_term_string\"}}],\"inLanguage\":\"de\"}]}<\/script>\n<!-- \/ Yoast SEO plugin. -->","yoast_head_json":{"title":"OWAY smooth+ Smoothing Fluid - OWAY Shop","description":"Kaufen OWAY smooth+ Smoothing Fluid online im Oway Shop zu den besten Preisen. Holen pflanzlichen, biologischen und nachhaltigen Haarpflegeprodukte. Besuchen jetzt!","robots":{"index":"index","follow":"follow","max-snippet":"max-snippet:-1","max-image-preview":"max-image-preview:large","max-video-preview":"max-video-preview:-1"},"canonical":"https:\/\/christina-peter.de\/shop\/product\/smooth-smoothing-fluid\/","og_locale":"de_DE","og_type":"article","og_title":"OWAY smooth+ Smoothing Fluid - OWAY Shop","og_description":"Kaufen OWAY smooth+ Smoothing Fluid online im Oway Shop zu den besten Preisen. Holen pflanzlichen, biologischen und nachhaltigen Haarpflegeprodukte. Besuchen jetzt!","og_url":"https:\/\/christina-peter.de\/shop\/product\/smooth-smoothing-fluid\/","og_site_name":"Oway Produkte online kaufen - pflanzliche, biologische &amp; nachhaltige Haarpflegeprodukte","article_modified_time":"2022-09-19T18:16:09+00:00","og_image":[{"width":1600,"height":1560,"url":"https:\/\/christina-peter.de\/shop\/wp-content\/uploads\/2019\/07\/smoothing_fluid_g.jpg","type":"image\/jpeg"}],"twitter_card":"summary_large_image","twitter_misc":{"Gesch\u00e4tzte Lesezeit":"3\u00a0Minuten"},"schema":{"@context":"https:\/\/schema.org","@graph":[{"@type":"WebPage","@id":"https:\/\/christina-peter.de\/shop\/product\/smooth-smoothing-fluid\/","url":"https:\/\/christina-peter.de\/shop\/product\/smooth-smoothing-fluid\/","name":"OWAY smooth+ Smoothing Fluid - OWAY Shop","isPartOf":{"@id":"https:\/\/christina-peter.de\/shop\/#website"},"primaryImageOfPage":{"@id":"https:\/\/christina-peter.de\/shop\/product\/smooth-smoothing-fluid\/#primaryimage"},"image":{"@id":"https:\/\/christina-peter.de\/shop\/product\/smooth-smoothing-fluid\/#primaryimage"},"thumbnailUrl":"https:\/\/christina-peter.de\/shop\/wp-content\/uploads\/2019\/07\/smoothing_fluid_g.jpg","datePublished":"2019-07-23T13:10:27+00:00","dateModified":"2022-09-19T18:16:09+00:00","description":"Kaufen OWAY smooth+ Smoothing Fluid online im Oway Shop zu den besten Preisen. Holen pflanzlichen, biologischen und nachhaltigen Haarpflegeprodukte. Besuchen jetzt!","breadcrumb":{"@id":"https:\/\/christina-peter.de\/shop\/product\/smooth-smoothing-fluid\/#breadcrumb"},"inLanguage":"de","potentialAction":[{"@type":"ReadAction","target":["https:\/\/christina-peter.de\/shop\/product\/smooth-smoothing-fluid\/"]}]},{"@type":"ImageObject","inLanguage":"de","@id":"https:\/\/christina-peter.de\/shop\/product\/smooth-smoothing-fluid\/#primaryimage","url":"https:\/\/christina-peter.de\/shop\/wp-content\/uploads\/2019\/07\/smoothing_fluid_g.jpg","contentUrl":"https:\/\/christina-peter.de\/shop\/wp-content\/uploads\/2019\/07\/smoothing_fluid_g.jpg","width":1600,"height":1560},{"@type":"BreadcrumbList","@id":"https:\/\/christina-peter.de\/shop\/product\/smooth-smoothing-fluid\/#breadcrumb","itemListElement":[{"@type":"ListItem","position":1,"name":"Startseite","item":"https:\/\/christina-peter.de\/shop\/"},{"@type":"ListItem","position":2,"name":"Home","item":"https:\/\/christina-peter.de\/shop\/"},{"@type":"ListItem","position":3,"name":"OWAY smooth+ Smoothing Fluid"}]},{"@type":"WebSite","@id":"https:\/\/christina-peter.de\/shop\/#website","url":"https:\/\/christina-peter.de\/shop\/","name":"Oway Produkte online kaufen - pflanzliche, biologische &amp; nachhaltige Haarpflegeprodukte","description":"Bei uns finden sie alles rund ums gesunde Haar. Wir vertreiben ausschlie\u00dflich pflanzliche, biologische &amp; nachhaltige Haarpflegeprodukte von Oway.","potentialAction":[{"@type":"SearchAction","target":{"@type":"EntryPoint","urlTemplate":"https:\/\/christina-peter.de\/shop\/?s={search_term_string}"},"query-input":{"@type":"PropertyValueSpecification","valueRequired":true,"valueName":"search_term_string"}}],"inLanguage":"de"}]}},"_links":{"self":[{"href":"https:\/\/christina-peter.de\/shop\/wp-json\/wp\/v2\/product\/1200","targetHints":{"allow":["GET"]}}],"collection":[{"href":"https:\/\/christina-peter.de\/shop\/wp-json\/wp\/v2\/product"}],"about":[{"href":"https:\/\/christina-peter.de\/shop\/wp-json\/wp\/v2\/types\/product"}],"wp:featuredmedia":[{"embeddable":true,"href":"https:\/\/christina-peter.de\/shop\/wp-json\/wp\/v2\/media\/1202"}],"wp:attachment":[{"href":"https:\/\/christina-peter.de\/shop\/wp-json\/wp\/v2\/media?parent=1200"}],"wp:term":[{"taxonomy":"product_brand","embeddable":true,"href":"https:\/\/christina-peter.de\/shop\/wp-json\/wp\/v2\/product_brand?post=1200"},{"taxonomy":"product_cat","embeddable":true,"href":"https:\/\/christina-peter.de\/shop\/wp-json\/wp\/v2\/product_cat?post=1200"},{"taxonomy":"product_tag","embeddable":true,"href":"https:\/\/christina-peter.de\/shop\/wp-json\/wp\/v2\/product_tag?post=1200"}],"curies":[{"name":"wp","href":"https:\/\/api.w.org\/{rel}","templated":true}]}}