{"id":1187,"date":"2019-07-23T14:58:47","date_gmt":"2019-07-23T12:58:47","guid":{"rendered":"https:\/\/christina-peter.de\/shop\/?post_type=product&#038;p=1187"},"modified":"2024-01-08T12:14:59","modified_gmt":"2024-01-08T11:14:59","slug":"becurly-curly-potion","status":"publish","type":"product","link":"https:\/\/christina-peter.de\/shop\/product\/becurly-curly-potion\/","title":{"rendered":"OWAY beCurly Curly Potion"},"content":{"rendered":"<div class=\"wpb-content-wrapper\"><header>[vc_row][vc_column][vc_column_text]<\/p>\n<header>[\/vc_column_text][\/vc_column][\/vc_row][vc_row][vc_column][vc_column_text]<\/p>\n<header>\n<header>\n<header>\n<header><\/header>\n<div class=\"prod-banner-text abstract htmlcontent\">\n<p>[\/vc_column_text][\/vc_column][\/vc_row][vc_row][vc_column][vc_column_text]<\/p>\n<header>\n<header>\n<header>\n<header>\n<header>\n<header>\n<h3>STYLING MIT LANGANHALTENDER LOCKENBILDUNG<\/h3>\n<\/header>\n<div>\n<p>Eine Kombination aus N\u00e4hrstoffen und Kontrolle f\u00fcr krauses Haar. Ideal, um Locken elastisch zu definieren und sie weicher und besser modelliert aussehen zu lassen ohne sie zu beschweren.<\/p>\n<p>All jenen gewidmet, die krausen Locken Struktur mit langanhaltender Wirkung verleihen m\u00f6chten. Ideal sowohl f\u00fcr nat\u00fcrlich gelocktes als auch f\u00fcr mit k\u00fcnstlicher Dauerwelle versehenes Haar. Das Haar bleibt \u00fcber den Lauf der Zeit seidiger und besser mit Feuchtigkeit versorgt. Perfekt ist die Anwendung der Spezialpflege ohne Aussp\u00fclen, um die Locken auch zwischen zwei Haarw\u00e4schen zu beleben und zu definieren.<\/p>\n<p>Die synergetischen Behandlungen der Linie BECURLY sorgen daf\u00fcr, dass die Bed\u00fcrfnisse von krausem Haar rundum befriedigt werden. Das Hair Bath und die Maske beg\u00fcnstigen die Feuchtigkeitsversorgung des Haars und helfen beim Entwirren von Haarknoten. Gleichzeitig werden auch Schuppen mit N\u00e4hrstoffen versorgt und versiegelt, denn von ihnen ist krauses Haar besonders h\u00e4ufig befallen und es wird dadurch matt. Curly Potion ist ein wahres Elastizit\u00e4t spendendes Elixier, das mit einer besonders milden Textur Halt, Definition und Trennung spendet. Die Kombination aus biodynamischem S\u00fc\u00dfholz, biologischem Johanniskraut und fair gehandeltem Andiroba spendet N\u00e4hrstoffe, Elastizit\u00e4t und Kraft.<\/p>\n<\/div>\n<\/header>\n<\/header>\n<\/header>\n<section><\/section>\n<section><\/section>\n<section><\/section>\n<section><\/section>\n<section><\/section>\n<\/header>\n<\/header>\n<p>[\/vc_column_text][vc_empty_space height=&#8220;32&#8243;][vc_separator][vc_empty_space][\/vc_column][\/vc_row][vc_row type=&#8220;boxed&#8220; content_placement=&#8220;middle&#8220;][vc_column width=&#8220;1\/2&#8243; css=&#8220;.vc_custom_1462135333419{padding-top: 28px !important;padding-bottom: 28px !important;}&#8220;][vc_custom_heading text=&#8220;Extrakt aus biodynamischen S\u00fc\u00dfholz&#8220; font_container=&#8220;tag:h3|text_align:left&#8220; use_theme_fonts=&#8220;yes&#8220;][vc_empty_space height=&#8220;15px&#8220;][vc_column_text]Dank des Vorhandenseins von Glycyrrhizin wird der Mikrokreislauf des Blutes reaktiviert und das Eindringen der Wirkstoffe beg\u00fcnstigt. Dieser Extrakt wirkt auf ger\u00f6teter Kopfhaut pflegend und entz\u00fcndungshemmend.[\/vc_column_text][vc_empty_space][\/vc_column][vc_column width=&#8220;1\/2&#8243;][vc_single_image image=&#8220;1942&#8243; img_size=&#8220;full&#8220; alignment=&#8220;right&#8220;][vc_empty_space][\/vc_column][\/vc_row][vc_row css=&#8220;.vc_custom_1461961652033{border-top-width: 1px !important;border-top-color: #eeeeee !important;border-top-style: solid !important;}&#8220;][vc_column][\/vc_column][\/vc_row][vc_row type=&#8220;boxed&#8220; content_placement=&#8220;middle&#8220; el_class=&#8220;nm-row-flex-col-reverse&#8220;][vc_column width=&#8220;1\/2&#8243; css=&#8220;.vc_custom_1462135341599{padding-top: 28px !important;padding-bottom: 28px !important;}&#8220;][vc_custom_heading text=&#8220;Extrakt aus biologischem Johanniskraut&#8220; font_container=&#8220;tag:h3|text_align:left&#8220; use_theme_fonts=&#8220;yes&#8220;][vc_empty_space height=&#8220;15px&#8220;][vc_column_text]In der Tradition der Heilpflanzen gilt das Johanniskraut als eine besonders sonnenliebende Pflanze. Sie wirkt sch\u00fctzend, pflegend und gegen freie Radikale und h\u00e4lt gleichzeitig die Jugendlichkeit der Haarfaser aufrecht.[\/vc_column_text][\/vc_column][vc_column width=&#8220;1\/2&#8243;][vc_empty_space][vc_single_image image=&#8220;1941&#8243; img_size=&#8220;full&#8220;][vc_empty_space][\/vc_column][\/vc_row][vc_row css=&#8220;.vc_custom_1461961652033{border-top-width: 1px !important;border-top-color: #eeeeee !important;border-top-style: solid !important;}&#8220;][vc_column][\/vc_column][\/vc_row][vc_row type=&#8220;boxed&#8220; content_placement=&#8220;middle&#8220;][vc_column width=&#8220;1\/2&#8243; css=&#8220;.vc_custom_1462135350237{padding-top: 28px !important;padding-bottom: 28px !important;}&#8220;][vc_custom_heading text=&#8220;Extrakt aus fair gehandeltem Andiroba&#8220; font_container=&#8220;tag:h3|text_align:left&#8220; use_theme_fonts=&#8220;yes&#8220;][vc_empty_space height=&#8220;15px&#8220;][vc_column_text]Ein wertvoller kosmetischer Inhaltsstoff mit herausragenden reparierenden, feuchtigkeitsspendenden und pflegenden Eigenschaften. Beg\u00fcnstigt das Wachstum von gesundem Haar. Perfekt f\u00fcr krauses Haar, da es durch diesen Inhaltsstoff elastisch, weich und mit N\u00e4hrstoffen versorgt wird.[\/vc_column_text][\/vc_column][vc_column width=&#8220;1\/2&#8243;][vc_empty_space][vc_single_image image=&#8220;1940&#8243; img_size=&#8220;full&#8220; alignment=&#8220;right&#8220;][vc_empty_space][\/vc_column][\/vc_row][vc_row css=&#8220;.vc_custom_1461961652033{border-top-width: 1px !important;border-top-color: #eeeeee !important;border-top-style: solid !important;}&#8220;][vc_column][\/vc_column][\/vc_row][vc_row][vc_column][vc_column_text]<\/p>\n<p>[\/vc_column_text][\/vc_column][\/vc_row][vc_row][vc_column][vc_column_text]<\/p>\n<\/div>\n<\/header>\n<\/header>\n<\/header>\n<p>[\/vc_column_text][\/vc_column][\/vc_row][vc_row][vc_column][vc_column_text]<\/p>\n<\/header>\n<p>[\/vc_column_text][\/vc_column][\/vc_row]<\/p>\n<\/header>\n<\/div>","protected":false},"excerpt":{"rendered":"<p>Lotion f\u00fcr nat\u00fcrlich krauses und dauergewelltes Haar.<\/p>\n<p>[vc_column][vc_accordion collapsible=&#8220;yes&#8220;][vc_accordion_tab title=&#8220;Vorteile&#8220;][vc_column_text]<\/p>\n<article class=\"panel panel-default\">\n<div id=\"acco-Benefici\" class=\"panel-collapse collapse in\">\n<div class=\"panel-body htmlcontent\">\n<article class=\"panel panel-default\">\n<div id=\"acco-IstruzioniUso\" class=\"panel-collapse collapse in\">\n<div class=\"panel-body htmlcontent\">\n<article class=\"panel panel-default\">\n<div id=\"acco-Benefici\" class=\"panel-collapse collapse in\">\n<div class=\"panel-body htmlcontent\">\n<p>Formt, modelliert und versorgt die Locken mit Feuchtigkeit. Garantiert perfekte Trennung und Definition.<\/p>\n<\/div>\n<\/div>\n<\/article>\n<\/div>\n<\/div>\n<\/article>\n<\/div>\n<\/div>\n<\/article>\n<p>[\/vc_column_text][\/vc_accordion_tab][vc_accordion_tab title=&#8220;Anwendung des Produkts&#8220;][vc_column_text]<\/p>\n<article class=\"panel panel-default\">\n<div id=\"acco-IstruzioniUso\" class=\"panel-collapse collapse in\">\n<div class=\"panel-body htmlcontent\">\n<p>Die gew\u00fcnschte Menge auf das nasse oder trockene Haar auftragen und anschlie\u00dfend mit dem Styling fortfahren.<\/p>\n<\/div>\n<\/div>\n<\/article>\n<p>[\/vc_column_text][\/vc_accordion_tab][vc_accordion_tab title=&#8220;Wirkstoffe&#8220;][vc_column_text]<\/p>\n<p><b>Biodynamisches S\u00fc\u00dfholz<\/b> &#8211; Reaktiviert die Mikrozirkulation und wirkt pflegend. Gleichzeitig werden eventuelle Irritationen an der Kopfhaut entfernt.<\/p>\n<p><b>Biologisches Johanniskraut<\/b>\u00a0&#8211; Wirkt sch\u00fctzend, pflegend und gegen freie Radikale und h\u00e4lt gleichzeitig die Jugendlichkeit der Haarfaser aufrecht.<\/p>\n<p><b>Andiroba aus fairem Handel<\/b>&#8211; Beg\u00fcnstigt das Wachstum von gesundem Haar. Perfekt f\u00fcr krauses Haar, da es durch diesen Inhaltsstoff elastisch, weich und mit N\u00e4hrstoffen versorgt wird.<\/p>\n<p>[\/vc_column_text][\/vc_accordion_tab][vc_accordion_tab title=&#8220;Enth\u00e4lt nicht&#8220;][vc_column_text]<\/p>\n<article class=\"panel panel-default\">\n<div id=\"acco-NonContiene\" class=\"panel-collapse collapse in\">\n<div class=\"panel-body htmlcontent\">\n<article class=\"panel panel-default\">\n<div id=\"acco-NonContiene\" class=\"panel-collapse collapse in\">\n<div class=\"panel-body htmlcontent\">\n<p>PARABENE \/ PETROLATE\/ PEG, PG &amp; BBG \/ EDTA \/ SYNTHETISCHE DUFTSTOFFE \/ K\u00dcNSTLICHE FARBSTOFFE<\/p>\n<\/div>\n<\/div>\n<\/article>\n<\/div>\n<\/div>\n<\/article>\n<p>[\/vc_column_text][\/vc_accordion_tab][vc_accordion_tab title=&#8220;pH Wert&#8220;][vc_column_text]<\/p>\n<article class=\"panel panel-default\">\n<div id=\"acco-Ph\" class=\"panel-collapse collapse in\">\n<div class=\"panel-body htmlcontent\">6,0 \u2013 7,0<\/div>\n<\/div>\n<\/article>\n<p>[\/vc_column_text][\/vc_accordion_tab]<\/p>\n<p>[\/vc_accordion][\/vc_column]<\/p>\n","protected":false},"featured_media":3624,"template":"","meta":{"_uf_show_specific_survey":0,"_uf_disable_surveys":false},"product_brand":[],"product_cat":[63,54],"product_tag":[],"class_list":{"0":"post-1187","1":"product","2":"type-product","3":"status-publish","4":"has-post-thumbnail","6":"product_cat-becurly","7":"product_cat-haarpflege","8":"pa_groesse-240ml","9":"pa_groesse-50ml","11":"first","12":"instock","13":"taxable","14":"shipping-taxable","15":"purchasable","16":"product-type-variable"},"yoast_head":"<!-- This site is optimized with the Yoast SEO plugin v27.3 - https:\/\/yoast.com\/product\/yoast-seo-wordpress\/ -->\n<title>OWAY beCurly Curly Potion - OWAY Shop<\/title>\n<meta name=\"description\" content=\"Bestellen Sie OWAY beCurly Curly Potion online im Oway Shop zu den besten Preisen. Kaufe besten pflanzlichen, biologischen und nachhaltigen Haarpflegeprodukte jetzt!\" \/>\n<meta name=\"robots\" content=\"index, follow, max-snippet:-1, max-image-preview:large, max-video-preview:-1\" \/>\n<link rel=\"canonical\" href=\"https:\/\/christina-peter.de\/shop\/product\/becurly-curly-potion\/\" \/>\n<meta property=\"og:locale\" content=\"de_DE\" \/>\n<meta property=\"og:type\" content=\"article\" \/>\n<meta property=\"og:title\" content=\"OWAY beCurly Curly Potion - OWAY Shop\" \/>\n<meta property=\"og:description\" content=\"Bestellen Sie OWAY beCurly Curly Potion online im Oway Shop zu den besten Preisen. Kaufe besten pflanzlichen, biologischen und nachhaltigen Haarpflegeprodukte jetzt!\" \/>\n<meta property=\"og:url\" content=\"https:\/\/christina-peter.de\/shop\/product\/becurly-curly-potion\/\" \/>\n<meta property=\"og:site_name\" content=\"Oway Produkte online kaufen - pflanzliche, biologische &amp; nachhaltige Haarpflegeprodukte\" \/>\n<meta property=\"article:modified_time\" content=\"2024-01-08T11:14:59+00:00\" \/>\n<meta property=\"og:image\" content=\"https:\/\/christina-peter.de\/shop\/wp-content\/uploads\/2019\/07\/curly_potion_240ml_2022_jpg.webp\" \/>\n\t<meta property=\"og:image:width\" content=\"1200\" \/>\n\t<meta property=\"og:image:height\" content=\"1200\" \/>\n\t<meta property=\"og:image:type\" content=\"image\/webp\" \/>\n<meta name=\"twitter:card\" content=\"summary_large_image\" \/>\n<meta name=\"twitter:label1\" content=\"Gesch\u00e4tzte Lesezeit\" \/>\n\t<meta name=\"twitter:data1\" content=\"3\u00a0Minuten\" \/>\n<script type=\"application\/ld+json\" class=\"yoast-schema-graph\">{\"@context\":\"https:\\\/\\\/schema.org\",\"@graph\":[{\"@type\":\"WebPage\",\"@id\":\"https:\\\/\\\/christina-peter.de\\\/shop\\\/product\\\/becurly-curly-potion\\\/\",\"url\":\"https:\\\/\\\/christina-peter.de\\\/shop\\\/product\\\/becurly-curly-potion\\\/\",\"name\":\"OWAY beCurly Curly Potion - OWAY Shop\",\"isPartOf\":{\"@id\":\"https:\\\/\\\/christina-peter.de\\\/shop\\\/#website\"},\"primaryImageOfPage\":{\"@id\":\"https:\\\/\\\/christina-peter.de\\\/shop\\\/product\\\/becurly-curly-potion\\\/#primaryimage\"},\"image\":{\"@id\":\"https:\\\/\\\/christina-peter.de\\\/shop\\\/product\\\/becurly-curly-potion\\\/#primaryimage\"},\"thumbnailUrl\":\"https:\\\/\\\/christina-peter.de\\\/shop\\\/wp-content\\\/uploads\\\/2019\\\/07\\\/curly_potion_240ml_2022_jpg.webp\",\"datePublished\":\"2019-07-23T12:58:47+00:00\",\"dateModified\":\"2024-01-08T11:14:59+00:00\",\"description\":\"Bestellen Sie OWAY beCurly Curly Potion online im Oway Shop zu den besten Preisen. Kaufe besten pflanzlichen, biologischen und nachhaltigen Haarpflegeprodukte jetzt!\",\"breadcrumb\":{\"@id\":\"https:\\\/\\\/christina-peter.de\\\/shop\\\/product\\\/becurly-curly-potion\\\/#breadcrumb\"},\"inLanguage\":\"de\",\"potentialAction\":[{\"@type\":\"ReadAction\",\"target\":[\"https:\\\/\\\/christina-peter.de\\\/shop\\\/product\\\/becurly-curly-potion\\\/\"]}]},{\"@type\":\"ImageObject\",\"inLanguage\":\"de\",\"@id\":\"https:\\\/\\\/christina-peter.de\\\/shop\\\/product\\\/becurly-curly-potion\\\/#primaryimage\",\"url\":\"https:\\\/\\\/christina-peter.de\\\/shop\\\/wp-content\\\/uploads\\\/2019\\\/07\\\/curly_potion_240ml_2022_jpg.webp\",\"contentUrl\":\"https:\\\/\\\/christina-peter.de\\\/shop\\\/wp-content\\\/uploads\\\/2019\\\/07\\\/curly_potion_240ml_2022_jpg.webp\",\"width\":1200,\"height\":1200},{\"@type\":\"BreadcrumbList\",\"@id\":\"https:\\\/\\\/christina-peter.de\\\/shop\\\/product\\\/becurly-curly-potion\\\/#breadcrumb\",\"itemListElement\":[{\"@type\":\"ListItem\",\"position\":1,\"name\":\"Startseite\",\"item\":\"https:\\\/\\\/christina-peter.de\\\/shop\\\/\"},{\"@type\":\"ListItem\",\"position\":2,\"name\":\"Home\",\"item\":\"https:\\\/\\\/christina-peter.de\\\/shop\\\/\"},{\"@type\":\"ListItem\",\"position\":3,\"name\":\"OWAY beCurly Curly Potion\"}]},{\"@type\":\"WebSite\",\"@id\":\"https:\\\/\\\/christina-peter.de\\\/shop\\\/#website\",\"url\":\"https:\\\/\\\/christina-peter.de\\\/shop\\\/\",\"name\":\"Oway Produkte online kaufen - pflanzliche, biologische &amp; nachhaltige Haarpflegeprodukte\",\"description\":\"Bei uns finden sie alles rund ums gesunde Haar. Wir vertreiben ausschlie\u00dflich pflanzliche, biologische &amp; nachhaltige Haarpflegeprodukte von Oway.\",\"potentialAction\":[{\"@type\":\"SearchAction\",\"target\":{\"@type\":\"EntryPoint\",\"urlTemplate\":\"https:\\\/\\\/christina-peter.de\\\/shop\\\/?s={search_term_string}\"},\"query-input\":{\"@type\":\"PropertyValueSpecification\",\"valueRequired\":true,\"valueName\":\"search_term_string\"}}],\"inLanguage\":\"de\"}]}<\/script>\n<!-- \/ Yoast SEO plugin. -->","yoast_head_json":{"title":"OWAY beCurly Curly Potion - OWAY Shop","description":"Bestellen Sie OWAY beCurly Curly Potion online im Oway Shop zu den besten Preisen. Kaufe besten pflanzlichen, biologischen und nachhaltigen Haarpflegeprodukte jetzt!","robots":{"index":"index","follow":"follow","max-snippet":"max-snippet:-1","max-image-preview":"max-image-preview:large","max-video-preview":"max-video-preview:-1"},"canonical":"https:\/\/christina-peter.de\/shop\/product\/becurly-curly-potion\/","og_locale":"de_DE","og_type":"article","og_title":"OWAY beCurly Curly Potion - OWAY Shop","og_description":"Bestellen Sie OWAY beCurly Curly Potion online im Oway Shop zu den besten Preisen. Kaufe besten pflanzlichen, biologischen und nachhaltigen Haarpflegeprodukte jetzt!","og_url":"https:\/\/christina-peter.de\/shop\/product\/becurly-curly-potion\/","og_site_name":"Oway Produkte online kaufen - pflanzliche, biologische &amp; nachhaltige Haarpflegeprodukte","article_modified_time":"2024-01-08T11:14:59+00:00","og_image":[{"width":1200,"height":1200,"url":"https:\/\/christina-peter.de\/shop\/wp-content\/uploads\/2019\/07\/curly_potion_240ml_2022_jpg.webp","type":"image\/webp"}],"twitter_card":"summary_large_image","twitter_misc":{"Gesch\u00e4tzte Lesezeit":"3\u00a0Minuten"},"schema":{"@context":"https:\/\/schema.org","@graph":[{"@type":"WebPage","@id":"https:\/\/christina-peter.de\/shop\/product\/becurly-curly-potion\/","url":"https:\/\/christina-peter.de\/shop\/product\/becurly-curly-potion\/","name":"OWAY beCurly Curly Potion - OWAY Shop","isPartOf":{"@id":"https:\/\/christina-peter.de\/shop\/#website"},"primaryImageOfPage":{"@id":"https:\/\/christina-peter.de\/shop\/product\/becurly-curly-potion\/#primaryimage"},"image":{"@id":"https:\/\/christina-peter.de\/shop\/product\/becurly-curly-potion\/#primaryimage"},"thumbnailUrl":"https:\/\/christina-peter.de\/shop\/wp-content\/uploads\/2019\/07\/curly_potion_240ml_2022_jpg.webp","datePublished":"2019-07-23T12:58:47+00:00","dateModified":"2024-01-08T11:14:59+00:00","description":"Bestellen Sie OWAY beCurly Curly Potion online im Oway Shop zu den besten Preisen. Kaufe besten pflanzlichen, biologischen und nachhaltigen Haarpflegeprodukte jetzt!","breadcrumb":{"@id":"https:\/\/christina-peter.de\/shop\/product\/becurly-curly-potion\/#breadcrumb"},"inLanguage":"de","potentialAction":[{"@type":"ReadAction","target":["https:\/\/christina-peter.de\/shop\/product\/becurly-curly-potion\/"]}]},{"@type":"ImageObject","inLanguage":"de","@id":"https:\/\/christina-peter.de\/shop\/product\/becurly-curly-potion\/#primaryimage","url":"https:\/\/christina-peter.de\/shop\/wp-content\/uploads\/2019\/07\/curly_potion_240ml_2022_jpg.webp","contentUrl":"https:\/\/christina-peter.de\/shop\/wp-content\/uploads\/2019\/07\/curly_potion_240ml_2022_jpg.webp","width":1200,"height":1200},{"@type":"BreadcrumbList","@id":"https:\/\/christina-peter.de\/shop\/product\/becurly-curly-potion\/#breadcrumb","itemListElement":[{"@type":"ListItem","position":1,"name":"Startseite","item":"https:\/\/christina-peter.de\/shop\/"},{"@type":"ListItem","position":2,"name":"Home","item":"https:\/\/christina-peter.de\/shop\/"},{"@type":"ListItem","position":3,"name":"OWAY beCurly Curly Potion"}]},{"@type":"WebSite","@id":"https:\/\/christina-peter.de\/shop\/#website","url":"https:\/\/christina-peter.de\/shop\/","name":"Oway Produkte online kaufen - pflanzliche, biologische &amp; nachhaltige Haarpflegeprodukte","description":"Bei uns finden sie alles rund ums gesunde Haar. Wir vertreiben ausschlie\u00dflich pflanzliche, biologische &amp; nachhaltige Haarpflegeprodukte von Oway.","potentialAction":[{"@type":"SearchAction","target":{"@type":"EntryPoint","urlTemplate":"https:\/\/christina-peter.de\/shop\/?s={search_term_string}"},"query-input":{"@type":"PropertyValueSpecification","valueRequired":true,"valueName":"search_term_string"}}],"inLanguage":"de"}]}},"_links":{"self":[{"href":"https:\/\/christina-peter.de\/shop\/wp-json\/wp\/v2\/product\/1187","targetHints":{"allow":["GET"]}}],"collection":[{"href":"https:\/\/christina-peter.de\/shop\/wp-json\/wp\/v2\/product"}],"about":[{"href":"https:\/\/christina-peter.de\/shop\/wp-json\/wp\/v2\/types\/product"}],"wp:featuredmedia":[{"embeddable":true,"href":"https:\/\/christina-peter.de\/shop\/wp-json\/wp\/v2\/media\/3624"}],"wp:attachment":[{"href":"https:\/\/christina-peter.de\/shop\/wp-json\/wp\/v2\/media?parent=1187"}],"wp:term":[{"taxonomy":"product_brand","embeddable":true,"href":"https:\/\/christina-peter.de\/shop\/wp-json\/wp\/v2\/product_brand?post=1187"},{"taxonomy":"product_cat","embeddable":true,"href":"https:\/\/christina-peter.de\/shop\/wp-json\/wp\/v2\/product_cat?post=1187"},{"taxonomy":"product_tag","embeddable":true,"href":"https:\/\/christina-peter.de\/shop\/wp-json\/wp\/v2\/product_tag?post=1187"}],"curies":[{"name":"wp","href":"https:\/\/api.w.org\/{rel}","templated":true}]}}