{"id":1171,"date":"2019-07-23T14:21:54","date_gmt":"2019-07-23T12:21:54","guid":{"rendered":"https:\/\/christina-peter.de\/shop\/?post_type=product&#038;p=1171"},"modified":"2022-08-30T14:44:42","modified_gmt":"2022-08-30T12:44:42","slug":"colorup-color-protection-veil","status":"publish","type":"product","link":"https:\/\/christina-peter.de\/shop\/product\/colorup-color-protection-veil\/","title":{"rendered":"OWAY colorUp Color Protection Veil"},"content":{"rendered":"<div class=\"wpb-content-wrapper\"><header>\n<header>[vc_row][vc_column][vc_column_text]<\/p>\n<header>\n<header>\n<header>\n<header><\/header>\n<div class=\"prod-banner-text abstract htmlcontent\">\n<p>[\/vc_column_text][\/vc_column][\/vc_row][vc_row][vc_column][vc_column_text]<\/p>\n<header>\n<header>\n<header>\n<header>\n<header>\n<h3>ANTIOXIDIERENDES COLOR BLOCK-STYLING<\/h3>\n<\/header>\n<div>\n<p>Ein System, das entwickelt wurde, um das Haar und die Coloration vor Oxidation durch Sonnenlicht und Umwelteinfl\u00fcsse zu sch\u00fctzen. Die Farbe bleibt \u00fcber den Lauf der Zeit leuchtender und lebendiger ohne auszubleichen oder matt zu werden.<\/p>\n<p>F\u00fcr all jene entwickelt, die ihre Haare f\u00e4rben und im Lauf der Zeit die Reflexe lebendig und die Haarfaser gesund erhalten m\u00f6chten. Dank des sauren pH-Wertes wird die Kutikula des Haars versiegelt, um die Pigmente und die Leuchtkraft in den Haarl\u00e4ngen aufrecht zu erhalten. Wirkt intensiv gegen freie Radikale.<\/p>\n<p>Die Leuchtkraft des gef\u00e4rbten Haars ist intensiv, magnetisch anziehend und verf\u00fchrerisch. Aber gef\u00e4rbtes Haar ist durch die chemische Behandlung auch besonders empfindlich gegen\u00fcber UV-Strahlung und \u00e4u\u00dferlichen Einwirkungen. Aus diesem Grund ist ein Behandlungsprogramm erforderlich, das die Leuchtkraft \u00fcber die Zeit aufrechterh\u00e4lt. COLORUP sorgt f\u00fcr eine sanfte und gl\u00e4ttende Reinigung, die es der Haarkutikula erm\u00f6glicht, die Pigmente in ihrem Inneren zu halten. Darauf folgen eine Maske sowie eine Behandlung, die sch\u00fctzend, antioxidativ und n\u00e4hrstoffspendend sind und die Farbe intensivieren sowie die Haltbarkeit verl\u00e4ngern. Ein einzigartiges Ritual, das auf einer Mischung der st\u00e4rksten, in der Natur vorhandenen Antioxidantien beruht: Biologischer Goji-Extrakt, biodynamische rote Trauben und afrikanischer Tulpenbaum.<\/p>\n<\/div>\n<\/header>\n<\/header>\n<section><\/section>\n<section><\/section>\n<section><\/section>\n<section><\/section>\n<section><\/section>\n<\/header>\n<\/header>\n<p>[\/vc_column_text][vc_empty_space height=&#8220;32&#8243;][vc_separator][vc_empty_space][\/vc_column][\/vc_row][vc_row type=&#8220;boxed&#8220; content_placement=&#8220;middle&#8220;][vc_column width=&#8220;1\/2&#8243; css=&#8220;.vc_custom_1462135333419{padding-top: 28px !important;padding-bottom: 28px !important;}&#8220;][vc_custom_heading text=&#8220;Extrakt aus biodynamischen roten Trauben&#8220; font_container=&#8220;tag:h3|text_align:left&#8220; use_theme_fonts=&#8220;yes&#8220;][vc_empty_space height=&#8220;15px&#8220;][vc_column_text]Besonders reich an Polyphenolen wirken rote Trauben auf den Haarschaft, indem sie eine antioxidative und photoprotektive sowie vor freien Radikalen sch\u00fctzende Funktion aus\u00fcben. Bewahrt coloriertes Haar vor dem Ausbleichen aufgrund von UV-Strahlung und verl\u00e4ngert gleichzeitig die Haltbarkeit der Farbe.[\/vc_column_text][vc_empty_space][\/vc_column][vc_column width=&#8220;1\/2&#8243;][vc_single_image image=&#8220;1938&#8243; img_size=&#8220;full&#8220; alignment=&#8220;right&#8220;][vc_empty_space][\/vc_column][\/vc_row][vc_row css=&#8220;.vc_custom_1461961652033{border-top-width: 1px !important;border-top-color: #eeeeee !important;border-top-style: solid !important;}&#8220;][vc_column][\/vc_column][\/vc_row][vc_row type=&#8220;boxed&#8220; content_placement=&#8220;middle&#8220; el_class=&#8220;nm-row-flex-col-reverse&#8220;][vc_column width=&#8220;1\/2&#8243; css=&#8220;.vc_custom_1462135341599{padding-top: 28px !important;padding-bottom: 28px !important;}&#8220;][vc_custom_heading text=&#8220;Biologischer Extrakt aus Goji-Beeren&#8220; font_container=&#8220;tag:h3|text_align:left&#8220; use_theme_fonts=&#8220;yes&#8220;][vc_empty_space height=&#8220;15px&#8220;][vc_column_text]Als urspr\u00fcnglich aus Gebieten mit besonders starken Temperaturst\u00fcrzten stammende Beere hat die Goji-Beere besonders starke antioxidative Wirkungen und Wirkungen gegen freie Radikale entwickelt. Dank ihres Reichtums an Vitaminen, Mineralsalzen, Karotenoiden, Flavonoiden und Polysacchariden verst\u00e4rkt sie die Haarwurzel und die Haarstruktur und sch\u00fctzt das Haar gegen Oxidation[\/vc_column_text][\/vc_column][vc_column width=&#8220;1\/2&#8243;][vc_empty_space][vc_single_image image=&#8220;1937&#8243; img_size=&#8220;full&#8220;][vc_empty_space][\/vc_column][\/vc_row][vc_row css=&#8220;.vc_custom_1461961652033{border-top-width: 1px !important;border-top-color: #eeeeee !important;border-top-style: solid !important;}&#8220;][vc_column][\/vc_column][\/vc_row][vc_row type=&#8220;boxed&#8220; content_placement=&#8220;middle&#8220;][vc_column width=&#8220;1\/2&#8243; css=&#8220;.vc_custom_1462135350237{padding-top: 28px !important;padding-bottom: 28px !important;}&#8220;][vc_custom_heading text=&#8220;Extrakt aus fair gehandelter Buschpflaume&#8220; font_container=&#8220;tag:h3|text_align:left&#8220; use_theme_fonts=&#8220;yes&#8220;][vc_empty_space height=&#8220;15px&#8220;][vc_column_text]Entgiftend, anti-aging und st\u00e4rkend. Kakadu Plum ist die gr\u00f6\u00dfte nat\u00fcrliche Vitamin C Quelle der Welt. Seine Fr\u00fcchte enthalten circa 3000 mg Vitamin C auf 100 g &#8211; mehr als 50 Mal die Konzentration in Orangen.[\/vc_column_text][\/vc_column][vc_column width=&#8220;1\/2&#8243;][vc_empty_space][vc_single_image image=&#8220;1936&#8243; img_size=&#8220;full&#8220; alignment=&#8220;right&#8220;][vc_empty_space][\/vc_column][\/vc_row][vc_row css=&#8220;.vc_custom_1461961652033{border-top-width: 1px !important;border-top-color: #eeeeee !important;border-top-style: solid !important;}&#8220;][vc_column][\/vc_column][\/vc_row][vc_row type=&#8220;boxed&#8220; content_placement=&#8220;middle&#8220; el_class=&#8220;nm-row-flex-col-reverse&#8220;][vc_column width=&#8220;1\/2&#8243; css=&#8220;.vc_custom_1462135341599{padding-top: 28px !important;padding-bottom: 28px !important;}&#8220;][vc_custom_heading text=&#8220;Afrikanischer Tulpenbaum&#8220; font_container=&#8220;tag:h3|text_align:left&#8220; use_theme_fonts=&#8220;yes&#8220;][vc_empty_space height=&#8220;15px&#8220;][vc_column_text]Urspr\u00fcnglich aus den tropischen Gebieten Afrikas stammend, gilt der afrikanische Tulpenbaum unter vielen V\u00f6lkern als heilig. Er ist ein Symbol f\u00fcr Leidenschaft und Leben: Mit seiner exzentrischen Form und seiner leuchtend roten Farbe ist er ein Abbild von Feuer und Licht. Auf dem Haar wirkt er tiefenwirksam antioxidierend, sch\u00fctzt die Farbe vor dem Ausbleichen und erh\u00fcht die Leuchtkraft und den Glanz.[\/vc_column_text][\/vc_column][vc_column width=&#8220;1\/2&#8243;][vc_empty_space][vc_single_image image=&#8220;1990&#8243; img_size=&#8220;full&#8220;][vc_empty_space][\/vc_column][\/vc_row]<\/p>\n<\/div>\n<\/header>\n<\/header>\n<\/header>\n<\/header>\n<\/header>\n<\/div>","protected":false},"excerpt":{"rendered":"<p>Farbschutz-Spraylotion f\u00fcr gef\u00e4rbtes und gestr\u00e4hntes Haar \/Sonnenverf\u00e4rbungen.<\/p>\n<section id=\"accordion-product-details\" class=\"accordion-product-details panel-group dailyact-inner\">\n<article class=\"panel panel-default\">\n<header class=\"panel-heading\">[vc_column][vc_accordion collapsible=&#8220;yes&#8220;][vc_accordion_tab title=&#8220;Vorteile&#8220;][vc_column_text]<\/p>\n<article class=\"panel panel-default\">\n<div id=\"acco-Benefici\" class=\"panel-collapse collapse in\">\n<div class=\"panel-body htmlcontent\">\n<article class=\"panel panel-default\">\n<div id=\"acco-Benefici\" class=\"panel-collapse collapse in\">\n<div class=\"panel-body htmlcontent\">\n<p>Beugt dem Ausbleichen der Farbe vor und wirkt revitalisierend sowie antioxidierend.<\/p>\n<\/div>\n<\/div>\n<\/article>\n<\/div>\n<\/div>\n<\/article>\n<p>[\/vc_column_text][\/vc_accordion_tab][vc_accordion_tab title=&#8220;Anwendung des Produkts&#8220;][vc_column_text]<\/p>\n<article class=\"panel panel-default\">\n<div id=\"acco-IstruzioniUso\" class=\"panel-collapse collapse in\">\n<div class=\"panel-body htmlcontent\">\n<article class=\"panel panel-default\">\n<div id=\"acco-IstruzioniUso\" class=\"panel-collapse collapse in\">\n<div class=\"panel-body htmlcontent\">\n<p>Nach jeder Haarw\u00e4sche auf das gewaschene, handtuchtrockene Haar auftragen. Stylen.<\/p>\n<\/div>\n<\/div>\n<\/article>\n<\/div>\n<\/div>\n<\/article>\n<p>[\/vc_column_text][\/vc_accordion_tab][vc_accordion_tab title=&#8220;Wirkstoffe&#8220;][vc_column_text]<\/p>\n<p><b><i>\u00a0<\/i><\/b><b>Biodynamische rote Traube<\/b>\u00a0&#8211;\u00a0Erh\u00e4lt die Leuchtkraft der Farbe und die Weichheit des Haars aufrecht.<\/p>\n<p><b>Biologischer Goji-Extrakt<\/b>\u00a0&#8211;\u00a0Revitalisiert die Faser, verlangsamt den Alterungsprozess des Haars und sch\u00fctzt es vor Oxidierung.<\/p>\n<p><b>Buschpflaume<\/b>\u00a0&#8211;\u00a0Entgiftet, wirkt der Alterung entgegen und spendet Energie.<\/p>\n<p><b>Afrikanischer Tulpenbaum<\/b>\u00a0&#8211;\u00a0Er verst\u00e4rkt die Leuchtkraft der Farbe deutlich.<\/p>\n<p>[\/vc_column_text][\/vc_accordion_tab][vc_accordion_tab title=&#8220;Enth\u00e4lt nicht&#8220;][vc_column_text] PARABENE \/ PETROLATE\/ PEG, PG &amp; BBG \/ EDTA \/ SYNTHETISCHE DUFTSTOFFE \/ K\u00dcNSTLICHE FARBSTOFFE [\/vc_column_text][\/vc_accordion_tab][vc_accordion_tab title=&#8220;pH Wert&#8220;][vc_column_text] 4.5 \u2013 5.5 [\/vc_column_text][\/vc_accordion_tab] \u00a0 [\/vc_accordion][\/vc_column]<\/p>\n<\/header>\n<\/article>\n<\/section>\n","protected":false},"featured_media":1173,"template":"","meta":{"_uf_show_specific_survey":0,"_uf_disable_surveys":false},"product_brand":[],"product_cat":[54,61],"product_tag":[],"class_list":{"0":"post-1171","1":"product","2":"type-product","3":"status-publish","4":"has-post-thumbnail","6":"product_cat-haarpflege","7":"product_cat-colorup","8":"pa_groesse-160ml","10":"first","11":"instock","12":"taxable","13":"shipping-taxable","14":"purchasable","15":"product-type-variable"},"yoast_head":"<!-- This site is optimized with the Yoast SEO plugin v27.4 - https:\/\/yoast.com\/product\/yoast-seo-wordpress\/ -->\n<title>OWAY colorUp Color Protection Veil - OWAY Shop<\/title>\n<meta name=\"description\" content=\"Kaufen OWAY colorUp Color Protection Veil online im Oway Shop zu den besten Preisen. Holen pflanzlichen, biologischen und nachhaltigen Haarpflegeprodukte. Besuchen jetzt!\" \/>\n<meta name=\"robots\" content=\"index, follow, max-snippet:-1, max-image-preview:large, max-video-preview:-1\" \/>\n<link rel=\"canonical\" href=\"https:\/\/christina-peter.de\/shop\/product\/colorup-color-protection-veil\/\" \/>\n<meta property=\"og:locale\" content=\"de_DE\" \/>\n<meta property=\"og:type\" content=\"article\" \/>\n<meta property=\"og:title\" content=\"OWAY colorUp Color Protection Veil - OWAY Shop\" \/>\n<meta property=\"og:description\" content=\"Kaufen OWAY colorUp Color Protection Veil online im Oway Shop zu den besten Preisen. Holen pflanzlichen, biologischen und nachhaltigen Haarpflegeprodukte. Besuchen jetzt!\" \/>\n<meta property=\"og:url\" content=\"https:\/\/christina-peter.de\/shop\/product\/colorup-color-protection-veil\/\" \/>\n<meta property=\"og:site_name\" content=\"Oway Produkte online kaufen - pflanzliche, biologische &amp; nachhaltige Haarpflegeprodukte\" \/>\n<meta property=\"article:modified_time\" content=\"2022-08-30T12:44:42+00:00\" \/>\n<meta property=\"og:image\" content=\"https:\/\/christina-peter.de\/shop\/wp-content\/uploads\/2019\/07\/color-protection-veil_fronte_sito.jpg\" \/>\n\t<meta property=\"og:image:width\" content=\"1600\" \/>\n\t<meta property=\"og:image:height\" content=\"1560\" \/>\n\t<meta property=\"og:image:type\" content=\"image\/jpeg\" \/>\n<meta name=\"twitter:card\" content=\"summary_large_image\" \/>\n<meta name=\"twitter:label1\" content=\"Gesch\u00e4tzte Lesezeit\" \/>\n\t<meta name=\"twitter:data1\" content=\"4\u00a0Minuten\" \/>\n<script type=\"application\/ld+json\" class=\"yoast-schema-graph\">{\"@context\":\"https:\\\/\\\/schema.org\",\"@graph\":[{\"@type\":\"WebPage\",\"@id\":\"https:\\\/\\\/christina-peter.de\\\/shop\\\/product\\\/colorup-color-protection-veil\\\/\",\"url\":\"https:\\\/\\\/christina-peter.de\\\/shop\\\/product\\\/colorup-color-protection-veil\\\/\",\"name\":\"OWAY colorUp Color Protection Veil - OWAY Shop\",\"isPartOf\":{\"@id\":\"https:\\\/\\\/christina-peter.de\\\/shop\\\/#website\"},\"primaryImageOfPage\":{\"@id\":\"https:\\\/\\\/christina-peter.de\\\/shop\\\/product\\\/colorup-color-protection-veil\\\/#primaryimage\"},\"image\":{\"@id\":\"https:\\\/\\\/christina-peter.de\\\/shop\\\/product\\\/colorup-color-protection-veil\\\/#primaryimage\"},\"thumbnailUrl\":\"https:\\\/\\\/christina-peter.de\\\/shop\\\/wp-content\\\/uploads\\\/2019\\\/07\\\/color-protection-veil_fronte_sito.jpg\",\"datePublished\":\"2019-07-23T12:21:54+00:00\",\"dateModified\":\"2022-08-30T12:44:42+00:00\",\"description\":\"Kaufen OWAY colorUp Color Protection Veil online im Oway Shop zu den besten Preisen. Holen pflanzlichen, biologischen und nachhaltigen Haarpflegeprodukte. Besuchen jetzt!\",\"breadcrumb\":{\"@id\":\"https:\\\/\\\/christina-peter.de\\\/shop\\\/product\\\/colorup-color-protection-veil\\\/#breadcrumb\"},\"inLanguage\":\"de\",\"potentialAction\":[{\"@type\":\"ReadAction\",\"target\":[\"https:\\\/\\\/christina-peter.de\\\/shop\\\/product\\\/colorup-color-protection-veil\\\/\"]}]},{\"@type\":\"ImageObject\",\"inLanguage\":\"de\",\"@id\":\"https:\\\/\\\/christina-peter.de\\\/shop\\\/product\\\/colorup-color-protection-veil\\\/#primaryimage\",\"url\":\"https:\\\/\\\/christina-peter.de\\\/shop\\\/wp-content\\\/uploads\\\/2019\\\/07\\\/color-protection-veil_fronte_sito.jpg\",\"contentUrl\":\"https:\\\/\\\/christina-peter.de\\\/shop\\\/wp-content\\\/uploads\\\/2019\\\/07\\\/color-protection-veil_fronte_sito.jpg\",\"width\":1600,\"height\":1560},{\"@type\":\"BreadcrumbList\",\"@id\":\"https:\\\/\\\/christina-peter.de\\\/shop\\\/product\\\/colorup-color-protection-veil\\\/#breadcrumb\",\"itemListElement\":[{\"@type\":\"ListItem\",\"position\":1,\"name\":\"Startseite\",\"item\":\"https:\\\/\\\/christina-peter.de\\\/shop\\\/\"},{\"@type\":\"ListItem\",\"position\":2,\"name\":\"Home\",\"item\":\"https:\\\/\\\/christina-peter.de\\\/shop\\\/\"},{\"@type\":\"ListItem\",\"position\":3,\"name\":\"OWAY colorUp Color Protection Veil\"}]},{\"@type\":\"WebSite\",\"@id\":\"https:\\\/\\\/christina-peter.de\\\/shop\\\/#website\",\"url\":\"https:\\\/\\\/christina-peter.de\\\/shop\\\/\",\"name\":\"Oway Produkte online kaufen - pflanzliche, biologische &amp; nachhaltige Haarpflegeprodukte\",\"description\":\"Bei uns finden sie alles rund ums gesunde Haar. Wir vertreiben ausschlie\u00dflich pflanzliche, biologische &amp; nachhaltige Haarpflegeprodukte von Oway.\",\"potentialAction\":[{\"@type\":\"SearchAction\",\"target\":{\"@type\":\"EntryPoint\",\"urlTemplate\":\"https:\\\/\\\/christina-peter.de\\\/shop\\\/?s={search_term_string}\"},\"query-input\":{\"@type\":\"PropertyValueSpecification\",\"valueRequired\":true,\"valueName\":\"search_term_string\"}}],\"inLanguage\":\"de\"}]}<\/script>\n<!-- \/ Yoast SEO plugin. -->","yoast_head_json":{"title":"OWAY colorUp Color Protection Veil - OWAY Shop","description":"Kaufen OWAY colorUp Color Protection Veil online im Oway Shop zu den besten Preisen. Holen pflanzlichen, biologischen und nachhaltigen Haarpflegeprodukte. Besuchen jetzt!","robots":{"index":"index","follow":"follow","max-snippet":"max-snippet:-1","max-image-preview":"max-image-preview:large","max-video-preview":"max-video-preview:-1"},"canonical":"https:\/\/christina-peter.de\/shop\/product\/colorup-color-protection-veil\/","og_locale":"de_DE","og_type":"article","og_title":"OWAY colorUp Color Protection Veil - OWAY Shop","og_description":"Kaufen OWAY colorUp Color Protection Veil online im Oway Shop zu den besten Preisen. Holen pflanzlichen, biologischen und nachhaltigen Haarpflegeprodukte. Besuchen jetzt!","og_url":"https:\/\/christina-peter.de\/shop\/product\/colorup-color-protection-veil\/","og_site_name":"Oway Produkte online kaufen - pflanzliche, biologische &amp; nachhaltige Haarpflegeprodukte","article_modified_time":"2022-08-30T12:44:42+00:00","og_image":[{"width":1600,"height":1560,"url":"https:\/\/christina-peter.de\/shop\/wp-content\/uploads\/2019\/07\/color-protection-veil_fronte_sito.jpg","type":"image\/jpeg"}],"twitter_card":"summary_large_image","twitter_misc":{"Gesch\u00e4tzte Lesezeit":"4\u00a0Minuten"},"schema":{"@context":"https:\/\/schema.org","@graph":[{"@type":"WebPage","@id":"https:\/\/christina-peter.de\/shop\/product\/colorup-color-protection-veil\/","url":"https:\/\/christina-peter.de\/shop\/product\/colorup-color-protection-veil\/","name":"OWAY colorUp Color Protection Veil - OWAY Shop","isPartOf":{"@id":"https:\/\/christina-peter.de\/shop\/#website"},"primaryImageOfPage":{"@id":"https:\/\/christina-peter.de\/shop\/product\/colorup-color-protection-veil\/#primaryimage"},"image":{"@id":"https:\/\/christina-peter.de\/shop\/product\/colorup-color-protection-veil\/#primaryimage"},"thumbnailUrl":"https:\/\/christina-peter.de\/shop\/wp-content\/uploads\/2019\/07\/color-protection-veil_fronte_sito.jpg","datePublished":"2019-07-23T12:21:54+00:00","dateModified":"2022-08-30T12:44:42+00:00","description":"Kaufen OWAY colorUp Color Protection Veil online im Oway Shop zu den besten Preisen. Holen pflanzlichen, biologischen und nachhaltigen Haarpflegeprodukte. Besuchen jetzt!","breadcrumb":{"@id":"https:\/\/christina-peter.de\/shop\/product\/colorup-color-protection-veil\/#breadcrumb"},"inLanguage":"de","potentialAction":[{"@type":"ReadAction","target":["https:\/\/christina-peter.de\/shop\/product\/colorup-color-protection-veil\/"]}]},{"@type":"ImageObject","inLanguage":"de","@id":"https:\/\/christina-peter.de\/shop\/product\/colorup-color-protection-veil\/#primaryimage","url":"https:\/\/christina-peter.de\/shop\/wp-content\/uploads\/2019\/07\/color-protection-veil_fronte_sito.jpg","contentUrl":"https:\/\/christina-peter.de\/shop\/wp-content\/uploads\/2019\/07\/color-protection-veil_fronte_sito.jpg","width":1600,"height":1560},{"@type":"BreadcrumbList","@id":"https:\/\/christina-peter.de\/shop\/product\/colorup-color-protection-veil\/#breadcrumb","itemListElement":[{"@type":"ListItem","position":1,"name":"Startseite","item":"https:\/\/christina-peter.de\/shop\/"},{"@type":"ListItem","position":2,"name":"Home","item":"https:\/\/christina-peter.de\/shop\/"},{"@type":"ListItem","position":3,"name":"OWAY colorUp Color Protection Veil"}]},{"@type":"WebSite","@id":"https:\/\/christina-peter.de\/shop\/#website","url":"https:\/\/christina-peter.de\/shop\/","name":"Oway Produkte online kaufen - pflanzliche, biologische &amp; nachhaltige Haarpflegeprodukte","description":"Bei uns finden sie alles rund ums gesunde Haar. Wir vertreiben ausschlie\u00dflich pflanzliche, biologische &amp; nachhaltige Haarpflegeprodukte von Oway.","potentialAction":[{"@type":"SearchAction","target":{"@type":"EntryPoint","urlTemplate":"https:\/\/christina-peter.de\/shop\/?s={search_term_string}"},"query-input":{"@type":"PropertyValueSpecification","valueRequired":true,"valueName":"search_term_string"}}],"inLanguage":"de"}]}},"_links":{"self":[{"href":"https:\/\/christina-peter.de\/shop\/wp-json\/wp\/v2\/product\/1171","targetHints":{"allow":["GET"]}}],"collection":[{"href":"https:\/\/christina-peter.de\/shop\/wp-json\/wp\/v2\/product"}],"about":[{"href":"https:\/\/christina-peter.de\/shop\/wp-json\/wp\/v2\/types\/product"}],"wp:featuredmedia":[{"embeddable":true,"href":"https:\/\/christina-peter.de\/shop\/wp-json\/wp\/v2\/media\/1173"}],"wp:attachment":[{"href":"https:\/\/christina-peter.de\/shop\/wp-json\/wp\/v2\/media?parent=1171"}],"wp:term":[{"taxonomy":"product_brand","embeddable":true,"href":"https:\/\/christina-peter.de\/shop\/wp-json\/wp\/v2\/product_brand?post=1171"},{"taxonomy":"product_cat","embeddable":true,"href":"https:\/\/christina-peter.de\/shop\/wp-json\/wp\/v2\/product_cat?post=1171"},{"taxonomy":"product_tag","embeddable":true,"href":"https:\/\/christina-peter.de\/shop\/wp-json\/wp\/v2\/product_tag?post=1171"}],"curies":[{"name":"wp","href":"https:\/\/api.w.org\/{rel}","templated":true}]}}