{"id":1063,"date":"2019-03-27T17:36:48","date_gmt":"2019-03-27T16:36:48","guid":{"rendered":"https:\/\/christina-peter.de\/shop\/?post_type=product&#038;p=1063"},"modified":"2024-01-08T12:13:56","modified_gmt":"2024-01-08T11:13:56","slug":"dailyact-frequent-use-hair-scalp-bath","status":"publish","type":"product","link":"https:\/\/christina-peter.de\/shop\/product\/dailyact-frequent-use-hair-scalp-bath\/","title":{"rendered":"OWAY dailyAct Frequent Use Hair &#038; Scalp Bath"},"content":{"rendered":"<div class=\"wpb-content-wrapper\"><header>[vc_row][vc_column][vc_column_text]<\/p>\n<header>\n<h3 class=\"prod-banner-title\">REINIGENDES AROMATHERAPIE-STYLING<\/h3>\n<\/header>\n<div class=\"prod-banner-text abstract htmlcontent\">\n<p><b>Ein t\u00e4gliches Ritual, das N\u00e4hrstoffe spendet und kl\u00e4rend wirkt, sowie f\u00fcr alle Haartypen geeignet ist. F\u00fcr h\u00e4ufiges Haarewaschen.\u00a0<\/b><\/p>\n<p>Auch f\u00fcr alle Sportler geeignet, die ihr Haar h\u00e4ufig waschen und h\u00e4ufig eine strukturierende Pflege ben\u00f6tigen, die eine effiziente und schnelle Anwendung garantiert. Optimal f\u00fcr alle, die zu einem leichten, jedoch schnell auftretenden Ungleichgewicht von Talg auf der Kopfhaut neigen, das einfach auf die Umweltverschmutzung, das Arbeitsumfeld oder die Verwendung eines Helms &#8211; in einem Wort auf den Lebensstil &#8211; zur\u00fcckzuf\u00fchren ist.<\/p>\n<\/div>\n<section><\/section>\n<section><\/section>\n<section><\/section>\n<section><\/section>\n<section><\/section>\n<p>[\/vc_column_text][vc_empty_space][vc_separator][vc_empty_space][\/vc_column][\/vc_row][vc_row type=&#8220;boxed&#8220; content_placement=&#8220;middle&#8220;][vc_column width=&#8220;1\/2&#8243; css=&#8220;.vc_custom_1462135333419{padding-top: 28px !important;padding-bottom: 28px !important;}&#8220;][vc_custom_heading text=&#8220;Extrakt aus biodynamischer Zitrone&#8220; font_container=&#8220;tag:h3|text_align:left&#8220; use_theme_fonts=&#8220;yes&#8220;][vc_empty_space height=&#8220;15px&#8220;][vc_column_text]Einer der \u00e4ltesten Wirkstoffe in der Phytotherapie. Adstringierend und kl\u00e4rend spendet dieser Wirkstoff leblosem und mattem Haar dank der antioxidativen Wirkung von Vitamin C Leuchtkraft und Vitalit\u00e4t.[\/vc_column_text][vc_empty_space][\/vc_column][vc_column width=&#8220;1\/2&#8243;][vc_single_image image=&#8220;1928&#8243; img_size=&#8220;full&#8220; alignment=&#8220;center&#8220;][vc_empty_space][\/vc_column][\/vc_row][vc_row css=&#8220;.vc_custom_1461961652033{border-top-width: 1px !important;border-top-color: #eeeeee !important;border-top-style: solid !important;}&#8220;][vc_column][\/vc_column][\/vc_row][vc_row type=&#8220;boxed&#8220; content_placement=&#8220;middle&#8220; el_class=&#8220;nm-row-flex-col-reverse&#8220;][vc_column width=&#8220;1\/2&#8243; css=&#8220;.vc_custom_1462135341599{padding-top: 28px !important;padding-bottom: 28px !important;}&#8220;][vc_custom_heading text=&#8220;Extrakt aus biologischem wei\u00dfem Tee&#8220; font_container=&#8220;tag:h3|text_align:left&#8220; use_theme_fonts=&#8220;yes&#8220;][vc_empty_space height=&#8220;15px&#8220;][vc_column_text]Die darin enthaltenen Polyphenole wirken dreifach: sie beugen der Alterung vor, sch\u00fctzen vor oxidativem Stress und heilen die gereizte Kopfhaut. Der wei\u00dfe Tee beg\u00fcnstigt die Aufnahme der Wirkstoffe, indem ihr Eindringen und ihre Wirksamkeit erh\u00f6ht wird.[\/vc_column_text][\/vc_column][vc_column width=&#8220;1\/2&#8243;][vc_empty_space][vc_single_image image=&#8220;1929&#8243; img_size=&#8220;full&#8220; alignment=&#8220;center&#8220;][vc_empty_space][\/vc_column][\/vc_row][vc_row css=&#8220;.vc_custom_1461961652033{border-top-width: 1px !important;border-top-color: #eeeeee !important;border-top-style: solid !important;}&#8220;][vc_column][\/vc_column][\/vc_row][vc_row type=&#8220;boxed&#8220; content_placement=&#8220;middle&#8220;][vc_column width=&#8220;1\/2&#8243; css=&#8220;.vc_custom_1462135350237{padding-top: 28px !important;padding-bottom: 28px !important;}&#8220;][vc_custom_heading text=&#8220;Anisata Extrak aus fairem Handel&#8220; font_container=&#8220;tag:h3|text_align:left&#8220; use_theme_fonts=&#8220;yes&#8220;][vc_empty_space height=&#8220;15px&#8220;][vc_column_text]Antibakteriell, antiseptisch, lindernd. Backhousia Anisata w\u00e4chst im subtropischen Australien. Auf der Kopfhaut wirkt dieser Inhaltsstoff sehr beruhigend, lindernd und ausgleichend.[\/vc_column_text][\/vc_column][vc_column width=&#8220;1\/2&#8243;][vc_empty_space][vc_single_image image=&#8220;1930&#8243; img_size=&#8220;full&#8220; alignment=&#8220;center&#8220;][vc_empty_space][\/vc_column][\/vc_row][vc_row css=&#8220;.vc_custom_1461961652033{border-top-width: 1px !important;border-top-color: #eeeeee !important;border-top-style: solid !important;}&#8220;][vc_column][\/vc_column][\/vc_row]<\/p>\n<\/header>\n<\/div>","protected":false},"excerpt":{"rendered":"<p>Reinigungsmittel zur h\u00e4ufigen Anwendung f\u00fcr Kopfhaut und Haar, das f\u00fcr alle Haartypen sowie auch f\u00fcr besonders empfindliche Kopfhaut geeignet ist.<\/p>\n<section id=\"accordion-product-details\" class=\"accordion-product-details panel-group dailyact-inner\">\n<article class=\"panel panel-default\">\n<header class=\"panel-heading\">[vc_column][vc_accordion collapsible=&#8220;yes&#8220;][vc_accordion_tab title=&#8220;Vorteile&#8220;][vc_column_text]<\/p>\n<article class=\"panel panel-default\">\n<div id=\"acco-Benefici\" class=\"panel-collapse collapse in\">\n<div class=\"panel-body htmlcontent\">\n<p>Reinigt sanft und spendet Kraft, wobei das Haar gleichzeitig mit Feuchtigkeit versorgt wird, ohne es zu beschweren.<\/p>\n<\/div>\n<\/div>\n<\/article>\n<p>[\/vc_column_text][\/vc_accordion_tab][vc_accordion_tab title=&#8220;Anwendung des Produkts&#8220;][vc_column_text]<\/p>\n<article class=\"panel panel-default\">\n<div id=\"acco-IstruzioniUso\" class=\"panel-collapse collapse in\">\n<div class=\"panel-body htmlcontent\">\n<p>Im feuchten Haar verteilen, einmassieren und aussp\u00fclen. Gegebenenfalls Anwendung wiederholen.<\/p>\n<\/div>\n<\/div>\n<\/article>\n<p>[\/vc_column_text][\/vc_accordion_tab][vc_accordion_tab title=&#8220;Wirkstoffe&#8220;][vc_column_text]<\/p>\n<p><b>Biodynamische Zitrone<\/b>\u00a0&#8211; Spendet leblosem und mattem Haar dank der antioxidativen Wirkung von Vitamin C Glanz und revitalisiert es.<\/p>\n<p><b>Biologischer Wei\u00dfer Tee &#8211;<\/b>\u00a0Dank des Reichtums an Polyphenolen wirkt er der Alterung entgegen und sch\u00fctzt vor oxidativem Stress.<\/p>\n<p><b>Anisata aus fairem Handel &#8211;<\/b>\u00a0Wirkt pflegend, antiseptisch und antibakteriell.<\/p>\n<p>[\/vc_column_text][\/vc_accordion_tab][vc_accordion_tab title=&#8220;Enth\u00e4lt nicht&#8220;][vc_column_text]<\/p>\n<p>PARABENE \/ PETROLATE\/ PEG, PG &amp; BBG \/ EDTA \/ SYNTHETISCHE DUFTSTOFFE \/ K\u00dcNSTLICHE FARBSTOFFE<\/p>\n<p>[\/vc_column_text][\/vc_accordion_tab][vc_accordion_tab title=&#8220;pH Wert&#8220;][vc_column_text]<\/p>\n<p>5.5 &#8211; 6.5<\/p>\n<p>[\/vc_column_text][\/vc_accordion_tab]<\/p>\n<p>&nbsp;<\/p>\n<p>[\/vc_accordion][\/vc_column]<\/p>\n<\/header>\n<\/article>\n<\/section>\n","protected":false},"featured_media":1076,"template":"","meta":{"_uf_show_specific_survey":0,"_uf_disable_surveys":false},"product_brand":[],"product_cat":[54,59],"product_tag":[],"class_list":{"0":"post-1063","1":"product","2":"type-product","3":"status-publish","4":"has-post-thumbnail","6":"product_cat-haarpflege","7":"product_cat-dailyacttest","8":"pa_groesse-240ml","9":"pa_groesse-50ml","11":"first","12":"instock","13":"taxable","14":"shipping-taxable","15":"purchasable","16":"product-type-variable"},"yoast_head":"<!-- This site is optimized with the Yoast SEO plugin v27.5 - https:\/\/yoast.com\/product\/yoast-seo-wordpress\/ -->\n<title>OWAY dailyAct Frequent Use Hair &amp; Scalp Bath - OWAY Shop<\/title>\n<meta name=\"description\" content=\"Kaufen OWAY dailyAct Frequent Use Hair &amp; Scalp Bath online im Oway Shop zu den besten Preisen. Holen pflanzlichen, biologischen und nachhaltigen Haarpflegeprodukte jetzt!\" \/>\n<meta name=\"robots\" content=\"index, follow, max-snippet:-1, max-image-preview:large, max-video-preview:-1\" \/>\n<link rel=\"canonical\" href=\"https:\/\/christina-peter.de\/shop\/product\/dailyact-frequent-use-hair-scalp-bath\/\" \/>\n<meta property=\"og:locale\" content=\"de_DE\" \/>\n<meta property=\"og:type\" content=\"article\" \/>\n<meta property=\"og:title\" content=\"OWAY dailyAct Frequent Use Hair &amp; Scalp Bath - OWAY Shop\" \/>\n<meta property=\"og:description\" content=\"Kaufen OWAY dailyAct Frequent Use Hair &amp; Scalp Bath online im Oway Shop zu den besten Preisen. Holen pflanzlichen, biologischen und nachhaltigen Haarpflegeprodukte jetzt!\" \/>\n<meta property=\"og:url\" content=\"https:\/\/christina-peter.de\/shop\/product\/dailyact-frequent-use-hair-scalp-bath\/\" \/>\n<meta property=\"og:site_name\" content=\"Oway Produkte online kaufen - pflanzliche, biologische &amp; nachhaltige Haarpflegeprodukte\" \/>\n<meta property=\"article:modified_time\" content=\"2024-01-08T11:13:56+00:00\" \/>\n<meta property=\"og:image\" content=\"https:\/\/christina-peter.de\/shop\/wp-content\/uploads\/2019\/03\/frequent_use_hair_g.jpg\" \/>\n\t<meta property=\"og:image:width\" content=\"1600\" \/>\n\t<meta property=\"og:image:height\" content=\"1560\" \/>\n\t<meta property=\"og:image:type\" content=\"image\/jpeg\" \/>\n<meta name=\"twitter:card\" content=\"summary_large_image\" \/>\n<meta name=\"twitter:label1\" content=\"Gesch\u00e4tzte Lesezeit\" \/>\n\t<meta name=\"twitter:data1\" content=\"2\u00a0Minuten\" \/>\n<script type=\"application\/ld+json\" class=\"yoast-schema-graph\">{\"@context\":\"https:\\\/\\\/schema.org\",\"@graph\":[{\"@type\":\"WebPage\",\"@id\":\"https:\\\/\\\/christina-peter.de\\\/shop\\\/product\\\/dailyact-frequent-use-hair-scalp-bath\\\/\",\"url\":\"https:\\\/\\\/christina-peter.de\\\/shop\\\/product\\\/dailyact-frequent-use-hair-scalp-bath\\\/\",\"name\":\"OWAY dailyAct Frequent Use Hair & Scalp Bath - OWAY Shop\",\"isPartOf\":{\"@id\":\"https:\\\/\\\/christina-peter.de\\\/shop\\\/#website\"},\"primaryImageOfPage\":{\"@id\":\"https:\\\/\\\/christina-peter.de\\\/shop\\\/product\\\/dailyact-frequent-use-hair-scalp-bath\\\/#primaryimage\"},\"image\":{\"@id\":\"https:\\\/\\\/christina-peter.de\\\/shop\\\/product\\\/dailyact-frequent-use-hair-scalp-bath\\\/#primaryimage\"},\"thumbnailUrl\":\"https:\\\/\\\/christina-peter.de\\\/shop\\\/wp-content\\\/uploads\\\/2019\\\/03\\\/frequent_use_hair_g.jpg\",\"datePublished\":\"2019-03-27T16:36:48+00:00\",\"dateModified\":\"2024-01-08T11:13:56+00:00\",\"description\":\"Kaufen OWAY dailyAct Frequent Use Hair & Scalp Bath online im Oway Shop zu den besten Preisen. Holen pflanzlichen, biologischen und nachhaltigen Haarpflegeprodukte jetzt!\",\"breadcrumb\":{\"@id\":\"https:\\\/\\\/christina-peter.de\\\/shop\\\/product\\\/dailyact-frequent-use-hair-scalp-bath\\\/#breadcrumb\"},\"inLanguage\":\"de\",\"potentialAction\":[{\"@type\":\"ReadAction\",\"target\":[\"https:\\\/\\\/christina-peter.de\\\/shop\\\/product\\\/dailyact-frequent-use-hair-scalp-bath\\\/\"]}]},{\"@type\":\"ImageObject\",\"inLanguage\":\"de\",\"@id\":\"https:\\\/\\\/christina-peter.de\\\/shop\\\/product\\\/dailyact-frequent-use-hair-scalp-bath\\\/#primaryimage\",\"url\":\"https:\\\/\\\/christina-peter.de\\\/shop\\\/wp-content\\\/uploads\\\/2019\\\/03\\\/frequent_use_hair_g.jpg\",\"contentUrl\":\"https:\\\/\\\/christina-peter.de\\\/shop\\\/wp-content\\\/uploads\\\/2019\\\/03\\\/frequent_use_hair_g.jpg\",\"width\":1600,\"height\":1560},{\"@type\":\"BreadcrumbList\",\"@id\":\"https:\\\/\\\/christina-peter.de\\\/shop\\\/product\\\/dailyact-frequent-use-hair-scalp-bath\\\/#breadcrumb\",\"itemListElement\":[{\"@type\":\"ListItem\",\"position\":1,\"name\":\"Startseite\",\"item\":\"https:\\\/\\\/christina-peter.de\\\/shop\\\/\"},{\"@type\":\"ListItem\",\"position\":2,\"name\":\"Home\",\"item\":\"https:\\\/\\\/christina-peter.de\\\/shop\\\/\"},{\"@type\":\"ListItem\",\"position\":3,\"name\":\"OWAY dailyAct Frequent Use Hair &#038; Scalp Bath\"}]},{\"@type\":\"WebSite\",\"@id\":\"https:\\\/\\\/christina-peter.de\\\/shop\\\/#website\",\"url\":\"https:\\\/\\\/christina-peter.de\\\/shop\\\/\",\"name\":\"Oway Produkte online kaufen - pflanzliche, biologische &amp; nachhaltige Haarpflegeprodukte\",\"description\":\"Bei uns finden sie alles rund ums gesunde Haar. Wir vertreiben ausschlie\u00dflich pflanzliche, biologische &amp; nachhaltige Haarpflegeprodukte von Oway.\",\"potentialAction\":[{\"@type\":\"SearchAction\",\"target\":{\"@type\":\"EntryPoint\",\"urlTemplate\":\"https:\\\/\\\/christina-peter.de\\\/shop\\\/?s={search_term_string}\"},\"query-input\":{\"@type\":\"PropertyValueSpecification\",\"valueRequired\":true,\"valueName\":\"search_term_string\"}}],\"inLanguage\":\"de\"}]}<\/script>\n<!-- \/ Yoast SEO plugin. -->","yoast_head_json":{"title":"OWAY dailyAct Frequent Use Hair & Scalp Bath - OWAY Shop","description":"Kaufen OWAY dailyAct Frequent Use Hair & Scalp Bath online im Oway Shop zu den besten Preisen. Holen pflanzlichen, biologischen und nachhaltigen Haarpflegeprodukte jetzt!","robots":{"index":"index","follow":"follow","max-snippet":"max-snippet:-1","max-image-preview":"max-image-preview:large","max-video-preview":"max-video-preview:-1"},"canonical":"https:\/\/christina-peter.de\/shop\/product\/dailyact-frequent-use-hair-scalp-bath\/","og_locale":"de_DE","og_type":"article","og_title":"OWAY dailyAct Frequent Use Hair & Scalp Bath - OWAY Shop","og_description":"Kaufen OWAY dailyAct Frequent Use Hair & Scalp Bath online im Oway Shop zu den besten Preisen. Holen pflanzlichen, biologischen und nachhaltigen Haarpflegeprodukte jetzt!","og_url":"https:\/\/christina-peter.de\/shop\/product\/dailyact-frequent-use-hair-scalp-bath\/","og_site_name":"Oway Produkte online kaufen - pflanzliche, biologische &amp; nachhaltige Haarpflegeprodukte","article_modified_time":"2024-01-08T11:13:56+00:00","og_image":[{"width":1600,"height":1560,"url":"https:\/\/christina-peter.de\/shop\/wp-content\/uploads\/2019\/03\/frequent_use_hair_g.jpg","type":"image\/jpeg"}],"twitter_card":"summary_large_image","twitter_misc":{"Gesch\u00e4tzte Lesezeit":"2\u00a0Minuten"},"schema":{"@context":"https:\/\/schema.org","@graph":[{"@type":"WebPage","@id":"https:\/\/christina-peter.de\/shop\/product\/dailyact-frequent-use-hair-scalp-bath\/","url":"https:\/\/christina-peter.de\/shop\/product\/dailyact-frequent-use-hair-scalp-bath\/","name":"OWAY dailyAct Frequent Use Hair & Scalp Bath - OWAY Shop","isPartOf":{"@id":"https:\/\/christina-peter.de\/shop\/#website"},"primaryImageOfPage":{"@id":"https:\/\/christina-peter.de\/shop\/product\/dailyact-frequent-use-hair-scalp-bath\/#primaryimage"},"image":{"@id":"https:\/\/christina-peter.de\/shop\/product\/dailyact-frequent-use-hair-scalp-bath\/#primaryimage"},"thumbnailUrl":"https:\/\/christina-peter.de\/shop\/wp-content\/uploads\/2019\/03\/frequent_use_hair_g.jpg","datePublished":"2019-03-27T16:36:48+00:00","dateModified":"2024-01-08T11:13:56+00:00","description":"Kaufen OWAY dailyAct Frequent Use Hair & Scalp Bath online im Oway Shop zu den besten Preisen. Holen pflanzlichen, biologischen und nachhaltigen Haarpflegeprodukte jetzt!","breadcrumb":{"@id":"https:\/\/christina-peter.de\/shop\/product\/dailyact-frequent-use-hair-scalp-bath\/#breadcrumb"},"inLanguage":"de","potentialAction":[{"@type":"ReadAction","target":["https:\/\/christina-peter.de\/shop\/product\/dailyact-frequent-use-hair-scalp-bath\/"]}]},{"@type":"ImageObject","inLanguage":"de","@id":"https:\/\/christina-peter.de\/shop\/product\/dailyact-frequent-use-hair-scalp-bath\/#primaryimage","url":"https:\/\/christina-peter.de\/shop\/wp-content\/uploads\/2019\/03\/frequent_use_hair_g.jpg","contentUrl":"https:\/\/christina-peter.de\/shop\/wp-content\/uploads\/2019\/03\/frequent_use_hair_g.jpg","width":1600,"height":1560},{"@type":"BreadcrumbList","@id":"https:\/\/christina-peter.de\/shop\/product\/dailyact-frequent-use-hair-scalp-bath\/#breadcrumb","itemListElement":[{"@type":"ListItem","position":1,"name":"Startseite","item":"https:\/\/christina-peter.de\/shop\/"},{"@type":"ListItem","position":2,"name":"Home","item":"https:\/\/christina-peter.de\/shop\/"},{"@type":"ListItem","position":3,"name":"OWAY dailyAct Frequent Use Hair &#038; Scalp Bath"}]},{"@type":"WebSite","@id":"https:\/\/christina-peter.de\/shop\/#website","url":"https:\/\/christina-peter.de\/shop\/","name":"Oway Produkte online kaufen - pflanzliche, biologische &amp; nachhaltige Haarpflegeprodukte","description":"Bei uns finden sie alles rund ums gesunde Haar. Wir vertreiben ausschlie\u00dflich pflanzliche, biologische &amp; nachhaltige Haarpflegeprodukte von Oway.","potentialAction":[{"@type":"SearchAction","target":{"@type":"EntryPoint","urlTemplate":"https:\/\/christina-peter.de\/shop\/?s={search_term_string}"},"query-input":{"@type":"PropertyValueSpecification","valueRequired":true,"valueName":"search_term_string"}}],"inLanguage":"de"}]}},"_links":{"self":[{"href":"https:\/\/christina-peter.de\/shop\/wp-json\/wp\/v2\/product\/1063","targetHints":{"allow":["GET"]}}],"collection":[{"href":"https:\/\/christina-peter.de\/shop\/wp-json\/wp\/v2\/product"}],"about":[{"href":"https:\/\/christina-peter.de\/shop\/wp-json\/wp\/v2\/types\/product"}],"wp:featuredmedia":[{"embeddable":true,"href":"https:\/\/christina-peter.de\/shop\/wp-json\/wp\/v2\/media\/1076"}],"wp:attachment":[{"href":"https:\/\/christina-peter.de\/shop\/wp-json\/wp\/v2\/media?parent=1063"}],"wp:term":[{"taxonomy":"product_brand","embeddable":true,"href":"https:\/\/christina-peter.de\/shop\/wp-json\/wp\/v2\/product_brand?post=1063"},{"taxonomy":"product_cat","embeddable":true,"href":"https:\/\/christina-peter.de\/shop\/wp-json\/wp\/v2\/product_cat?post=1063"},{"taxonomy":"product_tag","embeddable":true,"href":"https:\/\/christina-peter.de\/shop\/wp-json\/wp\/v2\/product_tag?post=1063"}],"curies":[{"name":"wp","href":"https:\/\/api.w.org\/{rel}","templated":true}]}}