{"id":2017,"date":"2019-08-09T09:26:32","date_gmt":"2019-08-09T07:26:32","guid":{"rendered":"https:\/\/christina-peter.de\/shop\/agb\/"},"modified":"2020-01-17T09:47:41","modified_gmt":"2020-01-17T08:47:41","slug":"agb","status":"publish","type":"page","link":"https:\/\/christina-peter.de\/shop\/agb\/","title":{"rendered":"AGB"},"content":{"rendered":"<h1><strong>AGB<\/strong><\/h1>\r\n&nbsp;\r\n<h1><strong>Allgemeine Gesch\u00e4ftsbedingungen<\/strong><\/h1>\r\n&nbsp;\r\n<ol>\r\n \t<li>\r\n<h4><strong> Geltungsbereich<\/strong><\/h4>\r\n<\/li>\r\n<\/ol>\r\nF\u00fcr alle Bestellungen \u00fcber unseren Online-Shop durch Verbraucher und Unternehmer gelten die nachfolgenden AGB.\r\n\r\nVerbraucher ist jede nat\u00fcrliche Person, die ein Rechtsgesch\u00e4ft zu Zwecken abschlie\u00dft, die \u00fcberwiegend weder ihrer gewerblichen noch ihrer selbst\u00e4ndigen beruflichen T\u00e4tigkeit zugerechnet werden k\u00f6nnen. Unternehmer ist eine nat\u00fcrliche oder juristische Person oder eine rechtsf\u00e4hige Personengesellschaft, die bei Abschluss eines Rechtsgesch\u00e4fts in Aus\u00fcbung ihrer gewerblichen oder selbst\u00e4ndigen beruflichen T\u00e4tigkeit handelt.\r\n\r\nGegen\u00fcber Unternehmern gelten diese AGB auch f\u00fcr k\u00fcnftige Gesch\u00e4ftsbeziehungen, ohne dass wir nochmals auf sie hinweisen m\u00fcssten. Verwendet der Unternehmer entgegenstehende oder erg\u00e4nzende Allgemeine Gesch\u00e4ftsbedingungen, wird deren Geltung hiermit widersprochen; sie werden nur dann Vertragsbestandteil, wenn wir dem ausdr\u00fccklich zugestimmt haben.\r\n\r\n&nbsp;\r\n<ol start=\"2\">\r\n \t<li>\r\n<h4><strong> Vertragspartner, Vertragsschluss<\/strong><\/h4>\r\n<\/li>\r\n<\/ol>\r\nDer Kaufvertrag kommt zustande mit Friseursalon Christina Peter UG.\r\n\r\nDie Darstellung der Produkte im Online-Shop stellt kein rechtlich bindendes Angebot, sondern einen unverbindlichen Online-Katalog dar. Sie k\u00f6nnen unsere Produkte zun\u00e4chst unverbindlich in den Warenkorb legen und Ihre Eingaben vor Absenden Ihrer verbindlichen Bestellung jederzeit korrigieren, indem Sie die hierf\u00fcr im Bestellablauf vorgesehenen und erl\u00e4uterten Korrekturhilfen nutzen. Durch Anklicken des Bestellbuttons geben Sie eine verbindliche Bestellung der im Warenkorb enthaltenen Waren ab. Die Best\u00e4tigung des Zugangs Ihrer Bestellung erfolgt per E-Mail unmittelbar nach dem Absenden der Bestellung.\r\n\r\nWann der Vertrag mit uns zustande kommt, richtet sich nach der von Ihnen gew\u00e4hlten Zahlungsart:\r\n\r\n<strong>Vorkasse<\/strong>\r\nWir nehmen Ihre Bestellung durch Versand einer Annahmeerkl\u00e4rung in separater E-Mail innerhalb von zwei Tagen an, in welcher wir Ihnen unsere Bankverbindung nennen.\r\n\r\n<strong>Kreditkarte<\/strong>\r\nMit Abgabe der Bestellung \u00fcbermitteln Sie uns gleichzeitig Ihre Kreditkartendaten. Nach Ihrer Legitimation als rechtm\u00e4\u00dfiger Karteninhaber fordern wir Ihr Kreditkartenunternehmen zur Einleitung der Zahlungstransaktion auf und nehmen dadurch Ihr Angebot an.\r\n\r\n<strong>PayPal<\/strong>\r\nIm Bestellprozess werden Sie auf die Webseite des Online-Anbieters PayPal weitergeleitet. Dort k\u00f6nnen Sie Ihre Zahlungsdaten angeben und die Zahlungsanweisung an PayPal best\u00e4tigen. Nach Abgabe der Bestellung im Shop fordern wir PayPal zur Einleitung der Zahlungstransaktion auf und nehmen dadurch Ihr Angebot an.\r\n\r\n<strong>PayPal Plus<\/strong>\r\nIm Rahmen des Zahlungsdienstes PayPal Plus bieten wir Ihnen verschiedene Zahlungsmethoden als PayPal Services an. Nach Abgabe der Bestellung werden Sie auf die Webseite des Online-Anbieters PayPal weitergeleitet. Dort k\u00f6nnen Sie Ihre Zahlungsdaten angeben und die Zahlungsanweisung an PayPal best\u00e4tigen. Dadurch kommt der Vertrag mit uns zustande.\r\n\r\n<strong>Sofort by Klarna<\/strong>\r\nNach Abgabe der Bestellung werden Sie auf die Webseite des Online-Anbieters Sofort GmbH weitergeleitet, wo Sie die Zahlungsanweisung best\u00e4tigen. Dadurch kommt der Vertrag mit uns zustande.\r\n\r\n<strong>Barzahlung bei Abholung<\/strong>\r\nWir nehmen Ihre Bestellung durch Versand einer Annahmeerkl\u00e4rung in separater E-Mail innerhalb von zwei Tagen an.\r\n\r\n&nbsp;\r\n<ol start=\"3\">\r\n \t<li>\r\n<h4><strong> Vertragssprache, Vertragstextspeicherung<\/strong><\/h4>\r\nDie f\u00fcr den Vertragsschluss zur Verf\u00fcgung stehende Sprache ist Deutsch.<\/li>\r\n<\/ol>\r\nWir speichern den Vertragstext und senden Ihnen die Bestelldaten und unsere AGB per E-Mail zu. Der Vertragstext ist aus Sicherheitsgr\u00fcnden nicht mehr \u00fcber das Internet zug\u00e4nglich.\r\n\r\n&nbsp;\r\n<ol start=\"4\">\r\n \t<li>\r\n<h4><strong> Lieferbedingungen<\/strong><\/h4>\r\n<\/li>\r\n<\/ol>\r\nZuz\u00fcglich zu den angegebenen Produktpreisen k\u00f6nnen noch Versandkosten anfallen. N\u00e4here Bestimmungen zu ggf. anfallenden Versandkosten erfahren Sie bei den Angeboten.\r\n\r\nSie haben grunds\u00e4tzlich die M\u00f6glichkeit der Abholung bei Friseursalon Christina Peter UG, M\u00fchlstr. 22\/1, 8834 Bad Saulgau. Bitte informieren Sie uns sp\u00e4testens zwei Werktage vor Ihrer Abholung, damit wir die Ware aus unserem Lager bereitstellen k\u00f6nnen.\r\n\r\n&nbsp;\r\n<ol start=\"5\">\r\n \t<li>\r\n<h4><strong> Bezahlung<\/strong><\/h4>\r\n<\/li>\r\n<\/ol>\r\nIn unserem Shop stehen Ihnen grunds\u00e4tzlich die folgenden Zahlungsarten zur Verf\u00fcgung:\r\n\r\n<strong>Vorkasse<\/strong>\r\nBei Auswahl der Zahlungsart Vorkasse nennen wir Ihnen unsere Bankverbindung in separater E-Mail und liefern die Ware nach Zahlungseingang.\r\n\r\n<strong>Nachnahme<\/strong>\r\nSie zahlen den Kaufpreis direkt beim Zusteller. Es fallen zzgl. 6 Euro als Kosten an.\r\n\r\n<strong>Kreditkarte<\/strong>\r\nMit Abgabe der Bestellung geben Sie Ihre Kreditkartendaten an. Nach Ihrer Legitimation als rechtm\u00e4\u00dfiger Karteninhaber wird die Zahlungstransaktion automatisch durchgef\u00fchrt und Ihre Karte belastet.\r\n\r\n<strong>PayPal<\/strong>\r\nIm Bestellprozess werden Sie auf die Webseite des Online-Anbieters PayPal weitergeleitet. Um den Rechnungsbetrag \u00fcber PayPal bezahlen zu k\u00f6nnen, m\u00fcssen Sie dort registriert sein bzw. sich erst registrieren, mit Ihren Zugangsdaten legitimieren und die Zahlungsanweisung an uns best\u00e4tigen. Nach Abgabe der Bestellung im Shop fordern wir PayPal zur Einleitung der Zahlungstransaktion auf.\r\nDie Zahlungstransaktion wird durch PayPal unmittelbar danach automatisch durchgef\u00fchrt. Weitere Hinweise erhalten Sie beim Bestellvorgang.\r\n\r\n<strong>PayPal Plus<\/strong>\r\nIm Rahmen des Zahlungsdienstes PayPal Plus bieten wir Ihnen verschiedene Zahlungsmethoden als PayPal Services an. Sie werden auf die Webseite des Online-Anbieters PayPal weitergeleitet. Dort k\u00f6nnen Sie Ihre Zahlungsdaten angeben, die Verwendung Ihrer Daten durch PayPal und die Zahlungsanweisung an PayPal best\u00e4tigen.\r\n\r\nWenn Sie die Zahlungsart\u00a0<strong>PayPal<\/strong>\u00a0gew\u00e4hlt haben, m\u00fcssen Sie, um den Rechnungsbetrag bezahlen zu k\u00f6nnen, dort registriert sein bzw. sich erst registrieren und mit Ihren Zugangsdaten legitimieren. Die Zahlungstransaktion wird von PayPal unmittelbar nach Best\u00e4tigung der Zahlungsanweisung automatisch durchgef\u00fchrt. Weitere Hinweise erhalten Sie beim Bestellvorgang.\r\n\r\nWenn Sie die Zahlungsart\u00a0<strong>Kreditkarte<\/strong>\u00a0gew\u00e4hlt haben, m\u00fcssen Sie, um den Rechnungsbetrag bezahlen zu k\u00f6nnen, bei PayPal nicht registriert sein. Die Zahlungstransaktion wird unmittelbar nach Best\u00e4tigung der Zahlungsanweisung und nach Ihrer Legitimation als rechtm\u00e4\u00dfiger Karteninhaber von Ihrem Kreditkartenunternehmen auf Aufforderung von PayPal durchgef\u00fchrt und Ihre Karte belastet. Weitere Hinweise erhalten Sie beim Bestellvorgang.\r\n\r\nWenn Sie die Zahlungsart\u00a0<strong>Lastschrift<\/strong>\u00a0gew\u00e4hlt haben, m\u00fcssen Sie, um den Rechnungsbetrag bezahlen zu k\u00f6nnen, bei PayPal nicht registriert sein. Mit Best\u00e4tigung der Zahlungsanweisung erteilen Sie PayPal ein Lastschriftmandat. \u00dcber das Datum der Kontobelastung werden Sie von PayPal informiert (sog. Prenotification). Unter Einreichung des Lastschriftmandats unmittelbar nach Best\u00e4tigung der Zahlungsanweisung fordert PayPal seine Bank zur Einleitung der Zahlungstransaktion auf. Die Zahlungstransaktion wird durchgef\u00fchrt und Ihr Konto belastet. Weitere Hinweise erhalten Sie beim Bestellvorgang.\r\n\r\n<strong>Sofort by klarna<\/strong>\r\nNach Abgabe der Bestellung werden Sie auf die Webseite des Online-Anbieters Sofort GmbH weitergeleitet. Um den Rechnungsbetrag \u00fcber Sofort bezahlen zu k\u00f6nnen, m\u00fcssen Sie \u00fcber ein f\u00fcr Online-Banking freigeschaltetes Bankkonto verf\u00fcgen, sich entsprechend legitimieren und die Zahlungsanweisung an uns best\u00e4tigen. Weitere Hinweise erhalten Sie beim Bestellvorgang. Die Zahlungstransaktion wird unmittelbar danach von Sofort durchgef\u00fchrt und Ihr Konto belastet.\r\n\r\n<strong>Barzahlung bei Abholung<\/strong>\r\nSie zahlen den Rechnungsbetrag bei der Abholung bar.\r\n\r\n&nbsp;\r\n<ol start=\"6\">\r\n \t<li>\r\n<h4><strong> Eigentumsvorbehalt<\/strong><\/h4>\r\n<\/li>\r\n<\/ol>\r\nDie Ware bleibt bis zur vollst\u00e4ndigen Bezahlung unser Eigentum.\r\nF\u00fcr Unternehmer gilt erg\u00e4nzend: Wir behalten uns das Eigentum an der Ware bis zur vollst\u00e4ndigen Begleichung aller Forderungen aus einer laufenden Gesch\u00e4ftsbeziehung vor. Sie d\u00fcrfen die Vorbehaltsware im ordentlichen Gesch\u00e4ftsbetrieb weiterver\u00e4u\u00dfern; s\u00e4mtliche aus diesem Weiterverkauf entstehenden Forderungen treten Sie \u2013 unabh\u00e4ngig von einer Verbindung oder Vermischung der Vorbehaltsware mit einer neuen Sache &#8211; in H\u00f6he des Rechnungsbetrages an uns im Voraus ab, und wir nehmen diese Abtretung an. Sie bleiben zur Einziehung der Forderungen erm\u00e4chtigt, wir d\u00fcrfen Forderungen jedoch auch selbst einziehen, soweit Sie Ihren Zahlungsverpflichtungen nicht nachkommen.\r\n\r\n&nbsp;\r\n<ol start=\"7\">\r\n \t<li>\r\n<h4><strong> Transportsch\u00e4den<\/strong><\/h4>\r\n<\/li>\r\n<\/ol>\r\nWerden Waren mit offensichtlichen Transportsch\u00e4den angeliefert, so reklamieren Sie solche Fehler bitte m\u00f6glichst sofort beim Zusteller und nehmen Sie bitte unverz\u00fcglich Kontakt zu uns auf. Die Vers\u00e4umung einer Reklamation oder Kontaktaufnahme hat f\u00fcr Ihre gesetzlichen Anspr\u00fcche und deren Durchsetzung, insbesondere Ihre Gew\u00e4hrleistungsrechte, keinerlei Konsequenzen. Sie helfen uns aber, unsere eigenen Anspr\u00fcche gegen\u00fcber dem Frachtf\u00fchrer bzw. der Transportversicherung geltend machen zu k\u00f6nnen.\r\n\r\n&nbsp;\r\n<ol start=\"8\">\r\n \t<li>\r\n<h4><strong> Gew\u00e4hrleistung und Garantien<\/strong><\/h4>\r\n<\/li>\r\n<\/ol>\r\nEs gilt das gesetzliche M\u00e4ngelhaftungsrecht. Informationen zu geltenden zus\u00e4tzlichen Garantien und deren genaue Bedingungen finden Sie jeweils beim Produkt und auf besonderen Informationsseiten im Onlineshop.\r\n\r\n&nbsp;\r\n<ol start=\"9\">\r\n \t<li>\r\n<h4><strong> Haftung<\/strong><\/h4>\r\n<\/li>\r\n<\/ol>\r\nF\u00fcr Anspr\u00fcche aufgrund von Sch\u00e4den, die durch uns, unsere gesetzlichen Vertreter oder Erf\u00fcllungsgehilfen verursacht wurden, haften wir stets unbeschr\u00e4nkt\r\n<ul>\r\n \t<li>bei Verletzung des Lebens, des K\u00f6rpers oder der Gesundheit,<\/li>\r\n \t<li>bei vors\u00e4tzlicher oder grob fahrl\u00e4ssiger Pflichtverletzung,<\/li>\r\n \t<li>bei Garantieversprechen, soweit vereinbart, oder<\/li>\r\n \t<li>soweit der Anwendungsbereich des Produkthaftungsgesetzes er\u00f6ffnet ist.<\/li>\r\n<\/ul>\r\nBei Verletzung wesentlicher Vertragspflichten, deren Erf\u00fcllung die ordnungsgem\u00e4\u00dfe Durchf\u00fchrung des Vertrages \u00fcberhaupt erst erm\u00f6glicht und auf deren Einhaltung der Vertragspartner regelm\u00e4\u00dfig vertrauen darf, (Kardinalpflichten) durch leichte Fahrl\u00e4ssigkeit von uns, unseren gesetzlichen Vertretern oder Erf\u00fcllungsgehilfen ist die Haftung der H\u00f6he nach auf den bei Vertragsschluss vorhersehbaren Schaden begrenzt, mit dessen Entstehung typischerweise gerechnet werden muss. Im \u00dcbrigen sind Anspr\u00fcche auf Schadensersatz ausgeschlossen.\r\n\r\n&nbsp;\r\n<ol start=\"10\">\r\n \t<li>\r\n<h4><strong> Streitbeilegung<\/strong><\/h4>\r\n<\/li>\r\n<\/ol>\r\nDie Europ\u00e4ische Kommission stellt eine Plattform zur Online-Streitbeilegung (OS) bereit, die Sie hier finden\u00a0<a href=\"https:\/\/ec.europa.eu\/consumers\/odr\/\">https:\/\/ec.europa.eu\/consumers\/odr\/<\/a>.\r\nZur Teilnahme an einem Streitbeilegungsverfahren vor einer Verbraucherschlichtungsstelle sind wir nicht verpflichtet und nicht bereit.\r\n\r\n&nbsp;\r\n<ol start=\"11\">\r\n \t<li>\r\n<h4><strong> Schlussbestimmungen<\/strong><\/h4>\r\n<\/li>\r\n<\/ol>\r\nSind Sie Unternehmer, dann gilt deutsches Recht unter Ausschluss des UN-Kaufrechts.\r\n\r\nSind Sie Kaufmann im Sinne des Handelsgesetzbuches, juristische Person des \u00f6ffentlichen Rechts oder \u00f6ffentlich-rechtliches Sonderverm\u00f6gen, ist ausschlie\u00dflicher Gerichtsstand f\u00fcr alle Streitigkeiten aus Vertragsverh\u00e4ltnissen zwischen uns und Ihnen unser Gesch\u00e4ftssitz.\r\n\r\n&nbsp;\r\n\r\n&nbsp;\r\n\r\n&nbsp;\r\n\r\n<!-- \/wp:post-content -->","protected":false},"excerpt":{"rendered":"<p>AGB &nbsp; Allgemeine Gesch\u00e4ftsbedingungen &nbsp; Geltungsbereich F\u00fcr alle Bestellungen \u00fcber unseren Online-Shop durch Verbraucher und Unternehmer gelten die nachfolgenden AGB. Verbraucher ist jede nat\u00fcrliche Person, die ein Rechtsgesch\u00e4ft zu Zwecken abschlie\u00dft, die \u00fcberwiegend weder ihrer gewerblichen noch ihrer selbst\u00e4ndigen beruflichen T\u00e4tigkeit zugerechnet werden k\u00f6nnen. Unternehmer ist eine nat\u00fcrliche oder juristische Person oder eine rechtsf\u00e4hige Personengesellschaft, &hellip;<\/p>\n","protected":false},"author":1,"featured_media":0,"parent":0,"menu_order":0,"comment_status":"closed","ping_status":"closed","template":"","meta":{"_uf_show_specific_survey":0,"_uf_disable_surveys":false,"footnotes":""},"class_list":["post-2017","page","type-page","status-publish","hentry"],"yoast_head":"<!-- This site is optimized with the Yoast SEO plugin v27.6 - https:\/\/yoast.com\/product\/yoast-seo-wordpress\/ -->\n<title>AGB<\/title>\n<meta name=\"description\" content=\"AGB &nbsp; Allgemeine Gesch\u00e4ftsbedingungen &nbsp; Geltungsbereich F\u00fcr alle Bestellungen \u00fcber unseren Online-Shop durch Verbraucher und Unternehmer gelten\" \/>\n<meta name=\"robots\" content=\"index, follow, max-snippet:-1, max-image-preview:large, max-video-preview:-1\" \/>\n<link rel=\"canonical\" href=\"https:\/\/christina-peter.de\/shop\/agb\/\" \/>\n<meta property=\"og:locale\" content=\"de_DE\" \/>\n<meta property=\"og:type\" content=\"article\" \/>\n<meta property=\"og:title\" content=\"AGB\" \/>\n<meta property=\"og:description\" content=\"AGB &nbsp; Allgemeine Gesch\u00e4ftsbedingungen &nbsp; Geltungsbereich F\u00fcr alle Bestellungen \u00fcber unseren Online-Shop durch Verbraucher und Unternehmer gelten\" \/>\n<meta property=\"og:url\" content=\"https:\/\/christina-peter.de\/shop\/agb\/\" \/>\n<meta property=\"og:site_name\" content=\"Oway Produkte online kaufen - pflanzliche, biologische &amp; nachhaltige Haarpflegeprodukte\" \/>\n<meta property=\"article:modified_time\" content=\"2020-01-17T08:47:41+00:00\" \/>\n<meta name=\"twitter:card\" content=\"summary_large_image\" \/>\n<meta name=\"twitter:label1\" content=\"Gesch\u00e4tzte Lesezeit\" \/>\n\t<meta name=\"twitter:data1\" content=\"7\u00a0Minuten\" \/>\n<script type=\"application\/ld+json\" class=\"yoast-schema-graph\">{\"@context\":\"https:\\\/\\\/schema.org\",\"@graph\":[{\"@type\":\"WebPage\",\"@id\":\"https:\\\/\\\/christina-peter.de\\\/shop\\\/agb\\\/\",\"url\":\"https:\\\/\\\/christina-peter.de\\\/shop\\\/agb\\\/\",\"name\":\"AGB\",\"isPartOf\":{\"@id\":\"https:\\\/\\\/christina-peter.de\\\/shop\\\/#website\"},\"datePublished\":\"2019-08-09T07:26:32+00:00\",\"dateModified\":\"2020-01-17T08:47:41+00:00\",\"description\":\"AGB &nbsp; Allgemeine Gesch\u00e4ftsbedingungen &nbsp; Geltungsbereich F\u00fcr alle Bestellungen \u00fcber unseren Online-Shop durch Verbraucher und Unternehmer gelten\",\"breadcrumb\":{\"@id\":\"https:\\\/\\\/christina-peter.de\\\/shop\\\/agb\\\/#breadcrumb\"},\"inLanguage\":\"de\",\"potentialAction\":[{\"@type\":\"ReadAction\",\"target\":[\"https:\\\/\\\/christina-peter.de\\\/shop\\\/agb\\\/\"]}]},{\"@type\":\"BreadcrumbList\",\"@id\":\"https:\\\/\\\/christina-peter.de\\\/shop\\\/agb\\\/#breadcrumb\",\"itemListElement\":[{\"@type\":\"ListItem\",\"position\":1,\"name\":\"Startseite\",\"item\":\"https:\\\/\\\/christina-peter.de\\\/shop\\\/\"},{\"@type\":\"ListItem\",\"position\":2,\"name\":\"AGB\"}]},{\"@type\":\"WebSite\",\"@id\":\"https:\\\/\\\/christina-peter.de\\\/shop\\\/#website\",\"url\":\"https:\\\/\\\/christina-peter.de\\\/shop\\\/\",\"name\":\"Oway Produkte online kaufen - pflanzliche, biologische &amp; nachhaltige Haarpflegeprodukte\",\"description\":\"Bei uns finden sie alles rund ums gesunde Haar. Wir vertreiben ausschlie\u00dflich pflanzliche, biologische &amp; nachhaltige Haarpflegeprodukte von Oway.\",\"potentialAction\":[{\"@type\":\"SearchAction\",\"target\":{\"@type\":\"EntryPoint\",\"urlTemplate\":\"https:\\\/\\\/christina-peter.de\\\/shop\\\/?s={search_term_string}\"},\"query-input\":{\"@type\":\"PropertyValueSpecification\",\"valueRequired\":true,\"valueName\":\"search_term_string\"}}],\"inLanguage\":\"de\"}]}<\/script>\n<!-- \/ Yoast SEO plugin. -->","yoast_head_json":{"title":"AGB","description":"AGB &nbsp; Allgemeine Gesch\u00e4ftsbedingungen &nbsp; Geltungsbereich F\u00fcr alle Bestellungen \u00fcber unseren Online-Shop durch Verbraucher und Unternehmer gelten","robots":{"index":"index","follow":"follow","max-snippet":"max-snippet:-1","max-image-preview":"max-image-preview:large","max-video-preview":"max-video-preview:-1"},"canonical":"https:\/\/christina-peter.de\/shop\/agb\/","og_locale":"de_DE","og_type":"article","og_title":"AGB","og_description":"AGB &nbsp; Allgemeine Gesch\u00e4ftsbedingungen &nbsp; Geltungsbereich F\u00fcr alle Bestellungen \u00fcber unseren Online-Shop durch Verbraucher und Unternehmer gelten","og_url":"https:\/\/christina-peter.de\/shop\/agb\/","og_site_name":"Oway Produkte online kaufen - pflanzliche, biologische &amp; nachhaltige Haarpflegeprodukte","article_modified_time":"2020-01-17T08:47:41+00:00","twitter_card":"summary_large_image","twitter_misc":{"Gesch\u00e4tzte Lesezeit":"7\u00a0Minuten"},"schema":{"@context":"https:\/\/schema.org","@graph":[{"@type":"WebPage","@id":"https:\/\/christina-peter.de\/shop\/agb\/","url":"https:\/\/christina-peter.de\/shop\/agb\/","name":"AGB","isPartOf":{"@id":"https:\/\/christina-peter.de\/shop\/#website"},"datePublished":"2019-08-09T07:26:32+00:00","dateModified":"2020-01-17T08:47:41+00:00","description":"AGB &nbsp; Allgemeine Gesch\u00e4ftsbedingungen &nbsp; Geltungsbereich F\u00fcr alle Bestellungen \u00fcber unseren Online-Shop durch Verbraucher und Unternehmer gelten","breadcrumb":{"@id":"https:\/\/christina-peter.de\/shop\/agb\/#breadcrumb"},"inLanguage":"de","potentialAction":[{"@type":"ReadAction","target":["https:\/\/christina-peter.de\/shop\/agb\/"]}]},{"@type":"BreadcrumbList","@id":"https:\/\/christina-peter.de\/shop\/agb\/#breadcrumb","itemListElement":[{"@type":"ListItem","position":1,"name":"Startseite","item":"https:\/\/christina-peter.de\/shop\/"},{"@type":"ListItem","position":2,"name":"AGB"}]},{"@type":"WebSite","@id":"https:\/\/christina-peter.de\/shop\/#website","url":"https:\/\/christina-peter.de\/shop\/","name":"Oway Produkte online kaufen - pflanzliche, biologische &amp; nachhaltige Haarpflegeprodukte","description":"Bei uns finden sie alles rund ums gesunde Haar. Wir vertreiben ausschlie\u00dflich pflanzliche, biologische &amp; nachhaltige Haarpflegeprodukte von Oway.","potentialAction":[{"@type":"SearchAction","target":{"@type":"EntryPoint","urlTemplate":"https:\/\/christina-peter.de\/shop\/?s={search_term_string}"},"query-input":{"@type":"PropertyValueSpecification","valueRequired":true,"valueName":"search_term_string"}}],"inLanguage":"de"}]}},"_links":{"self":[{"href":"https:\/\/christina-peter.de\/shop\/wp-json\/wp\/v2\/pages\/2017","targetHints":{"allow":["GET"]}}],"collection":[{"href":"https:\/\/christina-peter.de\/shop\/wp-json\/wp\/v2\/pages"}],"about":[{"href":"https:\/\/christina-peter.de\/shop\/wp-json\/wp\/v2\/types\/page"}],"author":[{"embeddable":true,"href":"https:\/\/christina-peter.de\/shop\/wp-json\/wp\/v2\/users\/1"}],"replies":[{"embeddable":true,"href":"https:\/\/christina-peter.de\/shop\/wp-json\/wp\/v2\/comments?post=2017"}],"version-history":[{"count":0,"href":"https:\/\/christina-peter.de\/shop\/wp-json\/wp\/v2\/pages\/2017\/revisions"}],"wp:attachment":[{"href":"https:\/\/christina-peter.de\/shop\/wp-json\/wp\/v2\/media?parent=2017"}],"curies":[{"name":"wp","href":"https:\/\/api.w.org\/{rel}","templated":true}]}}